{"id":85982,"date":"2013-02-01T13:22:01","date_gmt":"2013-02-01T21:22:01","guid":{"rendered":"https:\/\/www.faronics.com\/?page_id=85982"},"modified":"2023-11-22T23:00:19","modified_gmt":"2023-11-23T07:00:19","slug":"download-form_pt-br","status":"publish","type":"page","link":"https:\/\/www.faronics.com\/pt-br\/downloads_pt-br\/download-form_pt-br","title":{"rendered":"Baixe o formul\u00e1rio"},"content":{"rendered":"<p>Forne\u00e7a informa\u00e7\u00f5es precisas. Voc\u00ea receber\u00e1 um e-mail de confirma\u00e7\u00e3o. Clique no link de verifica\u00e7\u00e3o para concluir o processo de download.<\/p>\n","protected":false},"excerpt":{"rendered":"<p>Forne\u00e7a informa\u00e7\u00f5es precisas. Voc\u00ea receber\u00e1 um e-mail de confirma\u00e7\u00e3o. Clique no link de verifica\u00e7\u00e3o para concluir o processo de download.<\/p>\n","protected":false},"author":102,"featured_media":0,"parent":85150,"menu_order":0,"comment_status":"open","ping_status":"open","template":"page-template-download-form.php","meta":{"_acf_changed":false,"inline_featured_image":false,"footnotes":""},"class_list":["post-85982","page","type-page","status-publish","hentry"],"acf":[],"yoast_head":"<!-- This site is optimized with the Yoast SEO Premium plugin v27.3 (Yoast SEO v27.3) - https:\/\/yoast.com\/product\/yoast-seo-premium-wordpress\/ -->\n<title>Baixe o formul\u00e1rio - Faronics<\/title>\n<meta name=\"description\" content=\"Forne\u00e7a informa\u00e7\u00f5es precisas. Voc\u00ea receber\u00e1 um e-mail de confirma\u00e7\u00e3o. Clique no link de verifica\u00e7\u00e3o para concluir o processo de download.\" \/>\n<meta name=\"robots\" content=\"index, follow, max-snippet:-1, max-image-preview:large, max-video-preview:-1\" \/>\n<link rel=\"canonical\" href=\"https:\/\/www.faronics.com\/pt-br\/downloads_pt-br\/download-form_pt-br\" \/>\n<meta property=\"og:locale\" content=\"pt_BR\" \/>\n<meta property=\"og:type\" content=\"article\" \/>\n<meta property=\"og:title\" content=\"Baixe o formul\u00e1rio\" \/>\n<meta property=\"og:description\" content=\"Forne\u00e7a informa\u00e7\u00f5es precisas. Voc\u00ea receber\u00e1 um e-mail de confirma\u00e7\u00e3o. Clique no link de verifica\u00e7\u00e3o para concluir o processo de download.\" \/>\n<meta property=\"og:url\" content=\"https:\/\/www.faronics.com\/pt-br\/downloads_pt-br\/download-form_pt-br\" \/>\n<meta property=\"og:site_name\" content=\"Faronics\" \/>\n<meta property=\"article:publisher\" content=\"https:\/\/www.facebook.com\/faronics\" \/>\n<meta property=\"article:modified_time\" content=\"2023-11-23T07:00:19+00:00\" \/>\n<meta name=\"twitter:card\" content=\"summary_large_image\" \/>\n<meta name=\"twitter:site\" content=\"@faronics\" \/>\n<meta name=\"twitter:label1\" content=\"Est. tempo de leitura\" \/>\n\t<meta name=\"twitter:data1\" content=\"1 minuto\" \/>\n<script type=\"application\/ld+json\" class=\"yoast-schema-graph\">{\"@context\":\"https:\\\/\\\/schema.org\",\"@graph\":[{\"@type\":\"WebPage\",\"@id\":\"https:\\\/\\\/www.faronics.com\\\/pt-br\\\/downloads_pt-br\\\/download-form_pt-br\",\"url\":\"https:\\\/\\\/www.faronics.com\\\/pt-br\\\/downloads_pt-br\\\/download-form_pt-br\",\"name\":\"Baixe o formul\u00e1rio - Faronics\",\"isPartOf\":{\"@id\":\"https:\\\/\\\/www.faronics.com\\\/pt-br#website\"},\"datePublished\":\"2013-02-01T21:22:01+00:00\",\"dateModified\":\"2023-11-23T07:00:19+00:00\",\"description\":\"Forne\u00e7a informa\u00e7\u00f5es precisas. Voc\u00ea receber\u00e1 um e-mail de confirma\u00e7\u00e3o. Clique no link de verifica\u00e7\u00e3o para concluir o processo de download.\",\"breadcrumb\":{\"@id\":\"https:\\\/\\\/www.faronics.com\\\/pt-br\\\/downloads_pt-br\\\/download-form_pt-br#breadcrumb\"},\"inLanguage\":\"pt-BR\",\"potentialAction\":[{\"@type\":\"ReadAction\",\"target\":[\"https:\\\/\\\/www.faronics.com\\\/pt-br\\\/downloads_pt-br\\\/download-form_pt-br\"]}]},{\"@type\":\"BreadcrumbList\",\"@id\":\"https:\\\/\\\/www.faronics.com\\\/pt-br\\\/downloads_pt-br\\\/download-form_pt-br#breadcrumb\",\"itemListElement\":[{\"@type\":\"ListItem\",\"position\":1,\"name\":\"Home\",\"item\":\"https:\\\/\\\/www.faronics.com\\\/pt-br\"},{\"@type\":\"ListItem\",\"position\":2,\"name\":\"Downloads\",\"item\":\"https:\\\/\\\/www.faronics.com\\\/pt-br\\\/downloads_pt-br\"},{\"@type\":\"ListItem\",\"position\":3,\"name\":\"Baixe o formul\u00e1rio\",\"item\":\"https:\\\/\\\/www.faronics.com\\\/pt-br\\\/baixe-o-formulario\\\/\"}]},{\"@type\":\"WebSite\",\"@id\":\"https:\\\/\\\/www.faronics.com\\\/pt-br#website\",\"url\":\"https:\\\/\\\/www.faronics.com\\\/pt-br\",\"name\":\"Faronics\",\"description\":\"Simplifying Computer Management\",\"publisher\":{\"@id\":\"https:\\\/\\\/www.faronics.com\\\/pt-br#organization\"},\"potentialAction\":[{\"@type\":\"SearchAction\",\"target\":{\"@type\":\"EntryPoint\",\"urlTemplate\":\"https:\\\/\\\/www.faronics.com\\\/pt-br?s={search_term_string}\"},\"query-input\":{\"@type\":\"PropertyValueSpecification\",\"valueRequired\":true,\"valueName\":\"search_term_string\"}}],\"inLanguage\":\"pt-BR\"},{\"@type\":\"Organization\",\"@id\":\"https:\\\/\\\/www.faronics.com\\\/pt-br#organization\",\"name\":\"Faronics\",\"url\":\"https:\\\/\\\/www.faronics.com\\\/pt-br\",\"logo\":{\"@type\":\"ImageObject\",\"inLanguage\":\"pt-BR\",\"@id\":\"https:\\\/\\\/www.faronics.com\\\/pt-br#\\\/schema\\\/logo\\\/image\\\/\",\"url\":\"https:\\\/\\\/www.faronics.com\\\/assets\\\/footer-faronics-logo.png\",\"contentUrl\":\"https:\\\/\\\/www.faronics.com\\\/assets\\\/footer-faronics-logo.png\",\"width\":155,\"height\":44,\"caption\":\"Faronics\"},\"image\":{\"@id\":\"https:\\\/\\\/www.faronics.com\\\/pt-br#\\\/schema\\\/logo\\\/image\\\/\"},\"sameAs\":[\"https:\\\/\\\/www.facebook.com\\\/faronics\",\"https:\\\/\\\/x.com\\\/faronics\"]}]}<\/script>\n<!-- \/ Yoast SEO Premium plugin. -->","yoast_head_json":{"title":"Baixe o formul\u00e1rio - Faronics","description":"Forne\u00e7a informa\u00e7\u00f5es precisas. Voc\u00ea receber\u00e1 um e-mail de confirma\u00e7\u00e3o. Clique no link de verifica\u00e7\u00e3o para concluir o processo de download.","robots":{"index":"index","follow":"follow","max-snippet":"max-snippet:-1","max-image-preview":"max-image-preview:large","max-video-preview":"max-video-preview:-1"},"canonical":"https:\/\/www.faronics.com\/pt-br\/downloads_pt-br\/download-form_pt-br","og_locale":"pt_BR","og_type":"article","og_title":"Baixe o formul\u00e1rio","og_description":"Forne\u00e7a informa\u00e7\u00f5es precisas. Voc\u00ea receber\u00e1 um e-mail de confirma\u00e7\u00e3o. Clique no link de verifica\u00e7\u00e3o para concluir o processo de download.","og_url":"https:\/\/www.faronics.com\/pt-br\/downloads_pt-br\/download-form_pt-br","og_site_name":"Faronics","article_publisher":"https:\/\/www.facebook.com\/faronics","article_modified_time":"2023-11-23T07:00:19+00:00","twitter_card":"summary_large_image","twitter_site":"@faronics","twitter_misc":{"Est. tempo de leitura":"1 minuto"},"schema":{"@context":"https:\/\/schema.org","@graph":[{"@type":"WebPage","@id":"https:\/\/www.faronics.com\/pt-br\/downloads_pt-br\/download-form_pt-br","url":"https:\/\/www.faronics.com\/pt-br\/downloads_pt-br\/download-form_pt-br","name":"Baixe o formul\u00e1rio - Faronics","isPartOf":{"@id":"https:\/\/www.faronics.com\/pt-br#website"},"datePublished":"2013-02-01T21:22:01+00:00","dateModified":"2023-11-23T07:00:19+00:00","description":"Forne\u00e7a informa\u00e7\u00f5es precisas. Voc\u00ea receber\u00e1 um e-mail de confirma\u00e7\u00e3o. Clique no link de verifica\u00e7\u00e3o para concluir o processo de download.","breadcrumb":{"@id":"https:\/\/www.faronics.com\/pt-br\/downloads_pt-br\/download-form_pt-br#breadcrumb"},"inLanguage":"pt-BR","potentialAction":[{"@type":"ReadAction","target":["https:\/\/www.faronics.com\/pt-br\/downloads_pt-br\/download-form_pt-br"]}]},{"@type":"BreadcrumbList","@id":"https:\/\/www.faronics.com\/pt-br\/downloads_pt-br\/download-form_pt-br#breadcrumb","itemListElement":[{"@type":"ListItem","position":1,"name":"Home","item":"https:\/\/www.faronics.com\/pt-br"},{"@type":"ListItem","position":2,"name":"Downloads","item":"https:\/\/www.faronics.com\/pt-br\/downloads_pt-br"},{"@type":"ListItem","position":3,"name":"Baixe o formul\u00e1rio","item":"https:\/\/www.faronics.com\/pt-br\/baixe-o-formulario\/"}]},{"@type":"WebSite","@id":"https:\/\/www.faronics.com\/pt-br#website","url":"https:\/\/www.faronics.com\/pt-br","name":"Faronics","description":"Simplifying Computer Management","publisher":{"@id":"https:\/\/www.faronics.com\/pt-br#organization"},"potentialAction":[{"@type":"SearchAction","target":{"@type":"EntryPoint","urlTemplate":"https:\/\/www.faronics.com\/pt-br?s={search_term_string}"},"query-input":{"@type":"PropertyValueSpecification","valueRequired":true,"valueName":"search_term_string"}}],"inLanguage":"pt-BR"},{"@type":"Organization","@id":"https:\/\/www.faronics.com\/pt-br#organization","name":"Faronics","url":"https:\/\/www.faronics.com\/pt-br","logo":{"@type":"ImageObject","inLanguage":"pt-BR","@id":"https:\/\/www.faronics.com\/pt-br#\/schema\/logo\/image\/","url":"https:\/\/www.faronics.com\/assets\/footer-faronics-logo.png","contentUrl":"https:\/\/www.faronics.com\/assets\/footer-faronics-logo.png","width":155,"height":44,"caption":"Faronics"},"image":{"@id":"https:\/\/www.faronics.com\/pt-br#\/schema\/logo\/image\/"},"sameAs":["https:\/\/www.facebook.com\/faronics","https:\/\/x.com\/faronics"]}]}},"_links":{"self":[{"href":"https:\/\/www.faronics.com\/pt-br\/wp-json\/wp\/v2\/pages\/85982","targetHints":{"allow":["GET"]}}],"collection":[{"href":"https:\/\/www.faronics.com\/pt-br\/wp-json\/wp\/v2\/pages"}],"about":[{"href":"https:\/\/www.faronics.com\/pt-br\/wp-json\/wp\/v2\/types\/page"}],"author":[{"embeddable":true,"href":"https:\/\/www.faronics.com\/pt-br\/wp-json\/wp\/v2\/users\/102"}],"replies":[{"embeddable":true,"href":"https:\/\/www.faronics.com\/pt-br\/wp-json\/wp\/v2\/comments?post=85982"}],"version-history":[{"count":3,"href":"https:\/\/www.faronics.com\/pt-br\/wp-json\/wp\/v2\/pages\/85982\/revisions"}],"predecessor-version":[{"id":243835,"href":"https:\/\/www.faronics.com\/pt-br\/wp-json\/wp\/v2\/pages\/85982\/revisions\/243835"}],"up":[{"embeddable":true,"href":"https:\/\/www.faronics.com\/pt-br\/wp-json\/wp\/v2\/pages\/85150"}],"wp:attachment":[{"href":"https:\/\/www.faronics.com\/pt-br\/wp-json\/wp\/v2\/media?parent=85982"}],"curies":[{"name":"wp","href":"https:\/\/api.w.org\/{rel}","templated":true}]}}