{"id":83753,"date":"2012-11-28T15:47:00","date_gmt":"2012-11-28T23:47:00","guid":{"rendered":"https:\/\/www.faronics.com\/?page_id=83753"},"modified":"2016-07-18T04:28:51","modified_gmt":"2016-07-18T11:28:51","slug":"visao-geral-do-programa","status":"publish","type":"page","link":"https:\/\/www.faronics.com\/pt-br\/visao-geral-do-programa","title":{"rendered":"Vis\u00e3o geral do programa"},"content":{"rendered":"<div class=\"copy-blocks grid clearfix\" style=\"background: url('\/assets\/north-america-bg.jpg') top right no-repeat;\">\n<h3>Programa de parceiro de canal para os EUA e o Canad\u00e1<\/h3>\n<p>A Faronics adota uma estrat\u00e9gia de canal robusta nos EUA e no Canad\u00e1. Nossas equipes de vendas e marketing d\u00e3o suporte \u00e0 atividade de canal em cada est\u00e1gio do ciclo de vendas, e gratifica parceiros ativos com margens e incentivos robustos. Apreciamos o fato de parceiros terem necessidades diversas, com base em seus modelos de neg\u00f3cios individuais, e, portanto, oferecemos suporte a uma s\u00e9rie de tipos de parceiros diferentes, incluindo: revendedores de valor agregado, revendedores de grandes contas e fornecedores de servi\u00e7os gerenciados.<\/p>\n<p>Os benef\u00edcios de nosso programa de parceiro incluem:<\/p>\n<ul>\n<li class=\"checked\">Criar e desenvolver um fluxo de receita peri\u00f3dico<\/li>\n<li class=\"checked\">Aumentar a reten\u00e7\u00e3o e a satisfa\u00e7\u00e3o do cliente<\/li>\n<li class=\"checked\">Expandir oportunidades de vendas existentes e capturar mais do gasto do seu cliente com TI<\/li>\n<li class=\"checked\">Criar novas oportunidades de neg\u00f3cios expandindo seu conjunto de solu\u00e7\u00f5es<\/li>\n<li class=\"checked\">Estabelecer-se como um \u201cconsultor especialista\/l\u00edder de ideias\u201d em seus mercados centrais<\/li>\n<li class=\"checked\">Gerentes de conta de canal Faronics dedicados<\/li>\n<li class=\"checked\">Registro de oportunidade de l\u00edderes qualificados<\/li>\n<li class=\"checked\">Acesso ao portal PartnerHub para promo\u00e7\u00f5es, logotipos, treinamentos e recursos de vendas<\/li>\n<li class=\"checked\">Suporte de marketing e Fundos de desenvolvimento de marketing para impulsionar a demanda e a conscientiza\u00e7\u00e3o<\/li>\n<\/ul>\n<p>Para visualizar o Folheto de parceiro de canal da Faronics para os EUA e o Canad\u00e1,\u00a0<a title=\"Partner Brochure NA\" href=\"https:\/\/www.faronics.com\/assets\/PartnerBrochure2012.pdf\" target=\"_blank\">clique aqui<\/a>.<\/p>\n<p class=\"clearfix solidline\">\n<\/div>\n","protected":false},"excerpt":{"rendered":"<div class=\"copy-blocks grid clearfix\" style=\"background: url('\/assets\/north-america-bg.jpg') top right no-repeat;\"> Programa de parceiro de canal para os EUA e o Canad\u00e1 <\/p>\n<p>A Faronics adota uma estrat\u00e9gia de canal robusta nos EUA e no Canad\u00e1. Nossas equipes de vendas e marketing d\u00e3o suporte \u00e0 atividade de canal em cada est\u00e1gio do ciclo de vendas, e gratifica parceiros ativos com margens e incentivos robustos. Apreciamos o fato de parceiros terem necessidades diversas, com base em seus modelos de neg\u00f3cios individuais, e, portanto, oferecemos suporte a uma s\u00e9rie de tipos de parceiros diferentes, incluindo: revendedores de valor agregado, revendedores de grandes contas e fornecedores de servi\u00e7os gerenciados.<\/p>\n<p>Os benef\u00edcios de nosso programa de parceiro incluem:<\/p>\n<ul>\n<li class=\"checked\">Criar e desenvolver um fluxo de receita peri\u00f3dico<\/li>\n<li class=\"checked\">Aumentar a reten\u00e7\u00e3o e a satisfa\u00e7\u00e3o do cliente<\/li>\n<li class=\"checked\">Expandir oportunidades de vendas existentes e capturar mais do gasto do seu cliente com TI<\/li>\n<li class=\"checked\">Criar novas oportunidades de neg\u00f3cios expandindo seu conjunto de solu\u00e7\u00f5es<\/li>\n<li class=\"checked\">Estabelecer-se como um \u201cconsultor especialista\/l\u00edder de ideias\u201d em seus mercados centrais<\/li>\n<li class=\"checked\">Gerentes de conta de canal Faronics dedicados<\/li>\n<li class=\"checked\">Registro de oportunidade de l\u00edderes qualificados<\/li>\n<li class=\"checked\">Acesso ao portal PartnerHub para promo\u00e7\u00f5es, logotipos, treinamentos e recursos de vendas<\/li>\n<li class=\"checked\">Suporte de marketing e Fundos de desenvolvimento de marketing para impulsionar a demanda e a conscientiza\u00e7\u00e3o<\/li>\n<\/ul>\n<p>Para visualizar o Folheto de parceiro de canal da Faronics para os EUA e o Canad\u00e1,\u00a0<a title=\"Partner Brochure NA\" href=\"https:\/\/www.faronics.com\/assets\/PartnerBrochure2012.pdf\" target=\"_blank\">clique aqui<\/a>.<\/p>\n<p class=\"clearfix solidline\"> <\/div>\n","protected":false},"author":108,"featured_media":0,"parent":0,"menu_order":0,"comment_status":"open","ping_status":"closed","template":"page-template-program-overview.php","meta":{"_acf_changed":false,"inline_featured_image":false,"footnotes":""},"class_list":["post-83753","page","type-page","status-publish","hentry"],"acf":[],"yoast_head":"<!-- This site is optimized with the Yoast SEO Premium plugin v27.3 (Yoast SEO v27.3) - https:\/\/yoast.com\/product\/yoast-seo-premium-wordpress\/ -->\n<title>Vis\u00e3o geral do programa - Faronics<\/title>\n<meta name=\"description\" content=\"Programa de parceiro de canal para os EUA e o Canad\u00e1 A Faronics adota uma estrat\u00e9gia de canal robusta nos EUA e no Canad\u00e1. Nossas equipes de vendas e\" \/>\n<meta name=\"robots\" content=\"index, follow, max-snippet:-1, max-image-preview:large, max-video-preview:-1\" \/>\n<link rel=\"canonical\" href=\"https:\/\/www.faronics.com\/pt-br\/visao-geral-do-programa\" \/>\n<meta property=\"og:locale\" content=\"pt_BR\" \/>\n<meta property=\"og:type\" content=\"article\" \/>\n<meta property=\"og:title\" content=\"Vis\u00e3o geral do programa\" \/>\n<meta property=\"og:description\" content=\"Programa de parceiro de canal para os EUA e o Canad\u00e1 A Faronics adota uma estrat\u00e9gia de canal robusta nos EUA e no Canad\u00e1. Nossas equipes de vendas e\" \/>\n<meta property=\"og:url\" content=\"https:\/\/www.faronics.com\/pt-br\/visao-geral-do-programa\" \/>\n<meta property=\"og:site_name\" content=\"Faronics\" \/>\n<meta property=\"article:publisher\" content=\"https:\/\/www.facebook.com\/faronics\" \/>\n<meta property=\"article:modified_time\" content=\"2016-07-18T11:28:51+00:00\" \/>\n<meta name=\"twitter:card\" content=\"summary_large_image\" \/>\n<meta name=\"twitter:site\" content=\"@faronics\" \/>\n<meta name=\"twitter:label1\" content=\"Est. tempo de leitura\" \/>\n\t<meta name=\"twitter:data1\" content=\"1 minuto\" \/>\n<script type=\"application\/ld+json\" class=\"yoast-schema-graph\">{\"@context\":\"https:\\\/\\\/schema.org\",\"@graph\":[{\"@type\":\"WebPage\",\"@id\":\"https:\\\/\\\/www.faronics.com\\\/pt-br\\\/visao-geral-do-programa\",\"url\":\"https:\\\/\\\/www.faronics.com\\\/pt-br\\\/visao-geral-do-programa\",\"name\":\"Vis\u00e3o geral do programa - Faronics\",\"isPartOf\":{\"@id\":\"https:\\\/\\\/www.faronics.com\\\/pt-br#website\"},\"datePublished\":\"2012-11-28T23:47:00+00:00\",\"dateModified\":\"2016-07-18T11:28:51+00:00\",\"description\":\"Programa de parceiro de canal para os EUA e o Canad\u00e1 A Faronics adota uma estrat\u00e9gia de canal robusta nos EUA e no Canad\u00e1. Nossas equipes de vendas e\",\"breadcrumb\":{\"@id\":\"https:\\\/\\\/www.faronics.com\\\/pt-br\\\/visao-geral-do-programa#breadcrumb\"},\"inLanguage\":\"pt-BR\",\"potentialAction\":[{\"@type\":\"ReadAction\",\"target\":[\"https:\\\/\\\/www.faronics.com\\\/pt-br\\\/visao-geral-do-programa\"]}]},{\"@type\":\"BreadcrumbList\",\"@id\":\"https:\\\/\\\/www.faronics.com\\\/pt-br\\\/visao-geral-do-programa#breadcrumb\",\"itemListElement\":[{\"@type\":\"ListItem\",\"position\":1,\"name\":\"Home\",\"item\":\"https:\\\/\\\/www.faronics.com\\\/pt-br\"},{\"@type\":\"ListItem\",\"position\":2,\"name\":\"Vis\u00e3o geral do programa\",\"item\":\"https:\\\/\\\/www.faronics.com\\\/pt-br\\\/visao-geral-do-programa\\\/\"}]},{\"@type\":\"WebSite\",\"@id\":\"https:\\\/\\\/www.faronics.com\\\/pt-br#website\",\"url\":\"https:\\\/\\\/www.faronics.com\\\/pt-br\",\"name\":\"Faronics\",\"description\":\"Simplifying Computer Management\",\"publisher\":{\"@id\":\"https:\\\/\\\/www.faronics.com\\\/pt-br#organization\"},\"potentialAction\":[{\"@type\":\"SearchAction\",\"target\":{\"@type\":\"EntryPoint\",\"urlTemplate\":\"https:\\\/\\\/www.faronics.com\\\/pt-br?s={search_term_string}\"},\"query-input\":{\"@type\":\"PropertyValueSpecification\",\"valueRequired\":true,\"valueName\":\"search_term_string\"}}],\"inLanguage\":\"pt-BR\"},{\"@type\":\"Organization\",\"@id\":\"https:\\\/\\\/www.faronics.com\\\/pt-br#organization\",\"name\":\"Faronics\",\"url\":\"https:\\\/\\\/www.faronics.com\\\/pt-br\",\"logo\":{\"@type\":\"ImageObject\",\"inLanguage\":\"pt-BR\",\"@id\":\"https:\\\/\\\/www.faronics.com\\\/pt-br#\\\/schema\\\/logo\\\/image\\\/\",\"url\":\"https:\\\/\\\/www.faronics.com\\\/assets\\\/footer-faronics-logo.png\",\"contentUrl\":\"https:\\\/\\\/www.faronics.com\\\/assets\\\/footer-faronics-logo.png\",\"width\":155,\"height\":44,\"caption\":\"Faronics\"},\"image\":{\"@id\":\"https:\\\/\\\/www.faronics.com\\\/pt-br#\\\/schema\\\/logo\\\/image\\\/\"},\"sameAs\":[\"https:\\\/\\\/www.facebook.com\\\/faronics\",\"https:\\\/\\\/x.com\\\/faronics\"]}]}<\/script>\n<!-- \/ Yoast SEO Premium plugin. -->","yoast_head_json":{"title":"Vis\u00e3o geral do programa - Faronics","description":"Programa de parceiro de canal para os EUA e o Canad\u00e1 A Faronics adota uma estrat\u00e9gia de canal robusta nos EUA e no Canad\u00e1. Nossas equipes de vendas e","robots":{"index":"index","follow":"follow","max-snippet":"max-snippet:-1","max-image-preview":"max-image-preview:large","max-video-preview":"max-video-preview:-1"},"canonical":"https:\/\/www.faronics.com\/pt-br\/visao-geral-do-programa","og_locale":"pt_BR","og_type":"article","og_title":"Vis\u00e3o geral do programa","og_description":"Programa de parceiro de canal para os EUA e o Canad\u00e1 A Faronics adota uma estrat\u00e9gia de canal robusta nos EUA e no Canad\u00e1. Nossas equipes de vendas e","og_url":"https:\/\/www.faronics.com\/pt-br\/visao-geral-do-programa","og_site_name":"Faronics","article_publisher":"https:\/\/www.facebook.com\/faronics","article_modified_time":"2016-07-18T11:28:51+00:00","twitter_card":"summary_large_image","twitter_site":"@faronics","twitter_misc":{"Est. tempo de leitura":"1 minuto"},"schema":{"@context":"https:\/\/schema.org","@graph":[{"@type":"WebPage","@id":"https:\/\/www.faronics.com\/pt-br\/visao-geral-do-programa","url":"https:\/\/www.faronics.com\/pt-br\/visao-geral-do-programa","name":"Vis\u00e3o geral do programa - Faronics","isPartOf":{"@id":"https:\/\/www.faronics.com\/pt-br#website"},"datePublished":"2012-11-28T23:47:00+00:00","dateModified":"2016-07-18T11:28:51+00:00","description":"Programa de parceiro de canal para os EUA e o Canad\u00e1 A Faronics adota uma estrat\u00e9gia de canal robusta nos EUA e no Canad\u00e1. Nossas equipes de vendas e","breadcrumb":{"@id":"https:\/\/www.faronics.com\/pt-br\/visao-geral-do-programa#breadcrumb"},"inLanguage":"pt-BR","potentialAction":[{"@type":"ReadAction","target":["https:\/\/www.faronics.com\/pt-br\/visao-geral-do-programa"]}]},{"@type":"BreadcrumbList","@id":"https:\/\/www.faronics.com\/pt-br\/visao-geral-do-programa#breadcrumb","itemListElement":[{"@type":"ListItem","position":1,"name":"Home","item":"https:\/\/www.faronics.com\/pt-br"},{"@type":"ListItem","position":2,"name":"Vis\u00e3o geral do programa","item":"https:\/\/www.faronics.com\/pt-br\/visao-geral-do-programa\/"}]},{"@type":"WebSite","@id":"https:\/\/www.faronics.com\/pt-br#website","url":"https:\/\/www.faronics.com\/pt-br","name":"Faronics","description":"Simplifying Computer Management","publisher":{"@id":"https:\/\/www.faronics.com\/pt-br#organization"},"potentialAction":[{"@type":"SearchAction","target":{"@type":"EntryPoint","urlTemplate":"https:\/\/www.faronics.com\/pt-br?s={search_term_string}"},"query-input":{"@type":"PropertyValueSpecification","valueRequired":true,"valueName":"search_term_string"}}],"inLanguage":"pt-BR"},{"@type":"Organization","@id":"https:\/\/www.faronics.com\/pt-br#organization","name":"Faronics","url":"https:\/\/www.faronics.com\/pt-br","logo":{"@type":"ImageObject","inLanguage":"pt-BR","@id":"https:\/\/www.faronics.com\/pt-br#\/schema\/logo\/image\/","url":"https:\/\/www.faronics.com\/assets\/footer-faronics-logo.png","contentUrl":"https:\/\/www.faronics.com\/assets\/footer-faronics-logo.png","width":155,"height":44,"caption":"Faronics"},"image":{"@id":"https:\/\/www.faronics.com\/pt-br#\/schema\/logo\/image\/"},"sameAs":["https:\/\/www.facebook.com\/faronics","https:\/\/x.com\/faronics"]}]}},"_links":{"self":[{"href":"https:\/\/www.faronics.com\/pt-br\/wp-json\/wp\/v2\/pages\/83753","targetHints":{"allow":["GET"]}}],"collection":[{"href":"https:\/\/www.faronics.com\/pt-br\/wp-json\/wp\/v2\/pages"}],"about":[{"href":"https:\/\/www.faronics.com\/pt-br\/wp-json\/wp\/v2\/types\/page"}],"author":[{"embeddable":true,"href":"https:\/\/www.faronics.com\/pt-br\/wp-json\/wp\/v2\/users\/108"}],"replies":[{"embeddable":true,"href":"https:\/\/www.faronics.com\/pt-br\/wp-json\/wp\/v2\/comments?post=83753"}],"version-history":[{"count":0,"href":"https:\/\/www.faronics.com\/pt-br\/wp-json\/wp\/v2\/pages\/83753\/revisions"}],"wp:attachment":[{"href":"https:\/\/www.faronics.com\/pt-br\/wp-json\/wp\/v2\/media?parent=83753"}],"curies":[{"name":"wp","href":"https:\/\/api.w.org\/{rel}","templated":true}]}}