{"id":83739,"date":"2012-11-28T14:57:39","date_gmt":"2012-11-28T22:57:39","guid":{"rendered":"https:\/\/www.faronics.com\/?page_id=83739"},"modified":"2020-09-10T03:23:27","modified_gmt":"2020-09-10T10:23:27","slug":"parceiros","status":"publish","type":"page","link":"https:\/\/www.faronics.com\/pt-br\/parceiros","title":{"rendered":"Parceiros"},"content":{"rendered":"<div class=\"copy-blocks grid clearfix\">\n<p>A Faronics \u00e9 uma empresa privada com um hist\u00f3rico de fornecimento de excelentes produtos e valor para nossos clientes. Temos cerca de 30.000 clientes exclusivos que usam mais de oito milh\u00f5es de licen\u00e7as em mais de 150 pa\u00edses em todo o mundo. Valorizamos os parceiros porque eles complementam o nosso neg\u00f3cio e ajudam a atender a clientes m\u00fatuos por meio de relacionamentos existentes, presen\u00e7a local e servi\u00e7os de valor agregado. Com escrit\u00f3rios nos EUA, Canad\u00e1 e Reino Unido, a Faronics desenvolveu uma rede global s\u00f3lida de parceiros para fornecimento de seus produtos premiados.<\/p>\n<div>\n<h3><a href=\"https:\/\/www.faronics.com\/pt-br\/visao-geral-do-programa\">Nosso programa<\/a><\/h3>\n<p><img loading=\"lazy\" decoding=\"async\" class=\"alignleft size-full wp-image-2273\" title=\"Our_program_partnerspage\" src=\"\/assets\/our-program-people.jpg\" alt=\"\" width=\"290\" height=\"75\" \/><br \/>\nNosso programa foi desenvolvido para revendedores e fornecedores de solu\u00e7\u00f5es que estejam buscando maior receita e que desejem se diferenciar por meio da melhoria de seu portf\u00f3lio de solu\u00e7\u00f5es com uma promessa difundida de clientes, aumentar sua produtividade em termos de clientes e reduzir os custos de seus clientes. Os recursos e os benef\u00edcios da Faronics impulsionam o sucesso dos parceiros.<br \/>\n<a class=\"partners-target action-button contact-sales\" href=\"https:\/\/www.faronics.com\/pt-br\/visao-geral-do-programa\">Saiba mais<\/a><\/p>\n<\/div>\n<div class=\"our-programs\">\n<h3><a href=\"\/?page_id=83744\">Mercados-alvo<\/strong><\/a><\/h3>\n<p><img loading=\"lazy\" decoding=\"async\" class=\"alignleft size-full wp-image-2270\" title=\"target_market_image_partnerspage\" src=\"\/assets\/lady-hands.jpg\" alt=\"\" width=\"290\" height=\"75\" \/><br \/>\nNossos mercados-alvo estabelecidos incluem escolas municipais, faculdades, universidades, departamentos governamentais estaduais e locais, bibliotecas, pequenas e m\u00e9dias empresas e clientes empresariais. Esses clientes procuram a Faronics para obter utilit\u00e1rios inteligentes que ofere\u00e7am controle de sistemas em seus ambientes de computa\u00e7\u00e3o. Descubra se nossos produtos s\u00e3o um complemento ideal para seu portf\u00f3lio existente.<br \/>\n<a class=\"partners-target action-button contact-sales\" href=\"https:\/\/www.faronics.com\/pt-br\/apply-online?redirect\">Saiba mais<\/a><\/p>\n<\/div>\n<div class=\"apply-online\" style=\"margin-left:0px;\">\n<h3><a href=\"https:\/\/www.faronics.com\/pt-br\/apply-online?redirect\">Inscrever-se online<\/a><\/h3>\n<p><img loading=\"lazy\" decoding=\"async\" class=\"alignleft size-full wp-image-2274\" title=\"apply_online_partnerspage\" src=\"\/assets\/apply-online.jpg\" alt=\"\" width=\"290\" height=\"75\" \/><br \/>\nD\u00ea o primeiro passo para se tornar um parceiro da Faronics; n\u00f3s saudamos a oportunidade de explorar novos relacionamentos! Inscreva-se online hoje.<br \/>\n<a class=\"partners-target action-button contact-sales\" href=\"https:\/\/www.faronics.com\/pt-br\/apply-online?redirect\">Saiba mais<\/a><\/p>\n<\/div>\n<\/div>\n<p>&nbsp;<\/p>\n","protected":false},"excerpt":{"rendered":"<div class=\"copy-blocks grid clearfix\">\n<p>A Faronics \u00e9 uma empresa privada com um hist\u00f3rico de fornecimento de excelentes produtos e valor para nossos clientes. Temos cerca de 30.000 clientes exclusivos que usam mais de oito milh\u00f5es de licen\u00e7as em mais de 150 pa\u00edses em todo o mundo. Valorizamos os parceiros porque eles complementam o nosso neg\u00f3cio e ajudam a atender a clientes m\u00fatuos por meio de relacionamentos existentes, presen\u00e7a local e servi\u00e7os de valor agregado. Com escrit\u00f3rios nos EUA, Canad\u00e1 e Reino Unido, a Faronics desenvolveu uma rede global s\u00f3lida de parceiros para fornecimento de seus produtos premiados.<\/p>\n<div> <a href=\"https:\/\/www.faronics.com\/pt-br\/visao-geral-do-programa\">Nosso programa<\/a> <\/p>\n<p><img loading=\"lazy\" decoding=\"async\" class=\"alignleft size-full wp-image-2273\" title=\"Our_program_partnerspage\" src=\"\/assets\/our-program-people.jpg\" alt=\"\" width=\"290\" height=\"75\" \/> Nosso programa foi desenvolvido para revendedores e fornecedores de solu\u00e7\u00f5es que estejam buscando maior receita e que desejem se diferenciar por meio da melhoria de seu portf\u00f3lio de solu\u00e7\u00f5es com uma promessa difundida de clientes, aumentar sua produtividade em termos de clientes e reduzir os custos de seus clientes. Os recursos e os benef\u00edcios da Faronics impulsionam o sucesso dos parceiros. <a class=\"partners-target action-button contact-sales\" href=\"https:\/\/www.faronics.com\/pt-br\/visao-geral-do-programa\">Saiba mais<\/a><\/p>\n<\/p><\/div>\n<div class=\"our-programs\"> <a href=\"\/?page_id=83744\">Mercados-alvo<\/strong><\/a> <\/p>\n<p><img loading=\"lazy\" decoding=\"async\" class=\"alignleft size-full wp-image-2270\" title=\"target_market_image_partnerspage\" src=\"\/assets\/lady-hands.jpg\" alt=\"\" width=\"290\" height=\"75\" \/> Nossos mercados-alvo estabelecidos incluem escolas municipais, faculdades, universidades, departamentos governamentais estaduais e locais, bibliotecas, pequenas e m\u00e9dias empresas e clientes empresariais. Esses clientes procuram a Faronics para obter utilit\u00e1rios inteligentes que ofere\u00e7am controle de sistemas em seus ambientes de computa\u00e7\u00e3o. Descubra se nossos produtos s\u00e3o um complemento ideal para seu portf\u00f3lio existente. <a \n\n<div class=\"more\"><a href=\"https:\/\/www.faronics.com\/pt-br\/parceiros\">Continue Reading&#8230;<\/a><\/div>\n","protected":false},"author":108,"featured_media":0,"parent":0,"menu_order":0,"comment_status":"open","ping_status":"closed","template":"","meta":{"_acf_changed":false,"inline_featured_image":false,"footnotes":""},"class_list":["post-83739","page","type-page","status-publish","hentry"],"acf":[],"yoast_head":"<!-- This site is optimized with the Yoast SEO Premium plugin v27.4 (Yoast SEO v27.4) - https:\/\/yoast.com\/product\/yoast-seo-premium-wordpress\/ -->\n<title>Parceiros - Faronics<\/title>\n<meta name=\"description\" content=\"A Faronics \u00e9 uma empresa privada com um hist\u00f3rico de fornecimento de excelentes produtos e valor para nossos clientes. Temos cerca de 30.000 clientes\" \/>\n<meta name=\"robots\" content=\"index, follow, max-snippet:-1, max-image-preview:large, max-video-preview:-1\" \/>\n<link rel=\"canonical\" href=\"https:\/\/www.faronics.com\/pt-br\/parceiros\" \/>\n<meta property=\"og:locale\" content=\"pt_BR\" \/>\n<meta property=\"og:type\" content=\"article\" \/>\n<meta property=\"og:title\" content=\"Parceiros\" \/>\n<meta property=\"og:description\" content=\"A Faronics \u00e9 uma empresa privada com um hist\u00f3rico de fornecimento de excelentes produtos e valor para nossos clientes. Temos cerca de 30.000 clientes\" \/>\n<meta property=\"og:url\" content=\"https:\/\/www.faronics.com\/pt-br\/parceiros\" \/>\n<meta property=\"og:site_name\" content=\"Faronics\" \/>\n<meta property=\"article:publisher\" content=\"https:\/\/www.facebook.com\/faronics\" \/>\n<meta property=\"article:modified_time\" content=\"2020-09-10T10:23:27+00:00\" \/>\n<meta property=\"og:image\" content=\"https:\/\/www.faronics.com\/assets\/our-program-people.jpg\" \/>\n<meta name=\"twitter:card\" content=\"summary_large_image\" \/>\n<meta name=\"twitter:site\" content=\"@faronics\" \/>\n<meta name=\"twitter:label1\" content=\"Est. tempo de leitura\" \/>\n\t<meta name=\"twitter:data1\" content=\"1 minuto\" \/>\n<script type=\"application\/ld+json\" class=\"yoast-schema-graph\">{\"@context\":\"https:\\\/\\\/schema.org\",\"@graph\":[{\"@type\":\"WebPage\",\"@id\":\"https:\\\/\\\/www.faronics.com\\\/pt-br\\\/parceiros\",\"url\":\"https:\\\/\\\/www.faronics.com\\\/pt-br\\\/parceiros\",\"name\":\"Parceiros - Faronics\",\"isPartOf\":{\"@id\":\"https:\\\/\\\/www.faronics.com\\\/pt-br#website\"},\"datePublished\":\"2012-11-28T22:57:39+00:00\",\"dateModified\":\"2020-09-10T10:23:27+00:00\",\"description\":\"A Faronics \u00e9 uma empresa privada com um hist\u00f3rico de fornecimento de excelentes produtos e valor para nossos clientes. Temos cerca de 30.000 clientes\",\"breadcrumb\":{\"@id\":\"https:\\\/\\\/www.faronics.com\\\/pt-br\\\/parceiros#breadcrumb\"},\"inLanguage\":\"pt-BR\",\"potentialAction\":[{\"@type\":\"ReadAction\",\"target\":[\"https:\\\/\\\/www.faronics.com\\\/pt-br\\\/parceiros\"]}]},{\"@type\":\"BreadcrumbList\",\"@id\":\"https:\\\/\\\/www.faronics.com\\\/pt-br\\\/parceiros#breadcrumb\",\"itemListElement\":[{\"@type\":\"ListItem\",\"position\":1,\"name\":\"Home\",\"item\":\"https:\\\/\\\/www.faronics.com\\\/pt-br\"},{\"@type\":\"ListItem\",\"position\":2,\"name\":\"Parceiros\",\"item\":\"https:\\\/\\\/www.faronics.com\\\/pt-br\\\/parceiros\\\/\"}]},{\"@type\":\"WebSite\",\"@id\":\"https:\\\/\\\/www.faronics.com\\\/pt-br#website\",\"url\":\"https:\\\/\\\/www.faronics.com\\\/pt-br\",\"name\":\"Faronics\",\"description\":\"Simplifying Computer Management\",\"publisher\":{\"@id\":\"https:\\\/\\\/www.faronics.com\\\/pt-br#organization\"},\"potentialAction\":[{\"@type\":\"SearchAction\",\"target\":{\"@type\":\"EntryPoint\",\"urlTemplate\":\"https:\\\/\\\/www.faronics.com\\\/pt-br?s={search_term_string}\"},\"query-input\":{\"@type\":\"PropertyValueSpecification\",\"valueRequired\":true,\"valueName\":\"search_term_string\"}}],\"inLanguage\":\"pt-BR\"},{\"@type\":\"Organization\",\"@id\":\"https:\\\/\\\/www.faronics.com\\\/pt-br#organization\",\"name\":\"Faronics\",\"url\":\"https:\\\/\\\/www.faronics.com\\\/pt-br\",\"logo\":{\"@type\":\"ImageObject\",\"inLanguage\":\"pt-BR\",\"@id\":\"https:\\\/\\\/www.faronics.com\\\/pt-br#\\\/schema\\\/logo\\\/image\\\/\",\"url\":\"https:\\\/\\\/www.faronics.com\\\/assets\\\/footer-faronics-logo.png\",\"contentUrl\":\"https:\\\/\\\/www.faronics.com\\\/assets\\\/footer-faronics-logo.png\",\"width\":155,\"height\":44,\"caption\":\"Faronics\"},\"image\":{\"@id\":\"https:\\\/\\\/www.faronics.com\\\/pt-br#\\\/schema\\\/logo\\\/image\\\/\"},\"sameAs\":[\"https:\\\/\\\/www.facebook.com\\\/faronics\",\"https:\\\/\\\/x.com\\\/faronics\"]}]}<\/script>\n<!-- \/ Yoast SEO Premium plugin. -->","yoast_head_json":{"title":"Parceiros - Faronics","description":"A Faronics \u00e9 uma empresa privada com um hist\u00f3rico de fornecimento de excelentes produtos e valor para nossos clientes. Temos cerca de 30.000 clientes","robots":{"index":"index","follow":"follow","max-snippet":"max-snippet:-1","max-image-preview":"max-image-preview:large","max-video-preview":"max-video-preview:-1"},"canonical":"https:\/\/www.faronics.com\/pt-br\/parceiros","og_locale":"pt_BR","og_type":"article","og_title":"Parceiros","og_description":"A Faronics \u00e9 uma empresa privada com um hist\u00f3rico de fornecimento de excelentes produtos e valor para nossos clientes. Temos cerca de 30.000 clientes","og_url":"https:\/\/www.faronics.com\/pt-br\/parceiros","og_site_name":"Faronics","article_publisher":"https:\/\/www.facebook.com\/faronics","article_modified_time":"2020-09-10T10:23:27+00:00","og_image":[{"url":"https:\/\/www.faronics.com\/assets\/our-program-people.jpg","type":"","width":"","height":""}],"twitter_card":"summary_large_image","twitter_site":"@faronics","twitter_misc":{"Est. tempo de leitura":"1 minuto"},"schema":{"@context":"https:\/\/schema.org","@graph":[{"@type":"WebPage","@id":"https:\/\/www.faronics.com\/pt-br\/parceiros","url":"https:\/\/www.faronics.com\/pt-br\/parceiros","name":"Parceiros - Faronics","isPartOf":{"@id":"https:\/\/www.faronics.com\/pt-br#website"},"datePublished":"2012-11-28T22:57:39+00:00","dateModified":"2020-09-10T10:23:27+00:00","description":"A Faronics \u00e9 uma empresa privada com um hist\u00f3rico de fornecimento de excelentes produtos e valor para nossos clientes. Temos cerca de 30.000 clientes","breadcrumb":{"@id":"https:\/\/www.faronics.com\/pt-br\/parceiros#breadcrumb"},"inLanguage":"pt-BR","potentialAction":[{"@type":"ReadAction","target":["https:\/\/www.faronics.com\/pt-br\/parceiros"]}]},{"@type":"BreadcrumbList","@id":"https:\/\/www.faronics.com\/pt-br\/parceiros#breadcrumb","itemListElement":[{"@type":"ListItem","position":1,"name":"Home","item":"https:\/\/www.faronics.com\/pt-br"},{"@type":"ListItem","position":2,"name":"Parceiros","item":"https:\/\/www.faronics.com\/pt-br\/parceiros\/"}]},{"@type":"WebSite","@id":"https:\/\/www.faronics.com\/pt-br#website","url":"https:\/\/www.faronics.com\/pt-br","name":"Faronics","description":"Simplifying Computer Management","publisher":{"@id":"https:\/\/www.faronics.com\/pt-br#organization"},"potentialAction":[{"@type":"SearchAction","target":{"@type":"EntryPoint","urlTemplate":"https:\/\/www.faronics.com\/pt-br?s={search_term_string}"},"query-input":{"@type":"PropertyValueSpecification","valueRequired":true,"valueName":"search_term_string"}}],"inLanguage":"pt-BR"},{"@type":"Organization","@id":"https:\/\/www.faronics.com\/pt-br#organization","name":"Faronics","url":"https:\/\/www.faronics.com\/pt-br","logo":{"@type":"ImageObject","inLanguage":"pt-BR","@id":"https:\/\/www.faronics.com\/pt-br#\/schema\/logo\/image\/","url":"https:\/\/www.faronics.com\/assets\/footer-faronics-logo.png","contentUrl":"https:\/\/www.faronics.com\/assets\/footer-faronics-logo.png","width":155,"height":44,"caption":"Faronics"},"image":{"@id":"https:\/\/www.faronics.com\/pt-br#\/schema\/logo\/image\/"},"sameAs":["https:\/\/www.facebook.com\/faronics","https:\/\/x.com\/faronics"]}]}},"_links":{"self":[{"href":"https:\/\/www.faronics.com\/pt-br\/wp-json\/wp\/v2\/pages\/83739","targetHints":{"allow":["GET"]}}],"collection":[{"href":"https:\/\/www.faronics.com\/pt-br\/wp-json\/wp\/v2\/pages"}],"about":[{"href":"https:\/\/www.faronics.com\/pt-br\/wp-json\/wp\/v2\/types\/page"}],"author":[{"embeddable":true,"href":"https:\/\/www.faronics.com\/pt-br\/wp-json\/wp\/v2\/users\/108"}],"replies":[{"embeddable":true,"href":"https:\/\/www.faronics.com\/pt-br\/wp-json\/wp\/v2\/comments?post=83739"}],"version-history":[{"count":0,"href":"https:\/\/www.faronics.com\/pt-br\/wp-json\/wp\/v2\/pages\/83739\/revisions"}],"wp:attachment":[{"href":"https:\/\/www.faronics.com\/pt-br\/wp-json\/wp\/v2\/media?parent=83739"}],"curies":[{"name":"wp","href":"https:\/\/api.w.org\/{rel}","templated":true}]}}