{"id":83736,"date":"2012-11-28T14:38:58","date_gmt":"2012-11-28T22:38:58","guid":{"rendered":"https:\/\/www.faronics.com\/?page_id=83736"},"modified":"2012-11-28T14:39:30","modified_gmt":"2012-11-28T22:39:30","slug":"our-customers","status":"publish","type":"page","link":"https:\/\/www.faronics.com\/pt-br\/empresa\/our-customers","title":{"rendered":"Nossos clientes"},"content":{"rendered":"<p>Desde os setores de educa\u00e7\u00e3o, governo e atendimento m\u00e9dico, at\u00e9 varejo, corpora\u00e7\u00f5es financeiras e de pequeno a m\u00e9dio porte, os produtos da Faronics d\u00e3o suporte a uma ampla gama de clientes e suas respectivas redes, incluindo as seguintes marcas:<\/p>\n<table id=\"customers\" width=\"650\" border=\"0\" cellspacing=\"10\" cellpadding=\"0\">\n<tbody>\n<tr>\n<td align=\"center\" valign=\"middle\" width=\"250\" height=\"150\"><img loading=\"lazy\" decoding=\"async\" src=\"..\/..\/assets\/Toyota.jpg\" alt=\"Toyota\" width=\"139\" height=\"131\" \/><\/td>\n<td align=\"center\" valign=\"middle\" width=\"200\" height=\"150\"><img loading=\"lazy\" decoding=\"async\" src=\"..\/..\/assets\/AT&amp;T.jpg\" alt=\"AT&amp;T\" width=\"102\" height=\"136\" align=\"middle\" \/><\/td>\n<td align=\"center\" valign=\"middle\" width=\"200\" height=\"150\"><img loading=\"lazy\" decoding=\"async\" src=\"..\/..\/assets\/Intel.jpg\" alt=\"Intel\" width=\"142\" height=\"92\" align=\"middle\" \/><\/td>\n<\/tr>\n<tr>\n<td align=\"center\" valign=\"middle\" width=\"250\" height=\"150\"><img loading=\"lazy\" decoding=\"async\" src=\"..\/..\/assets\/Microsoft.jpg\" alt=\"Microsoft\" width=\"203\" height=\"133\" align=\"middle\" \/><\/td>\n<td align=\"center\" valign=\"middle\" width=\"200\" height=\"150\"><img loading=\"lazy\" decoding=\"async\" src=\"..\/..\/assets\/IBM.png\" alt=\"IBM\" width=\"164\" height=\"64\" align=\"middle\" \/><\/td>\n<td align=\"center\" valign=\"middle\" width=\"200\" height=\"150\"><img loading=\"lazy\" decoding=\"async\" src=\"..\/..\/assets\/CTV.jpg\" alt=\"CTV\" width=\"183\" height=\"137\" align=\"middle\" \/><\/td>\n<\/tr>\n<tr>\n<td align=\"center\" valign=\"middle\" width=\"250\" height=\"150\"><img loading=\"lazy\" decoding=\"async\" src=\"..\/..\/assets\/American-Specialty-Health.gif\" alt=\"American Specialty Health\" width=\"200\" height=\"85\" align=\"middle\" \/><\/td>\n<td align=\"center\" valign=\"middle\" width=\"200\" height=\"150\"><img loading=\"lazy\" decoding=\"async\" src=\"..\/..\/assets\/Sheraton.gif\" alt=\"Sheraton\" width=\"180\" height=\"127\" align=\"middle\" \/><\/td>\n<td align=\"center\" valign=\"middle\" width=\"200\" height=\"150\"><img loading=\"lazy\" decoding=\"async\" src=\"..\/..\/assets\/Hilton.jpg\" alt=\"Hilton\" width=\"148\" height=\"100\" align=\"middle\" \/><\/td>\n<\/tr>\n<tr>\n<td align=\"center\" valign=\"middle\" width=\"250\" height=\"150\"><img loading=\"lazy\" decoding=\"async\" src=\"..\/..\/assets\/RTP.gif\" alt=\"RTP\" width=\"226\" height=\"52\" align=\"middle\" \/><\/td>\n<td align=\"center\" valign=\"middle\" width=\"200\" height=\"150\"><img loading=\"lazy\" decoding=\"async\" src=\"..\/..\/assets\/Freedom First.jpg\" alt=\"Freedom First\" width=\"197\" height=\"75\" align=\"middle\" hspace=\"10\" \/><\/td>\n<td align=\"center\" valign=\"middle\" width=\"200\" height=\"150\"><img loading=\"lazy\" decoding=\"async\" src=\"..\/..\/assets\/First National Bank.jpg\" alt=\"First National Bank\" width=\"178\" height=\"68\" align=\"middle\" vspace=\"20\" \/><\/td>\n<\/tr>\n<tr>\n<td align=\"center\" valign=\"middle\" width=\"250\" height=\"150\"><img loading=\"lazy\" decoding=\"async\" src=\"..\/..\/assets\/RR-Donnelley.jpg\" alt=\"RR Donnelly\" width=\"223\" height=\"42\" align=\"middle\" \/><\/td>\n<td align=\"center\" valign=\"middle\" width=\"200\" height=\"150\"><img loading=\"lazy\" decoding=\"async\" src=\"..\/..\/assets\/Fedex.png\" alt=\"FedEx Kinkos\" width=\"181\" height=\"106\" align=\"middle\" \/><\/td>\n<td align=\"center\" valign=\"middle\" width=\"200\" height=\"150\"><img loading=\"lazy\" decoding=\"async\" src=\"..\/..\/assets\/CoVantage.png\" alt=\"CoVantage\" width=\"203\" height=\"52\" align=\"middle\" \/><\/td>\n<\/tr>\n<tr>\n<td align=\"center\" valign=\"middle\" width=\"250\" height=\"150\"><img loading=\"lazy\" decoding=\"async\" src=\"..\/..\/assets\/Howard-Community-College.gif\" alt=\"Howard Community College\" width=\"226\" height=\"52\" align=\"middle\" \/><\/td>\n<td align=\"center\" valign=\"middle\" width=\"200\" height=\"150\"><img loading=\"lazy\" decoding=\"async\" src=\"..\/..\/assets\/Harvard.png\" alt=\"Harvard\" width=\"160\" height=\"160\" align=\"middle\" \/><\/td>\n<td align=\"center\" valign=\"middle\" width=\"200\" height=\"150\"><img loading=\"lazy\" decoding=\"async\" src=\"..\/..\/assets\/Cornell.jpg\" alt=\"Cornell\" width=\"141\" height=\"141\" align=\"middle\" \/><\/td>\n<\/tr>\n<tr>\n<td align=\"center\" valign=\"middle\" width=\"250\" height=\"150\"><img loading=\"lazy\" decoding=\"async\" src=\"..\/..\/assets\/TheCityofWestSacramento.jpg\" alt=\"The City of West Sacramento\" width=\"146\" height=\"146\" align=\"middle\" vspace=\"5\" \/><\/td>\n<td align=\"center\" valign=\"middle\" width=\"200\" height=\"150\"><img loading=\"lazy\" decoding=\"async\" src=\"..\/..\/assets\/Santa-Cruz-City-Schools.jpg\" alt=\"Santa Cruz City Schools\" width=\"156\" height=\"158\" align=\"middle\" \/><\/td>\n<td align=\"center\" valign=\"middle\" width=\"200\" height=\"150\"><img loading=\"lazy\" decoding=\"async\" src=\"..\/..\/assets\/LA-County-Public-Works.jpg\" alt=\"LA County Public Works\" width=\"142\" height=\"142\" align=\"middle\" \/><\/td>\n<\/tr>\n<tr>\n<td align=\"center\" valign=\"middle\" width=\"250\" height=\"150\"><img loading=\"lazy\" decoding=\"async\" src=\"..\/..\/assets\/Gaming-Laboratories-International.png\" alt=\"Gaming Laboratories International\" width=\"143\" height=\"141\" \/><\/td>\n<td align=\"center\" valign=\"middle\" width=\"200\" height=\"150\"><img loading=\"lazy\" decoding=\"async\" src=\"..\/..\/assets\/Visalia.gif\" alt=\"Visalia Unified School District\" width=\"150\" height=\"112\" \/><\/td>\n<td align=\"center\" valign=\"middle\" width=\"200\" height=\"150\"><\/td>\n<\/tr>\n<\/tbody>\n<\/table>\n<hr \/>\n<p><em>\u201c<em>Gra\u00e7as ao Deep Freeze aumentamos substancialmente a disponibilidade de nossa esta\u00e7\u00e3o de trabalho, reduzindo simultaneamente a necessidade de suporte de TI.<\/em>\u201d<\/em><\/p>\n<p><strong><strong>\u2014<strong>Jamie Turbak, Bibliotec\u00e1rio administrativo, Oakland Public Library<\/strong><\/strong><em><\/em><\/strong><\/p>\n<hr \/>\n<p><em>\u201c<em>O Deep Freeze nos ajudou a alcan\u00e7ar um tempo de atividade consideravelmente maior para nosso equipamento, al\u00e9m de reduzir significativamente os requisitos gerais de suporte, economizando para n\u00f3s tanto o tempo do t\u00e9cnico quanto dinheiro.<\/em><em> <\/em><em>O Power Save foi uma importante contribui\u00e7\u00e3o na diminui\u00e7\u00e3o de nosso consumo de energia el\u00e9trica e na redu\u00e7\u00e3o geral da pegada de carbono de nossa regi\u00e3o.<\/em><em> <\/em><em>O Insight tamb\u00e9m \u00e9 usado em todo o nosso munic\u00edpio como parte de uma estrat\u00e9gia eficaz de administra\u00e7\u00e3o educacional e suporte curricular.<\/em>\u201d<\/em><\/p>\n<p><strong>\u2014<strong>Ken A. Kiewitz, Gerente de Servi\u00e7os de tecnologia da informa\u00e7\u00e3o, Conselho Escolar, Burnaby School District #41<\/strong><\/strong><\/p>\n<hr \/>\n<p><em>\u201c<em>Estamos especialmente satisfeitos com a capacidade que o Faronics Core Console proporcionou para realizar upgrades e manuten\u00e7\u00e3o sem necessidade de visitar cada biblioteca e tocar em cada PC.<\/em><em> <\/em><em>Economizamos centenas de horas e quil\u00f4metros desativando a prote\u00e7\u00e3o do console, executando nossas atualiza\u00e7\u00f5es e reabilitando a prote\u00e7\u00e3o, sem ter que sair do escrit\u00f3rio.<\/em><em> <\/em><em>Tamb\u00e9m utilizamos o Deep Freeze em alguns PCs de nosso Departamento de pol\u00edcia, para mant\u00ea-los limpos e em funcionamento em excelentes condi\u00e7\u00f5es.<\/em><em> <\/em><em>Instalar o Deep Freeze e o Faronics Igloo nos possibilitou manter esses PCs limpos e reter altera\u00e7\u00f5es somente em certos aplicativos conforme a necessidade, o que nos poupou muitas horas de trabalho e eliminou potencialmente o tempo de inatividade para os usu\u00e1rios.<\/em><\/em><em>\u201d<\/em><\/p>\n<p><strong><strong>\u2014<strong>Andrew Viss, Suporte de tecnologia, City of Stockton, Calif\u00f3rnia<\/strong><\/strong><\/strong><\/p>\n<hr \/>\n<p><em><\/em>Leia mais sobre testemunhos de clientes <a href=\"https:\/\/www.faronics.com\/company\/client-testimonials\">aqui<\/a>.<\/p>\n<p><strong>Saiba mais sobre nossos produtos<\/strong><\/p>\n<p><a href=\"https:\/\/www.faronics.com\/document-library?doctype=doc_case_study\">Analise alguns estudos de casos de nossos clientes<\/a><\/p>\n<p><a href=\"https:\/\/www.faronics.com\/downloads\">Experimente nossas solu\u00e7\u00f5es padr\u00e3o \u2013 avalia\u00e7\u00e3o gratuita de 30 dias<\/a><\/p>\n<p><a href=\"https:\/\/www.faronics.com\/downloads\">Experimente nossas solu\u00e7\u00f5es empresariais: avalia\u00e7\u00e3o gratuita de 30 dias<\/a><\/p>\n","protected":false},"excerpt":{"rendered":"<p>Desde os setores de educa\u00e7\u00e3o, governo e atendimento m\u00e9dico, at\u00e9 varejo, corpora\u00e7\u00f5es financeiras e de pequeno a m\u00e9dio porte, os produtos da Faronics d\u00e3o suporte a uma ampla gama de clientes e suas respectivas redes, incluindo as seguintes marcas:<\/p>\n<p> <img loading=\"lazy\" decoding=\"async\" src=\"..\/..\/assets\/Toyota.jpg\" alt=\"Toyota\" width=\"139\" height=\"131\" \/> <img loading=\"lazy\" decoding=\"async\" src=\"..\/..\/assets\/AT&amp;T.jpg\" alt=\"AT&amp;T\" width=\"102\" height=\"136\" align=\"middle\" \/> <img loading=\"lazy\" decoding=\"async\" src=\"..\/..\/assets\/Intel.jpg\" alt=\"Intel\" width=\"142\" height=\"92\" align=\"middle\" \/> <img loading=\"lazy\" decoding=\"async\" src=\"..\/..\/assets\/Microsoft.jpg\" alt=\"Microsoft\" width=\"203\" height=\"133\" align=\"middle\" \/> <img loading=\"lazy\" decoding=\"async\" src=\"..\/..\/assets\/IBM.png\" alt=\"IBM\" width=\"164\" height=\"64\" align=\"middle\" \/> <img loading=\"lazy\" decoding=\"async\" src=\"..\/..\/assets\/CTV.jpg\" alt=\"CTV\" width=\"183\" height=\"137\" align=\"middle\" \/> <img loading=\"lazy\" decoding=\"async\" src=\"..\/..\/assets\/American-Specialty-Health.gif\" alt=\"American Specialty Health\" width=\"200\" height=\"85\" align=\"middle\" \/> <img loading=\"lazy\" decoding=\"async\" src=\"..\/..\/assets\/Sheraton.gif\" alt=\"Sheraton\" width=\"180\" height=\"127\" align=\"middle\" \/> <img loading=\"lazy\" decoding=\"async\" src=\"..\/..\/assets\/Hilton.jpg\" alt=\"Hilton\" width=\"148\" height=\"100\" align=\"middle\" \/> <img loading=\"lazy\" decoding=\"async\" src=\"..\/..\/assets\/RTP.gif\" alt=\"RTP\" width=\"226\" height=\"52\" align=\"middle\" \/> <img loading=\"lazy\" decoding=\"async\" src=\"..\/..\/assets\/Freedom First.jpg\" alt=\"Freedom First\" width=\"197\" height=\"75\" align=\"middle\" hspace=\"10\" \/> <img loading=\"lazy\" decoding=\"async\" src=\"..\/..\/assets\/First National Bank.jpg\" alt=\"First National Bank\" width=\"178\" height=\"68\" align=\"middle\" vspace=\"20\" \/> <img loading=\"lazy\" decoding=\"async\" src=\"..\/..\/assets\/RR-Donnelley.jpg\" alt=\"RR Donnelly\" width=\"223\" height=\"42\" align=\"middle\" \/> <img loading=\"lazy\" decoding=\"async\" src=\"..\/..\/assets\/Fedex.png\" alt=\"FedEx Kinkos\" width=\"181\" height=\"106\" align=\"middle\" \/> <img loading=\"lazy\" decoding=\"async\" src=\"..\/..\/assets\/CoVantage.png\" alt=\"CoVantage\" width=\"203\" height=\"52\" align=\"middle\" \/> <img loading=\"lazy\" decoding=\"async\" src=\"..\/..\/assets\/Howard-Community-College.gif\" alt=\"Howard Community College\" width=\"226\" height=\"52\" align=\"middle\" \/> <img loading=\"lazy\" decoding=\"async\" src=\"..\/..\/assets\/Harvard.png\" alt=\"Harvard\" width=\"160\" height=\"160\" align=\"middle\" \/> <img loading=\"lazy\" decoding=\"async\" src=\"..\/..\/assets\/Cornell.jpg\" alt=\"Cornell\" width=\"141\" height=\"141\" align=\"middle\" \/> <img loading=\"lazy\" decoding=\"async\" src=\"..\/..\/assets\/TheCityofWestSacramento.jpg\" alt=\"The City of West Sacramento\" width=\"146\" height=\"146\" align=\"middle\" vspace=\"5\" \/> <img loading=\"lazy\" decoding=\"async\" src=\"..\/..\/assets\/Santa-Cruz-City-Schools.jpg\" alt=\"Santa Cruz City Schools\" width=\"156\" height=\"158\" align=\"middle\" \/> <img loading=\"lazy\" decoding=\"async\" src=\"..\/..\/assets\/LA-County-Public-Works.jpg\" alt=\"LA County Public Works\" width=\"142\" height=\"142\" \n\n<div class=\"more\"><a href=\"https:\/\/www.faronics.com\/pt-br\/empresa\/our-customers\">Continue Reading&#8230;<\/a><\/div>\n","protected":false},"author":108,"featured_media":0,"parent":83698,"menu_order":0,"comment_status":"open","ping_status":"open","template":"","meta":{"_acf_changed":false,"inline_featured_image":false,"footnotes":""},"class_list":["post-83736","page","type-page","status-publish","hentry"],"acf":[],"yoast_head":"<!-- This site is optimized with the Yoast SEO Premium plugin v27.5 (Yoast SEO v27.5) - https:\/\/yoast.com\/product\/yoast-seo-premium-wordpress\/ -->\n<title>Nossos clientes - Faronics<\/title>\n<meta name=\"description\" content=\"Desde os setores de educa\u00e7\u00e3o, governo e atendimento m\u00e9dico, at\u00e9 varejo, corpora\u00e7\u00f5es financeiras e de pequeno a m\u00e9dio porte, os produtos da Faronics d\u00e3o\" \/>\n<meta name=\"robots\" content=\"index, follow, max-snippet:-1, max-image-preview:large, max-video-preview:-1\" \/>\n<link rel=\"canonical\" href=\"https:\/\/www.faronics.com\/pt-br\/empresa\/our-customers\" \/>\n<meta property=\"og:locale\" content=\"pt_BR\" \/>\n<meta property=\"og:type\" content=\"article\" \/>\n<meta property=\"og:title\" content=\"Nossos clientes\" \/>\n<meta property=\"og:description\" content=\"Desde os setores de educa\u00e7\u00e3o, governo e atendimento m\u00e9dico, at\u00e9 varejo, corpora\u00e7\u00f5es financeiras e de pequeno a m\u00e9dio porte, os produtos da Faronics d\u00e3o\" \/>\n<meta property=\"og:url\" content=\"https:\/\/www.faronics.com\/pt-br\/empresa\/our-customers\" \/>\n<meta property=\"og:site_name\" content=\"Faronics\" \/>\n<meta property=\"article:publisher\" content=\"https:\/\/www.facebook.com\/faronics\" \/>\n<meta property=\"article:modified_time\" content=\"2012-11-28T22:39:30+00:00\" \/>\n<meta property=\"og:image\" content=\"http:\/\/..\/..\/assets\/Toyota.jpg\" \/>\n<meta name=\"twitter:card\" content=\"summary_large_image\" \/>\n<meta name=\"twitter:site\" content=\"@faronics\" \/>\n<meta name=\"twitter:label1\" content=\"Est. tempo de leitura\" \/>\n\t<meta name=\"twitter:data1\" content=\"2 minutos\" \/>\n<script type=\"application\/ld+json\" class=\"yoast-schema-graph\">{\"@context\":\"https:\\\/\\\/schema.org\",\"@graph\":[{\"@type\":\"WebPage\",\"@id\":\"https:\\\/\\\/www.faronics.com\\\/pt-br\\\/empresa\\\/our-customers\",\"url\":\"https:\\\/\\\/www.faronics.com\\\/pt-br\\\/empresa\\\/our-customers\",\"name\":\"Nossos clientes - Faronics\",\"isPartOf\":{\"@id\":\"https:\\\/\\\/www.faronics.com\\\/pt-br#website\"},\"datePublished\":\"2012-11-28T22:38:58+00:00\",\"dateModified\":\"2012-11-28T22:39:30+00:00\",\"description\":\"Desde os setores de educa\u00e7\u00e3o, governo e atendimento m\u00e9dico, at\u00e9 varejo, corpora\u00e7\u00f5es financeiras e de pequeno a m\u00e9dio porte, os produtos da Faronics d\u00e3o\",\"breadcrumb\":{\"@id\":\"https:\\\/\\\/www.faronics.com\\\/pt-br\\\/empresa\\\/our-customers#breadcrumb\"},\"inLanguage\":\"pt-BR\",\"potentialAction\":[{\"@type\":\"ReadAction\",\"target\":[\"https:\\\/\\\/www.faronics.com\\\/pt-br\\\/empresa\\\/our-customers\"]}]},{\"@type\":\"BreadcrumbList\",\"@id\":\"https:\\\/\\\/www.faronics.com\\\/pt-br\\\/empresa\\\/our-customers#breadcrumb\",\"itemListElement\":[{\"@type\":\"ListItem\",\"position\":1,\"name\":\"Home\",\"item\":\"https:\\\/\\\/www.faronics.com\\\/pt-br\"},{\"@type\":\"ListItem\",\"position\":2,\"name\":\"Empresa\",\"item\":\"https:\\\/\\\/www.faronics.com\\\/pt-br\\\/empresa\"},{\"@type\":\"ListItem\",\"position\":3,\"name\":\"Nossos clientes\",\"item\":\"https:\\\/\\\/www.faronics.com\\\/pt-br\\\/nossos-clientes\\\/\"}]},{\"@type\":\"WebSite\",\"@id\":\"https:\\\/\\\/www.faronics.com\\\/pt-br#website\",\"url\":\"https:\\\/\\\/www.faronics.com\\\/pt-br\",\"name\":\"Faronics\",\"description\":\"Simplifying Computer Management\",\"publisher\":{\"@id\":\"https:\\\/\\\/www.faronics.com\\\/pt-br#organization\"},\"potentialAction\":[{\"@type\":\"SearchAction\",\"target\":{\"@type\":\"EntryPoint\",\"urlTemplate\":\"https:\\\/\\\/www.faronics.com\\\/pt-br?s={search_term_string}\"},\"query-input\":{\"@type\":\"PropertyValueSpecification\",\"valueRequired\":true,\"valueName\":\"search_term_string\"}}],\"inLanguage\":\"pt-BR\"},{\"@type\":\"Organization\",\"@id\":\"https:\\\/\\\/www.faronics.com\\\/pt-br#organization\",\"name\":\"Faronics\",\"url\":\"https:\\\/\\\/www.faronics.com\\\/pt-br\",\"logo\":{\"@type\":\"ImageObject\",\"inLanguage\":\"pt-BR\",\"@id\":\"https:\\\/\\\/www.faronics.com\\\/pt-br#\\\/schema\\\/logo\\\/image\\\/\",\"url\":\"https:\\\/\\\/www.faronics.com\\\/assets\\\/footer-faronics-logo.png\",\"contentUrl\":\"https:\\\/\\\/www.faronics.com\\\/assets\\\/footer-faronics-logo.png\",\"width\":155,\"height\":44,\"caption\":\"Faronics\"},\"image\":{\"@id\":\"https:\\\/\\\/www.faronics.com\\\/pt-br#\\\/schema\\\/logo\\\/image\\\/\"},\"sameAs\":[\"https:\\\/\\\/www.facebook.com\\\/faronics\",\"https:\\\/\\\/x.com\\\/faronics\"]}]}<\/script>\n<!-- \/ Yoast SEO Premium plugin. -->","yoast_head_json":{"title":"Nossos clientes - Faronics","description":"Desde os setores de educa\u00e7\u00e3o, governo e atendimento m\u00e9dico, at\u00e9 varejo, corpora\u00e7\u00f5es financeiras e de pequeno a m\u00e9dio porte, os produtos da Faronics d\u00e3o","robots":{"index":"index","follow":"follow","max-snippet":"max-snippet:-1","max-image-preview":"max-image-preview:large","max-video-preview":"max-video-preview:-1"},"canonical":"https:\/\/www.faronics.com\/pt-br\/empresa\/our-customers","og_locale":"pt_BR","og_type":"article","og_title":"Nossos clientes","og_description":"Desde os setores de educa\u00e7\u00e3o, governo e atendimento m\u00e9dico, at\u00e9 varejo, corpora\u00e7\u00f5es financeiras e de pequeno a m\u00e9dio porte, os produtos da Faronics d\u00e3o","og_url":"https:\/\/www.faronics.com\/pt-br\/empresa\/our-customers","og_site_name":"Faronics","article_publisher":"https:\/\/www.facebook.com\/faronics","article_modified_time":"2012-11-28T22:39:30+00:00","og_image":[{"url":"..\/..\/assets\/Toyota.jpg","type":"","width":"","height":""}],"twitter_card":"summary_large_image","twitter_site":"@faronics","twitter_misc":{"Est. tempo de leitura":"2 minutos"},"schema":{"@context":"https:\/\/schema.org","@graph":[{"@type":"WebPage","@id":"https:\/\/www.faronics.com\/pt-br\/empresa\/our-customers","url":"https:\/\/www.faronics.com\/pt-br\/empresa\/our-customers","name":"Nossos clientes - Faronics","isPartOf":{"@id":"https:\/\/www.faronics.com\/pt-br#website"},"datePublished":"2012-11-28T22:38:58+00:00","dateModified":"2012-11-28T22:39:30+00:00","description":"Desde os setores de educa\u00e7\u00e3o, governo e atendimento m\u00e9dico, at\u00e9 varejo, corpora\u00e7\u00f5es financeiras e de pequeno a m\u00e9dio porte, os produtos da Faronics d\u00e3o","breadcrumb":{"@id":"https:\/\/www.faronics.com\/pt-br\/empresa\/our-customers#breadcrumb"},"inLanguage":"pt-BR","potentialAction":[{"@type":"ReadAction","target":["https:\/\/www.faronics.com\/pt-br\/empresa\/our-customers"]}]},{"@type":"BreadcrumbList","@id":"https:\/\/www.faronics.com\/pt-br\/empresa\/our-customers#breadcrumb","itemListElement":[{"@type":"ListItem","position":1,"name":"Home","item":"https:\/\/www.faronics.com\/pt-br"},{"@type":"ListItem","position":2,"name":"Empresa","item":"https:\/\/www.faronics.com\/pt-br\/empresa"},{"@type":"ListItem","position":3,"name":"Nossos clientes","item":"https:\/\/www.faronics.com\/pt-br\/nossos-clientes\/"}]},{"@type":"WebSite","@id":"https:\/\/www.faronics.com\/pt-br#website","url":"https:\/\/www.faronics.com\/pt-br","name":"Faronics","description":"Simplifying Computer Management","publisher":{"@id":"https:\/\/www.faronics.com\/pt-br#organization"},"potentialAction":[{"@type":"SearchAction","target":{"@type":"EntryPoint","urlTemplate":"https:\/\/www.faronics.com\/pt-br?s={search_term_string}"},"query-input":{"@type":"PropertyValueSpecification","valueRequired":true,"valueName":"search_term_string"}}],"inLanguage":"pt-BR"},{"@type":"Organization","@id":"https:\/\/www.faronics.com\/pt-br#organization","name":"Faronics","url":"https:\/\/www.faronics.com\/pt-br","logo":{"@type":"ImageObject","inLanguage":"pt-BR","@id":"https:\/\/www.faronics.com\/pt-br#\/schema\/logo\/image\/","url":"https:\/\/www.faronics.com\/assets\/footer-faronics-logo.png","contentUrl":"https:\/\/www.faronics.com\/assets\/footer-faronics-logo.png","width":155,"height":44,"caption":"Faronics"},"image":{"@id":"https:\/\/www.faronics.com\/pt-br#\/schema\/logo\/image\/"},"sameAs":["https:\/\/www.facebook.com\/faronics","https:\/\/x.com\/faronics"]}]}},"_links":{"self":[{"href":"https:\/\/www.faronics.com\/pt-br\/wp-json\/wp\/v2\/pages\/83736","targetHints":{"allow":["GET"]}}],"collection":[{"href":"https:\/\/www.faronics.com\/pt-br\/wp-json\/wp\/v2\/pages"}],"about":[{"href":"https:\/\/www.faronics.com\/pt-br\/wp-json\/wp\/v2\/types\/page"}],"author":[{"embeddable":true,"href":"https:\/\/www.faronics.com\/pt-br\/wp-json\/wp\/v2\/users\/108"}],"replies":[{"embeddable":true,"href":"https:\/\/www.faronics.com\/pt-br\/wp-json\/wp\/v2\/comments?post=83736"}],"version-history":[{"count":0,"href":"https:\/\/www.faronics.com\/pt-br\/wp-json\/wp\/v2\/pages\/83736\/revisions"}],"up":[{"embeddable":true,"href":"https:\/\/www.faronics.com\/pt-br\/wp-json\/wp\/v2\/pages\/83698"}],"wp:attachment":[{"href":"https:\/\/www.faronics.com\/pt-br\/wp-json\/wp\/v2\/media?parent=83736"}],"curies":[{"name":"wp","href":"https:\/\/api.w.org\/{rel}","templated":true}]}}