{"id":83700,"date":"2012-11-28T09:26:48","date_gmt":"2012-11-28T17:26:48","guid":{"rendered":"https:\/\/www.faronics.com\/?page_id=83700"},"modified":"2012-11-28T09:26:48","modified_gmt":"2012-11-28T17:26:48","slug":"overview","status":"publish","type":"page","link":"https:\/\/www.faronics.com\/pt-br\/empresa\/overview","title":{"rendered":"Overview"},"content":{"rendered":"<p><a href=\"\/assets\/Company1.jpg\"><img loading=\"lazy\" decoding=\"async\" class=\"size-full wp-image-55824 alignnone\" title=\"Company1\" src=\"\/assets\/Company1.jpg\" alt=\"\" width=\"661\" height=\"193\" srcset=\"https:\/\/www.faronics.com\/assets\/Company1.jpg 661w, https:\/\/www.faronics.com\/assets\/Company1-150x43.jpg 150w, https:\/\/www.faronics.com\/assets\/Company1-300x87.jpg 300w, https:\/\/www.faronics.com\/assets\/Company1-350x102.jpg 350w, https:\/\/www.faronics.com\/assets\/Company1-130x37.jpg 130w, https:\/\/www.faronics.com\/assets\/Company1-117x34.jpg 117w, https:\/\/www.faronics.com\/assets\/Company1-240x70.jpg 240w\" sizes=\"auto, (max-width: 661px) 100vw, 661px\" \/><\/a><\/p>\n<p>A Faronics fornece software para auxiliar a gerenciar, simplificar e proteger ambientes de computa\u00e7\u00e3o com m\u00faltiplos usu\u00e1rios.<\/p>\n<p>Fundada em 1996, a Faronics, sediada em Vancouver, Columbia Brit\u00e2nica, e \u00e9 uma empresa privada com cerca de 30.000 clientes exclusivos que utilizam mais de oito milh\u00f5es de licen\u00e7as em mais de 150 pa\u00edses. A Faronics tem um hist\u00f3rico de fornecimento de excelente valor para clientes, vendendo direto e por meio de parceiros de canal para aprimorar as rela\u00e7\u00f5es existentes, a presen\u00e7a local e os servi\u00e7os de valor agregado.<\/p>\n<p>A Faronics fornece software para auxiliar a gerenciar, simplificar e proteger ambientes de computa\u00e7\u00e3o multiusu\u00e1rios.\u00a0Nossa su\u00edte de produtos garante 100% de disponibilidade da esta\u00e7\u00e3o de trabalho, e libera equipes de TI de quest\u00f5es de suporte t\u00e9cnico e de software entediantes.<\/p>\n<p>O Faronics Deep Freeze reduz os custos de TI preservando configura\u00e7\u00f5es de computador desejadas. O Faronics Anti-Executable impede contra software n\u00e3o autorizado, enquanto o Faronics Anti-Virus garante prote\u00e7\u00e3o de alto desempenho e terminal contra malware. O Faronics Power Save reduz os custos de energia com o gerenciamento inteligente de energia, enquanto o Faronics System Profiler identifica e armazena dados detalhados de esta\u00e7\u00f5es de trabalho por toda implanta\u00e7\u00e3o. O Faronics Insight oferece controle total sobre computadores de salas de aula, ao passo que o Faronics WINSelect permite a administradores de TI personalizar o acesso a aplicativos, sites, programas e op\u00e7\u00f5es de menu.<\/p>\n<p>As inova\u00e7\u00f5es tecnol\u00f3gicas da Faronics beneficiam institui\u00e7\u00f5es de ensino, instala\u00e7\u00f5es de atendimento m\u00e9dico, bibliotecas, organiza\u00e7\u00f5es governamentais e corpora\u00e7\u00f5es.<\/p>\n<p>Com escrit\u00f3rios nos EUA, Canad\u00e1 e Reino Unido, a Faronics desenvolveu uma rede global s\u00f3lida de fornecimento de seus produtos premiados.<\/p>\n","protected":false},"excerpt":{"rendered":"<p><a href=\"\/assets\/Company1.jpg\"><img loading=\"lazy\" decoding=\"async\" class=\"size-full wp-image-55824 alignnone\" title=\"Company1\" src=\"\/assets\/Company1.jpg\" alt=\"\" width=\"661\" height=\"193\" srcset=\"https:\/\/www.faronics.com\/assets\/Company1.jpg 661w, https:\/\/www.faronics.com\/assets\/Company1-150x43.jpg 150w, https:\/\/www.faronics.com\/assets\/Company1-300x87.jpg 300w, https:\/\/www.faronics.com\/assets\/Company1-350x102.jpg 350w, https:\/\/www.faronics.com\/assets\/Company1-130x37.jpg 130w, https:\/\/www.faronics.com\/assets\/Company1-117x34.jpg 117w, https:\/\/www.faronics.com\/assets\/Company1-240x70.jpg 240w\" sizes=\"auto, (max-width: 661px) 100vw, 661px\" \/><\/a><\/p>\n<p>A Faronics fornece software para auxiliar a gerenciar, simplificar e proteger ambientes de computa\u00e7\u00e3o com m\u00faltiplos usu\u00e1rios.<\/p>\n<p>Fundada em 1996, a Faronics, sediada em Vancouver, Columbia Brit\u00e2nica, e \u00e9 uma empresa privada com cerca de 30.000 clientes exclusivos que utilizam mais de oito milh\u00f5es de licen\u00e7as em mais de 150 pa\u00edses. A Faronics tem um hist\u00f3rico de fornecimento de excelente valor para clientes, vendendo direto e por meio de parceiros de canal para aprimorar as rela\u00e7\u00f5es existentes, a presen\u00e7a local e os servi\u00e7os de valor agregado.<\/p>\n<p>A Faronics fornece software para auxiliar a gerenciar, simplificar e proteger ambientes de computa\u00e7\u00e3o multiusu\u00e1rios.\u00a0Nossa su\u00edte de produtos garante 100% de disponibilidade da esta\u00e7\u00e3o de trabalho, e libera equipes de TI de quest\u00f5es de suporte t\u00e9cnico e de software entediantes.<\/p>\n<p>O Faronics Deep Freeze reduz os custos de TI preservando configura\u00e7\u00f5es de computador desejadas. O Faronics Anti-Executable impede contra software n\u00e3o autorizado, enquanto o Faronics Anti-Virus garante prote\u00e7\u00e3o de alto desempenho e terminal contra malware. O Faronics Power Save reduz os custos de energia com o gerenciamento inteligente de energia, enquanto o Faronics System Profiler identifica e armazena dados detalhados de esta\u00e7\u00f5es de trabalho por toda implanta\u00e7\u00e3o. O Faronics Insight oferece controle total sobre computadores de salas de aula, ao passo que o Faronics WINSelect permite a administradores de TI personalizar o <\/p>\n<div class=\"more\"><a href=\"https:\/\/www.faronics.com\/pt-br\/empresa\/overview\">Continue Reading&#8230;<\/a><\/div>\n","protected":false},"author":108,"featured_media":0,"parent":83698,"menu_order":0,"comment_status":"open","ping_status":"open","template":"","meta":{"_acf_changed":false,"inline_featured_image":false,"footnotes":""},"class_list":["post-83700","page","type-page","status-publish","hentry"],"acf":[],"yoast_head":"<!-- This site is optimized with the Yoast SEO Premium plugin v27.3 (Yoast SEO v27.3) - https:\/\/yoast.com\/product\/yoast-seo-premium-wordpress\/ -->\n<title>Overview - Faronics<\/title>\n<meta name=\"description\" content=\"A Faronics fornece software para auxiliar a gerenciar, simplificar e proteger ambientes de computa\u00e7\u00e3o com m\u00faltiplos usu\u00e1rios. Fundada em 1996, a Faronics,\" \/>\n<meta name=\"robots\" content=\"index, follow, max-snippet:-1, max-image-preview:large, max-video-preview:-1\" \/>\n<link rel=\"canonical\" href=\"https:\/\/www.faronics.com\/pt-br\/empresa\/overview\" \/>\n<meta property=\"og:locale\" content=\"pt_BR\" \/>\n<meta property=\"og:type\" content=\"article\" \/>\n<meta property=\"og:title\" content=\"Overview\" \/>\n<meta property=\"og:description\" content=\"A Faronics fornece software para auxiliar a gerenciar, simplificar e proteger ambientes de computa\u00e7\u00e3o com m\u00faltiplos usu\u00e1rios. Fundada em 1996, a Faronics,\" \/>\n<meta property=\"og:url\" content=\"https:\/\/www.faronics.com\/pt-br\/empresa\/overview\" \/>\n<meta property=\"og:site_name\" content=\"Faronics\" \/>\n<meta property=\"article:publisher\" content=\"https:\/\/www.facebook.com\/faronics\" \/>\n<meta property=\"og:image\" content=\"https:\/\/www.faronics.com\/assets\/Company1.jpg\" \/>\n<meta name=\"twitter:card\" content=\"summary_large_image\" \/>\n<meta name=\"twitter:site\" content=\"@faronics\" \/>\n<meta name=\"twitter:label1\" content=\"Est. tempo de leitura\" \/>\n\t<meta name=\"twitter:data1\" content=\"1 minuto\" \/>\n<script type=\"application\/ld+json\" class=\"yoast-schema-graph\">{\"@context\":\"https:\\\/\\\/schema.org\",\"@graph\":[{\"@type\":\"WebPage\",\"@id\":\"https:\\\/\\\/www.faronics.com\\\/pt-br\\\/empresa\\\/overview\",\"url\":\"https:\\\/\\\/www.faronics.com\\\/pt-br\\\/empresa\\\/overview\",\"name\":\"Overview - Faronics\",\"isPartOf\":{\"@id\":\"https:\\\/\\\/www.faronics.com\\\/pt-br#website\"},\"datePublished\":\"2012-11-28T17:26:48+00:00\",\"description\":\"A Faronics fornece software para auxiliar a gerenciar, simplificar e proteger ambientes de computa\u00e7\u00e3o com m\u00faltiplos usu\u00e1rios. Fundada em 1996, a Faronics,\",\"breadcrumb\":{\"@id\":\"https:\\\/\\\/www.faronics.com\\\/pt-br\\\/empresa\\\/overview#breadcrumb\"},\"inLanguage\":\"pt-BR\",\"potentialAction\":[{\"@type\":\"ReadAction\",\"target\":[\"https:\\\/\\\/www.faronics.com\\\/pt-br\\\/empresa\\\/overview\"]}]},{\"@type\":\"BreadcrumbList\",\"@id\":\"https:\\\/\\\/www.faronics.com\\\/pt-br\\\/empresa\\\/overview#breadcrumb\",\"itemListElement\":[{\"@type\":\"ListItem\",\"position\":1,\"name\":\"Home\",\"item\":\"https:\\\/\\\/www.faronics.com\\\/pt-br\"},{\"@type\":\"ListItem\",\"position\":2,\"name\":\"Empresa\",\"item\":\"https:\\\/\\\/www.faronics.com\\\/pt-br\\\/empresa\"},{\"@type\":\"ListItem\",\"position\":3,\"name\":\"Overview\",\"item\":\"https:\\\/\\\/www.faronics.com\\\/pt-br\\\/overview\\\/\"}]},{\"@type\":\"WebSite\",\"@id\":\"https:\\\/\\\/www.faronics.com\\\/pt-br#website\",\"url\":\"https:\\\/\\\/www.faronics.com\\\/pt-br\",\"name\":\"Faronics\",\"description\":\"Simplifying Computer Management\",\"publisher\":{\"@id\":\"https:\\\/\\\/www.faronics.com\\\/pt-br#organization\"},\"potentialAction\":[{\"@type\":\"SearchAction\",\"target\":{\"@type\":\"EntryPoint\",\"urlTemplate\":\"https:\\\/\\\/www.faronics.com\\\/pt-br?s={search_term_string}\"},\"query-input\":{\"@type\":\"PropertyValueSpecification\",\"valueRequired\":true,\"valueName\":\"search_term_string\"}}],\"inLanguage\":\"pt-BR\"},{\"@type\":\"Organization\",\"@id\":\"https:\\\/\\\/www.faronics.com\\\/pt-br#organization\",\"name\":\"Faronics\",\"url\":\"https:\\\/\\\/www.faronics.com\\\/pt-br\",\"logo\":{\"@type\":\"ImageObject\",\"inLanguage\":\"pt-BR\",\"@id\":\"https:\\\/\\\/www.faronics.com\\\/pt-br#\\\/schema\\\/logo\\\/image\\\/\",\"url\":\"https:\\\/\\\/www.faronics.com\\\/assets\\\/footer-faronics-logo.png\",\"contentUrl\":\"https:\\\/\\\/www.faronics.com\\\/assets\\\/footer-faronics-logo.png\",\"width\":155,\"height\":44,\"caption\":\"Faronics\"},\"image\":{\"@id\":\"https:\\\/\\\/www.faronics.com\\\/pt-br#\\\/schema\\\/logo\\\/image\\\/\"},\"sameAs\":[\"https:\\\/\\\/www.facebook.com\\\/faronics\",\"https:\\\/\\\/x.com\\\/faronics\"]}]}<\/script>\n<!-- \/ Yoast SEO Premium plugin. -->","yoast_head_json":{"title":"Overview - Faronics","description":"A Faronics fornece software para auxiliar a gerenciar, simplificar e proteger ambientes de computa\u00e7\u00e3o com m\u00faltiplos usu\u00e1rios. Fundada em 1996, a Faronics,","robots":{"index":"index","follow":"follow","max-snippet":"max-snippet:-1","max-image-preview":"max-image-preview:large","max-video-preview":"max-video-preview:-1"},"canonical":"https:\/\/www.faronics.com\/pt-br\/empresa\/overview","og_locale":"pt_BR","og_type":"article","og_title":"Overview","og_description":"A Faronics fornece software para auxiliar a gerenciar, simplificar e proteger ambientes de computa\u00e7\u00e3o com m\u00faltiplos usu\u00e1rios. Fundada em 1996, a Faronics,","og_url":"https:\/\/www.faronics.com\/pt-br\/empresa\/overview","og_site_name":"Faronics","article_publisher":"https:\/\/www.facebook.com\/faronics","og_image":[{"url":"https:\/\/www.faronics.com\/assets\/Company1.jpg","type":"","width":"","height":""}],"twitter_card":"summary_large_image","twitter_site":"@faronics","twitter_misc":{"Est. tempo de leitura":"1 minuto"},"schema":{"@context":"https:\/\/schema.org","@graph":[{"@type":"WebPage","@id":"https:\/\/www.faronics.com\/pt-br\/empresa\/overview","url":"https:\/\/www.faronics.com\/pt-br\/empresa\/overview","name":"Overview - Faronics","isPartOf":{"@id":"https:\/\/www.faronics.com\/pt-br#website"},"datePublished":"2012-11-28T17:26:48+00:00","description":"A Faronics fornece software para auxiliar a gerenciar, simplificar e proteger ambientes de computa\u00e7\u00e3o com m\u00faltiplos usu\u00e1rios. Fundada em 1996, a Faronics,","breadcrumb":{"@id":"https:\/\/www.faronics.com\/pt-br\/empresa\/overview#breadcrumb"},"inLanguage":"pt-BR","potentialAction":[{"@type":"ReadAction","target":["https:\/\/www.faronics.com\/pt-br\/empresa\/overview"]}]},{"@type":"BreadcrumbList","@id":"https:\/\/www.faronics.com\/pt-br\/empresa\/overview#breadcrumb","itemListElement":[{"@type":"ListItem","position":1,"name":"Home","item":"https:\/\/www.faronics.com\/pt-br"},{"@type":"ListItem","position":2,"name":"Empresa","item":"https:\/\/www.faronics.com\/pt-br\/empresa"},{"@type":"ListItem","position":3,"name":"Overview","item":"https:\/\/www.faronics.com\/pt-br\/overview\/"}]},{"@type":"WebSite","@id":"https:\/\/www.faronics.com\/pt-br#website","url":"https:\/\/www.faronics.com\/pt-br","name":"Faronics","description":"Simplifying Computer Management","publisher":{"@id":"https:\/\/www.faronics.com\/pt-br#organization"},"potentialAction":[{"@type":"SearchAction","target":{"@type":"EntryPoint","urlTemplate":"https:\/\/www.faronics.com\/pt-br?s={search_term_string}"},"query-input":{"@type":"PropertyValueSpecification","valueRequired":true,"valueName":"search_term_string"}}],"inLanguage":"pt-BR"},{"@type":"Organization","@id":"https:\/\/www.faronics.com\/pt-br#organization","name":"Faronics","url":"https:\/\/www.faronics.com\/pt-br","logo":{"@type":"ImageObject","inLanguage":"pt-BR","@id":"https:\/\/www.faronics.com\/pt-br#\/schema\/logo\/image\/","url":"https:\/\/www.faronics.com\/assets\/footer-faronics-logo.png","contentUrl":"https:\/\/www.faronics.com\/assets\/footer-faronics-logo.png","width":155,"height":44,"caption":"Faronics"},"image":{"@id":"https:\/\/www.faronics.com\/pt-br#\/schema\/logo\/image\/"},"sameAs":["https:\/\/www.facebook.com\/faronics","https:\/\/x.com\/faronics"]}]}},"_links":{"self":[{"href":"https:\/\/www.faronics.com\/pt-br\/wp-json\/wp\/v2\/pages\/83700","targetHints":{"allow":["GET"]}}],"collection":[{"href":"https:\/\/www.faronics.com\/pt-br\/wp-json\/wp\/v2\/pages"}],"about":[{"href":"https:\/\/www.faronics.com\/pt-br\/wp-json\/wp\/v2\/types\/page"}],"author":[{"embeddable":true,"href":"https:\/\/www.faronics.com\/pt-br\/wp-json\/wp\/v2\/users\/108"}],"replies":[{"embeddable":true,"href":"https:\/\/www.faronics.com\/pt-br\/wp-json\/wp\/v2\/comments?post=83700"}],"version-history":[{"count":0,"href":"https:\/\/www.faronics.com\/pt-br\/wp-json\/wp\/v2\/pages\/83700\/revisions"}],"up":[{"embeddable":true,"href":"https:\/\/www.faronics.com\/pt-br\/wp-json\/wp\/v2\/pages\/83698"}],"wp:attachment":[{"href":"https:\/\/www.faronics.com\/pt-br\/wp-json\/wp\/v2\/media?parent=83700"}],"curies":[{"name":"wp","href":"https:\/\/api.w.org\/{rel}","templated":true}]}}