{"id":83698,"date":"2012-11-28T09:22:36","date_gmt":"2012-11-28T17:22:36","guid":{"rendered":"https:\/\/www.faronics.com\/?page_id=83698"},"modified":"2024-03-04T06:00:13","modified_gmt":"2024-03-04T14:00:13","slug":"empresa","status":"publish","type":"page","link":"https:\/\/www.faronics.com\/pt-br\/empresa","title":{"rendered":"Empresa"},"content":{"rendered":"<p>A Faronics fornece software para auxiliar a gerenciar, simplificar e proteger ambientes de computa\u00e7\u00e3o com m\u00faltiplos usu\u00e1rios.<\/p>\n<p>Fundada em 1996, a Faronics, sediada em Vancouver, Columbia Brit\u00e2nica, e \u00e9 uma empresa privada com cerca de 30.000 clientes exclusivos que utilizam mais de oito milh\u00f5es de licen\u00e7as em mais de 150 pa\u00edses. A Faronics tem um hist\u00f3rico de fornecimento de excelente valor para clientes, vendendo direto e por meio de parceiros de canal para aprimorar as rela\u00e7\u00f5es existentes, a presen\u00e7a local e os servi\u00e7os de valor agregado.<\/p>\n<p>A Faronics fornece software para auxiliar a gerenciar, simplificar e proteger ambientes de computa\u00e7\u00e3o multiusu\u00e1rios.\u00a0Nossa su\u00edte de produtos garante 100% de disponibilidade da esta\u00e7\u00e3o de trabalho, e libera equipes de TI de quest\u00f5es de suporte t\u00e9cnico e de software entediantes.<\/p>\n<p>O Faronics Deep Freeze reduz os custos de TI preservando configura\u00e7\u00f5es de computador desejadas. O Faronics Anti-Executable impede contra software n\u00e3o autorizado, enquanto o Faronics Anti-Virus garante prote\u00e7\u00e3o de alto desempenho e terminal contra malware. O Faronics Power Save reduz os custos de energia com o gerenciamento inteligente de energia, enquanto o Faronics System Profiler identifica e armazena dados detalhados de esta\u00e7\u00f5es de trabalho por toda implanta\u00e7\u00e3o. O Faronics Insight oferece controle total sobre computadores de salas de aula, ao passo que o Faronics WINSelect permite a administradores de TI personalizar o acesso a aplicativos, sites, programas e op\u00e7\u00f5es de menu.<\/p>\n<p>As inova\u00e7\u00f5es tecnol\u00f3gicas da Faronics beneficiam institui\u00e7\u00f5es de ensino, instala\u00e7\u00f5es de atendimento m\u00e9dico, bibliotecas, organiza\u00e7\u00f5es governamentais e corpora\u00e7\u00f5es.<\/p>\n<p>Com escrit\u00f3rios nos EUA, Canad\u00e1 e Reino Unido, a Faronics desenvolveu uma rede global s\u00f3lida de fornecimento de seus produtos premiados.<\/p>\n<h2><strong>Desenvolvimento de software<\/strong><\/h2>\n<p>Como uma organiza\u00e7\u00e3o centrada no cliente, os produtos da Faronics s\u00e3o pesquisados e desenvolvidos em consulta estreita com nossos usu\u00e1rios finais. Valorizamos as ideias e sugest\u00f5es de nossos clientes, e contamos com esse feedback para oferecer as solu\u00e7\u00f5es inovadoras com as quais nossos clientes passaram a contar. Essa abordagem \u00e9 a base da estrat\u00e9gia de servi\u00e7o ao cliente l\u00edder do setor da Faronics, que trabalha continuamente para construir e manter rela\u00e7\u00f5es duradouras com nossos usu\u00e1rios.<\/p>\n<h2><strong>Alian\u00e7as<\/strong><\/h2>\n<p>Na Faronics, trabalhamos de perto com v\u00e1rias organiza\u00e7\u00f5es e ag\u00eancias do setor para compartilhar informa\u00e7\u00f5es, coordenar nossos esfor\u00e7os no sentido de objetivos comuns e estabelecer novas pr\u00e1ticas.<br \/>\n<a href=\"https:\/\/www.faronics.com\/company\/affiliations#climatesavers\"><img loading=\"lazy\" decoding=\"async\" class=\"alignnone size-full wp-image-926\" style=\"margin-left: 100px; margin-right: 50px;\" title=\"climatesavers\" src=\"\/assets\/climatesavers.png\" alt=\"\" width=\"99\" height=\"73\" \/><\/a><a href=\"https:\/\/www.faronics.com\/company\/affiliations#microsoft\"><img loading=\"lazy\" decoding=\"async\" class=\"alignnone size-full wp-image-931\" style=\"margin-left: 50px; margin-right: 50px;\" title=\"microsoft\" src=\"\/assets\/microsoft.gif\" alt=\"\" width=\"100\" height=\"52\" \/><\/a><a href=\"https:\/\/www.faronics.com\/company\/affiliations#LANdesk\"><img loading=\"lazy\" decoding=\"async\" class=\"alignnone size-full wp-image-930\" style=\"margin-left: 50px; margin-right: 50px;\" title=\"LANDesk2\" src=\"\/assets\/LANDesk2.gif\" alt=\"\" width=\"103\" height=\"46\" \/><\/a><\/p>\n<h2><\/h2>\n<h2><strong>Associa\u00e7\u00f5es<\/strong><\/h2>\n<p>A Faronics tem orgulho de ser um membro corporativo das seguintes organiza\u00e7\u00f5es. Apoiamos suas declara\u00e7\u00f5es de miss\u00e3o e compartilhamos seus objetivos para avan\u00e7ar no uso da tecnologia, com vistas \u00e0 melhoria e \u00e0 capacita\u00e7\u00e3o daqueles que a utilizam. Valorizamos os relacionamentos que estamos construindo com essas organiza\u00e7\u00f5es e continuaremos a criar conex\u00f5es na comunidade tecnol\u00f3gica.<\/p>\n<p>&nbsp;<\/p>\n<p><a href=\"https:\/\/www.faronics.com\/company\/affiliations#iste\"><img loading=\"lazy\" decoding=\"async\" class=\"alignleft size-full wp-image-929\" style=\"margin-left: 100px; margin-right: 20px;\" title=\"iste_logo\" src=\"\/assets\/iste_logo.gif\" alt=\"\" width=\"100\" height=\"56\" \/><\/a><a href=\"https:\/\/www.faronics.com\/company\/affiliations#educause\"><img loading=\"lazy\" decoding=\"async\" class=\"alignleft size-full wp-image-928\" style=\"margin-left: 20px; margin-right: 20px;\" title=\"educause_logo\" src=\"\/assets\/educause_logo.jpg\" alt=\"\" width=\"100\" height=\"62\" \/><\/a><a href=\"https:\/\/www.faronics.com\/company\/affiliations#bctia\"><img loading=\"lazy\" decoding=\"async\" class=\"alignleft size-full wp-image-925\" style=\"margin-left: 20px; margin-right: 20px;\" title=\"bctia_logo\" src=\"\/assets\/bctia_logo.gif\" alt=\"\" width=\"100\" height=\"58\" \/><\/a><a href=\"https:\/\/www.faronics.com\/company\/affiliations#CoSN\"><img loading=\"lazy\" decoding=\"async\" class=\"alignleft size-full wp-image-927\" style=\"margin-left: 20px; margin-right: 20px;\" title=\"CoSN_logo\" src=\"\/assets\/CoSN_logo.jpg\" alt=\"\" width=\"79\" height=\"80\" \/><\/a><\/p>\n","protected":false},"excerpt":{"rendered":"<p>A Faronics fornece software para auxiliar a gerenciar, simplificar e proteger ambientes de computa\u00e7\u00e3o com m\u00faltiplos usu\u00e1rios.<\/p>\n<p>Fundada em 1996, a Faronics, sediada em Vancouver, Columbia Brit\u00e2nica, e \u00e9 uma empresa privada com cerca de 30.000 clientes exclusivos que utilizam mais de oito milh\u00f5es de licen\u00e7as em mais de 150 pa\u00edses. A Faronics tem um hist\u00f3rico de fornecimento de excelente valor para clientes, vendendo direto e por meio de parceiros de canal para aprimorar as rela\u00e7\u00f5es existentes, a presen\u00e7a local e os servi\u00e7os de valor agregado.<\/p>\n<p>A Faronics fornece software para auxiliar a gerenciar, simplificar e proteger ambientes de computa\u00e7\u00e3o multiusu\u00e1rios.\u00a0Nossa su\u00edte de produtos garante 100% de disponibilidade da esta\u00e7\u00e3o de trabalho, e libera equipes de TI de quest\u00f5es de suporte t\u00e9cnico e de software entediantes.<\/p>\n<p>O Faronics Deep Freeze reduz os custos de TI preservando configura\u00e7\u00f5es de computador desejadas. O Faronics Anti-Executable impede contra software n\u00e3o autorizado, enquanto o Faronics Anti-Virus garante prote\u00e7\u00e3o de alto desempenho e terminal contra malware. O Faronics Power Save reduz os custos de energia com o gerenciamento inteligente de energia, enquanto o Faronics System Profiler identifica e armazena dados detalhados de esta\u00e7\u00f5es de trabalho por toda implanta\u00e7\u00e3o. O Faronics Insight oferece controle total sobre computadores de salas de aula, ao passo que o Faronics WINSelect permite a administradores de TI personalizar o acesso a aplicativos, sites, programas e op\u00e7\u00f5es de menu.<\/p>\n<p>As inova\u00e7\u00f5es tecnol\u00f3gicas da Faronics beneficiam institui\u00e7\u00f5es de ensino, instala\u00e7\u00f5es de atendimento m\u00e9dico, bibliotecas, organiza\u00e7\u00f5es governamentais e corpora\u00e7\u00f5es.<\/p>\n<p>Com escrit\u00f3rios nos EUA, Canad\u00e1 <\/p>\n<div class=\"more\"><a href=\"https:\/\/www.faronics.com\/pt-br\/empresa\">Continue Reading&#8230;<\/a><\/div>\n","protected":false},"author":108,"featured_media":0,"parent":0,"menu_order":0,"comment_status":"open","ping_status":"closed","template":"page-template-with-sidebar.php","meta":{"_acf_changed":false,"inline_featured_image":false,"footnotes":""},"class_list":["post-83698","page","type-page","status-publish","hentry"],"acf":[],"yoast_head":"<!-- This site is optimized with the Yoast SEO Premium plugin v27.4 (Yoast SEO v27.4) - https:\/\/yoast.com\/product\/yoast-seo-premium-wordpress\/ -->\n<title>Empresa - Faronics<\/title>\n<meta name=\"description\" content=\"A Faronics fornece software para auxiliar a gerenciar, simplificar e proteger ambientes de computa\u00e7\u00e3o com m\u00faltiplos usu\u00e1rios. Fundada em 1996, a Faronics,\" \/>\n<meta name=\"robots\" content=\"index, follow, max-snippet:-1, max-image-preview:large, max-video-preview:-1\" \/>\n<link rel=\"canonical\" href=\"https:\/\/www.faronics.com\/pt-br\/empresa\" \/>\n<meta property=\"og:locale\" content=\"pt_BR\" \/>\n<meta property=\"og:type\" content=\"article\" \/>\n<meta property=\"og:title\" content=\"Empresa\" \/>\n<meta property=\"og:description\" content=\"A Faronics fornece software para auxiliar a gerenciar, simplificar e proteger ambientes de computa\u00e7\u00e3o com m\u00faltiplos usu\u00e1rios. Fundada em 1996, a Faronics,\" \/>\n<meta property=\"og:url\" content=\"https:\/\/www.faronics.com\/pt-br\/empresa\" \/>\n<meta property=\"og:site_name\" content=\"Faronics\" \/>\n<meta property=\"article:publisher\" content=\"https:\/\/www.facebook.com\/faronics\" \/>\n<meta property=\"article:modified_time\" content=\"2024-03-04T14:00:13+00:00\" \/>\n<meta name=\"twitter:card\" content=\"summary_large_image\" \/>\n<meta name=\"twitter:site\" content=\"@faronics\" \/>\n<meta name=\"twitter:label1\" content=\"Est. tempo de leitura\" \/>\n\t<meta name=\"twitter:data1\" content=\"4 minutos\" \/>\n<script type=\"application\/ld+json\" class=\"yoast-schema-graph\">{\"@context\":\"https:\\\/\\\/schema.org\",\"@graph\":[{\"@type\":\"WebPage\",\"@id\":\"https:\\\/\\\/www.faronics.com\\\/pt-br\\\/empresa\",\"url\":\"https:\\\/\\\/www.faronics.com\\\/pt-br\\\/empresa\",\"name\":\"Empresa - Faronics\",\"isPartOf\":{\"@id\":\"https:\\\/\\\/www.faronics.com\\\/pt-br#website\"},\"datePublished\":\"2012-11-28T17:22:36+00:00\",\"dateModified\":\"2024-03-04T14:00:13+00:00\",\"description\":\"A Faronics fornece software para auxiliar a gerenciar, simplificar e proteger ambientes de computa\u00e7\u00e3o com m\u00faltiplos usu\u00e1rios. Fundada em 1996, a Faronics,\",\"breadcrumb\":{\"@id\":\"https:\\\/\\\/www.faronics.com\\\/pt-br\\\/empresa#breadcrumb\"},\"inLanguage\":\"pt-BR\",\"potentialAction\":[{\"@type\":\"ReadAction\",\"target\":[\"https:\\\/\\\/www.faronics.com\\\/pt-br\\\/empresa\"]}]},{\"@type\":\"BreadcrumbList\",\"@id\":\"https:\\\/\\\/www.faronics.com\\\/pt-br\\\/empresa#breadcrumb\",\"itemListElement\":[{\"@type\":\"ListItem\",\"position\":1,\"name\":\"Home\",\"item\":\"https:\\\/\\\/www.faronics.com\\\/pt-br\"},{\"@type\":\"ListItem\",\"position\":2,\"name\":\"Empresa\",\"item\":\"https:\\\/\\\/www.faronics.com\\\/pt-br\\\/empresa\\\/\"}]},{\"@type\":\"WebSite\",\"@id\":\"https:\\\/\\\/www.faronics.com\\\/pt-br#website\",\"url\":\"https:\\\/\\\/www.faronics.com\\\/pt-br\",\"name\":\"Faronics\",\"description\":\"Simplifying Computer Management\",\"publisher\":{\"@id\":\"https:\\\/\\\/www.faronics.com\\\/pt-br#organization\"},\"potentialAction\":[{\"@type\":\"SearchAction\",\"target\":{\"@type\":\"EntryPoint\",\"urlTemplate\":\"https:\\\/\\\/www.faronics.com\\\/pt-br?s={search_term_string}\"},\"query-input\":{\"@type\":\"PropertyValueSpecification\",\"valueRequired\":true,\"valueName\":\"search_term_string\"}}],\"inLanguage\":\"pt-BR\"},{\"@type\":\"Organization\",\"@id\":\"https:\\\/\\\/www.faronics.com\\\/pt-br#organization\",\"name\":\"Faronics\",\"url\":\"https:\\\/\\\/www.faronics.com\\\/pt-br\",\"logo\":{\"@type\":\"ImageObject\",\"inLanguage\":\"pt-BR\",\"@id\":\"https:\\\/\\\/www.faronics.com\\\/pt-br#\\\/schema\\\/logo\\\/image\\\/\",\"url\":\"https:\\\/\\\/www.faronics.com\\\/assets\\\/footer-faronics-logo.png\",\"contentUrl\":\"https:\\\/\\\/www.faronics.com\\\/assets\\\/footer-faronics-logo.png\",\"width\":155,\"height\":44,\"caption\":\"Faronics\"},\"image\":{\"@id\":\"https:\\\/\\\/www.faronics.com\\\/pt-br#\\\/schema\\\/logo\\\/image\\\/\"},\"sameAs\":[\"https:\\\/\\\/www.facebook.com\\\/faronics\",\"https:\\\/\\\/x.com\\\/faronics\"]}]}<\/script>\n<!-- \/ Yoast SEO Premium plugin. -->","yoast_head_json":{"title":"Empresa - Faronics","description":"A Faronics fornece software para auxiliar a gerenciar, simplificar e proteger ambientes de computa\u00e7\u00e3o com m\u00faltiplos usu\u00e1rios. Fundada em 1996, a Faronics,","robots":{"index":"index","follow":"follow","max-snippet":"max-snippet:-1","max-image-preview":"max-image-preview:large","max-video-preview":"max-video-preview:-1"},"canonical":"https:\/\/www.faronics.com\/pt-br\/empresa","og_locale":"pt_BR","og_type":"article","og_title":"Empresa","og_description":"A Faronics fornece software para auxiliar a gerenciar, simplificar e proteger ambientes de computa\u00e7\u00e3o com m\u00faltiplos usu\u00e1rios. Fundada em 1996, a Faronics,","og_url":"https:\/\/www.faronics.com\/pt-br\/empresa","og_site_name":"Faronics","article_publisher":"https:\/\/www.facebook.com\/faronics","article_modified_time":"2024-03-04T14:00:13+00:00","twitter_card":"summary_large_image","twitter_site":"@faronics","twitter_misc":{"Est. tempo de leitura":"4 minutos"},"schema":{"@context":"https:\/\/schema.org","@graph":[{"@type":"WebPage","@id":"https:\/\/www.faronics.com\/pt-br\/empresa","url":"https:\/\/www.faronics.com\/pt-br\/empresa","name":"Empresa - Faronics","isPartOf":{"@id":"https:\/\/www.faronics.com\/pt-br#website"},"datePublished":"2012-11-28T17:22:36+00:00","dateModified":"2024-03-04T14:00:13+00:00","description":"A Faronics fornece software para auxiliar a gerenciar, simplificar e proteger ambientes de computa\u00e7\u00e3o com m\u00faltiplos usu\u00e1rios. Fundada em 1996, a Faronics,","breadcrumb":{"@id":"https:\/\/www.faronics.com\/pt-br\/empresa#breadcrumb"},"inLanguage":"pt-BR","potentialAction":[{"@type":"ReadAction","target":["https:\/\/www.faronics.com\/pt-br\/empresa"]}]},{"@type":"BreadcrumbList","@id":"https:\/\/www.faronics.com\/pt-br\/empresa#breadcrumb","itemListElement":[{"@type":"ListItem","position":1,"name":"Home","item":"https:\/\/www.faronics.com\/pt-br"},{"@type":"ListItem","position":2,"name":"Empresa","item":"https:\/\/www.faronics.com\/pt-br\/empresa\/"}]},{"@type":"WebSite","@id":"https:\/\/www.faronics.com\/pt-br#website","url":"https:\/\/www.faronics.com\/pt-br","name":"Faronics","description":"Simplifying Computer Management","publisher":{"@id":"https:\/\/www.faronics.com\/pt-br#organization"},"potentialAction":[{"@type":"SearchAction","target":{"@type":"EntryPoint","urlTemplate":"https:\/\/www.faronics.com\/pt-br?s={search_term_string}"},"query-input":{"@type":"PropertyValueSpecification","valueRequired":true,"valueName":"search_term_string"}}],"inLanguage":"pt-BR"},{"@type":"Organization","@id":"https:\/\/www.faronics.com\/pt-br#organization","name":"Faronics","url":"https:\/\/www.faronics.com\/pt-br","logo":{"@type":"ImageObject","inLanguage":"pt-BR","@id":"https:\/\/www.faronics.com\/pt-br#\/schema\/logo\/image\/","url":"https:\/\/www.faronics.com\/assets\/footer-faronics-logo.png","contentUrl":"https:\/\/www.faronics.com\/assets\/footer-faronics-logo.png","width":155,"height":44,"caption":"Faronics"},"image":{"@id":"https:\/\/www.faronics.com\/pt-br#\/schema\/logo\/image\/"},"sameAs":["https:\/\/www.facebook.com\/faronics","https:\/\/x.com\/faronics"]}]}},"_links":{"self":[{"href":"https:\/\/www.faronics.com\/pt-br\/wp-json\/wp\/v2\/pages\/83698","targetHints":{"allow":["GET"]}}],"collection":[{"href":"https:\/\/www.faronics.com\/pt-br\/wp-json\/wp\/v2\/pages"}],"about":[{"href":"https:\/\/www.faronics.com\/pt-br\/wp-json\/wp\/v2\/types\/page"}],"author":[{"embeddable":true,"href":"https:\/\/www.faronics.com\/pt-br\/wp-json\/wp\/v2\/users\/108"}],"replies":[{"embeddable":true,"href":"https:\/\/www.faronics.com\/pt-br\/wp-json\/wp\/v2\/comments?post=83698"}],"version-history":[{"count":3,"href":"https:\/\/www.faronics.com\/pt-br\/wp-json\/wp\/v2\/pages\/83698\/revisions"}],"predecessor-version":[{"id":246585,"href":"https:\/\/www.faronics.com\/pt-br\/wp-json\/wp\/v2\/pages\/83698\/revisions\/246585"}],"wp:attachment":[{"href":"https:\/\/www.faronics.com\/pt-br\/wp-json\/wp\/v2\/media?parent=83698"}],"curies":[{"name":"wp","href":"https:\/\/api.w.org\/{rel}","templated":true}]}}