{"id":150221,"date":"2015-12-02T23:52:41","date_gmt":"2015-12-03T07:52:41","guid":{"rendered":"https:\/\/www.faronics.com\/pt-br\/industry-menu\/"},"modified":"2016-01-05T00:06:37","modified_gmt":"2016-01-05T08:06:37","slug":"industry-menu","status":"publish","type":"page","link":"https:\/\/www.faronics.com\/pt-br\/industry-menu","title":{"rendered":"Industry Menu"},"content":{"rendered":"<nav id=\"primary-nav\" class=\"primary-nav-en\" role=\"navigation\" style=\"margin-left: 0px;padding-bottom: 30px;clear: both;position: relative;width: 100%;\">\n<div id=\"menu-primary\" class=\"sf-menu\" style=\"margin-left:0px; margin-right:0px;width: 100%;\">\n<div id=\"menu-item-32130\" class=\"menu-item menu-item-type-custom menu-item-object-custom menu-item-has-children menu-item-32130\"><a href=\"#\">Ind\u00fastria<\/a><\/div>\n<div class=\"psub-menu\">\n<div class=\"pheadermenu\" style=\"margin-top: 20px;\">\n<div><a href=\"#\" class=\"autohide1 zoom open\" id=\"on-premise-id\">Ind\u00fastria<\/a><\/div>\n<\/div>\n<ul style=\"display: block !important; line-height: 0px; list-style: none outside none; margin-left:0px;\">\n<li><a href=\"https:\/\/www.faronics.com\/industry\/education\">Educa\u00e7\u00e3o<\/a><\/li>\n<li><a href=\"https:\/\/www.faronics.com\/zh-hans\/industry\/aviation-maintenance\">Avia\u00e7\u00e3o e Manuten\u00e7\u00e3o<\/a><\/li>\n<li><a href=\"https:\/\/www.faronics.com\/industry\/credit-union\">Financeiras e Bancos<\/a><\/li>\n<li><a href=\"https:\/\/www.faronics.com\/industry\/dealerships\">Concession\u00e1rias<\/a><\/li>\n<li><a href=\"\/?p=89854\">Sa\u00fade<\/a><\/li>\n<li><a href=\"https:\/\/www.faronics.com\/zh-hans\/industry\/hotels-hospitality\">Hotelaria e Hospitalidade<\/a><\/li>\n<li><a href=\"https:\/\/www.faronics.com\/industry\/insurance\">Seguradoras<\/a><\/li>\n<li><a href=\"https:\/\/www.faronics.com\/zh-hans\/industry\/property-management\">Imobili\u00e1rias<\/a><\/li>\n<li><a href=\"https:\/\/www.faronics.com\/industry\/retail\">Varejo<\/a><\/li>\n<li><a href=\"https:\/\/www.faronics.com\/industry\/telecommunication\">Telecomunica\u00e7\u00e3o<\/a><\/li>\n<li><a href=\"https:\/\/www.faronics.com\/industry\/transportation\">Transportes<\/a><\/li>\n<li><a href=\"https:\/\/www.faronics.com\/zh-hans\/industry\/tv-media-production\">TV e Produ\u00e7\u00e3o de M\u00eddia<\/a><\/li>\n<\/ul><\/div>\n<\/p><\/div>\n<\/nav>\n","protected":false},"excerpt":{"rendered":"<div id=\"menu-primary\" class=\"sf-menu\" style=\"margin-left:0px; margin-right:0px;width: 100%;\">\n<div id=\"menu-item-32130\" class=\"menu-item menu-item-type-custom menu-item-object-custom menu-item-has-children menu-item-32130\"><a href=\"#\">Ind\u00fastria<\/a><\/div>\n<div class=\"psub-menu\">\n<div class=\"pheadermenu\" style=\"margin-top: 20px;\">\n<div><a href=\"#\" class=\"autohide1 zoom open\" id=\"on-premise-id\">Ind\u00fastria<\/a><\/div>\n<\/p><\/div>\n<ul style=\"display: block !important; line-height: 0px; list-style: none outside none; margin-left:0px;\">\n<li><a href=\"https:\/\/www.faronics.com\/industry\/education\">Educa\u00e7\u00e3o<\/a><\/li>\n<li><a href=\"https:\/\/www.faronics.com\/zh-hans\/industry\/aviation-maintenance\">Avia\u00e7\u00e3o e Manuten\u00e7\u00e3o<\/a><\/li>\n<li><a href=\"https:\/\/www.faronics.com\/industry\/credit-union\">Financeiras e Bancos<\/a><\/li>\n<li><a href=\"https:\/\/www.faronics.com\/industry\/dealerships\">Concession\u00e1rias<\/a><\/li>\n<li><a href=\"\/?p=89854\">Sa\u00fade<\/a><\/li>\n<li><a href=\"https:\/\/www.faronics.com\/zh-hans\/industry\/hotels-hospitality\">Hotelaria e Hospitalidade<\/a><\/li>\n<li><a href=\"https:\/\/www.faronics.com\/industry\/insurance\">Seguradoras<\/a><\/li>\n<li><a href=\"https:\/\/www.faronics.com\/zh-hans\/industry\/property-management\">Imobili\u00e1rias<\/a><\/li>\n<li><a href=\"https:\/\/www.faronics.com\/industry\/retail\">Varejo<\/a><\/li>\n<li><a href=\"https:\/\/www.faronics.com\/industry\/telecommunication\">Telecomunica\u00e7\u00e3o<\/a><\/li>\n<li><a href=\"https:\/\/www.faronics.com\/industry\/transportation\">Transportes<\/a><\/li>\n<li><a href=\"https:\/\/www.faronics.com\/zh-hans\/industry\/tv-media-production\">TV e Produ\u00e7\u00e3o de M\u00eddia<\/a><\/li>\n<\/ul>\n<\/div>\n<\/div>\n","protected":false},"author":124,"featured_media":0,"parent":0,"menu_order":0,"comment_status":"closed","ping_status":"closed","template":"","meta":{"_acf_changed":false,"inline_featured_image":false,"footnotes":""},"class_list":["post-150221","page","type-page","status-publish","hentry"],"acf":[],"yoast_head":"<!-- This site is optimized with the Yoast SEO Premium plugin v27.3 (Yoast SEO v27.3) - https:\/\/yoast.com\/product\/yoast-seo-premium-wordpress\/ -->\n<title>Industry Menu - Faronics<\/title>\n<meta name=\"description\" content=\"Ind\u00fastria Ind\u00fastria Educa\u00e7\u00e3o Avia\u00e7\u00e3o e Manuten\u00e7\u00e3o Financeiras e Bancos Concession\u00e1rias Sa\u00fade Hotelaria e Hospitalidade Seguradoras Imobili\u00e1rias Varejo\" \/>\n<meta name=\"robots\" content=\"index, follow, max-snippet:-1, max-image-preview:large, max-video-preview:-1\" \/>\n<link rel=\"canonical\" href=\"https:\/\/www.faronics.com\/pt-br\/industry-menu\" \/>\n<meta property=\"og:locale\" content=\"pt_BR\" \/>\n<meta property=\"og:type\" content=\"article\" \/>\n<meta property=\"og:title\" content=\"Industry Menu\" \/>\n<meta property=\"og:description\" content=\"Ind\u00fastria Ind\u00fastria Educa\u00e7\u00e3o Avia\u00e7\u00e3o e Manuten\u00e7\u00e3o Financeiras e Bancos Concession\u00e1rias Sa\u00fade Hotelaria e Hospitalidade Seguradoras Imobili\u00e1rias Varejo\" \/>\n<meta property=\"og:url\" content=\"https:\/\/www.faronics.com\/pt-br\/industry-menu\" \/>\n<meta property=\"og:site_name\" content=\"Faronics\" \/>\n<meta property=\"article:publisher\" content=\"https:\/\/www.facebook.com\/faronics\" \/>\n<meta property=\"article:modified_time\" content=\"2016-01-05T08:06:37+00:00\" \/>\n<meta name=\"twitter:card\" content=\"summary_large_image\" \/>\n<meta name=\"twitter:site\" content=\"@faronics\" \/>\n<script type=\"application\/ld+json\" class=\"yoast-schema-graph\">{\"@context\":\"https:\\\/\\\/schema.org\",\"@graph\":[{\"@type\":\"WebPage\",\"@id\":\"https:\\\/\\\/www.faronics.com\\\/pt-br\\\/industry-menu\",\"url\":\"https:\\\/\\\/www.faronics.com\\\/pt-br\\\/industry-menu\",\"name\":\"Industry Menu - Faronics\",\"isPartOf\":{\"@id\":\"https:\\\/\\\/www.faronics.com\\\/pt-br#website\"},\"datePublished\":\"2015-12-03T07:52:41+00:00\",\"dateModified\":\"2016-01-05T08:06:37+00:00\",\"description\":\"Ind\u00fastria Ind\u00fastria Educa\u00e7\u00e3o Avia\u00e7\u00e3o e Manuten\u00e7\u00e3o Financeiras e Bancos Concession\u00e1rias Sa\u00fade Hotelaria e Hospitalidade Seguradoras Imobili\u00e1rias Varejo\",\"breadcrumb\":{\"@id\":\"https:\\\/\\\/www.faronics.com\\\/pt-br\\\/industry-menu#breadcrumb\"},\"inLanguage\":\"pt-BR\",\"potentialAction\":[{\"@type\":\"ReadAction\",\"target\":[\"https:\\\/\\\/www.faronics.com\\\/pt-br\\\/industry-menu\"]}]},{\"@type\":\"BreadcrumbList\",\"@id\":\"https:\\\/\\\/www.faronics.com\\\/pt-br\\\/industry-menu#breadcrumb\",\"itemListElement\":[{\"@type\":\"ListItem\",\"position\":1,\"name\":\"Home\",\"item\":\"https:\\\/\\\/www.faronics.com\\\/pt-br\"},{\"@type\":\"ListItem\",\"position\":2,\"name\":\"Industry Menu\",\"item\":\"https:\\\/\\\/www.faronics.com\\\/pt-br\\\/industry-menu\\\/\"}]},{\"@type\":\"WebSite\",\"@id\":\"https:\\\/\\\/www.faronics.com\\\/pt-br#website\",\"url\":\"https:\\\/\\\/www.faronics.com\\\/pt-br\",\"name\":\"Faronics\",\"description\":\"Simplifying Computer Management\",\"publisher\":{\"@id\":\"https:\\\/\\\/www.faronics.com\\\/pt-br#organization\"},\"potentialAction\":[{\"@type\":\"SearchAction\",\"target\":{\"@type\":\"EntryPoint\",\"urlTemplate\":\"https:\\\/\\\/www.faronics.com\\\/pt-br?s={search_term_string}\"},\"query-input\":{\"@type\":\"PropertyValueSpecification\",\"valueRequired\":true,\"valueName\":\"search_term_string\"}}],\"inLanguage\":\"pt-BR\"},{\"@type\":\"Organization\",\"@id\":\"https:\\\/\\\/www.faronics.com\\\/pt-br#organization\",\"name\":\"Faronics\",\"url\":\"https:\\\/\\\/www.faronics.com\\\/pt-br\",\"logo\":{\"@type\":\"ImageObject\",\"inLanguage\":\"pt-BR\",\"@id\":\"https:\\\/\\\/www.faronics.com\\\/pt-br#\\\/schema\\\/logo\\\/image\\\/\",\"url\":\"https:\\\/\\\/www.faronics.com\\\/assets\\\/footer-faronics-logo.png\",\"contentUrl\":\"https:\\\/\\\/www.faronics.com\\\/assets\\\/footer-faronics-logo.png\",\"width\":155,\"height\":44,\"caption\":\"Faronics\"},\"image\":{\"@id\":\"https:\\\/\\\/www.faronics.com\\\/pt-br#\\\/schema\\\/logo\\\/image\\\/\"},\"sameAs\":[\"https:\\\/\\\/www.facebook.com\\\/faronics\",\"https:\\\/\\\/x.com\\\/faronics\"]}]}<\/script>\n<!-- \/ Yoast SEO Premium plugin. -->","yoast_head_json":{"title":"Industry Menu - Faronics","description":"Ind\u00fastria Ind\u00fastria Educa\u00e7\u00e3o Avia\u00e7\u00e3o e Manuten\u00e7\u00e3o Financeiras e Bancos Concession\u00e1rias Sa\u00fade Hotelaria e Hospitalidade Seguradoras Imobili\u00e1rias Varejo","robots":{"index":"index","follow":"follow","max-snippet":"max-snippet:-1","max-image-preview":"max-image-preview:large","max-video-preview":"max-video-preview:-1"},"canonical":"https:\/\/www.faronics.com\/pt-br\/industry-menu","og_locale":"pt_BR","og_type":"article","og_title":"Industry Menu","og_description":"Ind\u00fastria Ind\u00fastria Educa\u00e7\u00e3o Avia\u00e7\u00e3o e Manuten\u00e7\u00e3o Financeiras e Bancos Concession\u00e1rias Sa\u00fade Hotelaria e Hospitalidade Seguradoras Imobili\u00e1rias Varejo","og_url":"https:\/\/www.faronics.com\/pt-br\/industry-menu","og_site_name":"Faronics","article_publisher":"https:\/\/www.facebook.com\/faronics","article_modified_time":"2016-01-05T08:06:37+00:00","twitter_card":"summary_large_image","twitter_site":"@faronics","schema":{"@context":"https:\/\/schema.org","@graph":[{"@type":"WebPage","@id":"https:\/\/www.faronics.com\/pt-br\/industry-menu","url":"https:\/\/www.faronics.com\/pt-br\/industry-menu","name":"Industry Menu - Faronics","isPartOf":{"@id":"https:\/\/www.faronics.com\/pt-br#website"},"datePublished":"2015-12-03T07:52:41+00:00","dateModified":"2016-01-05T08:06:37+00:00","description":"Ind\u00fastria Ind\u00fastria Educa\u00e7\u00e3o Avia\u00e7\u00e3o e Manuten\u00e7\u00e3o Financeiras e Bancos Concession\u00e1rias Sa\u00fade Hotelaria e Hospitalidade Seguradoras Imobili\u00e1rias Varejo","breadcrumb":{"@id":"https:\/\/www.faronics.com\/pt-br\/industry-menu#breadcrumb"},"inLanguage":"pt-BR","potentialAction":[{"@type":"ReadAction","target":["https:\/\/www.faronics.com\/pt-br\/industry-menu"]}]},{"@type":"BreadcrumbList","@id":"https:\/\/www.faronics.com\/pt-br\/industry-menu#breadcrumb","itemListElement":[{"@type":"ListItem","position":1,"name":"Home","item":"https:\/\/www.faronics.com\/pt-br"},{"@type":"ListItem","position":2,"name":"Industry Menu","item":"https:\/\/www.faronics.com\/pt-br\/industry-menu\/"}]},{"@type":"WebSite","@id":"https:\/\/www.faronics.com\/pt-br#website","url":"https:\/\/www.faronics.com\/pt-br","name":"Faronics","description":"Simplifying Computer Management","publisher":{"@id":"https:\/\/www.faronics.com\/pt-br#organization"},"potentialAction":[{"@type":"SearchAction","target":{"@type":"EntryPoint","urlTemplate":"https:\/\/www.faronics.com\/pt-br?s={search_term_string}"},"query-input":{"@type":"PropertyValueSpecification","valueRequired":true,"valueName":"search_term_string"}}],"inLanguage":"pt-BR"},{"@type":"Organization","@id":"https:\/\/www.faronics.com\/pt-br#organization","name":"Faronics","url":"https:\/\/www.faronics.com\/pt-br","logo":{"@type":"ImageObject","inLanguage":"pt-BR","@id":"https:\/\/www.faronics.com\/pt-br#\/schema\/logo\/image\/","url":"https:\/\/www.faronics.com\/assets\/footer-faronics-logo.png","contentUrl":"https:\/\/www.faronics.com\/assets\/footer-faronics-logo.png","width":155,"height":44,"caption":"Faronics"},"image":{"@id":"https:\/\/www.faronics.com\/pt-br#\/schema\/logo\/image\/"},"sameAs":["https:\/\/www.facebook.com\/faronics","https:\/\/x.com\/faronics"]}]}},"_links":{"self":[{"href":"https:\/\/www.faronics.com\/pt-br\/wp-json\/wp\/v2\/pages\/150221","targetHints":{"allow":["GET"]}}],"collection":[{"href":"https:\/\/www.faronics.com\/pt-br\/wp-json\/wp\/v2\/pages"}],"about":[{"href":"https:\/\/www.faronics.com\/pt-br\/wp-json\/wp\/v2\/types\/page"}],"author":[{"embeddable":true,"href":"https:\/\/www.faronics.com\/pt-br\/wp-json\/wp\/v2\/users\/124"}],"replies":[{"embeddable":true,"href":"https:\/\/www.faronics.com\/pt-br\/wp-json\/wp\/v2\/comments?post=150221"}],"version-history":[{"count":0,"href":"https:\/\/www.faronics.com\/pt-br\/wp-json\/wp\/v2\/pages\/150221\/revisions"}],"wp:attachment":[{"href":"https:\/\/www.faronics.com\/pt-br\/wp-json\/wp\/v2\/media?parent=150221"}],"curies":[{"name":"wp","href":"https:\/\/api.w.org\/{rel}","templated":true}]}}