{"id":150214,"date":"2015-11-23T23:27:30","date_gmt":"2015-11-24T07:27:30","guid":{"rendered":"https:\/\/www.faronics.com\/pt-br\/products-menu-view\/"},"modified":"2016-01-04T23:56:35","modified_gmt":"2016-01-05T07:56:35","slug":"products-menu-view","status":"publish","type":"page","link":"https:\/\/www.faronics.com\/pt-br\/products-menu-view","title":{"rendered":"Products Menu View"},"content":{"rendered":"<nav id=\"primary-nav\" class=\"primary-nav-en\" role=\"navigation\" style=\"margin-left: 0px;padding-bottom: 30px;clear: both;position: relative;width: 100%;\">\n<div id=\"menu-primary\" class=\"sf-menu\" style=\"margin-left:0px; margin-right:0px;width: 100%;\">\n<div id=\"menu-item-32130\" class=\"menu-item menu-item-type-custom menu-item-object-custom menu-item-has-children menu-item-32130\"><a href=\"#\">Produtos<\/a><\/div>\n<div class=\"psub-menu\">\n<div class=\"pheadermenu\" style=\"margin-top: 20px;\">\n<div ><a href=\"#\" class=\"autohide1 zoom open\" id=\"on-premise-id\">OU LOCAL<\/a><\/div>\n<\/div>\n<ul style=\"display: block !important; line-height: 0px; list-style: none outside none; margin-left:0px;\">\n<li><a href=\"https:\/\/www.faronics.com\/products\/deep-freeze\" style=\"color: #000 !important;font-weight: 600;\">DEEP FREEZE<\/a><\/li>\n<li><a href=\"https:\/\/www.faronics.com\/pt-br\/products\/deep-freeze\/deep-freeze-enterprise\"><img decoding=\"async\" src=\"\/img\/menu_dfe.png\" style=\" width: 64px; height: 45px;\">Deep Freeze Enterprise<\/a><\/li>\n<li><a href=\"https:\/\/www.faronics.com\/pt-br\/products\/deep-freeze\/deep-freeze-standard-2\"><img decoding=\"async\" src=\"\/img\/menu_dfstd.png\" style=\" width: 64px; height: 45px;\">Deep Freeze Standard<\/a><\/li>\n<li><a href=\"https:\/\/www.faronics.com\/pt-br\/products\/deep-freeze\/deep-freeze-for-mac\"><img decoding=\"async\" src=\"\/img\/menu_dfmac.png\" style=\" width: 64px; height: 45px;\">Deep Freeze for Mac<\/a><\/li>\n<li><a href=\"https:\/\/www.faronics.com\/pt-br\/products\/deep-freeze\/deep-freeze-server\"><img decoding=\"async\" src=\"\/img\/menu_dfsrv.png\" style=\" width: 64px; height: 45px;\">Deep Freeze Server<\/a><\/li>\n<li class=\"other_product_menu\" style=\"display: none;\"><a href=\"javascript:;\" style=\"color: #000 !important;font-weight: 600;\">ENDPOINT SECURITY<\/a><\/li>\n<li class=\"other_product_menu\" style=\"display: none;\"><a href=\"https:\/\/www.faronics.com\/pt-br\/products\/anti-virus-2\"><img decoding=\"async\" src=\"\/img\/menu_antivirus.png\" style=\" width: 64px; height: 45px;\">Anti-Virus<\/a><\/li>\n<li class=\"other_product_menu\" style=\"display: none;\"><a href=\"https:\/\/www.faronics.com\/pt-br\/products\/anti-executable-3\"><img decoding=\"async\" src=\"\/img\/menu_antiv.png\" style=\" width: 64px; height: 45px;\">Anti-Executable<\/a><\/li>\n<li class=\"other_product_menu\" style=\"display: none;\"><a href=\"https:\/\/www.faronics.com\/pt-br\/products\/winselect-3\"><img decoding=\"async\" src=\"\/img\/menu_winse.png\" style=\" width: 64px; height: 45px;\">WINSelect<\/a><\/li>\n<li class=\"other_product_menu\" style=\"display: none;\"><a href=\"javascript:;\" style=\"color: #000 !important;font-weight: 600;\">CLASSROOM MANAGEMENT<\/a><\/li>\n<li class=\"other_product_menu\" style=\"display: none;\"><a href=\"https:\/\/www.faronics.com\/pt-br\/products\/insight-2\"><img decoding=\"async\" src=\"\/img\/menu_insight.png\" style=\" width: 64px; height: 45px;\">Insight<\/a><\/li>\n<li class=\"other_product_menu\" style=\"display: none;\"><a href=\"javascript:;\" style=\"color: #000 !important;font-weight: 600;\">POWER MANAGEMENT<\/a><\/li>\n<li class=\"other_product_menu\" style=\"display: none;\"><a href=\"https:\/\/www.faronics.com\/pt-br\/products\/power-save-2\"><img decoding=\"async\" src=\"\/img\/menu_power-ave.png\" style=\" width: 64px; height: 45px;\">Power Save<\/a><\/li>\n<li class=\"other_product_menu\" style=\"display: none;\"><a href=\"javascript:;\" style=\"color: #000 !important;font-weight: 600;\">UTILITY<\/a><\/li>\n<li class=\"other_product_menu\" style=\"display: none;\"><a href=\"https:\/\/www.faronics.com\/products\/data-igloo\"><img decoding=\"async\" src=\"\/img\/menu_data-igloo.png\" style=\" width: 64px; height: 45px;\">Data Igloo<\/a><\/li>\n<li class=\"other_product_menu\" style=\"display: none;\"><a href=\"https:\/\/www.faronics.com\/products\/faronics-core\"><img decoding=\"async\" src=\"\/img\/menu_faronicscore.png\" style=\" width: 64px; height: 45px;\">Faronics Core<\/a><\/li>\n<li  style=\"border: none;\"><a href=\"javascript:;\" id=\"show_more_product\" style=\"color:#d30709 !important;\">View All ><\/a><\/li>\n<\/ul>\n<div class=\"pheadermenu\" style=\"margin-top: 20px;\">\n<div ><a href=\"#\" class=\"autohide1 zoom open\">OU CLOUD<\/a><\/div>\n<\/div>\n<ul style=\"display: block !important; line-height: 0px; list-style: none outside none; margin-left:0px;\">\n                <!--\n\n<li><a href=\"https:\/\/www.faronics.com\/pt-br\/deepfreeze-cloud\" style=\"padding-left: 0px;\"><img decoding=\"async\" src=\"\/img\/menu_dfc.png\" style=\"padding-right:0px; width: 64px; height: 45px;\">Deep Freeze Cloud<\/a><\/li>\n\n--><\/p>\n<li><a href=\"https:\/\/www.faronics.com\/?page_id=143935\"style=\"padding-left: 0px;\" ><img decoding=\"async\" src=\"\/img\/menu_dfc.png\" style=\"padding-right:0px; width: 64px; height: 45px;\">Deep Freeze On Cloud<\/a> <\/li>\n<li><a href=\"https:\/\/www.faronics.com\/deep-freeze-cloud-mobile-app\" style=\"padding-left: 0px;\" ><a href=\"https:\/\/www.faronics.com\/pt-br\/deep-freeze-cloud-mobile-app\" style=\"padding-left: 0px;\"><img decoding=\"async\" src=\"\/img\/menu_mobileapp.png\" style=\"padding-right:0px; width: 64px; height: 45px;\">Aplicativo M\u00f3vel<\/a> <\/li>\n<li><a href=\"https:\/\/www.faronics.com\/deep-freeze-cloud-automatic-software-update\"style=\"padding-left: 0px;\"><img decoding=\"async\" src=\"\/img\/menu_dfeas.png\" style=\"padding-right:0px; width: 64px; height: 45px;\">Atualiza\u00e7\u00f5es de Software Autom\u00e1ticas<\/a><\/li>\n<li><a href=\"https:\/\/www.faronics.com\/deep-freeze-cloud-usage-stats\"style=\"padding-left: 0px;\"><img decoding=\"async\" src=\"\/img\/menu_dfcus.png\" style=\"padding-right:0px; width: 64px; height: 45px;\">Estat\u00edsticas de Uso<\/a><\/li>\n<li><a href=\"https:\/\/www.faronics.com\/deep-freeze-cloud-my-cloud-drive\" style=\"padding-left: 0px;\"><img decoding=\"async\" src=\"\/img\/menu_mycloudrive.png\" style=\"padding-right:0px; width: 64px; height: 45px;\">My Cloud Drive<\/a><\/li>\n<li><\/li>\n<li class=\"dfc_feature_menu\" style=\"display: none;padding-left: 0px;\"><a href=\"https:\/\/www.faronics.com\/deep-freeze-cloud-threat-protection\" style=\"padding-left: 0px;\"><img decoding=\"async\" src=\"\/img\/menu_threadpro.png\" style=\"padding-right:0px; width: 64px; height: 45px;\">Prote\u00e7\u00e3o contra Amea\u00e7as<\/a><\/li>\n<li class=\"dfc_feature_menu\" style=\"display: none;padding-left: 0px;\"><a href=\"https:\/\/www.faronics.com\/deep-freeze-cloud-threat-protection\" style=\"padding-left: 0px;\"><img decoding=\"async\" src=\"\/img\/menu_browsedesktop.png\" style=\"padding-right:0px; width: 64px; height: 45px;\">Bloqueio de Navegador e \u00c1rea de Trabalho<\/a><\/li>\n<li class=\"dfc_feature_menu\" style=\"display: none;padding-left: 0px;\"><a href=\"https:\/\/www.faronics.com\/deep-freeze-cloud-software-compliance\" style=\"padding-left: 0px;\"><img decoding=\"async\" src=\"\/img\/menu_softwarecompliance.png\" style=\"padding-right:0px; width: 64px; height: 45px;\">Conformidade de Software<\/a><\/li>\n<li class=\"dfc_feature_menu\" style=\"display: none;padding-left: 0px;\"><a href=\"https:\/\/www.faronics.com\/?page_id=143942\" style=\"padding-left: 0px;\"><img decoding=\"async\" src=\"\/img\/menu_powermanagement.png\" style=\"padding-right:0px; width: 64px; height: 45px;\">Gerenciamento de Energia<\/a><\/li>\n<li class=\"dfc_feature_menu\" style=\"display: none;padding-left: 0px;\"><a href=\"https:\/\/www.faronics.com\/deep-freeze-cloud-incident-reporting\" style=\"padding-left: 0px;\"><img decoding=\"async\" src=\"\/img\/menu_incidentreport.png\" style=\"padding-right:0px; width: 64px; height: 45px;\">Relat\u00f3rios de Incidentes<\/a><\/li>\n<li class=\"dfc_feature_menu\" style=\"display: none;padding-left: 0px;\"><a href=\"https:\/\/www.faronics.com\/deep-freeze-cloud-anti-virus-and-beyond\"style=\"padding-left: 0px;\"><img decoding=\"async\" src=\"\/img\/menu_dfcanb.png\" style=\"padding-right:0px; width: 64px; height: 45px;\">Antiv\u00edrus e Al\u00e9m<\/a><\/li>\n<li style=\"border: none;\"><a href=\"javascript:;\" id=\"more_dfc_feature\" style=\"color:#d30709 !important;\">View All ><\/a><\/li>\n<\/ul>\n<div class=\"pheadermenu\" style=\"margin-top: 20px;\">\n<div ><a href=\"#\" class=\"autohide1 zoom open\">Para Clientes<\/a><\/div>\n<\/div>\n<ul style=\"display: block !important; line-height: 0px; list-style: none outside none; margin-left:0px;\">\n<li><a href=\"https:\/\/www.faronics.com\/deepfreeze-cloud-connector\"><img decoding=\"async\" src=\"\/img\/menu_dfccon.png\" style=\" width: 64px; height: 45px;\">Deep Freeze Cloud Connector<\/a><\/li>\n<\/ul><\/div>\n<\/p><\/div>\n<\/nav>\n","protected":false},"excerpt":{"rendered":"<div id=\"menu-primary\" class=\"sf-menu\" style=\"margin-left:0px; margin-right:0px;width: 100%;\">\n<div id=\"menu-item-32130\" class=\"menu-item menu-item-type-custom menu-item-object-custom menu-item-has-children menu-item-32130\"><a href=\"#\">Produtos<\/a><\/div>\n<div class=\"psub-menu\">\n<div class=\"pheadermenu\" style=\"margin-top: 20px;\">\n<div ><a href=\"#\" class=\"autohide1 zoom open\" id=\"on-premise-id\">OU LOCAL<\/a><\/div>\n<\/p><\/div>\n<ul style=\"display: block !important; line-height: 0px; list-style: none outside none; margin-left:0px;\">\n<li><a href=\"https:\/\/www.faronics.com\/products\/deep-freeze\" style=\"color: #000 !important;font-weight: 600;\">DEEP FREEZE<\/a><\/li>\n<li><a href=\"https:\/\/www.faronics.com\/pt-br\/products\/deep-freeze\/deep-freeze-enterprise\"><img decoding=\"async\" src=\"\/img\/menu_dfe.png\" style=\" width: 64px; height: 45px;\">Deep Freeze Enterprise<\/a><\/li>\n<li><a href=\"https:\/\/www.faronics.com\/pt-br\/products\/deep-freeze\/deep-freeze-standard-2\"><img decoding=\"async\" src=\"\/img\/menu_dfstd.png\" style=\" width: 64px; height: 45px;\">Deep Freeze Standard<\/a><\/li>\n<li><a href=\"https:\/\/www.faronics.com\/pt-br\/products\/deep-freeze\/deep-freeze-for-mac\"><img decoding=\"async\" src=\"\/img\/menu_dfmac.png\" style=\" width: 64px; height: 45px;\">Deep Freeze for Mac<\/a><\/li>\n<li><a href=\"https:\/\/www.faronics.com\/pt-br\/products\/deep-freeze\/deep-freeze-server\"><img decoding=\"async\" src=\"\/img\/menu_dfsrv.png\" style=\" width: 64px; height: 45px;\">Deep Freeze Server<\/a><\/li>\n<li class=\"other_product_menu\" style=\"display: none;\"><a href=\"javascript:;\" style=\"color: #000 !important;font-weight: 600;\">ENDPOINT SECURITY<\/a><\/li>\n<li class=\"other_product_menu\" style=\"display: none;\"><a href=\"https:\/\/www.faronics.com\/pt-br\/products\/anti-virus-2\"><img decoding=\"async\" src=\"\/img\/menu_antivirus.png\" style=\" width: 64px; height: 45px;\">Anti-Virus<\/a><\/li>\n<li class=\"other_product_menu\" style=\"display: none;\"><a href=\"https:\/\/www.faronics.com\/pt-br\/products\/anti-executable-3\"><img decoding=\"async\" src=\"\/img\/menu_antiv.png\" style=\" width: 64px; height: 45px;\">Anti-Executable<\/a><\/li>\n<li class=\"other_product_menu\" style=\"display: none;\"><a href=\"https:\/\/www.faronics.com\/pt-br\/products\/winselect-3\"><img decoding=\"async\" src=\"\/img\/menu_winse.png\" style=\" width: 64px; height: 45px;\">WINSelect<\/a><\/li>\n<li class=\"other_product_menu\" style=\"display: none;\"><a href=\"javascript:;\" style=\"color: #000 !important;font-weight: 600;\">CLASSROOM MANAGEMENT<\/a><\/li>\n<li class=\"other_product_menu\" style=\"display: none;\"><a href=\"https:\/\/www.faronics.com\/pt-br\/products\/insight-2\"><img decoding=\"async\" src=\"\/img\/menu_insight.png\" style=\" width: 64px; height: 45px;\">Insight<\/a><\/li>\n<li class=\"other_product_menu\" style=\"display: none;\"><a href=\"javascript:;\" style=\"color: #000 !important;font-weight: 600;\">POWER MANAGEMENT<\/a><\/li>\n<li class=\"other_product_menu\" style=\"display: none;\"><a href=\"https:\/\/www.faronics.com\/pt-br\/products\/power-save-2\"><img decoding=\"async\" src=\"\/img\/menu_power-ave.png\" style=\" width: 64px; height: 45px;\">Power Save<\/a><\/li>\n<li class=\"other_product_menu\" style=\"display: none;\"><a href=\"javascript:;\" style=\"color: #000 !important;font-weight: 600;\">UTILITY<\/a><\/li>\n<li class=\"other_product_menu\" style=\"display: none;\"><a href=\"https:\/\/www.faronics.com\/products\/data-igloo\"><img decoding=\"async\" src=\"\/img\/menu_data-igloo.png\" style=\" width: 64px; height: 45px;\">Data Igloo<\/a><\/li>\n<li class=\"other_product_menu\" style=\"display: none;\"><a href=\"https:\/\/www.faronics.com\/products\/faronics-core\"><img decoding=\"async\" src=\"\/img\/menu_faronicscore.png\" style=\" width: 64px; height: 45px;\">Faronics Core<\/a><\/li>\n<li style=\"border: none;\"><a href=\"javascript:;\" id=\"show_more_product\" style=\"color:#d30709 !important;\">View All ><\/a><\/li>\n<\/ul>\n<div class=\"pheadermenu\" style=\"margin-top: 20px;\">\n<div ><a href=\"#\" class=\"autohide1 zoom open\">OU CLOUD<\/a><\/div>\n<\/p><\/div>\n<ul style=\"display: block !important; line-height: 0px; list-style: none outside none; \n\n<div class=\"more\"><a href=\"https:\/\/www.faronics.com\/pt-br\/products-menu-view\">Continue Reading&#8230;<\/a><\/div>\n","protected":false},"author":124,"featured_media":0,"parent":0,"menu_order":0,"comment_status":"closed","ping_status":"closed","template":"","meta":{"_acf_changed":false,"inline_featured_image":false,"footnotes":""},"class_list":["post-150214","page","type-page","status-publish","hentry"],"acf":[],"yoast_head":"<!-- This site is optimized with the Yoast SEO Premium plugin v27.5 (Yoast SEO v27.5) - https:\/\/yoast.com\/product\/yoast-seo-premium-wordpress\/ -->\n<title>Products Menu View - Faronics<\/title>\n<meta name=\"description\" content=\"Produtos OU LOCAL DEEP FREEZE Deep Freeze Enterprise Deep Freeze Standard Deep Freeze for Mac Deep Freeze Server ENDPOINT SECURITY Anti-Virus\" \/>\n<meta name=\"robots\" content=\"index, follow, max-snippet:-1, max-image-preview:large, max-video-preview:-1\" \/>\n<link rel=\"canonical\" href=\"https:\/\/www.faronics.com\/pt-br\/products-menu-view\" \/>\n<meta property=\"og:locale\" content=\"pt_BR\" \/>\n<meta property=\"og:type\" content=\"article\" \/>\n<meta property=\"og:title\" content=\"Products Menu View\" \/>\n<meta property=\"og:description\" content=\"Produtos OU LOCAL DEEP FREEZE Deep Freeze Enterprise Deep Freeze Standard Deep Freeze for Mac Deep Freeze Server ENDPOINT SECURITY Anti-Virus\" \/>\n<meta property=\"og:url\" content=\"https:\/\/www.faronics.com\/pt-br\/products-menu-view\" \/>\n<meta property=\"og:site_name\" content=\"Faronics\" \/>\n<meta property=\"article:publisher\" content=\"https:\/\/www.facebook.com\/faronics\" \/>\n<meta property=\"article:modified_time\" content=\"2016-01-05T07:56:35+00:00\" \/>\n<meta property=\"og:image\" content=\"https:\/\/www.faronics.com\/img\/menu_dfe.png\" \/>\n<meta name=\"twitter:card\" content=\"summary_large_image\" \/>\n<meta name=\"twitter:site\" content=\"@faronics\" \/>\n<script type=\"application\/ld+json\" class=\"yoast-schema-graph\">{\"@context\":\"https:\\\/\\\/schema.org\",\"@graph\":[{\"@type\":\"WebPage\",\"@id\":\"https:\\\/\\\/www.faronics.com\\\/pt-br\\\/products-menu-view\",\"url\":\"https:\\\/\\\/www.faronics.com\\\/pt-br\\\/products-menu-view\",\"name\":\"Products Menu View - Faronics\",\"isPartOf\":{\"@id\":\"https:\\\/\\\/www.faronics.com\\\/pt-br#website\"},\"datePublished\":\"2015-11-24T07:27:30+00:00\",\"dateModified\":\"2016-01-05T07:56:35+00:00\",\"description\":\"Produtos OU LOCAL DEEP FREEZE Deep Freeze Enterprise Deep Freeze Standard Deep Freeze for Mac Deep Freeze Server ENDPOINT SECURITY Anti-Virus\",\"breadcrumb\":{\"@id\":\"https:\\\/\\\/www.faronics.com\\\/pt-br\\\/products-menu-view#breadcrumb\"},\"inLanguage\":\"pt-BR\",\"potentialAction\":[{\"@type\":\"ReadAction\",\"target\":[\"https:\\\/\\\/www.faronics.com\\\/pt-br\\\/products-menu-view\"]}]},{\"@type\":\"BreadcrumbList\",\"@id\":\"https:\\\/\\\/www.faronics.com\\\/pt-br\\\/products-menu-view#breadcrumb\",\"itemListElement\":[{\"@type\":\"ListItem\",\"position\":1,\"name\":\"Home\",\"item\":\"https:\\\/\\\/www.faronics.com\\\/pt-br\"},{\"@type\":\"ListItem\",\"position\":2,\"name\":\"Products Menu View\",\"item\":\"https:\\\/\\\/www.faronics.com\\\/pt-br\\\/products-menu-view\\\/\"}]},{\"@type\":\"WebSite\",\"@id\":\"https:\\\/\\\/www.faronics.com\\\/pt-br#website\",\"url\":\"https:\\\/\\\/www.faronics.com\\\/pt-br\",\"name\":\"Faronics\",\"description\":\"Simplifying Computer Management\",\"publisher\":{\"@id\":\"https:\\\/\\\/www.faronics.com\\\/pt-br#organization\"},\"potentialAction\":[{\"@type\":\"SearchAction\",\"target\":{\"@type\":\"EntryPoint\",\"urlTemplate\":\"https:\\\/\\\/www.faronics.com\\\/pt-br?s={search_term_string}\"},\"query-input\":{\"@type\":\"PropertyValueSpecification\",\"valueRequired\":true,\"valueName\":\"search_term_string\"}}],\"inLanguage\":\"pt-BR\"},{\"@type\":\"Organization\",\"@id\":\"https:\\\/\\\/www.faronics.com\\\/pt-br#organization\",\"name\":\"Faronics\",\"url\":\"https:\\\/\\\/www.faronics.com\\\/pt-br\",\"logo\":{\"@type\":\"ImageObject\",\"inLanguage\":\"pt-BR\",\"@id\":\"https:\\\/\\\/www.faronics.com\\\/pt-br#\\\/schema\\\/logo\\\/image\\\/\",\"url\":\"https:\\\/\\\/www.faronics.com\\\/assets\\\/footer-faronics-logo.png\",\"contentUrl\":\"https:\\\/\\\/www.faronics.com\\\/assets\\\/footer-faronics-logo.png\",\"width\":155,\"height\":44,\"caption\":\"Faronics\"},\"image\":{\"@id\":\"https:\\\/\\\/www.faronics.com\\\/pt-br#\\\/schema\\\/logo\\\/image\\\/\"},\"sameAs\":[\"https:\\\/\\\/www.facebook.com\\\/faronics\",\"https:\\\/\\\/x.com\\\/faronics\"]}]}<\/script>\n<!-- \/ Yoast SEO Premium plugin. -->","yoast_head_json":{"title":"Products Menu View - Faronics","description":"Produtos OU LOCAL DEEP FREEZE Deep Freeze Enterprise Deep Freeze Standard Deep Freeze for Mac Deep Freeze Server ENDPOINT SECURITY Anti-Virus","robots":{"index":"index","follow":"follow","max-snippet":"max-snippet:-1","max-image-preview":"max-image-preview:large","max-video-preview":"max-video-preview:-1"},"canonical":"https:\/\/www.faronics.com\/pt-br\/products-menu-view","og_locale":"pt_BR","og_type":"article","og_title":"Products Menu View","og_description":"Produtos OU LOCAL DEEP FREEZE Deep Freeze Enterprise Deep Freeze Standard Deep Freeze for Mac Deep Freeze Server ENDPOINT SECURITY Anti-Virus","og_url":"https:\/\/www.faronics.com\/pt-br\/products-menu-view","og_site_name":"Faronics","article_publisher":"https:\/\/www.facebook.com\/faronics","article_modified_time":"2016-01-05T07:56:35+00:00","og_image":[{"url":"https:\/\/www.faronics.com\/img\/menu_dfe.png","type":"","width":"","height":""}],"twitter_card":"summary_large_image","twitter_site":"@faronics","schema":{"@context":"https:\/\/schema.org","@graph":[{"@type":"WebPage","@id":"https:\/\/www.faronics.com\/pt-br\/products-menu-view","url":"https:\/\/www.faronics.com\/pt-br\/products-menu-view","name":"Products Menu View - Faronics","isPartOf":{"@id":"https:\/\/www.faronics.com\/pt-br#website"},"datePublished":"2015-11-24T07:27:30+00:00","dateModified":"2016-01-05T07:56:35+00:00","description":"Produtos OU LOCAL DEEP FREEZE Deep Freeze Enterprise Deep Freeze Standard Deep Freeze for Mac Deep Freeze Server ENDPOINT SECURITY Anti-Virus","breadcrumb":{"@id":"https:\/\/www.faronics.com\/pt-br\/products-menu-view#breadcrumb"},"inLanguage":"pt-BR","potentialAction":[{"@type":"ReadAction","target":["https:\/\/www.faronics.com\/pt-br\/products-menu-view"]}]},{"@type":"BreadcrumbList","@id":"https:\/\/www.faronics.com\/pt-br\/products-menu-view#breadcrumb","itemListElement":[{"@type":"ListItem","position":1,"name":"Home","item":"https:\/\/www.faronics.com\/pt-br"},{"@type":"ListItem","position":2,"name":"Products Menu View","item":"https:\/\/www.faronics.com\/pt-br\/products-menu-view\/"}]},{"@type":"WebSite","@id":"https:\/\/www.faronics.com\/pt-br#website","url":"https:\/\/www.faronics.com\/pt-br","name":"Faronics","description":"Simplifying Computer Management","publisher":{"@id":"https:\/\/www.faronics.com\/pt-br#organization"},"potentialAction":[{"@type":"SearchAction","target":{"@type":"EntryPoint","urlTemplate":"https:\/\/www.faronics.com\/pt-br?s={search_term_string}"},"query-input":{"@type":"PropertyValueSpecification","valueRequired":true,"valueName":"search_term_string"}}],"inLanguage":"pt-BR"},{"@type":"Organization","@id":"https:\/\/www.faronics.com\/pt-br#organization","name":"Faronics","url":"https:\/\/www.faronics.com\/pt-br","logo":{"@type":"ImageObject","inLanguage":"pt-BR","@id":"https:\/\/www.faronics.com\/pt-br#\/schema\/logo\/image\/","url":"https:\/\/www.faronics.com\/assets\/footer-faronics-logo.png","contentUrl":"https:\/\/www.faronics.com\/assets\/footer-faronics-logo.png","width":155,"height":44,"caption":"Faronics"},"image":{"@id":"https:\/\/www.faronics.com\/pt-br#\/schema\/logo\/image\/"},"sameAs":["https:\/\/www.facebook.com\/faronics","https:\/\/x.com\/faronics"]}]}},"_links":{"self":[{"href":"https:\/\/www.faronics.com\/pt-br\/wp-json\/wp\/v2\/pages\/150214","targetHints":{"allow":["GET"]}}],"collection":[{"href":"https:\/\/www.faronics.com\/pt-br\/wp-json\/wp\/v2\/pages"}],"about":[{"href":"https:\/\/www.faronics.com\/pt-br\/wp-json\/wp\/v2\/types\/page"}],"author":[{"embeddable":true,"href":"https:\/\/www.faronics.com\/pt-br\/wp-json\/wp\/v2\/users\/124"}],"replies":[{"embeddable":true,"href":"https:\/\/www.faronics.com\/pt-br\/wp-json\/wp\/v2\/comments?post=150214"}],"version-history":[{"count":0,"href":"https:\/\/www.faronics.com\/pt-br\/wp-json\/wp\/v2\/pages\/150214\/revisions"}],"wp:attachment":[{"href":"https:\/\/www.faronics.com\/pt-br\/wp-json\/wp\/v2\/media?parent=150214"}],"curies":[{"name":"wp","href":"https:\/\/api.w.org\/{rel}","templated":true}]}}