{"id":150200,"date":"2015-12-03T00:04:51","date_gmt":"2015-12-03T08:04:51","guid":{"rendered":"https:\/\/www.faronics.com\/pt-br\/library-menu\/"},"modified":"2016-01-05T00:14:30","modified_gmt":"2016-01-05T08:14:30","slug":"library-menu","status":"publish","type":"page","link":"https:\/\/www.faronics.com\/pt-br\/library-menu","title":{"rendered":"Library Menu"},"content":{"rendered":"<nav id=\"primary-nav\" class=\"primary-nav-en\" role=\"navigation\" style=\"margin-left: 0px;padding-bottom: 30px;clear: both;position: relative;width: 100%;\">\n<div id=\"menu-primary\" class=\"sf-menu\" style=\"margin-left:0px; margin-right:0px;width: 100%;\">\n<div id=\"menu-item-32130\" class=\"menu-item menu-item-type-custom menu-item-object-custom menu-item-has-children menu-item-32130\"><a href=\"#\" style=\"text-transform: uppercase;\">Biblioteca<\/a><\/div>\n<div class=\"psub-menu\">\n<div class=\"pheadermenu\" style=\"margin-top: 20px;\">\n<div><a href=\"#\" class=\"autohide1 zoom open\">BY RESOURCES<\/a><\/div>\n<\/div>\n<ul style=\"display: block !important; line-height: 0px; list-style: none outside none; margin-left:0px;\">\n<li><a href=\"https:\/\/www.faronics.com\/document-library?doctype=doc_case_study\">Estudo de caso<\/a><\/li>\n<li><a href=\"https:\/\/www.faronics.com\/document-library?doctype=doc_feature_history&#038;qcAC=1\">Hist\u00f3ria em destaque<\/a><\/li>\n<li><a href=\"https:\/\/www.faronics.com\/document-library?doctype=doc_product_brochures&#038;qcAC=1\">Folhetos de produtos<\/a><\/li>\n<li><a href=\"https:\/\/www.faronics.com\/document-library?doctype=doc_prod_data_sheet&#038;qcAC=1\">Folhas de especifica\u00e7\u00f5es de produtos<\/a><\/li>\n<li><a href=\"https:\/\/www.faronics.com\/document-library?doctype=doc_release_notes&#038;qcAC=1\">Notas de vers\u00e3o<\/a><\/li>\n<li class=\"dfc_feature_menu\" style=\"display: none;padding-left: 0px;\"><a href=\"https:\/\/www.faronics.com\/document-library?doctype=doc_technical_paper&#038;qcAC=1\">Documentos t\u00e9cnicos<\/a><\/li>\n<li class=\"dfc_feature_menu\" style=\"display: none;padding-left: 0px;\"><a href=\"https:\/\/www.faronics.com\/document-library?doctype=doc_user_guide&#038;qcAC=1\">Guia do usu\u00e1rio<\/a><\/li>\n<li class=\"dfc_feature_menu\" style=\"display: none;padding-left: 0px;\"><a href=\"https:\/\/www.faronics.com\/document-library?doctype=doc_videos&#038;qcAC=1\">Videos<\/a><\/li>\n<\/ul><\/div>\n<\/p><\/div>\n<\/nav>\n","protected":false},"excerpt":{"rendered":"<div id=\"menu-primary\" class=\"sf-menu\" style=\"margin-left:0px; margin-right:0px;width: 100%;\">\n<div id=\"menu-item-32130\" class=\"menu-item menu-item-type-custom menu-item-object-custom menu-item-has-children menu-item-32130\"><a href=\"#\" style=\"text-transform: uppercase;\">Biblioteca<\/a><\/div>\n<div class=\"psub-menu\">\n<div class=\"pheadermenu\" style=\"margin-top: 20px;\">\n<div><a href=\"#\" class=\"autohide1 zoom open\">BY RESOURCES<\/a><\/div>\n<\/p><\/div>\n<ul style=\"display: block !important; line-height: 0px; list-style: none outside none; margin-left:0px;\">\n<li><a href=\"https:\/\/www.faronics.com\/document-library?doctype=doc_case_study\">Estudo de caso<\/a><\/li>\n<li><a href=\"https:\/\/www.faronics.com\/document-library?doctype=doc_feature_history&#038;qcAC=1\">Hist\u00f3ria em destaque<\/a><\/li>\n<li><a href=\"https:\/\/www.faronics.com\/document-library?doctype=doc_product_brochures&#038;qcAC=1\">Folhetos de produtos<\/a><\/li>\n<li><a href=\"https:\/\/www.faronics.com\/document-library?doctype=doc_prod_data_sheet&#038;qcAC=1\">Folhas de especifica\u00e7\u00f5es de produtos<\/a><\/li>\n<li><a href=\"https:\/\/www.faronics.com\/document-library?doctype=doc_release_notes&#038;qcAC=1\">Notas de vers\u00e3o<\/a><\/li>\n<li class=\"dfc_feature_menu\" style=\"display: none;padding-left: 0px;\"><a href=\"https:\/\/www.faronics.com\/document-library?doctype=doc_technical_paper&#038;qcAC=1\">Documentos t\u00e9cnicos<\/a><\/li>\n<li class=\"dfc_feature_menu\" style=\"display: none;padding-left: 0px;\"><a href=\"https:\/\/www.faronics.com\/document-library?doctype=doc_user_guide&#038;qcAC=1\">Guia do usu\u00e1rio<\/a><\/li>\n<li class=\"dfc_feature_menu\" style=\"display: none;padding-left: 0px;\"><a href=\"https:\/\/www.faronics.com\/document-library?doctype=doc_videos&#038;qcAC=1\">Videos<\/a><\/li>\n<\/ul>\n<\/div>\n<\/div>\n","protected":false},"author":124,"featured_media":0,"parent":0,"menu_order":0,"comment_status":"closed","ping_status":"closed","template":"","meta":{"_acf_changed":false,"inline_featured_image":false,"footnotes":""},"class_list":["post-150200","page","type-page","status-publish","hentry"],"acf":[],"yoast_head":"<!-- This site is optimized with the Yoast SEO Premium plugin v27.4 (Yoast SEO v27.4) - https:\/\/yoast.com\/product\/yoast-seo-premium-wordpress\/ -->\n<title>Library Menu - Faronics<\/title>\n<meta name=\"description\" content=\"Biblioteca BY RESOURCES Estudo de caso Hist\u00f3ria em destaque Folhetos de produtos Folhas de especifica\u00e7\u00f5es de produtos Notas de vers\u00e3o Documentos t\u00e9cnicos\" \/>\n<meta name=\"robots\" content=\"index, follow, max-snippet:-1, max-image-preview:large, max-video-preview:-1\" \/>\n<link rel=\"canonical\" href=\"https:\/\/www.faronics.com\/pt-br\/library-menu\" \/>\n<meta property=\"og:locale\" content=\"pt_BR\" \/>\n<meta property=\"og:type\" content=\"article\" \/>\n<meta property=\"og:title\" content=\"Library Menu\" \/>\n<meta property=\"og:description\" content=\"Biblioteca BY RESOURCES Estudo de caso Hist\u00f3ria em destaque Folhetos de produtos Folhas de especifica\u00e7\u00f5es de produtos Notas de vers\u00e3o Documentos t\u00e9cnicos\" \/>\n<meta property=\"og:url\" content=\"https:\/\/www.faronics.com\/pt-br\/library-menu\" \/>\n<meta property=\"og:site_name\" content=\"Faronics\" \/>\n<meta property=\"article:publisher\" content=\"https:\/\/www.facebook.com\/faronics\" \/>\n<meta property=\"article:modified_time\" content=\"2016-01-05T08:14:30+00:00\" \/>\n<meta name=\"twitter:card\" content=\"summary_large_image\" \/>\n<meta name=\"twitter:site\" content=\"@faronics\" \/>\n<script type=\"application\/ld+json\" class=\"yoast-schema-graph\">{\"@context\":\"https:\\\/\\\/schema.org\",\"@graph\":[{\"@type\":\"WebPage\",\"@id\":\"https:\\\/\\\/www.faronics.com\\\/pt-br\\\/library-menu\",\"url\":\"https:\\\/\\\/www.faronics.com\\\/pt-br\\\/library-menu\",\"name\":\"Library Menu - Faronics\",\"isPartOf\":{\"@id\":\"https:\\\/\\\/www.faronics.com\\\/pt-br#website\"},\"datePublished\":\"2015-12-03T08:04:51+00:00\",\"dateModified\":\"2016-01-05T08:14:30+00:00\",\"description\":\"Biblioteca BY RESOURCES Estudo de caso Hist\u00f3ria em destaque Folhetos de produtos Folhas de especifica\u00e7\u00f5es de produtos Notas de vers\u00e3o Documentos t\u00e9cnicos\",\"breadcrumb\":{\"@id\":\"https:\\\/\\\/www.faronics.com\\\/pt-br\\\/library-menu#breadcrumb\"},\"inLanguage\":\"pt-BR\",\"potentialAction\":[{\"@type\":\"ReadAction\",\"target\":[\"https:\\\/\\\/www.faronics.com\\\/pt-br\\\/library-menu\"]}]},{\"@type\":\"BreadcrumbList\",\"@id\":\"https:\\\/\\\/www.faronics.com\\\/pt-br\\\/library-menu#breadcrumb\",\"itemListElement\":[{\"@type\":\"ListItem\",\"position\":1,\"name\":\"Home\",\"item\":\"https:\\\/\\\/www.faronics.com\\\/pt-br\"},{\"@type\":\"ListItem\",\"position\":2,\"name\":\"Library Menu\",\"item\":\"https:\\\/\\\/www.faronics.com\\\/pt-br\\\/library-menu\\\/\"}]},{\"@type\":\"WebSite\",\"@id\":\"https:\\\/\\\/www.faronics.com\\\/pt-br#website\",\"url\":\"https:\\\/\\\/www.faronics.com\\\/pt-br\",\"name\":\"Faronics\",\"description\":\"Simplifying Computer Management\",\"publisher\":{\"@id\":\"https:\\\/\\\/www.faronics.com\\\/pt-br#organization\"},\"potentialAction\":[{\"@type\":\"SearchAction\",\"target\":{\"@type\":\"EntryPoint\",\"urlTemplate\":\"https:\\\/\\\/www.faronics.com\\\/pt-br?s={search_term_string}\"},\"query-input\":{\"@type\":\"PropertyValueSpecification\",\"valueRequired\":true,\"valueName\":\"search_term_string\"}}],\"inLanguage\":\"pt-BR\"},{\"@type\":\"Organization\",\"@id\":\"https:\\\/\\\/www.faronics.com\\\/pt-br#organization\",\"name\":\"Faronics\",\"url\":\"https:\\\/\\\/www.faronics.com\\\/pt-br\",\"logo\":{\"@type\":\"ImageObject\",\"inLanguage\":\"pt-BR\",\"@id\":\"https:\\\/\\\/www.faronics.com\\\/pt-br#\\\/schema\\\/logo\\\/image\\\/\",\"url\":\"https:\\\/\\\/www.faronics.com\\\/assets\\\/footer-faronics-logo.png\",\"contentUrl\":\"https:\\\/\\\/www.faronics.com\\\/assets\\\/footer-faronics-logo.png\",\"width\":155,\"height\":44,\"caption\":\"Faronics\"},\"image\":{\"@id\":\"https:\\\/\\\/www.faronics.com\\\/pt-br#\\\/schema\\\/logo\\\/image\\\/\"},\"sameAs\":[\"https:\\\/\\\/www.facebook.com\\\/faronics\",\"https:\\\/\\\/x.com\\\/faronics\"]}]}<\/script>\n<!-- \/ Yoast SEO Premium plugin. -->","yoast_head_json":{"title":"Library Menu - Faronics","description":"Biblioteca BY RESOURCES Estudo de caso Hist\u00f3ria em destaque Folhetos de produtos Folhas de especifica\u00e7\u00f5es de produtos Notas de vers\u00e3o Documentos t\u00e9cnicos","robots":{"index":"index","follow":"follow","max-snippet":"max-snippet:-1","max-image-preview":"max-image-preview:large","max-video-preview":"max-video-preview:-1"},"canonical":"https:\/\/www.faronics.com\/pt-br\/library-menu","og_locale":"pt_BR","og_type":"article","og_title":"Library Menu","og_description":"Biblioteca BY RESOURCES Estudo de caso Hist\u00f3ria em destaque Folhetos de produtos Folhas de especifica\u00e7\u00f5es de produtos Notas de vers\u00e3o Documentos t\u00e9cnicos","og_url":"https:\/\/www.faronics.com\/pt-br\/library-menu","og_site_name":"Faronics","article_publisher":"https:\/\/www.facebook.com\/faronics","article_modified_time":"2016-01-05T08:14:30+00:00","twitter_card":"summary_large_image","twitter_site":"@faronics","schema":{"@context":"https:\/\/schema.org","@graph":[{"@type":"WebPage","@id":"https:\/\/www.faronics.com\/pt-br\/library-menu","url":"https:\/\/www.faronics.com\/pt-br\/library-menu","name":"Library Menu - Faronics","isPartOf":{"@id":"https:\/\/www.faronics.com\/pt-br#website"},"datePublished":"2015-12-03T08:04:51+00:00","dateModified":"2016-01-05T08:14:30+00:00","description":"Biblioteca BY RESOURCES Estudo de caso Hist\u00f3ria em destaque Folhetos de produtos Folhas de especifica\u00e7\u00f5es de produtos Notas de vers\u00e3o Documentos t\u00e9cnicos","breadcrumb":{"@id":"https:\/\/www.faronics.com\/pt-br\/library-menu#breadcrumb"},"inLanguage":"pt-BR","potentialAction":[{"@type":"ReadAction","target":["https:\/\/www.faronics.com\/pt-br\/library-menu"]}]},{"@type":"BreadcrumbList","@id":"https:\/\/www.faronics.com\/pt-br\/library-menu#breadcrumb","itemListElement":[{"@type":"ListItem","position":1,"name":"Home","item":"https:\/\/www.faronics.com\/pt-br"},{"@type":"ListItem","position":2,"name":"Library Menu","item":"https:\/\/www.faronics.com\/pt-br\/library-menu\/"}]},{"@type":"WebSite","@id":"https:\/\/www.faronics.com\/pt-br#website","url":"https:\/\/www.faronics.com\/pt-br","name":"Faronics","description":"Simplifying Computer Management","publisher":{"@id":"https:\/\/www.faronics.com\/pt-br#organization"},"potentialAction":[{"@type":"SearchAction","target":{"@type":"EntryPoint","urlTemplate":"https:\/\/www.faronics.com\/pt-br?s={search_term_string}"},"query-input":{"@type":"PropertyValueSpecification","valueRequired":true,"valueName":"search_term_string"}}],"inLanguage":"pt-BR"},{"@type":"Organization","@id":"https:\/\/www.faronics.com\/pt-br#organization","name":"Faronics","url":"https:\/\/www.faronics.com\/pt-br","logo":{"@type":"ImageObject","inLanguage":"pt-BR","@id":"https:\/\/www.faronics.com\/pt-br#\/schema\/logo\/image\/","url":"https:\/\/www.faronics.com\/assets\/footer-faronics-logo.png","contentUrl":"https:\/\/www.faronics.com\/assets\/footer-faronics-logo.png","width":155,"height":44,"caption":"Faronics"},"image":{"@id":"https:\/\/www.faronics.com\/pt-br#\/schema\/logo\/image\/"},"sameAs":["https:\/\/www.facebook.com\/faronics","https:\/\/x.com\/faronics"]}]}},"_links":{"self":[{"href":"https:\/\/www.faronics.com\/pt-br\/wp-json\/wp\/v2\/pages\/150200","targetHints":{"allow":["GET"]}}],"collection":[{"href":"https:\/\/www.faronics.com\/pt-br\/wp-json\/wp\/v2\/pages"}],"about":[{"href":"https:\/\/www.faronics.com\/pt-br\/wp-json\/wp\/v2\/types\/page"}],"author":[{"embeddable":true,"href":"https:\/\/www.faronics.com\/pt-br\/wp-json\/wp\/v2\/users\/124"}],"replies":[{"embeddable":true,"href":"https:\/\/www.faronics.com\/pt-br\/wp-json\/wp\/v2\/comments?post=150200"}],"version-history":[{"count":0,"href":"https:\/\/www.faronics.com\/pt-br\/wp-json\/wp\/v2\/pages\/150200\/revisions"}],"wp:attachment":[{"href":"https:\/\/www.faronics.com\/pt-br\/wp-json\/wp\/v2\/media?parent=150200"}],"curies":[{"name":"wp","href":"https:\/\/api.w.org\/{rel}","templated":true}]}}