{"id":64724,"date":"2012-09-11T08:24:04","date_gmt":"2012-09-11T15:24:04","guid":{"rendered":"https:\/\/www.faronics.com\/?page_id=64724"},"modified":"2012-09-11T08:24:04","modified_gmt":"2012-09-11T15:24:04","slug":"invitation-a-un-webinaire-deep-freeze-7-5","status":"publish","type":"page","link":"https:\/\/www.faronics.com\/fr\/invitation-a-un-webinaire-deep-freeze-7-5","title":{"rendered":"Invitation \u00e0 un Webinaire: Deep Freeze 7.5"},"content":{"rendered":"<p>Alors que Deep Freeze \u00e9radique toujours ce que votre antivirus laisse passer et \u00e9limine tous les logiciels malveillants gr\u00e2ce \u00e0 un simple red\u00e9marrage, nous avons apport\u00e9 quelques mises \u00e0 jours fantastiques apr\u00e8s vous avoir \u00e9cout\u00e9s, vous, nos clients ! Le nouveau Deep Freeze 7.5 apporte de nouvelles fonctions, telles que :<\/p>\n<ul>\n<li>Mises \u00e0 jour Windows en cache &#8211; Vous pouvez maintenant mettre Windows \u00e0 jour sur des machines gel\u00e9es ! Les mises \u00e0 jour sont pr\u00eates \u00e0 \u00eatre install\u00e9es lorsque la t\u00e2che du poste de travail de mises \u00e0 jour Windows s&rsquo;initie.<\/li>\n<li>Protection du Master Boot Record (MBR) &#8211; S\u00e9curiser le MBR \u00e9vite les injections d&rsquo;outils de dissimulation d&rsquo;activit\u00e9 (rootkits) comme les TDL 3 et TDL 4<\/li>\n<li>Prise en charge de disques durs plus grands &#8211; Nous pouvons maintenant prendre en charge des disques durs dont la capacit\u00e9 d\u00e9passe 2 t\u00e9raoctets.<\/li>\n<li>Une nouvelle interface utilisateur et de nouveaux graphismes am\u00e9lior\u00e9s &#8211; Le configurateur et la console d&rsquo;entreprise paraissent encore plus intelligents.<\/li>\n<\/ul>\n<p>Mardi 18 Septembre<br \/>\n10am (GMT) \/ 11am (CET)<\/p>\n<p><a href=\"http:\/\/tinyurl.com\/bnynvez\" target=\"_blank\">Inscrivez-vous \u00e0 notre Webinaire sur le nouveau Deep Freeze 7.5<\/a><\/p>\n<p>&nbsp;<\/p>\n","protected":false},"excerpt":{"rendered":"<p>Alors que Deep Freeze \u00e9radique toujours ce que votre antivirus laisse passer et \u00e9limine tous les logiciels malveillants gr\u00e2ce \u00e0 un simple red\u00e9marrage, nous avons apport\u00e9 quelques mises \u00e0 jours fantastiques apr\u00e8s vous avoir \u00e9cout\u00e9s, vous, nos clients ! Le nouveau Deep Freeze 7.5 apporte de nouvelles fonctions, telles que :<\/p>\n<ul>\n<li>Mises \u00e0 jour Windows en cache &#8211; Vous pouvez maintenant mettre Windows \u00e0 jour sur des machines gel\u00e9es ! Les mises \u00e0 jour sont pr\u00eates \u00e0 \u00eatre install\u00e9es lorsque la t\u00e2che du poste de travail de mises \u00e0 jour Windows s&rsquo;initie.<\/li>\n<li>Protection du Master Boot Record (MBR) &#8211; S\u00e9curiser le MBR \u00e9vite les injections d&rsquo;outils de dissimulation d&rsquo;activit\u00e9 (rootkits) comme les TDL 3 et TDL 4<\/li>\n<li>Prise en charge de disques durs plus grands &#8211; Nous pouvons maintenant prendre en charge des disques durs dont la capacit\u00e9 d\u00e9passe 2 t\u00e9raoctets.<\/li>\n<li>Une nouvelle interface utilisateur et de nouveaux graphismes am\u00e9lior\u00e9s &#8211; Le configurateur et la console d&rsquo;entreprise paraissent encore plus intelligents.<\/li>\n<\/ul>\n<p>Mardi 18 Septembre 10am (GMT) \/ 11am (CET)<\/p>\n<p><a href=\"http:\/\/tinyurl.com\/bnynvez\" target=\"_blank\">Inscrivez-vous \u00e0 notre Webinaire sur le nouveau Deep Freeze 7.5<\/a><\/p>\n<p>&nbsp;<\/p>\n","protected":false},"author":108,"featured_media":0,"parent":0,"menu_order":0,"comment_status":"open","ping_status":"open","template":"","meta":{"_acf_changed":false,"inline_featured_image":false,"footnotes":""},"class_list":["post-64724","page","type-page","status-publish","hentry"],"acf":[],"yoast_head":"<!-- This site is optimized with the Yoast SEO Premium plugin v27.5 (Yoast SEO v27.5) - https:\/\/yoast.com\/product\/yoast-seo-premium-wordpress\/ -->\n<title>Invitation \u00e0 un Webinaire: Deep Freeze 7.5 - Faronics<\/title>\n<meta name=\"description\" content=\"Alors que Deep Freeze \u00e9radique toujours ce que votre antivirus laisse passer et \u00e9limine tous les logiciels malveillants gr\u00e2ce \u00e0 un simple red\u00e9marrage,\" \/>\n<meta name=\"robots\" content=\"index, follow, max-snippet:-1, max-image-preview:large, max-video-preview:-1\" \/>\n<link rel=\"canonical\" href=\"https:\/\/www.faronics.com\/fr\/invitation-a-un-webinaire-deep-freeze-7-5\" \/>\n<meta property=\"og:locale\" content=\"fr_FR\" \/>\n<meta property=\"og:type\" content=\"article\" \/>\n<meta property=\"og:title\" content=\"Invitation \u00e0 un Webinaire: Deep Freeze 7.5\" \/>\n<meta property=\"og:description\" content=\"Alors que Deep Freeze \u00e9radique toujours ce que votre antivirus laisse passer et \u00e9limine tous les logiciels malveillants gr\u00e2ce \u00e0 un simple red\u00e9marrage,\" \/>\n<meta property=\"og:url\" content=\"https:\/\/www.faronics.com\/fr\/invitation-a-un-webinaire-deep-freeze-7-5\" \/>\n<meta property=\"og:site_name\" content=\"Faronics\" \/>\n<meta property=\"article:publisher\" content=\"https:\/\/www.facebook.com\/faronics\" \/>\n<meta name=\"twitter:card\" content=\"summary_large_image\" \/>\n<meta name=\"twitter:site\" content=\"@faronics\" \/>\n<meta name=\"twitter:label1\" content=\"Dur\u00e9e de lecture estim\u00e9e\" \/>\n\t<meta name=\"twitter:data1\" content=\"1 minute\" \/>\n<script type=\"application\/ld+json\" class=\"yoast-schema-graph\">{\"@context\":\"https:\\\/\\\/schema.org\",\"@graph\":[{\"@type\":\"WebPage\",\"@id\":\"https:\\\/\\\/www.faronics.com\\\/fr\\\/invitation-a-un-webinaire-deep-freeze-7-5\",\"url\":\"https:\\\/\\\/www.faronics.com\\\/fr\\\/invitation-a-un-webinaire-deep-freeze-7-5\",\"name\":\"Invitation \u00e0 un Webinaire: Deep Freeze 7.5 - Faronics\",\"isPartOf\":{\"@id\":\"https:\\\/\\\/www.faronics.com\\\/fr#website\"},\"datePublished\":\"2012-09-11T15:24:04+00:00\",\"description\":\"Alors que Deep Freeze \u00e9radique toujours ce que votre antivirus laisse passer et \u00e9limine tous les logiciels malveillants gr\u00e2ce \u00e0 un simple red\u00e9marrage,\",\"breadcrumb\":{\"@id\":\"https:\\\/\\\/www.faronics.com\\\/fr\\\/invitation-a-un-webinaire-deep-freeze-7-5#breadcrumb\"},\"inLanguage\":\"fr-FR\",\"potentialAction\":[{\"@type\":\"ReadAction\",\"target\":[\"https:\\\/\\\/www.faronics.com\\\/fr\\\/invitation-a-un-webinaire-deep-freeze-7-5\"]}]},{\"@type\":\"BreadcrumbList\",\"@id\":\"https:\\\/\\\/www.faronics.com\\\/fr\\\/invitation-a-un-webinaire-deep-freeze-7-5#breadcrumb\",\"itemListElement\":[{\"@type\":\"ListItem\",\"position\":1,\"name\":\"Home\",\"item\":\"https:\\\/\\\/www.faronics.com\\\/fr\"},{\"@type\":\"ListItem\",\"position\":2,\"name\":\"Invitation \u00e0 un Webinaire: Deep Freeze 7.5\",\"item\":\"https:\\\/\\\/www.faronics.com\\\/fr\\\/invitation-a-un-webinaire-deep-freeze-7-5\\\/\"}]},{\"@type\":\"WebSite\",\"@id\":\"https:\\\/\\\/www.faronics.com\\\/fr#website\",\"url\":\"https:\\\/\\\/www.faronics.com\\\/fr\",\"name\":\"Faronics\",\"description\":\"Cr\u00e9ateurs de Deep Freeze et d'autres solutions de s\u00e9curit\u00e9 multicouche\",\"publisher\":{\"@id\":\"https:\\\/\\\/www.faronics.com\\\/fr#organization\"},\"potentialAction\":[{\"@type\":\"SearchAction\",\"target\":{\"@type\":\"EntryPoint\",\"urlTemplate\":\"https:\\\/\\\/www.faronics.com\\\/fr?s={search_term_string}\"},\"query-input\":{\"@type\":\"PropertyValueSpecification\",\"valueRequired\":true,\"valueName\":\"search_term_string\"}}],\"inLanguage\":\"fr-FR\"},{\"@type\":\"Organization\",\"@id\":\"https:\\\/\\\/www.faronics.com\\\/fr#organization\",\"name\":\"Faronics\",\"url\":\"https:\\\/\\\/www.faronics.com\\\/fr\",\"logo\":{\"@type\":\"ImageObject\",\"inLanguage\":\"fr-FR\",\"@id\":\"https:\\\/\\\/www.faronics.com\\\/fr#\\\/schema\\\/logo\\\/image\\\/\",\"url\":\"https:\\\/\\\/www.faronics.com\\\/assets\\\/footer-faronics-logo.png\",\"contentUrl\":\"https:\\\/\\\/www.faronics.com\\\/assets\\\/footer-faronics-logo.png\",\"width\":155,\"height\":44,\"caption\":\"Faronics\"},\"image\":{\"@id\":\"https:\\\/\\\/www.faronics.com\\\/fr#\\\/schema\\\/logo\\\/image\\\/\"},\"sameAs\":[\"https:\\\/\\\/www.facebook.com\\\/faronics\",\"https:\\\/\\\/x.com\\\/faronics\"]}]}<\/script>\n<!-- \/ Yoast SEO Premium plugin. -->","yoast_head_json":{"title":"Invitation \u00e0 un Webinaire: Deep Freeze 7.5 - Faronics","description":"Alors que Deep Freeze \u00e9radique toujours ce que votre antivirus laisse passer et \u00e9limine tous les logiciels malveillants gr\u00e2ce \u00e0 un simple red\u00e9marrage,","robots":{"index":"index","follow":"follow","max-snippet":"max-snippet:-1","max-image-preview":"max-image-preview:large","max-video-preview":"max-video-preview:-1"},"canonical":"https:\/\/www.faronics.com\/fr\/invitation-a-un-webinaire-deep-freeze-7-5","og_locale":"fr_FR","og_type":"article","og_title":"Invitation \u00e0 un Webinaire: Deep Freeze 7.5","og_description":"Alors que Deep Freeze \u00e9radique toujours ce que votre antivirus laisse passer et \u00e9limine tous les logiciels malveillants gr\u00e2ce \u00e0 un simple red\u00e9marrage,","og_url":"https:\/\/www.faronics.com\/fr\/invitation-a-un-webinaire-deep-freeze-7-5","og_site_name":"Faronics","article_publisher":"https:\/\/www.facebook.com\/faronics","twitter_card":"summary_large_image","twitter_site":"@faronics","twitter_misc":{"Dur\u00e9e de lecture estim\u00e9e":"1 minute"},"schema":{"@context":"https:\/\/schema.org","@graph":[{"@type":"WebPage","@id":"https:\/\/www.faronics.com\/fr\/invitation-a-un-webinaire-deep-freeze-7-5","url":"https:\/\/www.faronics.com\/fr\/invitation-a-un-webinaire-deep-freeze-7-5","name":"Invitation \u00e0 un Webinaire: Deep Freeze 7.5 - Faronics","isPartOf":{"@id":"https:\/\/www.faronics.com\/fr#website"},"datePublished":"2012-09-11T15:24:04+00:00","description":"Alors que Deep Freeze \u00e9radique toujours ce que votre antivirus laisse passer et \u00e9limine tous les logiciels malveillants gr\u00e2ce \u00e0 un simple red\u00e9marrage,","breadcrumb":{"@id":"https:\/\/www.faronics.com\/fr\/invitation-a-un-webinaire-deep-freeze-7-5#breadcrumb"},"inLanguage":"fr-FR","potentialAction":[{"@type":"ReadAction","target":["https:\/\/www.faronics.com\/fr\/invitation-a-un-webinaire-deep-freeze-7-5"]}]},{"@type":"BreadcrumbList","@id":"https:\/\/www.faronics.com\/fr\/invitation-a-un-webinaire-deep-freeze-7-5#breadcrumb","itemListElement":[{"@type":"ListItem","position":1,"name":"Home","item":"https:\/\/www.faronics.com\/fr"},{"@type":"ListItem","position":2,"name":"Invitation \u00e0 un Webinaire: Deep Freeze 7.5","item":"https:\/\/www.faronics.com\/fr\/invitation-a-un-webinaire-deep-freeze-7-5\/"}]},{"@type":"WebSite","@id":"https:\/\/www.faronics.com\/fr#website","url":"https:\/\/www.faronics.com\/fr","name":"Faronics","description":"Cr\u00e9ateurs de Deep Freeze et d'autres solutions de s\u00e9curit\u00e9 multicouche","publisher":{"@id":"https:\/\/www.faronics.com\/fr#organization"},"potentialAction":[{"@type":"SearchAction","target":{"@type":"EntryPoint","urlTemplate":"https:\/\/www.faronics.com\/fr?s={search_term_string}"},"query-input":{"@type":"PropertyValueSpecification","valueRequired":true,"valueName":"search_term_string"}}],"inLanguage":"fr-FR"},{"@type":"Organization","@id":"https:\/\/www.faronics.com\/fr#organization","name":"Faronics","url":"https:\/\/www.faronics.com\/fr","logo":{"@type":"ImageObject","inLanguage":"fr-FR","@id":"https:\/\/www.faronics.com\/fr#\/schema\/logo\/image\/","url":"https:\/\/www.faronics.com\/assets\/footer-faronics-logo.png","contentUrl":"https:\/\/www.faronics.com\/assets\/footer-faronics-logo.png","width":155,"height":44,"caption":"Faronics"},"image":{"@id":"https:\/\/www.faronics.com\/fr#\/schema\/logo\/image\/"},"sameAs":["https:\/\/www.facebook.com\/faronics","https:\/\/x.com\/faronics"]}]}},"_links":{"self":[{"href":"https:\/\/www.faronics.com\/fr\/wp-json\/wp\/v2\/pages\/64724","targetHints":{"allow":["GET"]}}],"collection":[{"href":"https:\/\/www.faronics.com\/fr\/wp-json\/wp\/v2\/pages"}],"about":[{"href":"https:\/\/www.faronics.com\/fr\/wp-json\/wp\/v2\/types\/page"}],"author":[{"embeddable":true,"href":"https:\/\/www.faronics.com\/fr\/wp-json\/wp\/v2\/users\/108"}],"replies":[{"embeddable":true,"href":"https:\/\/www.faronics.com\/fr\/wp-json\/wp\/v2\/comments?post=64724"}],"version-history":[{"count":0,"href":"https:\/\/www.faronics.com\/fr\/wp-json\/wp\/v2\/pages\/64724\/revisions"}],"wp:attachment":[{"href":"https:\/\/www.faronics.com\/fr\/wp-json\/wp\/v2\/media?parent=64724"}],"curies":[{"name":"wp","href":"https:\/\/api.w.org\/{rel}","templated":true}]}}