{"id":64702,"date":"2012-09-11T07:22:38","date_gmt":"2012-09-11T14:22:38","guid":{"rendered":"https:\/\/www.faronics.com\/?page_id=64702"},"modified":"2012-09-11T08:11:54","modified_gmt":"2012-09-11T15:11:54","slug":"invitation-a-un-webinaire-un-controle-collaboratif-des-salles-de-classe","status":"publish","type":"page","link":"https:\/\/www.faronics.com\/fr\/invitation-a-un-webinaire-un-controle-collaboratif-des-salles-de-classe","title":{"rendered":"Invitation \u00e0 un Webinaire: Un contr\u00f4le collaboratif des salles de classe"},"content":{"rendered":"<p>Rejoignez-nous lors d\u2019un Webinaire en direct o\u00f9 vous apprendrez \u00e0 :<\/p>\n<ul>\n<li>\u00c9liminer les distractions en un seul clic<\/li>\n<li>Maintenir un contr\u00f4le total sur le syst\u00e8me<\/li>\n<li>Garder vos \u00e9tudiants concentr\u00e9s, engag\u00e9s et productifs<\/li>\n<\/ul>\n<p>Il ne fait aucun doute que lorsqu\u2019ils sont utilis\u00e9s dans une salle de classe structur\u00e9e, les ordinateurs peuvent consid\u00e9rablement am\u00e9liorer l\u2019exp\u00e9rience d\u2019apprentissage de vos \u00e9tudiants.\u00a0N\u00e9anmoins, ils peuvent aussi constituer une \u00e9norme distraction : r\u00e9seaux sociaux, messagerie instantan\u00e9e, navigation sur Internet, t\u00e9l\u00e9chargement d\u2019applications. Alors comment pouvez-vous garder l\u2019attention de vos \u00e9tudiants, faire en sorte qu\u2019ils restent concentr\u00e9s tout en maintenant un contr\u00f4le total sur votre r\u00e9seau ?<\/p>\n<p><strong>Mardi 18 Septembre<\/strong><br \/>\n<strong>3pm (GMT) \u00a0&#8211; 4pm (CET)<\/strong><\/p>\n<p><a href=\"http:\/\/tinyurl.com\/c3kznxd\" target=\"_blank\">Enregistrer maintenant<\/a><\/p>\n","protected":false},"excerpt":{"rendered":"<p>Rejoignez-nous lors d\u2019un Webinaire en direct o\u00f9 vous apprendrez \u00e0 :<\/p>\n<ul>\n<li>\u00c9liminer les distractions en un seul clic<\/li>\n<li>Maintenir un contr\u00f4le total sur le syst\u00e8me<\/li>\n<li>Garder vos \u00e9tudiants concentr\u00e9s, engag\u00e9s et productifs<\/li>\n<\/ul>\n<p>Il ne fait aucun doute que lorsqu\u2019ils sont utilis\u00e9s dans une salle de classe structur\u00e9e, les ordinateurs peuvent consid\u00e9rablement am\u00e9liorer l\u2019exp\u00e9rience d\u2019apprentissage de vos \u00e9tudiants.\u00a0N\u00e9anmoins, ils peuvent aussi constituer une \u00e9norme distraction : r\u00e9seaux sociaux, messagerie instantan\u00e9e, navigation sur Internet, t\u00e9l\u00e9chargement d\u2019applications. Alors comment pouvez-vous garder l\u2019attention de vos \u00e9tudiants, faire en sorte qu\u2019ils restent concentr\u00e9s tout en maintenant un contr\u00f4le total sur votre r\u00e9seau ?<\/p>\n<p><strong>Mardi 18 Septembre<\/strong> <strong>3pm (GMT) \u00a0&#8211; 4pm (CET)<\/strong><\/p>\n<p><a href=\"http:\/\/tinyurl.com\/c3kznxd\" target=\"_blank\">Enregistrer maintenant<\/a><\/p>\n","protected":false},"author":108,"featured_media":0,"parent":0,"menu_order":0,"comment_status":"open","ping_status":"open","template":"","meta":{"_acf_changed":false,"inline_featured_image":false,"footnotes":""},"class_list":["post-64702","page","type-page","status-publish","hentry"],"acf":[],"yoast_head":"<!-- This site is optimized with the Yoast SEO Premium plugin v27.3 (Yoast SEO v27.3) - https:\/\/yoast.com\/product\/yoast-seo-premium-wordpress\/ -->\n<title>Invitation \u00e0 un Webinaire: Un contr\u00f4le collaboratif des salles de classe - Faronics<\/title>\n<meta name=\"description\" content=\"Rejoignez-nous lors d\u2019un Webinaire en direct o\u00f9 vous apprendrez \u00e0 : \u00c9liminer les distractions en un seul clic Maintenir un contr\u00f4le total sur le syst\u00e8me\" \/>\n<meta name=\"robots\" content=\"index, follow, max-snippet:-1, max-image-preview:large, max-video-preview:-1\" \/>\n<link rel=\"canonical\" href=\"https:\/\/www.faronics.com\/fr\/invitation-a-un-webinaire-un-controle-collaboratif-des-salles-de-classe\" \/>\n<meta property=\"og:locale\" content=\"fr_FR\" \/>\n<meta property=\"og:type\" content=\"article\" \/>\n<meta property=\"og:title\" content=\"Invitation \u00e0 un Webinaire: Un contr\u00f4le collaboratif des salles de classe\" \/>\n<meta property=\"og:description\" content=\"Rejoignez-nous lors d\u2019un Webinaire en direct o\u00f9 vous apprendrez \u00e0 : \u00c9liminer les distractions en un seul clic Maintenir un contr\u00f4le total sur le syst\u00e8me\" \/>\n<meta property=\"og:url\" content=\"https:\/\/www.faronics.com\/fr\/invitation-a-un-webinaire-un-controle-collaboratif-des-salles-de-classe\" \/>\n<meta property=\"og:site_name\" content=\"Faronics\" \/>\n<meta property=\"article:publisher\" content=\"https:\/\/www.facebook.com\/faronics\" \/>\n<meta property=\"article:modified_time\" content=\"2012-09-11T15:11:54+00:00\" \/>\n<meta name=\"twitter:card\" content=\"summary_large_image\" \/>\n<meta name=\"twitter:site\" content=\"@faronics\" \/>\n<meta name=\"twitter:label1\" content=\"Dur\u00e9e de lecture estim\u00e9e\" \/>\n\t<meta name=\"twitter:data1\" content=\"1 minute\" \/>\n<script type=\"application\/ld+json\" class=\"yoast-schema-graph\">{\"@context\":\"https:\\\/\\\/schema.org\",\"@graph\":[{\"@type\":\"WebPage\",\"@id\":\"https:\\\/\\\/www.faronics.com\\\/fr\\\/invitation-a-un-webinaire-un-controle-collaboratif-des-salles-de-classe\",\"url\":\"https:\\\/\\\/www.faronics.com\\\/fr\\\/invitation-a-un-webinaire-un-controle-collaboratif-des-salles-de-classe\",\"name\":\"Invitation \u00e0 un Webinaire: Un contr\u00f4le collaboratif des salles de classe - Faronics\",\"isPartOf\":{\"@id\":\"https:\\\/\\\/www.faronics.com\\\/fr#website\"},\"datePublished\":\"2012-09-11T14:22:38+00:00\",\"dateModified\":\"2012-09-11T15:11:54+00:00\",\"description\":\"Rejoignez-nous lors d\u2019un Webinaire en direct o\u00f9 vous apprendrez \u00e0 : \u00c9liminer les distractions en un seul clic Maintenir un contr\u00f4le total sur le syst\u00e8me\",\"breadcrumb\":{\"@id\":\"https:\\\/\\\/www.faronics.com\\\/fr\\\/invitation-a-un-webinaire-un-controle-collaboratif-des-salles-de-classe#breadcrumb\"},\"inLanguage\":\"fr-FR\",\"potentialAction\":[{\"@type\":\"ReadAction\",\"target\":[\"https:\\\/\\\/www.faronics.com\\\/fr\\\/invitation-a-un-webinaire-un-controle-collaboratif-des-salles-de-classe\"]}]},{\"@type\":\"BreadcrumbList\",\"@id\":\"https:\\\/\\\/www.faronics.com\\\/fr\\\/invitation-a-un-webinaire-un-controle-collaboratif-des-salles-de-classe#breadcrumb\",\"itemListElement\":[{\"@type\":\"ListItem\",\"position\":1,\"name\":\"Home\",\"item\":\"https:\\\/\\\/www.faronics.com\\\/fr\"},{\"@type\":\"ListItem\",\"position\":2,\"name\":\"Invitation \u00e0 un Webinaire: Un contr\u00f4le collaboratif des salles de classe\",\"item\":\"https:\\\/\\\/www.faronics.com\\\/fr\\\/invitation-a-un-webinaire-un-controle-collaboratif-des-salles-de-classe\\\/\"}]},{\"@type\":\"WebSite\",\"@id\":\"https:\\\/\\\/www.faronics.com\\\/fr#website\",\"url\":\"https:\\\/\\\/www.faronics.com\\\/fr\",\"name\":\"Faronics\",\"description\":\"Cr\u00e9ateurs de Deep Freeze et d'autres solutions de s\u00e9curit\u00e9 multicouche\",\"publisher\":{\"@id\":\"https:\\\/\\\/www.faronics.com\\\/fr#organization\"},\"potentialAction\":[{\"@type\":\"SearchAction\",\"target\":{\"@type\":\"EntryPoint\",\"urlTemplate\":\"https:\\\/\\\/www.faronics.com\\\/fr?s={search_term_string}\"},\"query-input\":{\"@type\":\"PropertyValueSpecification\",\"valueRequired\":true,\"valueName\":\"search_term_string\"}}],\"inLanguage\":\"fr-FR\"},{\"@type\":\"Organization\",\"@id\":\"https:\\\/\\\/www.faronics.com\\\/fr#organization\",\"name\":\"Faronics\",\"url\":\"https:\\\/\\\/www.faronics.com\\\/fr\",\"logo\":{\"@type\":\"ImageObject\",\"inLanguage\":\"fr-FR\",\"@id\":\"https:\\\/\\\/www.faronics.com\\\/fr#\\\/schema\\\/logo\\\/image\\\/\",\"url\":\"https:\\\/\\\/www.faronics.com\\\/assets\\\/footer-faronics-logo.png\",\"contentUrl\":\"https:\\\/\\\/www.faronics.com\\\/assets\\\/footer-faronics-logo.png\",\"width\":155,\"height\":44,\"caption\":\"Faronics\"},\"image\":{\"@id\":\"https:\\\/\\\/www.faronics.com\\\/fr#\\\/schema\\\/logo\\\/image\\\/\"},\"sameAs\":[\"https:\\\/\\\/www.facebook.com\\\/faronics\",\"https:\\\/\\\/x.com\\\/faronics\"]}]}<\/script>\n<!-- \/ Yoast SEO Premium plugin. -->","yoast_head_json":{"title":"Invitation \u00e0 un Webinaire: Un contr\u00f4le collaboratif des salles de classe - Faronics","description":"Rejoignez-nous lors d\u2019un Webinaire en direct o\u00f9 vous apprendrez \u00e0 : \u00c9liminer les distractions en un seul clic Maintenir un contr\u00f4le total sur le syst\u00e8me","robots":{"index":"index","follow":"follow","max-snippet":"max-snippet:-1","max-image-preview":"max-image-preview:large","max-video-preview":"max-video-preview:-1"},"canonical":"https:\/\/www.faronics.com\/fr\/invitation-a-un-webinaire-un-controle-collaboratif-des-salles-de-classe","og_locale":"fr_FR","og_type":"article","og_title":"Invitation \u00e0 un Webinaire: Un contr\u00f4le collaboratif des salles de classe","og_description":"Rejoignez-nous lors d\u2019un Webinaire en direct o\u00f9 vous apprendrez \u00e0 : \u00c9liminer les distractions en un seul clic Maintenir un contr\u00f4le total sur le syst\u00e8me","og_url":"https:\/\/www.faronics.com\/fr\/invitation-a-un-webinaire-un-controle-collaboratif-des-salles-de-classe","og_site_name":"Faronics","article_publisher":"https:\/\/www.facebook.com\/faronics","article_modified_time":"2012-09-11T15:11:54+00:00","twitter_card":"summary_large_image","twitter_site":"@faronics","twitter_misc":{"Dur\u00e9e de lecture estim\u00e9e":"1 minute"},"schema":{"@context":"https:\/\/schema.org","@graph":[{"@type":"WebPage","@id":"https:\/\/www.faronics.com\/fr\/invitation-a-un-webinaire-un-controle-collaboratif-des-salles-de-classe","url":"https:\/\/www.faronics.com\/fr\/invitation-a-un-webinaire-un-controle-collaboratif-des-salles-de-classe","name":"Invitation \u00e0 un Webinaire: Un contr\u00f4le collaboratif des salles de classe - Faronics","isPartOf":{"@id":"https:\/\/www.faronics.com\/fr#website"},"datePublished":"2012-09-11T14:22:38+00:00","dateModified":"2012-09-11T15:11:54+00:00","description":"Rejoignez-nous lors d\u2019un Webinaire en direct o\u00f9 vous apprendrez \u00e0 : \u00c9liminer les distractions en un seul clic Maintenir un contr\u00f4le total sur le syst\u00e8me","breadcrumb":{"@id":"https:\/\/www.faronics.com\/fr\/invitation-a-un-webinaire-un-controle-collaboratif-des-salles-de-classe#breadcrumb"},"inLanguage":"fr-FR","potentialAction":[{"@type":"ReadAction","target":["https:\/\/www.faronics.com\/fr\/invitation-a-un-webinaire-un-controle-collaboratif-des-salles-de-classe"]}]},{"@type":"BreadcrumbList","@id":"https:\/\/www.faronics.com\/fr\/invitation-a-un-webinaire-un-controle-collaboratif-des-salles-de-classe#breadcrumb","itemListElement":[{"@type":"ListItem","position":1,"name":"Home","item":"https:\/\/www.faronics.com\/fr"},{"@type":"ListItem","position":2,"name":"Invitation \u00e0 un Webinaire: Un contr\u00f4le collaboratif des salles de classe","item":"https:\/\/www.faronics.com\/fr\/invitation-a-un-webinaire-un-controle-collaboratif-des-salles-de-classe\/"}]},{"@type":"WebSite","@id":"https:\/\/www.faronics.com\/fr#website","url":"https:\/\/www.faronics.com\/fr","name":"Faronics","description":"Cr\u00e9ateurs de Deep Freeze et d'autres solutions de s\u00e9curit\u00e9 multicouche","publisher":{"@id":"https:\/\/www.faronics.com\/fr#organization"},"potentialAction":[{"@type":"SearchAction","target":{"@type":"EntryPoint","urlTemplate":"https:\/\/www.faronics.com\/fr?s={search_term_string}"},"query-input":{"@type":"PropertyValueSpecification","valueRequired":true,"valueName":"search_term_string"}}],"inLanguage":"fr-FR"},{"@type":"Organization","@id":"https:\/\/www.faronics.com\/fr#organization","name":"Faronics","url":"https:\/\/www.faronics.com\/fr","logo":{"@type":"ImageObject","inLanguage":"fr-FR","@id":"https:\/\/www.faronics.com\/fr#\/schema\/logo\/image\/","url":"https:\/\/www.faronics.com\/assets\/footer-faronics-logo.png","contentUrl":"https:\/\/www.faronics.com\/assets\/footer-faronics-logo.png","width":155,"height":44,"caption":"Faronics"},"image":{"@id":"https:\/\/www.faronics.com\/fr#\/schema\/logo\/image\/"},"sameAs":["https:\/\/www.facebook.com\/faronics","https:\/\/x.com\/faronics"]}]}},"_links":{"self":[{"href":"https:\/\/www.faronics.com\/fr\/wp-json\/wp\/v2\/pages\/64702","targetHints":{"allow":["GET"]}}],"collection":[{"href":"https:\/\/www.faronics.com\/fr\/wp-json\/wp\/v2\/pages"}],"about":[{"href":"https:\/\/www.faronics.com\/fr\/wp-json\/wp\/v2\/types\/page"}],"author":[{"embeddable":true,"href":"https:\/\/www.faronics.com\/fr\/wp-json\/wp\/v2\/users\/108"}],"replies":[{"embeddable":true,"href":"https:\/\/www.faronics.com\/fr\/wp-json\/wp\/v2\/comments?post=64702"}],"version-history":[{"count":0,"href":"https:\/\/www.faronics.com\/fr\/wp-json\/wp\/v2\/pages\/64702\/revisions"}],"wp:attachment":[{"href":"https:\/\/www.faronics.com\/fr\/wp-json\/wp\/v2\/media?parent=64702"}],"curies":[{"name":"wp","href":"https:\/\/api.w.org\/{rel}","templated":true}]}}