{"id":59472,"date":"2012-07-20T08:29:03","date_gmt":"2012-07-20T15:29:03","guid":{"rendered":"https:\/\/www.faronics.com\/?page_id=59472"},"modified":"2012-07-20T08:29:03","modified_gmt":"2012-07-20T15:29:03","slug":"apercu","status":"publish","type":"page","link":"https:\/\/www.faronics.com\/fr\/company_fr\/apercu","title":{"rendered":"Aper\u00e7u"},"content":{"rendered":"<p><a href=\"\/assets\/Company1.jpg\"><img loading=\"lazy\" decoding=\"async\" class=\"size-full wp-image-55824 alignnone\" title=\"Company1\" src=\"\/assets\/Company1.jpg\" alt=\"\" width=\"661\" height=\"193\" srcset=\"https:\/\/www.faronics.com\/assets\/Company1.jpg 661w, https:\/\/www.faronics.com\/assets\/Company1-150x43.jpg 150w, https:\/\/www.faronics.com\/assets\/Company1-300x87.jpg 300w, https:\/\/www.faronics.com\/assets\/Company1-350x102.jpg 350w, https:\/\/www.faronics.com\/assets\/Company1-130x37.jpg 130w, https:\/\/www.faronics.com\/assets\/Company1-117x34.jpg 117w, https:\/\/www.faronics.com\/assets\/Company1-240x70.jpg 240w\" sizes=\"auto, (max-width: 661px) 100vw, 661px\" \/><\/a><\/p>\n<p>Fond\u00e9e en 1996 et bas\u00e9e \u00e0 Vancouver, en Colombie-Britannique, Faronics est une soci\u00e9t\u00e9 priv\u00e9e comptant pr\u00e8s de 30 000 clients uniques utilisant plus de huit millions de licences dans plus de 150 pays. Faronics a toujours offert \u00e0 ses clients un excellent rapport qualit\u00e9-prix, que ce soit par vente directe ou via des partenaires de distribution, afin d&rsquo;am\u00e9liorer ses relations existantes, sa pr\u00e9sence locale et ses services \u00e0 valeur ajout\u00e9e.<\/p>\n<p>Faronics propose des logiciels qui permettent de g\u00e9rer, simplifier et s\u00e9curiser les environnements informatiques multi-utilisateurs. Notre gamme de produits garantit une disponibilit\u00e9 permanente des postes de travail et lib\u00e8re les \u00e9quipes informatiques des fastidieux probl\u00e8mes logiciels et d&rsquo;assistance technique.<\/p>\n<p>Faronics Deep Freeze r\u00e9duit les co\u00fbts informatiques en pr\u00e9servant les configurations souhait\u00e9es des ordinateurs. Faronics Anti-Executable prot\u00e8ge contre les logiciels non autoris\u00e9s, tandis que Faronics Anti-Virus garantit une protection de haute qualit\u00e9 aux points d&rsquo;acc\u00e8s contre les logiciels malveillants. Faronics Power Save r\u00e9duit les co\u00fbts \u00e9nerg\u00e9tiques gr\u00e2ce \u00e0 une gestion intelligente de l&rsquo;\u00e9nergie, tandis que Faronics System Profiler identifie et stocke des donn\u00e9es d\u00e9taill\u00e9es pour les postes de travail de l&rsquo;ensemble d&rsquo;un d\u00e9ploiement. Faronics Insight offre un contr\u00f4le total des ordinateurs d&rsquo;une salle de classe, alors que Faronics WINSelect permet aux administrateurs informatiques de personnaliser leur acc\u00e8s aux applications,<\/p>\n<p>Les innovations technologiques de Faronics b\u00e9n\u00e9ficient aux \u00e9coles, aux \u00e9tablissements de soins, aux biblioth\u00e8ques, aux soci\u00e9t\u00e9s et aux organisations gouvernementales.<\/p>\n<p>Gr\u00e2ce \u00e0 ses bureaux aux \u00c9tats-Unis, au Canada et au Royaume-Uni, Faronics a d\u00e9velopp\u00e9 un solide r\u00e9seau mondial de partenaires pour fournir ses produits prim\u00e9s.<\/p>\n","protected":false},"excerpt":{"rendered":"<p><a href=\"\/assets\/Company1.jpg\"><img loading=\"lazy\" decoding=\"async\" class=\"size-full wp-image-55824 alignnone\" title=\"Company1\" src=\"\/assets\/Company1.jpg\" alt=\"\" width=\"661\" height=\"193\" srcset=\"https:\/\/www.faronics.com\/assets\/Company1.jpg 661w, https:\/\/www.faronics.com\/assets\/Company1-150x43.jpg 150w, https:\/\/www.faronics.com\/assets\/Company1-300x87.jpg 300w, https:\/\/www.faronics.com\/assets\/Company1-350x102.jpg 350w, https:\/\/www.faronics.com\/assets\/Company1-130x37.jpg 130w, https:\/\/www.faronics.com\/assets\/Company1-117x34.jpg 117w, https:\/\/www.faronics.com\/assets\/Company1-240x70.jpg 240w\" sizes=\"auto, (max-width: 661px) 100vw, 661px\" \/><\/a><\/p>\n<p>Fond\u00e9e en 1996 et bas\u00e9e \u00e0 Vancouver, en Colombie-Britannique, Faronics est une soci\u00e9t\u00e9 priv\u00e9e comptant pr\u00e8s de 30 000 clients uniques utilisant plus de huit millions de licences dans plus de 150 pays. Faronics a toujours offert \u00e0 ses clients un excellent rapport qualit\u00e9-prix, que ce soit par vente directe ou via des partenaires de distribution, afin d&rsquo;am\u00e9liorer ses relations existantes, sa pr\u00e9sence locale et ses services \u00e0 valeur ajout\u00e9e.<\/p>\n<p>Faronics propose des logiciels qui permettent de g\u00e9rer, simplifier et s\u00e9curiser les environnements informatiques multi-utilisateurs. Notre gamme de produits garantit une disponibilit\u00e9 permanente des postes de travail et lib\u00e8re les \u00e9quipes informatiques des fastidieux probl\u00e8mes logiciels et d&rsquo;assistance technique.<\/p>\n<p>Faronics Deep Freeze r\u00e9duit les co\u00fbts informatiques en pr\u00e9servant les configurations souhait\u00e9es des ordinateurs. Faronics Anti-Executable prot\u00e8ge contre les logiciels non autoris\u00e9s, tandis que Faronics Anti-Virus garantit une protection de haute qualit\u00e9 aux points d&rsquo;acc\u00e8s contre les logiciels malveillants. Faronics Power Save r\u00e9duit les co\u00fbts \u00e9nerg\u00e9tiques gr\u00e2ce \u00e0 une gestion intelligente de l&rsquo;\u00e9nergie, tandis que Faronics System Profiler identifie et stocke des donn\u00e9es d\u00e9taill\u00e9es pour les postes de travail de l&rsquo;ensemble d&rsquo;un d\u00e9ploiement. Faronics Insight offre un contr\u00f4le total des ordinateurs d&rsquo;une salle de classe, alors que Faronics WINSelect permet aux administrateurs informatiques de personnaliser leur acc\u00e8s aux applications,<\/p>\n<p>Les innovations technologiques de Faronics b\u00e9n\u00e9ficient aux \u00e9coles, aux \u00e9tablissements <\/p>\n<div class=\"more\"><a href=\"https:\/\/www.faronics.com\/fr\/company_fr\/apercu\">Continue Reading&#8230;<\/a><\/div>\n","protected":false},"author":108,"featured_media":0,"parent":14228,"menu_order":0,"comment_status":"open","ping_status":"open","template":"page-template-with-sidebar.php","meta":{"_acf_changed":false,"inline_featured_image":false,"footnotes":""},"class_list":["post-59472","page","type-page","status-publish","hentry"],"acf":[],"yoast_head":"<!-- This site is optimized with the Yoast SEO Premium plugin v27.3 (Yoast SEO v27.3) - https:\/\/yoast.com\/product\/yoast-seo-premium-wordpress\/ -->\n<title>Aper\u00e7u - Faronics<\/title>\n<meta name=\"description\" content=\"Fond\u00e9e en 1996 et bas\u00e9e \u00e0 Vancouver, en Colombie-Britannique, Faronics est une soci\u00e9t\u00e9 priv\u00e9e comptant pr\u00e8s de 30 000 clients uniques utilisant plus de\" \/>\n<meta name=\"robots\" content=\"index, follow, max-snippet:-1, max-image-preview:large, max-video-preview:-1\" \/>\n<link rel=\"canonical\" href=\"https:\/\/www.faronics.com\/fr\/company_fr\/apercu\" \/>\n<meta property=\"og:locale\" content=\"fr_FR\" \/>\n<meta property=\"og:type\" content=\"article\" \/>\n<meta property=\"og:title\" content=\"Aper\u00e7u\" \/>\n<meta property=\"og:description\" content=\"Fond\u00e9e en 1996 et bas\u00e9e \u00e0 Vancouver, en Colombie-Britannique, Faronics est une soci\u00e9t\u00e9 priv\u00e9e comptant pr\u00e8s de 30 000 clients uniques utilisant plus de\" \/>\n<meta property=\"og:url\" content=\"https:\/\/www.faronics.com\/fr\/company_fr\/apercu\" \/>\n<meta property=\"og:site_name\" content=\"Faronics\" \/>\n<meta property=\"article:publisher\" content=\"https:\/\/www.facebook.com\/faronics\" \/>\n<meta property=\"og:image\" content=\"https:\/\/www.faronics.com\/assets\/Company1.jpg\" \/>\n<meta name=\"twitter:card\" content=\"summary_large_image\" \/>\n<meta name=\"twitter:site\" content=\"@faronics\" \/>\n<meta name=\"twitter:label1\" content=\"Dur\u00e9e de lecture estim\u00e9e\" \/>\n\t<meta name=\"twitter:data1\" content=\"1 minute\" \/>\n<script type=\"application\/ld+json\" class=\"yoast-schema-graph\">{\"@context\":\"https:\\\/\\\/schema.org\",\"@graph\":[{\"@type\":\"WebPage\",\"@id\":\"https:\\\/\\\/www.faronics.com\\\/fr\\\/company_fr\\\/apercu\",\"url\":\"https:\\\/\\\/www.faronics.com\\\/fr\\\/company_fr\\\/apercu\",\"name\":\"Aper\u00e7u - Faronics\",\"isPartOf\":{\"@id\":\"https:\\\/\\\/www.faronics.com\\\/fr#website\"},\"datePublished\":\"2012-07-20T15:29:03+00:00\",\"description\":\"Fond\u00e9e en 1996 et bas\u00e9e \u00e0 Vancouver, en Colombie-Britannique, Faronics est une soci\u00e9t\u00e9 priv\u00e9e comptant pr\u00e8s de 30 000 clients uniques utilisant plus de\",\"breadcrumb\":{\"@id\":\"https:\\\/\\\/www.faronics.com\\\/fr\\\/company_fr\\\/apercu#breadcrumb\"},\"inLanguage\":\"fr-FR\",\"potentialAction\":[{\"@type\":\"ReadAction\",\"target\":[\"https:\\\/\\\/www.faronics.com\\\/fr\\\/company_fr\\\/apercu\"]}]},{\"@type\":\"BreadcrumbList\",\"@id\":\"https:\\\/\\\/www.faronics.com\\\/fr\\\/company_fr\\\/apercu#breadcrumb\",\"itemListElement\":[{\"@type\":\"ListItem\",\"position\":1,\"name\":\"Home\",\"item\":\"https:\\\/\\\/www.faronics.com\\\/fr\"},{\"@type\":\"ListItem\",\"position\":2,\"name\":\"Notre soci\u00e9t\u00e9\",\"item\":\"https:\\\/\\\/www.faronics.com\\\/fr\\\/company_fr\"},{\"@type\":\"ListItem\",\"position\":3,\"name\":\"Aper\u00e7u\",\"item\":\"https:\\\/\\\/www.faronics.com\\\/fr\\\/apercu\\\/\"}]},{\"@type\":\"WebSite\",\"@id\":\"https:\\\/\\\/www.faronics.com\\\/fr#website\",\"url\":\"https:\\\/\\\/www.faronics.com\\\/fr\",\"name\":\"Faronics\",\"description\":\"Cr\u00e9ateurs de Deep Freeze et d'autres solutions de s\u00e9curit\u00e9 multicouche\",\"publisher\":{\"@id\":\"https:\\\/\\\/www.faronics.com\\\/fr#organization\"},\"potentialAction\":[{\"@type\":\"SearchAction\",\"target\":{\"@type\":\"EntryPoint\",\"urlTemplate\":\"https:\\\/\\\/www.faronics.com\\\/fr?s={search_term_string}\"},\"query-input\":{\"@type\":\"PropertyValueSpecification\",\"valueRequired\":true,\"valueName\":\"search_term_string\"}}],\"inLanguage\":\"fr-FR\"},{\"@type\":\"Organization\",\"@id\":\"https:\\\/\\\/www.faronics.com\\\/fr#organization\",\"name\":\"Faronics\",\"url\":\"https:\\\/\\\/www.faronics.com\\\/fr\",\"logo\":{\"@type\":\"ImageObject\",\"inLanguage\":\"fr-FR\",\"@id\":\"https:\\\/\\\/www.faronics.com\\\/fr#\\\/schema\\\/logo\\\/image\\\/\",\"url\":\"https:\\\/\\\/www.faronics.com\\\/assets\\\/footer-faronics-logo.png\",\"contentUrl\":\"https:\\\/\\\/www.faronics.com\\\/assets\\\/footer-faronics-logo.png\",\"width\":155,\"height\":44,\"caption\":\"Faronics\"},\"image\":{\"@id\":\"https:\\\/\\\/www.faronics.com\\\/fr#\\\/schema\\\/logo\\\/image\\\/\"},\"sameAs\":[\"https:\\\/\\\/www.facebook.com\\\/faronics\",\"https:\\\/\\\/x.com\\\/faronics\"]}]}<\/script>\n<!-- \/ Yoast SEO Premium plugin. -->","yoast_head_json":{"title":"Aper\u00e7u - Faronics","description":"Fond\u00e9e en 1996 et bas\u00e9e \u00e0 Vancouver, en Colombie-Britannique, Faronics est une soci\u00e9t\u00e9 priv\u00e9e comptant pr\u00e8s de 30 000 clients uniques utilisant plus de","robots":{"index":"index","follow":"follow","max-snippet":"max-snippet:-1","max-image-preview":"max-image-preview:large","max-video-preview":"max-video-preview:-1"},"canonical":"https:\/\/www.faronics.com\/fr\/company_fr\/apercu","og_locale":"fr_FR","og_type":"article","og_title":"Aper\u00e7u","og_description":"Fond\u00e9e en 1996 et bas\u00e9e \u00e0 Vancouver, en Colombie-Britannique, Faronics est une soci\u00e9t\u00e9 priv\u00e9e comptant pr\u00e8s de 30 000 clients uniques utilisant plus de","og_url":"https:\/\/www.faronics.com\/fr\/company_fr\/apercu","og_site_name":"Faronics","article_publisher":"https:\/\/www.facebook.com\/faronics","og_image":[{"url":"https:\/\/www.faronics.com\/assets\/Company1.jpg","type":"","width":"","height":""}],"twitter_card":"summary_large_image","twitter_site":"@faronics","twitter_misc":{"Dur\u00e9e de lecture estim\u00e9e":"1 minute"},"schema":{"@context":"https:\/\/schema.org","@graph":[{"@type":"WebPage","@id":"https:\/\/www.faronics.com\/fr\/company_fr\/apercu","url":"https:\/\/www.faronics.com\/fr\/company_fr\/apercu","name":"Aper\u00e7u - Faronics","isPartOf":{"@id":"https:\/\/www.faronics.com\/fr#website"},"datePublished":"2012-07-20T15:29:03+00:00","description":"Fond\u00e9e en 1996 et bas\u00e9e \u00e0 Vancouver, en Colombie-Britannique, Faronics est une soci\u00e9t\u00e9 priv\u00e9e comptant pr\u00e8s de 30 000 clients uniques utilisant plus de","breadcrumb":{"@id":"https:\/\/www.faronics.com\/fr\/company_fr\/apercu#breadcrumb"},"inLanguage":"fr-FR","potentialAction":[{"@type":"ReadAction","target":["https:\/\/www.faronics.com\/fr\/company_fr\/apercu"]}]},{"@type":"BreadcrumbList","@id":"https:\/\/www.faronics.com\/fr\/company_fr\/apercu#breadcrumb","itemListElement":[{"@type":"ListItem","position":1,"name":"Home","item":"https:\/\/www.faronics.com\/fr"},{"@type":"ListItem","position":2,"name":"Notre soci\u00e9t\u00e9","item":"https:\/\/www.faronics.com\/fr\/company_fr"},{"@type":"ListItem","position":3,"name":"Aper\u00e7u","item":"https:\/\/www.faronics.com\/fr\/apercu\/"}]},{"@type":"WebSite","@id":"https:\/\/www.faronics.com\/fr#website","url":"https:\/\/www.faronics.com\/fr","name":"Faronics","description":"Cr\u00e9ateurs de Deep Freeze et d'autres solutions de s\u00e9curit\u00e9 multicouche","publisher":{"@id":"https:\/\/www.faronics.com\/fr#organization"},"potentialAction":[{"@type":"SearchAction","target":{"@type":"EntryPoint","urlTemplate":"https:\/\/www.faronics.com\/fr?s={search_term_string}"},"query-input":{"@type":"PropertyValueSpecification","valueRequired":true,"valueName":"search_term_string"}}],"inLanguage":"fr-FR"},{"@type":"Organization","@id":"https:\/\/www.faronics.com\/fr#organization","name":"Faronics","url":"https:\/\/www.faronics.com\/fr","logo":{"@type":"ImageObject","inLanguage":"fr-FR","@id":"https:\/\/www.faronics.com\/fr#\/schema\/logo\/image\/","url":"https:\/\/www.faronics.com\/assets\/footer-faronics-logo.png","contentUrl":"https:\/\/www.faronics.com\/assets\/footer-faronics-logo.png","width":155,"height":44,"caption":"Faronics"},"image":{"@id":"https:\/\/www.faronics.com\/fr#\/schema\/logo\/image\/"},"sameAs":["https:\/\/www.facebook.com\/faronics","https:\/\/x.com\/faronics"]}]}},"_links":{"self":[{"href":"https:\/\/www.faronics.com\/fr\/wp-json\/wp\/v2\/pages\/59472","targetHints":{"allow":["GET"]}}],"collection":[{"href":"https:\/\/www.faronics.com\/fr\/wp-json\/wp\/v2\/pages"}],"about":[{"href":"https:\/\/www.faronics.com\/fr\/wp-json\/wp\/v2\/types\/page"}],"author":[{"embeddable":true,"href":"https:\/\/www.faronics.com\/fr\/wp-json\/wp\/v2\/users\/108"}],"replies":[{"embeddable":true,"href":"https:\/\/www.faronics.com\/fr\/wp-json\/wp\/v2\/comments?post=59472"}],"version-history":[{"count":0,"href":"https:\/\/www.faronics.com\/fr\/wp-json\/wp\/v2\/pages\/59472\/revisions"}],"up":[{"embeddable":true,"href":"https:\/\/www.faronics.com\/fr\/wp-json\/wp\/v2\/pages\/14228"}],"wp:attachment":[{"href":"https:\/\/www.faronics.com\/fr\/wp-json\/wp\/v2\/media?parent=59472"}],"curies":[{"name":"wp","href":"https:\/\/api.w.org\/{rel}","templated":true}]}}