{"id":55852,"date":"2012-06-18T04:44:05","date_gmt":"2012-06-18T11:44:05","guid":{"rendered":"https:\/\/www.faronics.com\/?page_id=55852"},"modified":"2012-06-18T04:45:17","modified_gmt":"2012-06-18T11:45:17","slug":"gelez-votre-configuration-et-oubliez-les-soucis-votre-systeme-pourra-etre-instantanement-restaure-pour-une-securite-totale","status":"publish","type":"page","link":"https:\/\/www.faronics.com\/fr\/gelez-votre-configuration-et-oubliez-les-soucis-votre-systeme-pourra-etre-instantanement-restaure-pour-une-securite-totale","title":{"rendered":"Gelez votre configuration et oubliez les soucis : votre syst\u00e8me pourra \u00eatre instantan\u00e9ment restaur\u00e9 pour une s\u00e9curit\u00e9 totale"},"content":{"rendered":"<p><a href=\"\/assets\/freezeforget_box.png\"><img loading=\"lazy\" decoding=\"async\" class=\"alignright size-full wp-image-54904\" title=\"freezeforget_box\" src=\"\/assets\/freezeforget_box.png\" alt=\"\" width=\"300\" height=\"200\" srcset=\"https:\/\/www.faronics.com\/assets\/freezeforget_box.png 300w, https:\/\/www.faronics.com\/assets\/freezeforget_box-150x100.png 150w, https:\/\/www.faronics.com\/assets\/freezeforget_box-130x86.png 130w, https:\/\/www.faronics.com\/assets\/freezeforget_box-117x78.png 117w, https:\/\/www.faronics.com\/assets\/freezeforget_box-240x160.png 240w\" sizes=\"auto, (max-width: 300px) 100vw, 300px\" \/><\/a><\/p>\n<p>Rejoignez notre Webinaire et d\u00e9couvrez comment s\u00e9curiser votre r\u00e9seau de postes de travail en \u00e9liminant les logiciels malveillant \u00e0 l&rsquo;aide d&rsquo;un simple red\u00e9marrage. Voyez comment un simple red\u00e9marrage peut :<\/p>\n<ul>\n<li>maximiser la productivit\u00e9 des utilisateurs finaux<\/li>\n<li>r\u00e9duire le nombre de billets d&rsquo;assistance informatique de 63 %, menant \u00e0 des co\u00fbts de maintenance et des temps de panne moindres<\/li>\n<li>accro\u00eetre la s\u00e9curit\u00e9 du r\u00e9seau et prot\u00e9ger contre les t\u00e9l\u00e9chargements de virus accidentels<\/li>\n<li>rallonger les cycles de vie des PC et g\u00e9n\u00e9rer des \u00e9conomies op\u00e9rationnelles consid\u00e9rables<\/li>\n<\/ul>\n<p>Voyez comment les utilisateurs finaux peuvent acc\u00e9der \u00e0 leurs machines \u00e0 tout moment sans perdre de temps \u00e0 attendre que le personnel informatique vienne les r\u00e9parer.<\/p>\n<p>D\u00e9couvrez comment vous pouvez \u00e9liminer la n\u00e9cessit\u00e9 de reconstruire, r\u00e9-imager ou d\u00e9panner vos ordinateurs en r\u00e9solvant tous les probl\u00e8mes logiciels \u00e0 l&rsquo;aide d&rsquo;un simple red\u00e9marrage.<\/p>\n<p>Apprenez \u00e0 r\u00e9soudre vos probl\u00e8mes de postes de travail, \u00e9vitant ainsi \u00e0 votre personnel informatique de passer des heures \u00e0 d\u00e9panner vos machines, r\u00e9duisant vos co\u00fbts op\u00e9rationnels et rallongeant les cycles de vie de vos PC.<\/p>\n<p><strong>Mardi le 19 juin<\/strong><\/p>\n<p><strong>2:30pm BST<\/strong><br \/>\n<strong>Online<\/strong><\/p>\n<table style=\"background-color: #d30709; border: solid 1px #3a6f21; font-family: Arial, Helvetica, sans-serif; color: white; font-weight: bold; font-size: 18px; line-height: 20px;\" width=\"170\" border=\"0\" cellspacing=\"0\" cellpadding=\"5\">\n<tbody>\n<tr>\n<td style=\"background-color: #d30709; border-top: solid 1px #F00; border-left: solid 1px #F00; border-right: solid 1px #8a0709; border-bottom: solid 1px #8a0709;\" align=\"center\"><a style=\"text-decoration: none; color: white; padding: 10px; font-size: 14px;\" href=\"http:\/\/bit.ly\/KvETfx\" target=\"_blank\">Inscrivez-vous d\u00e8s aujourd&rsquo;hui!<\/a><\/td>\n<\/tr>\n<\/tbody>\n<\/table>\n","protected":false},"excerpt":{"rendered":"<p><a href=\"\/assets\/freezeforget_box.png\"><img loading=\"lazy\" decoding=\"async\" class=\"alignright size-full wp-image-54904\" title=\"freezeforget_box\" src=\"\/assets\/freezeforget_box.png\" alt=\"\" width=\"300\" height=\"200\" srcset=\"https:\/\/www.faronics.com\/assets\/freezeforget_box.png 300w, https:\/\/www.faronics.com\/assets\/freezeforget_box-150x100.png 150w, https:\/\/www.faronics.com\/assets\/freezeforget_box-130x86.png 130w, https:\/\/www.faronics.com\/assets\/freezeforget_box-117x78.png 117w, https:\/\/www.faronics.com\/assets\/freezeforget_box-240x160.png 240w\" sizes=\"auto, (max-width: 300px) 100vw, 300px\" \/><\/a><\/p>\n<p>Rejoignez notre Webinaire et d\u00e9couvrez comment s\u00e9curiser votre r\u00e9seau de postes de travail en \u00e9liminant les logiciels malveillant \u00e0 l&rsquo;aide d&rsquo;un simple red\u00e9marrage. Voyez comment un simple red\u00e9marrage peut :<\/p>\n<ul>\n<li>maximiser la productivit\u00e9 des utilisateurs finaux<\/li>\n<li>r\u00e9duire le nombre de billets d&rsquo;assistance informatique de 63 %, menant \u00e0 des co\u00fbts de maintenance et des temps de panne moindres<\/li>\n<li>accro\u00eetre la s\u00e9curit\u00e9 du r\u00e9seau et prot\u00e9ger contre les t\u00e9l\u00e9chargements de virus accidentels<\/li>\n<li>rallonger les cycles de vie des PC et g\u00e9n\u00e9rer des \u00e9conomies op\u00e9rationnelles consid\u00e9rables<\/li>\n<\/ul>\n<p>Voyez comment les utilisateurs finaux peuvent acc\u00e9der \u00e0 leurs machines \u00e0 tout moment sans perdre de temps \u00e0 attendre que le personnel informatique vienne les r\u00e9parer.<\/p>\n<p>D\u00e9couvrez comment vous pouvez \u00e9liminer la n\u00e9cessit\u00e9 de reconstruire, r\u00e9-imager ou d\u00e9panner vos ordinateurs en r\u00e9solvant tous les probl\u00e8mes logiciels \u00e0 l&rsquo;aide d&rsquo;un simple red\u00e9marrage.<\/p>\n<p>Apprenez \u00e0 r\u00e9soudre vos probl\u00e8mes de postes de travail, \u00e9vitant ainsi \u00e0 votre personnel informatique de passer des heures \u00e0 d\u00e9panner vos machines, r\u00e9duisant vos co\u00fbts op\u00e9rationnels et rallongeant les cycles de vie de vos PC.<\/p>\n<p><strong>Mardi le 19 juin<\/strong><\/p>\n<p><strong>2:30pm BST<\/strong> <strong>Online<\/strong><\/p>\n<p> <a style=\"text-decoration: none; color: white; padding: 10px; font-size: 14px;\" href=\"http:\/\/bit.ly\/KvETfx\" target=\"_blank\">Inscrivez-vous d\u00e8s aujourd&rsquo;hui!<\/a><\/p>\n","protected":false},"author":108,"featured_media":0,"parent":0,"menu_order":0,"comment_status":"open","ping_status":"open","template":"","meta":{"_acf_changed":false,"inline_featured_image":false,"footnotes":""},"class_list":["post-55852","page","type-page","status-publish","hentry"],"acf":[],"yoast_head":"<!-- This site is optimized with the Yoast SEO Premium plugin v27.5 (Yoast SEO v27.5) - https:\/\/yoast.com\/product\/yoast-seo-premium-wordpress\/ -->\n<title>Gelez votre configuration et oubliez les soucis : votre syst\u00e8me pourra \u00eatre instantan\u00e9ment restaur\u00e9 pour une s\u00e9curit\u00e9 totale - Faronics<\/title>\n<meta name=\"description\" content=\"Rejoignez notre Webinaire et d\u00e9couvrez comment s\u00e9curiser votre r\u00e9seau de postes de travail en \u00e9liminant les logiciels malveillant \u00e0 l&#039;aide d&#039;un simple\" \/>\n<meta name=\"robots\" content=\"index, follow, max-snippet:-1, max-image-preview:large, max-video-preview:-1\" \/>\n<link rel=\"canonical\" href=\"https:\/\/www.faronics.com\/fr\/gelez-votre-configuration-et-oubliez-les-soucis-votre-systeme-pourra-etre-instantanement-restaure-pour-une-securite-totale\" \/>\n<meta property=\"og:locale\" content=\"fr_FR\" \/>\n<meta property=\"og:type\" content=\"article\" \/>\n<meta property=\"og:title\" content=\"Gelez votre configuration et oubliez les soucis : votre syst\u00e8me pourra \u00eatre instantan\u00e9ment restaur\u00e9 pour une s\u00e9curit\u00e9 totale\" \/>\n<meta property=\"og:description\" content=\"Rejoignez notre Webinaire et d\u00e9couvrez comment s\u00e9curiser votre r\u00e9seau de postes de travail en \u00e9liminant les logiciels malveillant \u00e0 l&#039;aide d&#039;un simple\" \/>\n<meta property=\"og:url\" content=\"https:\/\/www.faronics.com\/fr\/gelez-votre-configuration-et-oubliez-les-soucis-votre-systeme-pourra-etre-instantanement-restaure-pour-une-securite-totale\" \/>\n<meta property=\"og:site_name\" content=\"Faronics\" \/>\n<meta property=\"article:publisher\" content=\"https:\/\/www.facebook.com\/faronics\" \/>\n<meta property=\"article:modified_time\" content=\"2012-06-18T11:45:17+00:00\" \/>\n<meta property=\"og:image\" content=\"https:\/\/www.faronics.com\/assets\/freezeforget_box.png\" \/>\n<meta name=\"twitter:card\" content=\"summary_large_image\" \/>\n<meta name=\"twitter:site\" content=\"@faronics\" \/>\n<meta name=\"twitter:label1\" content=\"Dur\u00e9e de lecture estim\u00e9e\" \/>\n\t<meta name=\"twitter:data1\" content=\"1 minute\" \/>\n<script type=\"application\/ld+json\" class=\"yoast-schema-graph\">{\"@context\":\"https:\\\/\\\/schema.org\",\"@graph\":[{\"@type\":\"WebPage\",\"@id\":\"https:\\\/\\\/www.faronics.com\\\/fr\\\/gelez-votre-configuration-et-oubliez-les-soucis-votre-systeme-pourra-etre-instantanement-restaure-pour-une-securite-totale\",\"url\":\"https:\\\/\\\/www.faronics.com\\\/fr\\\/gelez-votre-configuration-et-oubliez-les-soucis-votre-systeme-pourra-etre-instantanement-restaure-pour-une-securite-totale\",\"name\":\"Gelez votre configuration et oubliez les soucis : votre syst\u00e8me pourra \u00eatre instantan\u00e9ment restaur\u00e9 pour une s\u00e9curit\u00e9 totale - Faronics\",\"isPartOf\":{\"@id\":\"https:\\\/\\\/www.faronics.com\\\/fr#website\"},\"datePublished\":\"2012-06-18T11:44:05+00:00\",\"dateModified\":\"2012-06-18T11:45:17+00:00\",\"description\":\"Rejoignez notre Webinaire et d\u00e9couvrez comment s\u00e9curiser votre r\u00e9seau de postes de travail en \u00e9liminant les logiciels malveillant \u00e0 l'aide d'un simple\",\"breadcrumb\":{\"@id\":\"https:\\\/\\\/www.faronics.com\\\/fr\\\/gelez-votre-configuration-et-oubliez-les-soucis-votre-systeme-pourra-etre-instantanement-restaure-pour-une-securite-totale#breadcrumb\"},\"inLanguage\":\"fr-FR\",\"potentialAction\":[{\"@type\":\"ReadAction\",\"target\":[\"https:\\\/\\\/www.faronics.com\\\/fr\\\/gelez-votre-configuration-et-oubliez-les-soucis-votre-systeme-pourra-etre-instantanement-restaure-pour-une-securite-totale\"]}]},{\"@type\":\"BreadcrumbList\",\"@id\":\"https:\\\/\\\/www.faronics.com\\\/fr\\\/gelez-votre-configuration-et-oubliez-les-soucis-votre-systeme-pourra-etre-instantanement-restaure-pour-une-securite-totale#breadcrumb\",\"itemListElement\":[{\"@type\":\"ListItem\",\"position\":1,\"name\":\"Home\",\"item\":\"https:\\\/\\\/www.faronics.com\\\/fr\"},{\"@type\":\"ListItem\",\"position\":2,\"name\":\"Gelez votre configuration et oubliez les soucis : votre syst\u00e8me pourra \u00eatre instantan\u00e9ment restaur\u00e9 pour une s\u00e9curit\u00e9 totale\",\"item\":\"https:\\\/\\\/www.faronics.com\\\/fr\\\/gelez-votre-configuration-et-oubliez-les-soucis-votre-systeme-pourra-etre-instantanement-restaure-pour-une-securite-totale\\\/\"}]},{\"@type\":\"WebSite\",\"@id\":\"https:\\\/\\\/www.faronics.com\\\/fr#website\",\"url\":\"https:\\\/\\\/www.faronics.com\\\/fr\",\"name\":\"Faronics\",\"description\":\"Cr\u00e9ateurs de Deep Freeze et d'autres solutions de s\u00e9curit\u00e9 multicouche\",\"publisher\":{\"@id\":\"https:\\\/\\\/www.faronics.com\\\/fr#organization\"},\"potentialAction\":[{\"@type\":\"SearchAction\",\"target\":{\"@type\":\"EntryPoint\",\"urlTemplate\":\"https:\\\/\\\/www.faronics.com\\\/fr?s={search_term_string}\"},\"query-input\":{\"@type\":\"PropertyValueSpecification\",\"valueRequired\":true,\"valueName\":\"search_term_string\"}}],\"inLanguage\":\"fr-FR\"},{\"@type\":\"Organization\",\"@id\":\"https:\\\/\\\/www.faronics.com\\\/fr#organization\",\"name\":\"Faronics\",\"url\":\"https:\\\/\\\/www.faronics.com\\\/fr\",\"logo\":{\"@type\":\"ImageObject\",\"inLanguage\":\"fr-FR\",\"@id\":\"https:\\\/\\\/www.faronics.com\\\/fr#\\\/schema\\\/logo\\\/image\\\/\",\"url\":\"https:\\\/\\\/www.faronics.com\\\/assets\\\/footer-faronics-logo.png\",\"contentUrl\":\"https:\\\/\\\/www.faronics.com\\\/assets\\\/footer-faronics-logo.png\",\"width\":155,\"height\":44,\"caption\":\"Faronics\"},\"image\":{\"@id\":\"https:\\\/\\\/www.faronics.com\\\/fr#\\\/schema\\\/logo\\\/image\\\/\"},\"sameAs\":[\"https:\\\/\\\/www.facebook.com\\\/faronics\",\"https:\\\/\\\/x.com\\\/faronics\"]}]}<\/script>\n<!-- \/ Yoast SEO Premium plugin. -->","yoast_head_json":{"title":"Gelez votre configuration et oubliez les soucis : votre syst\u00e8me pourra \u00eatre instantan\u00e9ment restaur\u00e9 pour une s\u00e9curit\u00e9 totale - Faronics","description":"Rejoignez notre Webinaire et d\u00e9couvrez comment s\u00e9curiser votre r\u00e9seau de postes de travail en \u00e9liminant les logiciels malveillant \u00e0 l'aide d'un simple","robots":{"index":"index","follow":"follow","max-snippet":"max-snippet:-1","max-image-preview":"max-image-preview:large","max-video-preview":"max-video-preview:-1"},"canonical":"https:\/\/www.faronics.com\/fr\/gelez-votre-configuration-et-oubliez-les-soucis-votre-systeme-pourra-etre-instantanement-restaure-pour-une-securite-totale","og_locale":"fr_FR","og_type":"article","og_title":"Gelez votre configuration et oubliez les soucis : votre syst\u00e8me pourra \u00eatre instantan\u00e9ment restaur\u00e9 pour une s\u00e9curit\u00e9 totale","og_description":"Rejoignez notre Webinaire et d\u00e9couvrez comment s\u00e9curiser votre r\u00e9seau de postes de travail en \u00e9liminant les logiciels malveillant \u00e0 l'aide d'un simple","og_url":"https:\/\/www.faronics.com\/fr\/gelez-votre-configuration-et-oubliez-les-soucis-votre-systeme-pourra-etre-instantanement-restaure-pour-une-securite-totale","og_site_name":"Faronics","article_publisher":"https:\/\/www.facebook.com\/faronics","article_modified_time":"2012-06-18T11:45:17+00:00","og_image":[{"url":"https:\/\/www.faronics.com\/assets\/freezeforget_box.png","type":"","width":"","height":""}],"twitter_card":"summary_large_image","twitter_site":"@faronics","twitter_misc":{"Dur\u00e9e de lecture estim\u00e9e":"1 minute"},"schema":{"@context":"https:\/\/schema.org","@graph":[{"@type":"WebPage","@id":"https:\/\/www.faronics.com\/fr\/gelez-votre-configuration-et-oubliez-les-soucis-votre-systeme-pourra-etre-instantanement-restaure-pour-une-securite-totale","url":"https:\/\/www.faronics.com\/fr\/gelez-votre-configuration-et-oubliez-les-soucis-votre-systeme-pourra-etre-instantanement-restaure-pour-une-securite-totale","name":"Gelez votre configuration et oubliez les soucis : votre syst\u00e8me pourra \u00eatre instantan\u00e9ment restaur\u00e9 pour une s\u00e9curit\u00e9 totale - Faronics","isPartOf":{"@id":"https:\/\/www.faronics.com\/fr#website"},"datePublished":"2012-06-18T11:44:05+00:00","dateModified":"2012-06-18T11:45:17+00:00","description":"Rejoignez notre Webinaire et d\u00e9couvrez comment s\u00e9curiser votre r\u00e9seau de postes de travail en \u00e9liminant les logiciels malveillant \u00e0 l'aide d'un simple","breadcrumb":{"@id":"https:\/\/www.faronics.com\/fr\/gelez-votre-configuration-et-oubliez-les-soucis-votre-systeme-pourra-etre-instantanement-restaure-pour-une-securite-totale#breadcrumb"},"inLanguage":"fr-FR","potentialAction":[{"@type":"ReadAction","target":["https:\/\/www.faronics.com\/fr\/gelez-votre-configuration-et-oubliez-les-soucis-votre-systeme-pourra-etre-instantanement-restaure-pour-une-securite-totale"]}]},{"@type":"BreadcrumbList","@id":"https:\/\/www.faronics.com\/fr\/gelez-votre-configuration-et-oubliez-les-soucis-votre-systeme-pourra-etre-instantanement-restaure-pour-une-securite-totale#breadcrumb","itemListElement":[{"@type":"ListItem","position":1,"name":"Home","item":"https:\/\/www.faronics.com\/fr"},{"@type":"ListItem","position":2,"name":"Gelez votre configuration et oubliez les soucis : votre syst\u00e8me pourra \u00eatre instantan\u00e9ment restaur\u00e9 pour une s\u00e9curit\u00e9 totale","item":"https:\/\/www.faronics.com\/fr\/gelez-votre-configuration-et-oubliez-les-soucis-votre-systeme-pourra-etre-instantanement-restaure-pour-une-securite-totale\/"}]},{"@type":"WebSite","@id":"https:\/\/www.faronics.com\/fr#website","url":"https:\/\/www.faronics.com\/fr","name":"Faronics","description":"Cr\u00e9ateurs de Deep Freeze et d'autres solutions de s\u00e9curit\u00e9 multicouche","publisher":{"@id":"https:\/\/www.faronics.com\/fr#organization"},"potentialAction":[{"@type":"SearchAction","target":{"@type":"EntryPoint","urlTemplate":"https:\/\/www.faronics.com\/fr?s={search_term_string}"},"query-input":{"@type":"PropertyValueSpecification","valueRequired":true,"valueName":"search_term_string"}}],"inLanguage":"fr-FR"},{"@type":"Organization","@id":"https:\/\/www.faronics.com\/fr#organization","name":"Faronics","url":"https:\/\/www.faronics.com\/fr","logo":{"@type":"ImageObject","inLanguage":"fr-FR","@id":"https:\/\/www.faronics.com\/fr#\/schema\/logo\/image\/","url":"https:\/\/www.faronics.com\/assets\/footer-faronics-logo.png","contentUrl":"https:\/\/www.faronics.com\/assets\/footer-faronics-logo.png","width":155,"height":44,"caption":"Faronics"},"image":{"@id":"https:\/\/www.faronics.com\/fr#\/schema\/logo\/image\/"},"sameAs":["https:\/\/www.facebook.com\/faronics","https:\/\/x.com\/faronics"]}]}},"_links":{"self":[{"href":"https:\/\/www.faronics.com\/fr\/wp-json\/wp\/v2\/pages\/55852","targetHints":{"allow":["GET"]}}],"collection":[{"href":"https:\/\/www.faronics.com\/fr\/wp-json\/wp\/v2\/pages"}],"about":[{"href":"https:\/\/www.faronics.com\/fr\/wp-json\/wp\/v2\/types\/page"}],"author":[{"embeddable":true,"href":"https:\/\/www.faronics.com\/fr\/wp-json\/wp\/v2\/users\/108"}],"replies":[{"embeddable":true,"href":"https:\/\/www.faronics.com\/fr\/wp-json\/wp\/v2\/comments?post=55852"}],"version-history":[{"count":0,"href":"https:\/\/www.faronics.com\/fr\/wp-json\/wp\/v2\/pages\/55852\/revisions"}],"wp:attachment":[{"href":"https:\/\/www.faronics.com\/fr\/wp-json\/wp\/v2\/media?parent=55852"}],"curies":[{"name":"wp","href":"https:\/\/api.w.org\/{rel}","templated":true}]}}