{"id":236873,"date":"2020-05-19T00:27:18","date_gmt":"2020-05-19T07:27:18","guid":{"rendered":"https:\/\/www.faronics.com\/webinar"},"modified":"2024-11-27T08:05:28","modified_gmt":"2024-11-27T16:05:28","slug":"events","status":"publish","type":"page","link":"https:\/\/www.faronics.com\/fr\/events","title":{"rendered":"Faronics Webinar"},"content":{"rendered":"","protected":false},"excerpt":{"rendered":"","protected":false},"author":124,"featured_media":0,"parent":0,"menu_order":0,"comment_status":"closed","ping_status":"closed","template":"page-template-faronics-webinar.php","meta":{"_acf_changed":false,"inline_featured_image":false,"footnotes":""},"class_list":["post-236873","page","type-page","status-publish","hentry"],"acf":[],"yoast_head":"<!-- This site is optimized with the Yoast SEO Premium plugin v27.3 (Yoast SEO v27.3) - https:\/\/yoast.com\/product\/yoast-seo-premium-wordpress\/ -->\n<title>Faronics Webinar - Faronics<\/title>\n<meta name=\"robots\" content=\"index, follow, max-snippet:-1, max-image-preview:large, max-video-preview:-1\" \/>\n<link rel=\"canonical\" href=\"https:\/\/www.faronics.com\/fr\/events\" \/>\n<meta property=\"og:locale\" content=\"fr_FR\" \/>\n<meta property=\"og:type\" content=\"article\" \/>\n<meta property=\"og:title\" content=\"Faronics Webinar\" \/>\n<meta property=\"og:url\" content=\"https:\/\/www.faronics.com\/fr\/events\" \/>\n<meta property=\"og:site_name\" content=\"Faronics\" \/>\n<meta property=\"article:publisher\" content=\"https:\/\/www.facebook.com\/faronics\" \/>\n<meta property=\"article:modified_time\" content=\"2024-11-27T16:05:28+00:00\" \/>\n<meta name=\"twitter:card\" content=\"summary_large_image\" \/>\n<meta name=\"twitter:site\" content=\"@faronics\" \/>\n<script type=\"application\/ld+json\" class=\"yoast-schema-graph\">{\"@context\":\"https:\\\/\\\/schema.org\",\"@graph\":[{\"@type\":\"WebPage\",\"@id\":\"https:\\\/\\\/www.faronics.com\\\/fr\\\/events\",\"url\":\"https:\\\/\\\/www.faronics.com\\\/fr\\\/events\",\"name\":\"Faronics Webinar - Faronics\",\"isPartOf\":{\"@id\":\"https:\\\/\\\/www.faronics.com\\\/fr#website\"},\"datePublished\":\"2020-05-19T07:27:18+00:00\",\"dateModified\":\"2024-11-27T16:05:28+00:00\",\"breadcrumb\":{\"@id\":\"https:\\\/\\\/www.faronics.com\\\/fr\\\/events#breadcrumb\"},\"inLanguage\":\"fr-FR\",\"potentialAction\":[{\"@type\":\"ReadAction\",\"target\":[\"https:\\\/\\\/www.faronics.com\\\/fr\\\/events\"]}]},{\"@type\":\"BreadcrumbList\",\"@id\":\"https:\\\/\\\/www.faronics.com\\\/fr\\\/events#breadcrumb\",\"itemListElement\":[{\"@type\":\"ListItem\",\"position\":1,\"name\":\"Home\",\"item\":\"https:\\\/\\\/www.faronics.com\\\/fr\"},{\"@type\":\"ListItem\",\"position\":2,\"name\":\"Faronics Webinar\",\"item\":\"https:\\\/\\\/www.faronics.com\\\/fr\\\/faronics-webinar\\\/\"}]},{\"@type\":\"WebSite\",\"@id\":\"https:\\\/\\\/www.faronics.com\\\/fr#website\",\"url\":\"https:\\\/\\\/www.faronics.com\\\/fr\",\"name\":\"Faronics\",\"description\":\"Cr\u00e9ateurs de Deep Freeze et d'autres solutions de s\u00e9curit\u00e9 multicouche\",\"publisher\":{\"@id\":\"https:\\\/\\\/www.faronics.com\\\/fr#organization\"},\"potentialAction\":[{\"@type\":\"SearchAction\",\"target\":{\"@type\":\"EntryPoint\",\"urlTemplate\":\"https:\\\/\\\/www.faronics.com\\\/fr?s={search_term_string}\"},\"query-input\":{\"@type\":\"PropertyValueSpecification\",\"valueRequired\":true,\"valueName\":\"search_term_string\"}}],\"inLanguage\":\"fr-FR\"},{\"@type\":\"Organization\",\"@id\":\"https:\\\/\\\/www.faronics.com\\\/fr#organization\",\"name\":\"Faronics\",\"url\":\"https:\\\/\\\/www.faronics.com\\\/fr\",\"logo\":{\"@type\":\"ImageObject\",\"inLanguage\":\"fr-FR\",\"@id\":\"https:\\\/\\\/www.faronics.com\\\/fr#\\\/schema\\\/logo\\\/image\\\/\",\"url\":\"https:\\\/\\\/www.faronics.com\\\/assets\\\/footer-faronics-logo.png\",\"contentUrl\":\"https:\\\/\\\/www.faronics.com\\\/assets\\\/footer-faronics-logo.png\",\"width\":155,\"height\":44,\"caption\":\"Faronics\"},\"image\":{\"@id\":\"https:\\\/\\\/www.faronics.com\\\/fr#\\\/schema\\\/logo\\\/image\\\/\"},\"sameAs\":[\"https:\\\/\\\/www.facebook.com\\\/faronics\",\"https:\\\/\\\/x.com\\\/faronics\"]}]}<\/script>\n<!-- \/ Yoast SEO Premium plugin. -->","yoast_head_json":{"title":"Faronics Webinar - Faronics","robots":{"index":"index","follow":"follow","max-snippet":"max-snippet:-1","max-image-preview":"max-image-preview:large","max-video-preview":"max-video-preview:-1"},"canonical":"https:\/\/www.faronics.com\/fr\/events","og_locale":"fr_FR","og_type":"article","og_title":"Faronics Webinar","og_url":"https:\/\/www.faronics.com\/fr\/events","og_site_name":"Faronics","article_publisher":"https:\/\/www.facebook.com\/faronics","article_modified_time":"2024-11-27T16:05:28+00:00","twitter_card":"summary_large_image","twitter_site":"@faronics","schema":{"@context":"https:\/\/schema.org","@graph":[{"@type":"WebPage","@id":"https:\/\/www.faronics.com\/fr\/events","url":"https:\/\/www.faronics.com\/fr\/events","name":"Faronics Webinar - Faronics","isPartOf":{"@id":"https:\/\/www.faronics.com\/fr#website"},"datePublished":"2020-05-19T07:27:18+00:00","dateModified":"2024-11-27T16:05:28+00:00","breadcrumb":{"@id":"https:\/\/www.faronics.com\/fr\/events#breadcrumb"},"inLanguage":"fr-FR","potentialAction":[{"@type":"ReadAction","target":["https:\/\/www.faronics.com\/fr\/events"]}]},{"@type":"BreadcrumbList","@id":"https:\/\/www.faronics.com\/fr\/events#breadcrumb","itemListElement":[{"@type":"ListItem","position":1,"name":"Home","item":"https:\/\/www.faronics.com\/fr"},{"@type":"ListItem","position":2,"name":"Faronics Webinar","item":"https:\/\/www.faronics.com\/fr\/faronics-webinar\/"}]},{"@type":"WebSite","@id":"https:\/\/www.faronics.com\/fr#website","url":"https:\/\/www.faronics.com\/fr","name":"Faronics","description":"Cr\u00e9ateurs de Deep Freeze et d'autres solutions de s\u00e9curit\u00e9 multicouche","publisher":{"@id":"https:\/\/www.faronics.com\/fr#organization"},"potentialAction":[{"@type":"SearchAction","target":{"@type":"EntryPoint","urlTemplate":"https:\/\/www.faronics.com\/fr?s={search_term_string}"},"query-input":{"@type":"PropertyValueSpecification","valueRequired":true,"valueName":"search_term_string"}}],"inLanguage":"fr-FR"},{"@type":"Organization","@id":"https:\/\/www.faronics.com\/fr#organization","name":"Faronics","url":"https:\/\/www.faronics.com\/fr","logo":{"@type":"ImageObject","inLanguage":"fr-FR","@id":"https:\/\/www.faronics.com\/fr#\/schema\/logo\/image\/","url":"https:\/\/www.faronics.com\/assets\/footer-faronics-logo.png","contentUrl":"https:\/\/www.faronics.com\/assets\/footer-faronics-logo.png","width":155,"height":44,"caption":"Faronics"},"image":{"@id":"https:\/\/www.faronics.com\/fr#\/schema\/logo\/image\/"},"sameAs":["https:\/\/www.facebook.com\/faronics","https:\/\/x.com\/faronics"]}]}},"_links":{"self":[{"href":"https:\/\/www.faronics.com\/fr\/wp-json\/wp\/v2\/pages\/236873","targetHints":{"allow":["GET"]}}],"collection":[{"href":"https:\/\/www.faronics.com\/fr\/wp-json\/wp\/v2\/pages"}],"about":[{"href":"https:\/\/www.faronics.com\/fr\/wp-json\/wp\/v2\/types\/page"}],"author":[{"embeddable":true,"href":"https:\/\/www.faronics.com\/fr\/wp-json\/wp\/v2\/users\/124"}],"replies":[{"embeddable":true,"href":"https:\/\/www.faronics.com\/fr\/wp-json\/wp\/v2\/comments?post=236873"}],"version-history":[{"count":3,"href":"https:\/\/www.faronics.com\/fr\/wp-json\/wp\/v2\/pages\/236873\/revisions"}],"predecessor-version":[{"id":256698,"href":"https:\/\/www.faronics.com\/fr\/wp-json\/wp\/v2\/pages\/236873\/revisions\/256698"}],"wp:attachment":[{"href":"https:\/\/www.faronics.com\/fr\/wp-json\/wp\/v2\/media?parent=236873"}],"curies":[{"name":"wp","href":"https:\/\/api.w.org\/{rel}","templated":true}]}}