{"id":19038,"date":"2011-08-09T21:38:24","date_gmt":"2011-08-10T04:38:24","guid":{"rendered":"https:\/\/www.faronics.com\/?page_id=19038"},"modified":"2014-11-18T07:42:19","modified_gmt":"2014-11-18T15:42:19","slug":"fcpc_fr","status":"publish","type":"page","link":"https:\/\/www.faronics.com\/fr\/fcpc_fr","title":{"rendered":"Faronics Core Programming Competition"},"content":{"rendered":"<p><a href=\"\/assets\/fcpc.jpg\"><img loading=\"lazy\" decoding=\"async\" class=\"aligncenter size-full wp-image-2673\" title=\"fcpc\" src=\"\/assets\/fcpc.jpg\" alt=\"Faronics Core Programming Competition\" width=\"750\" height=\"285\" \/><\/a><\/p>\n<p>&nbsp;<\/p>\n<p>&nbsp;<\/p>\n<div class=\"one-half clearfix\"><\/p>\n<h3>Faronics presents the<\/h3>\n<p><strong>Faronics Core Programming Competition (FCPC).<\/strong><\/p>\n<h2>Do you have what<\/h2>\n<p><strong>IT takes?<\/strong><\/p>\n<p>This contest provides computer science students with an opportunity to test their skills and knowledge in building real products that integrate with a real computer management platform &#8211; Faronics Core.<\/p>\n<h3>First Place Cash Prize<strong> &#8211; $US 20,000<\/strong><\/h3>\n<p>Second Place Cash Prize\u00a0<strong>&#8211; $US 10,000<\/strong><\/p>\n<p><strong>Start &#8211; January 31, APPLY NOW!<\/strong><\/p>\n<p><\/div>\n<p>&nbsp;<\/p>\n<div class=\"one-half clearfix\"><\/p>\n<h3>Who is\u00a0<strong>Faronics?<\/strong><\/h3>\n<p>Faronics is a market leader in delivering solutions that help manage, simplify, and secure computing environments. Every Faronics product focuses on delivering absolute control of computing environments. Our award-winning software is able to meet the diverse needs of today&rsquo;s technology demands, whether it be delivering total workstation reliability to IT, complete classroom control to educators, or intelligent energy management to organizations.<\/p>\n<p>&nbsp;<\/p>\n<h3>What is\u00a0<strong>Faronics Core?<\/strong><\/h3>\n<p>Faronics Core serves as a centralized software deployment and management platform for Faronics&rsquo;s products. It enables IT administrators to provide fine-grained control of product configurations at individual end nodes, including the ability to alter configuration settings automatically based on spefici policies, events or time of day.<\/p>\n<p><\/div>\n<p>&nbsp;<\/p>\n<p>&nbsp;<\/p>\n<h2><strong>Interested?<\/strong> Here&rsquo;s how to get started!<\/h2>\n<p>&nbsp;<\/p>\n<h2>What<\/h2>\n<p>FCPC is a student programming contest. Use Faronics Core SDK to develop a software product that integrates with Faronics Core.<\/p>\n<p>The contest project is expected to be completed as part of your term project for a course at your educational institution.<\/p>\n<p><a href=\"https:\/\/www.faronics.com\/faronics\/documents\/FCPC-Rules.pdf\" target=\"_blank\">Download contest rules<\/a> to learn more.<\/p>\n<p>&nbsp;<\/p>\n<h2>When<\/h2>\n<p>FCPC is designed as a term project. The Contest starts January 31, 2011. The contest ends July 31, 2011.<\/p>\n<p>Download registration form to apply.<\/p>\n<p>&nbsp;<\/p>\n<h2>How<\/h2>\n<p>Each Contest team shall consist of three to four students working on a term project. A faculty member is designated as a team&rsquo;s coach. The coach serves as the official point of contact and registered the team for the Contest. Questions? Refer to our\u00a0<a href=\"https:\/\/www.faronics.com\/Landing\/FCPC\/FCPC-FAQ.aspx\">FAQ page<\/a>.<\/p>\n<p>Submissions are analyzed by the FCPC Steering Committee and the two winners are announced on September 1, 2011.<\/p>\n<p>&nbsp;<\/p>\n<h2>Why<\/h2>\n<p>We want to help computer science students to obtain real life experience in designing and building products that work with tools that are widely used.<\/p>\n<p>We also want to provide students an opportunity to see how easy and exciting programming for Faronics Core can be.<\/p>\n<p>&nbsp;<\/p>\n","protected":false},"excerpt":{"rendered":"<p><a href=\"\/assets\/fcpc.jpg\"><img loading=\"lazy\" decoding=\"async\" class=\"aligncenter size-full wp-image-2673\" title=\"fcpc\" src=\"\/assets\/fcpc.jpg\" alt=\"Faronics Core Programming Competition\" width=\"750\" height=\"285\" \/><\/a><\/p>\n<p>&nbsp;<\/p>\n<p>&nbsp;<\/p>\n<div class=\"one-half clearfix\"> Faronics presents the <\/p>\n<p><strong>Faronics Core Programming Competition (FCPC).<\/strong><\/p>\n<p> Do you have what <\/p>\n<p><strong>IT takes?<\/strong><\/p>\n<p>This contest provides computer science students with an opportunity to test their skills and knowledge in building real products that integrate with a real computer management platform &#8211; Faronics Core.<\/p>\n<p> First Place Cash Prize<strong> &#8211; $US 20,000<\/strong> <\/p>\n<p>Second Place Cash Prize\u00a0<strong>&#8211; $US 10,000<\/strong><\/p>\n<p><strong>Start &#8211; January 31, APPLY NOW!<\/strong><\/p>\n<\/p><\/div>\n<p>&nbsp;<\/p>\n<div class=\"one-half clearfix\"> Who is\u00a0<strong>Faronics?<\/strong> <\/p>\n<p>Faronics is a market leader in delivering solutions that help manage, simplify, and secure computing environments. Every Faronics product focuses on delivering absolute control of computing environments. Our award-winning software is able to meet the diverse needs of today&rsquo;s technology demands, whether it be delivering total workstation reliability to IT, complete classroom control to educators, or intelligent energy management to organizations.<\/p>\n<p>&nbsp;<\/p>\n<p> What is\u00a0<strong>Faronics Core?<\/strong> <\/p>\n<p>Faronics Core serves as a centralized software deployment and management platform for Faronics&rsquo;s products. It enables IT administrators to provide fine-grained control of product configurations at individual end nodes, including the ability to alter configuration settings automatically based on spefici policies, events or time of day.<\/p>\n<\/p><\/div>\n<p>&nbsp;<\/p>\n<p>&nbsp;<\/p>\n<p> <strong>Interested?<\/strong> Here&rsquo;s how to get started! <\/p>\n<p>&nbsp;<\/p>\n<p> What <\/p>\n<p>FCPC is a student programming contest. Use Faronics Core SDK to develop a software product that integrates with Faronics Core.<\/p>\n<p>The contest project is expected to be completed as part of your term project for a course <\/p>\n<div class=\"more\"><a href=\"https:\/\/www.faronics.com\/fr\/fcpc_fr\">Continue Reading&#8230;<\/a><\/div>\n","protected":false},"author":110,"featured_media":0,"parent":0,"menu_order":0,"comment_status":"open","ping_status":"open","template":"page-full.php","meta":{"_acf_changed":false,"inline_featured_image":false,"footnotes":""},"class_list":["post-19038","page","type-page","status-publish","hentry"],"acf":[],"yoast_head":"<!-- This site is optimized with the Yoast SEO Premium plugin v27.6 (Yoast SEO v27.6) - https:\/\/yoast.com\/product\/yoast-seo-premium-wordpress\/ -->\n<title>Faronics Core Programming Competition - Faronics<\/title>\n<meta name=\"description\" content=\"&nbsp; &nbsp; &nbsp; &nbsp; &nbsp; Interested? Here&#039;s how to get started! &nbsp; What FCPC is a student programming contest. Use Faronics Core SDK to\" \/>\n<meta name=\"robots\" content=\"noindex, follow\" \/>\n<meta property=\"og:locale\" content=\"fr_FR\" \/>\n<meta property=\"og:type\" content=\"article\" \/>\n<meta property=\"og:title\" content=\"Faronics Core Programming Competition\" \/>\n<meta property=\"og:description\" content=\"&nbsp; &nbsp; &nbsp; &nbsp; &nbsp; Interested? Here&#039;s how to get started! &nbsp; What FCPC is a student programming contest. Use Faronics Core SDK to\" \/>\n<meta property=\"og:url\" content=\"https:\/\/www.faronics.com\/fr\/fcpc_fr\" \/>\n<meta property=\"og:site_name\" content=\"Faronics\" \/>\n<meta property=\"article:publisher\" content=\"https:\/\/www.facebook.com\/faronics\" \/>\n<meta property=\"article:modified_time\" content=\"2014-11-18T15:42:19+00:00\" \/>\n<meta property=\"og:image\" content=\"https:\/\/www.faronics.com\/assets\/fcpc.jpg\" \/>\n<meta name=\"twitter:card\" content=\"summary_large_image\" \/>\n<meta name=\"twitter:site\" content=\"@faronics\" \/>\n<meta name=\"twitter:label1\" content=\"Dur\u00e9e de lecture estim\u00e9e\" \/>\n\t<meta name=\"twitter:data1\" content=\"2 minutes\" \/>\n<script type=\"application\/ld+json\" class=\"yoast-schema-graph\">{\"@context\":\"https:\\\/\\\/schema.org\",\"@graph\":[{\"@type\":\"WebPage\",\"@id\":\"https:\\\/\\\/www.faronics.com\\\/fr\\\/fcpc_fr\",\"url\":\"https:\\\/\\\/www.faronics.com\\\/fr\\\/fcpc_fr\",\"name\":\"Faronics Core Programming Competition - Faronics\",\"isPartOf\":{\"@id\":\"https:\\\/\\\/www.faronics.com\\\/fr#website\"},\"datePublished\":\"2011-08-10T04:38:24+00:00\",\"dateModified\":\"2014-11-18T15:42:19+00:00\",\"description\":\"&nbsp; &nbsp; &nbsp; &nbsp; &nbsp; Interested? Here's how to get started! &nbsp; What FCPC is a student programming contest. Use Faronics Core SDK to\",\"breadcrumb\":{\"@id\":\"https:\\\/\\\/www.faronics.com\\\/fr\\\/fcpc_fr#breadcrumb\"},\"inLanguage\":\"fr-FR\",\"potentialAction\":[{\"@type\":\"ReadAction\",\"target\":[\"https:\\\/\\\/www.faronics.com\\\/fr\\\/fcpc_fr\"]}]},{\"@type\":\"BreadcrumbList\",\"@id\":\"https:\\\/\\\/www.faronics.com\\\/fr\\\/fcpc_fr#breadcrumb\",\"itemListElement\":[{\"@type\":\"ListItem\",\"position\":1,\"name\":\"Home\",\"item\":\"https:\\\/\\\/www.faronics.com\\\/fr\"},{\"@type\":\"ListItem\",\"position\":2,\"name\":\"Faronics Core Programming Competition\",\"item\":\"https:\\\/\\\/www.faronics.com\\\/fr\\\/faronics-core-programming-competition\\\/\"}]},{\"@type\":\"WebSite\",\"@id\":\"https:\\\/\\\/www.faronics.com\\\/fr#website\",\"url\":\"https:\\\/\\\/www.faronics.com\\\/fr\",\"name\":\"Faronics\",\"description\":\"Cr\u00e9ateurs de Deep Freeze et d'autres solutions de s\u00e9curit\u00e9 multicouche\",\"publisher\":{\"@id\":\"https:\\\/\\\/www.faronics.com\\\/fr#organization\"},\"potentialAction\":[{\"@type\":\"SearchAction\",\"target\":{\"@type\":\"EntryPoint\",\"urlTemplate\":\"https:\\\/\\\/www.faronics.com\\\/fr?s={search_term_string}\"},\"query-input\":{\"@type\":\"PropertyValueSpecification\",\"valueRequired\":true,\"valueName\":\"search_term_string\"}}],\"inLanguage\":\"fr-FR\"},{\"@type\":\"Organization\",\"@id\":\"https:\\\/\\\/www.faronics.com\\\/fr#organization\",\"name\":\"Faronics\",\"url\":\"https:\\\/\\\/www.faronics.com\\\/fr\",\"logo\":{\"@type\":\"ImageObject\",\"inLanguage\":\"fr-FR\",\"@id\":\"https:\\\/\\\/www.faronics.com\\\/fr#\\\/schema\\\/logo\\\/image\\\/\",\"url\":\"https:\\\/\\\/www.faronics.com\\\/assets\\\/footer-faronics-logo.png\",\"contentUrl\":\"https:\\\/\\\/www.faronics.com\\\/assets\\\/footer-faronics-logo.png\",\"width\":155,\"height\":44,\"caption\":\"Faronics\"},\"image\":{\"@id\":\"https:\\\/\\\/www.faronics.com\\\/fr#\\\/schema\\\/logo\\\/image\\\/\"},\"sameAs\":[\"https:\\\/\\\/www.facebook.com\\\/faronics\",\"https:\\\/\\\/x.com\\\/faronics\"]}]}<\/script>\n<!-- \/ Yoast SEO Premium plugin. -->","yoast_head_json":{"title":"Faronics Core Programming Competition - Faronics","description":"&nbsp; &nbsp; &nbsp; &nbsp; &nbsp; Interested? Here's how to get started! &nbsp; What FCPC is a student programming contest. Use Faronics Core SDK to","robots":{"index":"noindex","follow":"follow"},"og_locale":"fr_FR","og_type":"article","og_title":"Faronics Core Programming Competition","og_description":"&nbsp; &nbsp; &nbsp; &nbsp; &nbsp; Interested? Here's how to get started! &nbsp; What FCPC is a student programming contest. Use Faronics Core SDK to","og_url":"https:\/\/www.faronics.com\/fr\/fcpc_fr","og_site_name":"Faronics","article_publisher":"https:\/\/www.facebook.com\/faronics","article_modified_time":"2014-11-18T15:42:19+00:00","og_image":[{"url":"https:\/\/www.faronics.com\/assets\/fcpc.jpg","type":"","width":"","height":""}],"twitter_card":"summary_large_image","twitter_site":"@faronics","twitter_misc":{"Dur\u00e9e de lecture estim\u00e9e":"2 minutes"},"schema":{"@context":"https:\/\/schema.org","@graph":[{"@type":"WebPage","@id":"https:\/\/www.faronics.com\/fr\/fcpc_fr","url":"https:\/\/www.faronics.com\/fr\/fcpc_fr","name":"Faronics Core Programming Competition - Faronics","isPartOf":{"@id":"https:\/\/www.faronics.com\/fr#website"},"datePublished":"2011-08-10T04:38:24+00:00","dateModified":"2014-11-18T15:42:19+00:00","description":"&nbsp; &nbsp; &nbsp; &nbsp; &nbsp; Interested? Here's how to get started! &nbsp; What FCPC is a student programming contest. Use Faronics Core SDK to","breadcrumb":{"@id":"https:\/\/www.faronics.com\/fr\/fcpc_fr#breadcrumb"},"inLanguage":"fr-FR","potentialAction":[{"@type":"ReadAction","target":["https:\/\/www.faronics.com\/fr\/fcpc_fr"]}]},{"@type":"BreadcrumbList","@id":"https:\/\/www.faronics.com\/fr\/fcpc_fr#breadcrumb","itemListElement":[{"@type":"ListItem","position":1,"name":"Home","item":"https:\/\/www.faronics.com\/fr"},{"@type":"ListItem","position":2,"name":"Faronics Core Programming Competition","item":"https:\/\/www.faronics.com\/fr\/faronics-core-programming-competition\/"}]},{"@type":"WebSite","@id":"https:\/\/www.faronics.com\/fr#website","url":"https:\/\/www.faronics.com\/fr","name":"Faronics","description":"Cr\u00e9ateurs de Deep Freeze et d'autres solutions de s\u00e9curit\u00e9 multicouche","publisher":{"@id":"https:\/\/www.faronics.com\/fr#organization"},"potentialAction":[{"@type":"SearchAction","target":{"@type":"EntryPoint","urlTemplate":"https:\/\/www.faronics.com\/fr?s={search_term_string}"},"query-input":{"@type":"PropertyValueSpecification","valueRequired":true,"valueName":"search_term_string"}}],"inLanguage":"fr-FR"},{"@type":"Organization","@id":"https:\/\/www.faronics.com\/fr#organization","name":"Faronics","url":"https:\/\/www.faronics.com\/fr","logo":{"@type":"ImageObject","inLanguage":"fr-FR","@id":"https:\/\/www.faronics.com\/fr#\/schema\/logo\/image\/","url":"https:\/\/www.faronics.com\/assets\/footer-faronics-logo.png","contentUrl":"https:\/\/www.faronics.com\/assets\/footer-faronics-logo.png","width":155,"height":44,"caption":"Faronics"},"image":{"@id":"https:\/\/www.faronics.com\/fr#\/schema\/logo\/image\/"},"sameAs":["https:\/\/www.facebook.com\/faronics","https:\/\/x.com\/faronics"]}]}},"_links":{"self":[{"href":"https:\/\/www.faronics.com\/fr\/wp-json\/wp\/v2\/pages\/19038","targetHints":{"allow":["GET"]}}],"collection":[{"href":"https:\/\/www.faronics.com\/fr\/wp-json\/wp\/v2\/pages"}],"about":[{"href":"https:\/\/www.faronics.com\/fr\/wp-json\/wp\/v2\/types\/page"}],"author":[{"embeddable":true,"href":"https:\/\/www.faronics.com\/fr\/wp-json\/wp\/v2\/users\/110"}],"replies":[{"embeddable":true,"href":"https:\/\/www.faronics.com\/fr\/wp-json\/wp\/v2\/comments?post=19038"}],"version-history":[{"count":0,"href":"https:\/\/www.faronics.com\/fr\/wp-json\/wp\/v2\/pages\/19038\/revisions"}],"wp:attachment":[{"href":"https:\/\/www.faronics.com\/fr\/wp-json\/wp\/v2\/media?parent=19038"}],"curies":[{"name":"wp","href":"https:\/\/api.w.org\/{rel}","templated":true}]}}