{"id":150195,"date":"2015-12-03T00:04:51","date_gmt":"2015-12-03T08:04:51","guid":{"rendered":"https:\/\/www.faronics.com\/fr\/library-menu\/"},"modified":"2015-12-03T00:04:51","modified_gmt":"2015-12-03T08:04:51","slug":"library-menu","status":"publish","type":"page","link":"https:\/\/www.faronics.com\/fr\/library-menu","title":{"rendered":"Library Menu"},"content":{"rendered":"<nav id=\"primary-nav\" class=\"primary-nav-en\" role=\"navigation\" style=\"margin-left: 0px;padding-bottom: 30px;clear: both;position: relative;width: 100%;\">\n<div id=\"menu-primary\" class=\"sf-menu\" style=\"margin-left:0px; margin-right:0px;width: 100%;\">\n<div id=\"menu-item-32130\" class=\"menu-item menu-item-type-custom menu-item-object-custom menu-item-has-children menu-item-32130\"><a href=\"#\">LIBRARY<\/a><\/div>\n<div class=\"psub-menu\">\n<div class=\"pheadermenu\" style=\"margin-top: 20px;\">\n<div><a href=\"#\" class=\"autohide1 zoom open\" id=\"on-premise-id\">BY PRODUCTS<\/a><\/div>\n<\/div>\n<ul style=\"display: block !important; line-height: 0px; list-style: none outside none; margin-left:0px;\">\n<li><a href=\"https:\/\/www.faronics.com\/fr\/document-library_fr?product=doc_product_category_deep&#038;qcAC=1\" style=\"color: #000 !important;font-weight: 600;\">DEEP FREEZE<\/a><\/li>\n<li><a href=\"https:\/\/www.faronics.com\/fr\/document-library_fr?product=doc_product_category_deep&#038;edition=cloud\"><img decoding=\"async\" src=\"\/img\/menu_dfsrv.png\" style=\" width: 64px; height: 45px;\">Deep Freeze Cloud<\/a><\/li>\n<li><a href=\"https:\/\/www.faronics.com\/fr\/document-library_fr?product=doc_product_category_av&#038;qcAC=1\"><img decoding=\"async\" src=\"\/img\/menu_antivirus.png\" style=\" width: 64px; height: 45px;\">Anti-Virus<\/a><\/li>\n<li><a href=\"https:\/\/www.faronics.com\/fr\/document-library_fr?product=doc_product_category_ae&#038;qcAC=1\"><img decoding=\"async\" src=\"\/img\/menu_antiv.png\" style=\" width: 64px; height: 45px;\">Anti-Executable<\/a><\/li>\n<li><a href=\"https:\/\/www.faronics.com\/fr\/document-library_fr?product=doc_product_category_ws&#038;qcAC=1\"><img decoding=\"async\" src=\"\/img\/menu_winse.png\" style=\" width: 64px; height: 45px;\">WINSelect<\/a><\/li>\n<li class=\"other_product_menu\" style=\"display: none;\"><a href=\"https:\/\/www.faronics.com\/fr\/document-library_fr?product=doc_product_category_in&#038;qcAC=1\"><img decoding=\"async\" src=\"\/img\/menu_insight.png\" style=\" width: 64px; height: 45px;\">Insight<\/a><\/li>\n<li class=\"other_product_menu\" style=\"display: none;\"><a href=\"https:\/\/www.faronics.com\/fr\/document-library_fr?product=doc_product_category_ps&#038;qcAC=1\"><img decoding=\"async\" src=\"\/img\/menu_power-ave.png\" style=\" width: 64px; height: 45px;\">Power Save<\/a><\/li>\n<li class=\"other_product_menu\" style=\"display: none;\"><a href=\"https:\/\/www.faronics.com\/fr\/document-library_fr?product=doc_product_category_di&#038;qcAC=1\"><img decoding=\"async\" src=\"\/img\/menu_data-igloo.png\" style=\" width: 64px; height: 45px;\">Data Igloo<\/a><\/li>\n<li class=\"other_product_menu\" style=\"display: none;\"><a href=\"https:\/\/www.faronics.com\/fr\/document-library_fr?product=doc_product_category_core&#038;qcAC=1\"><img decoding=\"async\" src=\"\/img\/menu_faronicscore.png\" style=\" width: 64px; height: 45px;\">Faronics Core<\/a><\/li>\n<li  style=\"border: none;\"><a href=\"javascript:;\" id=\"show_more_product\" style=\"color:#d30709 !important;\">more ><\/a><\/li>\n<\/ul>\n<div class=\"pheadermenu\" style=\"margin-top: 20px;\">\n<div><a href=\"#\" class=\"autohide1 zoom open\">BY RESOURCES<\/a><\/div>\n<\/div>\n<ul style=\"display: block !important; line-height: 0px; list-style: none outside none; margin-left:0px;\">\n<li><a href=\"https:\/\/www.faronics.com\/fr\/document-library_fr?doctype=doc_case_study\">Case Study<\/a><\/li>\n<li><a href=\"https:\/\/www.faronics.com\/fr\/document-library_fr?doctype=doc_feature_history\">Feature History<\/a><\/li>\n<li><a href=\"https:\/\/www.faronics.com\/fr\/document-library_fr?doctype=doc_get_started_guide\">Get Started Guide<\/a><\/li>\n<li><a href=\"https:\/\/www.faronics.com\/fr\/document-library_fr?doctype=doc_product_brochures\">Product Brochures<\/a><\/li>\n<li><a href=\"https:\/\/www.faronics.com\/fr\/document-library_fr?doctype=doc_prod_data_sheet\">Product Data Sheet<\/a><\/li>\n<li class=\"dfc_feature_menu\" style=\"display: none;padding-left: 0px;\"><a href=\"https:\/\/www.faronics.com\/fr\/document-library_fr?doctype=doc_release_notes\">Release Notes<\/a><\/li>\n<li class=\"dfc_feature_menu\" style=\"display: none;padding-left: 0px;\"><a href=\"https:\/\/www.faronics.com\/fr\/document-library_fr?doctype=doc_software_download\">Software Download<\/a><\/li>\n<li class=\"dfc_feature_menu\" style=\"display: none;padding-left: 0px;\"><a href=\"https:\/\/www.faronics.com\/fr\/document-library_fr?doctype=doc_technical_paper\">Technical Paper<\/a><\/li>\n<li class=\"dfc_feature_menu\" style=\"display: none;padding-left: 0px;\"><a href=\"https:\/\/www.faronics.com\/fr\/document-library_fr?doctype=doc_user_guide\">User Guide<\/a><\/li>\n<li class=\"dfc_feature_menu\" style=\"display: none;padding-left: 0px;\"><a href=\"https:\/\/www.faronics.com\/fr\/document-library_fr?doctype=doc_videos\">Videos<\/a><\/li>\n<li class=\"dfc_feature_menu\" style=\"display: none;padding-left: 0px;\"><a href=\"https:\/\/www.faronics.com\/fr\/document-library_fr?doctype=doc_webinar\">Webinar<\/a><\/li>\n<li class=\"dfc_feature_menu\" style=\"display: none;padding-left: 0px;\"><a href=\"https:\/\/www.faronics.com\/fr\/document-library_fr?doctype=doc_white_paper\">White Paper<\/a><\/li>\n<li  style=\"border: none;\"><a href=\"javascript:;\" id=\"more_dfc_feature\" style=\"color:#d30709 !important;\">more ><\/a><\/li>\n<\/ul><\/div>\n<\/p><\/div>\n<\/nav>\n","protected":false},"excerpt":{"rendered":"<div id=\"menu-primary\" class=\"sf-menu\" style=\"margin-left:0px; margin-right:0px;width: 100%;\">\n<div id=\"menu-item-32130\" class=\"menu-item menu-item-type-custom menu-item-object-custom menu-item-has-children menu-item-32130\"><a href=\"#\">LIBRARY<\/a><\/div>\n<div class=\"psub-menu\">\n<div class=\"pheadermenu\" style=\"margin-top: 20px;\">\n<div><a href=\"#\" class=\"autohide1 zoom open\" id=\"on-premise-id\">BY PRODUCTS<\/a><\/div>\n<\/p><\/div>\n<ul style=\"display: block !important; line-height: 0px; list-style: none outside none; margin-left:0px;\">\n<li><a href=\"https:\/\/www.faronics.com\/fr\/document-library_fr?product=doc_product_category_deep&#038;qcAC=1\" style=\"color: #000 !important;font-weight: 600;\">DEEP FREEZE<\/a><\/li>\n<li><a href=\"https:\/\/www.faronics.com\/fr\/document-library_fr?product=doc_product_category_deep&#038;edition=cloud\"><img decoding=\"async\" src=\"\/img\/menu_dfsrv.png\" style=\" width: 64px; height: 45px;\">Deep Freeze Cloud<\/a><\/li>\n<li><a href=\"https:\/\/www.faronics.com\/fr\/document-library_fr?product=doc_product_category_av&#038;qcAC=1\"><img decoding=\"async\" src=\"\/img\/menu_antivirus.png\" style=\" width: 64px; height: 45px;\">Anti-Virus<\/a><\/li>\n<li><a href=\"https:\/\/www.faronics.com\/fr\/document-library_fr?product=doc_product_category_ae&#038;qcAC=1\"><img decoding=\"async\" src=\"\/img\/menu_antiv.png\" style=\" width: 64px; height: 45px;\">Anti-Executable<\/a><\/li>\n<li><a href=\"https:\/\/www.faronics.com\/fr\/document-library_fr?product=doc_product_category_ws&#038;qcAC=1\"><img decoding=\"async\" src=\"\/img\/menu_winse.png\" style=\" width: 64px; height: 45px;\">WINSelect<\/a><\/li>\n<li class=\"other_product_menu\" style=\"display: none;\"><a href=\"https:\/\/www.faronics.com\/fr\/document-library_fr?product=doc_product_category_in&#038;qcAC=1\"><img decoding=\"async\" src=\"\/img\/menu_insight.png\" style=\" width: 64px; height: 45px;\">Insight<\/a><\/li>\n<li class=\"other_product_menu\" style=\"display: none;\"><a href=\"https:\/\/www.faronics.com\/fr\/document-library_fr?product=doc_product_category_ps&#038;qcAC=1\"><img decoding=\"async\" src=\"\/img\/menu_power-ave.png\" style=\" width: 64px; height: 45px;\">Power Save<\/a><\/li>\n<li class=\"other_product_menu\" style=\"display: none;\"><a href=\"https:\/\/www.faronics.com\/fr\/document-library_fr?product=doc_product_category_di&#038;qcAC=1\"><img decoding=\"async\" src=\"\/img\/menu_data-igloo.png\" style=\" width: 64px; height: 45px;\">Data Igloo<\/a><\/li>\n<li class=\"other_product_menu\" style=\"display: none;\"><a href=\"https:\/\/www.faronics.com\/fr\/document-library_fr?product=doc_product_category_core&#038;qcAC=1\"><img decoding=\"async\" src=\"\/img\/menu_faronicscore.png\" style=\" width: 64px; height: 45px;\">Faronics Core<\/a><\/li>\n<li style=\"border: none;\"><a href=\"javascript:;\" id=\"show_more_product\" style=\"color:#d30709 !important;\">more ><\/a><\/li>\n<\/ul>\n<div class=\"pheadermenu\" style=\"margin-top: 20px;\">\n<div><a href=\"#\" class=\"autohide1 zoom open\">BY RESOURCES<\/a><\/div>\n<\/p><\/div>\n<ul style=\"display: block !important; line-height: 0px; list-style: none outside none; margin-left:0px;\">\n<li><a href=\"https:\/\/www.faronics.com\/fr\/document-library_fr?doctype=doc_case_study\">Case Study<\/a><\/li>\n<li><a href=\"https:\/\/www.faronics.com\/fr\/document-library_fr?doctype=doc_feature_history\">Feature History<\/a><\/li>\n<li><a href=\"https:\/\/www.faronics.com\/fr\/document-library_fr?doctype=doc_get_started_guide\">Get Started Guide<\/a><\/li>\n<li><a href=\"https:\/\/www.faronics.com\/fr\/document-library_fr?doctype=doc_product_brochures\">Product Brochures<\/a><\/li>\n<li><a href=\"https:\/\/www.faronics.com\/fr\/document-library_fr?doctype=doc_prod_data_sheet\">Product Data Sheet<\/a><\/li>\n<li class=\"dfc_feature_menu\" style=\"display: none;padding-left: 0px;\"><a href=\"https:\/\/www.faronics.com\/fr\/document-library_fr?doctype=doc_release_notes\">Release Notes<\/a><\/li>\n<li class=\"dfc_feature_menu\" style=\"display: none;padding-left: 0px;\"><a href=\"https:\/\/www.faronics.com\/fr\/document-library_fr?doctype=doc_software_download\">Software Download<\/a><\/li>\n<li class=\"dfc_feature_menu\" style=\"display: none;padding-left: 0px;\"><a href=\"https:\/\/www.faronics.com\/fr\/document-library_fr?doctype=doc_technical_paper\">Technical Paper<\/a><\/li>\n<li class=\"dfc_feature_menu\" style=\"display: none;padding-left: 0px;\"><a href=\"https:\/\/www.faronics.com\/fr\/document-library_fr?doctype=doc_user_guide\">User Guide<\/a><\/li>\n<li class=\"dfc_feature_menu\" style=\"display: none;padding-left: 0px;\"><a href=\"https:\/\/www.faronics.com\/fr\/document-library_fr?doctype=doc_videos\">Videos<\/a><\/li>\n<li class=\"dfc_feature_menu\" style=\"display: none;padding-left: 0px;\"><a href=\"https:\/\/www.faronics.com\/fr\/document-library_fr?doctype=doc_webinar\">Webinar<\/a><\/li>\n<li class=\"dfc_feature_menu\" style=\"display: none;padding-left: 0px;\"><a href=\"https:\/\/www.faronics.com\/fr\/document-library_fr?doctype=doc_white_paper\">White Paper<\/a><\/li>\n<li style=\"border: none;\"><a href=\"javascript:;\" id=\"more_dfc_feature\" style=\"color:#d30709 !important;\">more ><\/a><\/li>\n<\/ul>\n<\/div>\n<\/div>\n","protected":false},"author":124,"featured_media":0,"parent":0,"menu_order":0,"comment_status":"closed","ping_status":"closed","template":"","meta":{"_acf_changed":false,"inline_featured_image":false,"footnotes":""},"class_list":["post-150195","page","type-page","status-publish","hentry"],"acf":[],"yoast_head":"<!-- This site is optimized with the Yoast SEO Premium plugin v27.3 (Yoast SEO v27.3) - https:\/\/yoast.com\/product\/yoast-seo-premium-wordpress\/ -->\n<title>Library Menu - Faronics<\/title>\n<meta name=\"description\" content=\"LIBRARY BY PRODUCTS DEEP FREEZE Deep Freeze Cloud Anti-Virus Anti-Executable WINSelect Insight Power Save Data Igloo Faronics Core more &gt; BY RESOURCES\" \/>\n<meta name=\"robots\" content=\"index, follow, max-snippet:-1, max-image-preview:large, max-video-preview:-1\" \/>\n<link rel=\"canonical\" href=\"https:\/\/www.faronics.com\/fr\/library-menu\" \/>\n<meta property=\"og:locale\" content=\"fr_FR\" \/>\n<meta property=\"og:type\" content=\"article\" \/>\n<meta property=\"og:title\" content=\"Library Menu\" \/>\n<meta property=\"og:description\" content=\"LIBRARY BY PRODUCTS DEEP FREEZE Deep Freeze Cloud Anti-Virus Anti-Executable WINSelect Insight Power Save Data Igloo Faronics Core more &gt; BY RESOURCES\" \/>\n<meta property=\"og:url\" content=\"https:\/\/www.faronics.com\/fr\/library-menu\" \/>\n<meta property=\"og:site_name\" content=\"Faronics\" \/>\n<meta property=\"article:publisher\" content=\"https:\/\/www.facebook.com\/faronics\" \/>\n<meta property=\"og:image\" content=\"https:\/\/www.faronics.com\/img\/menu_dfsrv.png\" \/>\n<meta name=\"twitter:card\" content=\"summary_large_image\" \/>\n<meta name=\"twitter:site\" content=\"@faronics\" \/>\n<script type=\"application\/ld+json\" class=\"yoast-schema-graph\">{\"@context\":\"https:\\\/\\\/schema.org\",\"@graph\":[{\"@type\":\"WebPage\",\"@id\":\"https:\\\/\\\/www.faronics.com\\\/fr\\\/library-menu\",\"url\":\"https:\\\/\\\/www.faronics.com\\\/fr\\\/library-menu\",\"name\":\"Library Menu - Faronics\",\"isPartOf\":{\"@id\":\"https:\\\/\\\/www.faronics.com\\\/fr#website\"},\"datePublished\":\"2015-12-03T08:04:51+00:00\",\"description\":\"LIBRARY BY PRODUCTS DEEP FREEZE Deep Freeze Cloud Anti-Virus Anti-Executable WINSelect Insight Power Save Data Igloo Faronics Core more > BY RESOURCES\",\"breadcrumb\":{\"@id\":\"https:\\\/\\\/www.faronics.com\\\/fr\\\/library-menu#breadcrumb\"},\"inLanguage\":\"fr-FR\",\"potentialAction\":[{\"@type\":\"ReadAction\",\"target\":[\"https:\\\/\\\/www.faronics.com\\\/fr\\\/library-menu\"]}]},{\"@type\":\"BreadcrumbList\",\"@id\":\"https:\\\/\\\/www.faronics.com\\\/fr\\\/library-menu#breadcrumb\",\"itemListElement\":[{\"@type\":\"ListItem\",\"position\":1,\"name\":\"Home\",\"item\":\"https:\\\/\\\/www.faronics.com\\\/fr\"},{\"@type\":\"ListItem\",\"position\":2,\"name\":\"Library Menu\",\"item\":\"https:\\\/\\\/www.faronics.com\\\/fr\\\/library-menu\\\/\"}]},{\"@type\":\"WebSite\",\"@id\":\"https:\\\/\\\/www.faronics.com\\\/fr#website\",\"url\":\"https:\\\/\\\/www.faronics.com\\\/fr\",\"name\":\"Faronics\",\"description\":\"Cr\u00e9ateurs de Deep Freeze et d'autres solutions de s\u00e9curit\u00e9 multicouche\",\"publisher\":{\"@id\":\"https:\\\/\\\/www.faronics.com\\\/fr#organization\"},\"potentialAction\":[{\"@type\":\"SearchAction\",\"target\":{\"@type\":\"EntryPoint\",\"urlTemplate\":\"https:\\\/\\\/www.faronics.com\\\/fr?s={search_term_string}\"},\"query-input\":{\"@type\":\"PropertyValueSpecification\",\"valueRequired\":true,\"valueName\":\"search_term_string\"}}],\"inLanguage\":\"fr-FR\"},{\"@type\":\"Organization\",\"@id\":\"https:\\\/\\\/www.faronics.com\\\/fr#organization\",\"name\":\"Faronics\",\"url\":\"https:\\\/\\\/www.faronics.com\\\/fr\",\"logo\":{\"@type\":\"ImageObject\",\"inLanguage\":\"fr-FR\",\"@id\":\"https:\\\/\\\/www.faronics.com\\\/fr#\\\/schema\\\/logo\\\/image\\\/\",\"url\":\"https:\\\/\\\/www.faronics.com\\\/assets\\\/footer-faronics-logo.png\",\"contentUrl\":\"https:\\\/\\\/www.faronics.com\\\/assets\\\/footer-faronics-logo.png\",\"width\":155,\"height\":44,\"caption\":\"Faronics\"},\"image\":{\"@id\":\"https:\\\/\\\/www.faronics.com\\\/fr#\\\/schema\\\/logo\\\/image\\\/\"},\"sameAs\":[\"https:\\\/\\\/www.facebook.com\\\/faronics\",\"https:\\\/\\\/x.com\\\/faronics\"]}]}<\/script>\n<!-- \/ Yoast SEO Premium plugin. -->","yoast_head_json":{"title":"Library Menu - Faronics","description":"LIBRARY BY PRODUCTS DEEP FREEZE Deep Freeze Cloud Anti-Virus Anti-Executable WINSelect Insight Power Save Data Igloo Faronics Core more > BY RESOURCES","robots":{"index":"index","follow":"follow","max-snippet":"max-snippet:-1","max-image-preview":"max-image-preview:large","max-video-preview":"max-video-preview:-1"},"canonical":"https:\/\/www.faronics.com\/fr\/library-menu","og_locale":"fr_FR","og_type":"article","og_title":"Library Menu","og_description":"LIBRARY BY PRODUCTS DEEP FREEZE Deep Freeze Cloud Anti-Virus Anti-Executable WINSelect Insight Power Save Data Igloo Faronics Core more > BY RESOURCES","og_url":"https:\/\/www.faronics.com\/fr\/library-menu","og_site_name":"Faronics","article_publisher":"https:\/\/www.facebook.com\/faronics","og_image":[{"url":"https:\/\/www.faronics.com\/img\/menu_dfsrv.png","type":"","width":"","height":""}],"twitter_card":"summary_large_image","twitter_site":"@faronics","schema":{"@context":"https:\/\/schema.org","@graph":[{"@type":"WebPage","@id":"https:\/\/www.faronics.com\/fr\/library-menu","url":"https:\/\/www.faronics.com\/fr\/library-menu","name":"Library Menu - Faronics","isPartOf":{"@id":"https:\/\/www.faronics.com\/fr#website"},"datePublished":"2015-12-03T08:04:51+00:00","description":"LIBRARY BY PRODUCTS DEEP FREEZE Deep Freeze Cloud Anti-Virus Anti-Executable WINSelect Insight Power Save Data Igloo Faronics Core more > BY RESOURCES","breadcrumb":{"@id":"https:\/\/www.faronics.com\/fr\/library-menu#breadcrumb"},"inLanguage":"fr-FR","potentialAction":[{"@type":"ReadAction","target":["https:\/\/www.faronics.com\/fr\/library-menu"]}]},{"@type":"BreadcrumbList","@id":"https:\/\/www.faronics.com\/fr\/library-menu#breadcrumb","itemListElement":[{"@type":"ListItem","position":1,"name":"Home","item":"https:\/\/www.faronics.com\/fr"},{"@type":"ListItem","position":2,"name":"Library Menu","item":"https:\/\/www.faronics.com\/fr\/library-menu\/"}]},{"@type":"WebSite","@id":"https:\/\/www.faronics.com\/fr#website","url":"https:\/\/www.faronics.com\/fr","name":"Faronics","description":"Cr\u00e9ateurs de Deep Freeze et d'autres solutions de s\u00e9curit\u00e9 multicouche","publisher":{"@id":"https:\/\/www.faronics.com\/fr#organization"},"potentialAction":[{"@type":"SearchAction","target":{"@type":"EntryPoint","urlTemplate":"https:\/\/www.faronics.com\/fr?s={search_term_string}"},"query-input":{"@type":"PropertyValueSpecification","valueRequired":true,"valueName":"search_term_string"}}],"inLanguage":"fr-FR"},{"@type":"Organization","@id":"https:\/\/www.faronics.com\/fr#organization","name":"Faronics","url":"https:\/\/www.faronics.com\/fr","logo":{"@type":"ImageObject","inLanguage":"fr-FR","@id":"https:\/\/www.faronics.com\/fr#\/schema\/logo\/image\/","url":"https:\/\/www.faronics.com\/assets\/footer-faronics-logo.png","contentUrl":"https:\/\/www.faronics.com\/assets\/footer-faronics-logo.png","width":155,"height":44,"caption":"Faronics"},"image":{"@id":"https:\/\/www.faronics.com\/fr#\/schema\/logo\/image\/"},"sameAs":["https:\/\/www.facebook.com\/faronics","https:\/\/x.com\/faronics"]}]}},"_links":{"self":[{"href":"https:\/\/www.faronics.com\/fr\/wp-json\/wp\/v2\/pages\/150195","targetHints":{"allow":["GET"]}}],"collection":[{"href":"https:\/\/www.faronics.com\/fr\/wp-json\/wp\/v2\/pages"}],"about":[{"href":"https:\/\/www.faronics.com\/fr\/wp-json\/wp\/v2\/types\/page"}],"author":[{"embeddable":true,"href":"https:\/\/www.faronics.com\/fr\/wp-json\/wp\/v2\/users\/124"}],"replies":[{"embeddable":true,"href":"https:\/\/www.faronics.com\/fr\/wp-json\/wp\/v2\/comments?post=150195"}],"version-history":[{"count":0,"href":"https:\/\/www.faronics.com\/fr\/wp-json\/wp\/v2\/pages\/150195\/revisions"}],"wp:attachment":[{"href":"https:\/\/www.faronics.com\/fr\/wp-json\/wp\/v2\/media?parent=150195"}],"curies":[{"name":"wp","href":"https:\/\/api.w.org\/{rel}","templated":true}]}}