{"id":148213,"date":"2015-11-06T14:58:03","date_gmt":"2015-11-06T22:58:03","guid":{"rendered":"https:\/\/www.faronics.com\/fr\/deep-freeze-cloud-threat-protection\/"},"modified":"2016-01-12T05:06:59","modified_gmt":"2016-01-12T13:06:59","slug":"deep-freeze-cloud-threat-protection","status":"publish","type":"page","link":"https:\/\/www.faronics.com\/fr\/deep-freeze-cloud-threat-protection","title":{"rendered":"Protection contre les menaces"},"content":{"rendered":"","protected":false},"excerpt":{"rendered":"","protected":false},"author":124,"featured_media":0,"parent":0,"menu_order":0,"comment_status":"open","ping_status":"open","template":"page-template-deep-freeze-cloud-features.php","meta":{"_acf_changed":false,"inline_featured_image":false,"footnotes":""},"class_list":["post-148213","page","type-page","status-publish","hentry"],"acf":[],"yoast_head":"<!-- This site is optimized with the Yoast SEO Premium plugin v27.3 (Yoast SEO v27.3) - https:\/\/yoast.com\/product\/yoast-seo-premium-wordpress\/ -->\n<title>Computer Threat Protection - Deep Freeze Cloud | Faronics<\/title>\n<meta name=\"robots\" content=\"index, follow, max-snippet:-1, max-image-preview:large, max-video-preview:-1\" \/>\n<link rel=\"canonical\" href=\"https:\/\/www.faronics.com\/fr\/deep-freeze-cloud-threat-protection\" \/>\n<meta property=\"og:locale\" content=\"fr_FR\" \/>\n<meta property=\"og:type\" content=\"article\" \/>\n<meta property=\"og:title\" content=\"Protection contre les menaces\" \/>\n<meta property=\"og:url\" content=\"https:\/\/www.faronics.com\/fr\/deep-freeze-cloud-threat-protection\" \/>\n<meta property=\"og:site_name\" content=\"Faronics\" \/>\n<meta property=\"article:publisher\" content=\"https:\/\/www.facebook.com\/faronics\" \/>\n<meta property=\"article:modified_time\" content=\"2016-01-12T13:06:59+00:00\" \/>\n<meta name=\"twitter:card\" content=\"summary_large_image\" \/>\n<meta name=\"twitter:site\" content=\"@faronics\" \/>\n<script type=\"application\/ld+json\" class=\"yoast-schema-graph\">{\"@context\":\"https:\\\/\\\/schema.org\",\"@graph\":[{\"@type\":\"WebPage\",\"@id\":\"https:\\\/\\\/www.faronics.com\\\/fr\\\/deep-freeze-cloud-threat-protection\",\"url\":\"https:\\\/\\\/www.faronics.com\\\/fr\\\/deep-freeze-cloud-threat-protection\",\"name\":\"Computer Threat Protection - Deep Freeze Cloud | Faronics\",\"isPartOf\":{\"@id\":\"https:\\\/\\\/www.faronics.com\\\/fr#website\"},\"datePublished\":\"2015-11-06T22:58:03+00:00\",\"dateModified\":\"2016-01-12T13:06:59+00:00\",\"breadcrumb\":{\"@id\":\"https:\\\/\\\/www.faronics.com\\\/fr\\\/deep-freeze-cloud-threat-protection#breadcrumb\"},\"inLanguage\":\"fr-FR\",\"potentialAction\":[{\"@type\":\"ReadAction\",\"target\":[\"https:\\\/\\\/www.faronics.com\\\/fr\\\/deep-freeze-cloud-threat-protection\"]}]},{\"@type\":\"BreadcrumbList\",\"@id\":\"https:\\\/\\\/www.faronics.com\\\/fr\\\/deep-freeze-cloud-threat-protection#breadcrumb\",\"itemListElement\":[{\"@type\":\"ListItem\",\"position\":1,\"name\":\"Home\",\"item\":\"https:\\\/\\\/www.faronics.com\\\/fr\"},{\"@type\":\"ListItem\",\"position\":2,\"name\":\"Protection contre les menaces\",\"item\":\"https:\\\/\\\/www.faronics.com\\\/fr\\\/protection-contre-les-menaces\\\/\"}]},{\"@type\":\"WebSite\",\"@id\":\"https:\\\/\\\/www.faronics.com\\\/fr#website\",\"url\":\"https:\\\/\\\/www.faronics.com\\\/fr\",\"name\":\"Faronics\",\"description\":\"Cr\u00e9ateurs de Deep Freeze et d'autres solutions de s\u00e9curit\u00e9 multicouche\",\"publisher\":{\"@id\":\"https:\\\/\\\/www.faronics.com\\\/fr#organization\"},\"potentialAction\":[{\"@type\":\"SearchAction\",\"target\":{\"@type\":\"EntryPoint\",\"urlTemplate\":\"https:\\\/\\\/www.faronics.com\\\/fr?s={search_term_string}\"},\"query-input\":{\"@type\":\"PropertyValueSpecification\",\"valueRequired\":true,\"valueName\":\"search_term_string\"}}],\"inLanguage\":\"fr-FR\"},{\"@type\":\"Organization\",\"@id\":\"https:\\\/\\\/www.faronics.com\\\/fr#organization\",\"name\":\"Faronics\",\"url\":\"https:\\\/\\\/www.faronics.com\\\/fr\",\"logo\":{\"@type\":\"ImageObject\",\"inLanguage\":\"fr-FR\",\"@id\":\"https:\\\/\\\/www.faronics.com\\\/fr#\\\/schema\\\/logo\\\/image\\\/\",\"url\":\"https:\\\/\\\/www.faronics.com\\\/assets\\\/footer-faronics-logo.png\",\"contentUrl\":\"https:\\\/\\\/www.faronics.com\\\/assets\\\/footer-faronics-logo.png\",\"width\":155,\"height\":44,\"caption\":\"Faronics\"},\"image\":{\"@id\":\"https:\\\/\\\/www.faronics.com\\\/fr#\\\/schema\\\/logo\\\/image\\\/\"},\"sameAs\":[\"https:\\\/\\\/www.facebook.com\\\/faronics\",\"https:\\\/\\\/x.com\\\/faronics\"]}]}<\/script>\n<!-- \/ Yoast SEO Premium plugin. -->","yoast_head_json":{"title":"Computer Threat Protection - Deep Freeze Cloud | Faronics","robots":{"index":"index","follow":"follow","max-snippet":"max-snippet:-1","max-image-preview":"max-image-preview:large","max-video-preview":"max-video-preview:-1"},"canonical":"https:\/\/www.faronics.com\/fr\/deep-freeze-cloud-threat-protection","og_locale":"fr_FR","og_type":"article","og_title":"Protection contre les menaces","og_url":"https:\/\/www.faronics.com\/fr\/deep-freeze-cloud-threat-protection","og_site_name":"Faronics","article_publisher":"https:\/\/www.facebook.com\/faronics","article_modified_time":"2016-01-12T13:06:59+00:00","twitter_card":"summary_large_image","twitter_site":"@faronics","schema":{"@context":"https:\/\/schema.org","@graph":[{"@type":"WebPage","@id":"https:\/\/www.faronics.com\/fr\/deep-freeze-cloud-threat-protection","url":"https:\/\/www.faronics.com\/fr\/deep-freeze-cloud-threat-protection","name":"Computer Threat Protection - Deep Freeze Cloud | Faronics","isPartOf":{"@id":"https:\/\/www.faronics.com\/fr#website"},"datePublished":"2015-11-06T22:58:03+00:00","dateModified":"2016-01-12T13:06:59+00:00","breadcrumb":{"@id":"https:\/\/www.faronics.com\/fr\/deep-freeze-cloud-threat-protection#breadcrumb"},"inLanguage":"fr-FR","potentialAction":[{"@type":"ReadAction","target":["https:\/\/www.faronics.com\/fr\/deep-freeze-cloud-threat-protection"]}]},{"@type":"BreadcrumbList","@id":"https:\/\/www.faronics.com\/fr\/deep-freeze-cloud-threat-protection#breadcrumb","itemListElement":[{"@type":"ListItem","position":1,"name":"Home","item":"https:\/\/www.faronics.com\/fr"},{"@type":"ListItem","position":2,"name":"Protection contre les menaces","item":"https:\/\/www.faronics.com\/fr\/protection-contre-les-menaces\/"}]},{"@type":"WebSite","@id":"https:\/\/www.faronics.com\/fr#website","url":"https:\/\/www.faronics.com\/fr","name":"Faronics","description":"Cr\u00e9ateurs de Deep Freeze et d'autres solutions de s\u00e9curit\u00e9 multicouche","publisher":{"@id":"https:\/\/www.faronics.com\/fr#organization"},"potentialAction":[{"@type":"SearchAction","target":{"@type":"EntryPoint","urlTemplate":"https:\/\/www.faronics.com\/fr?s={search_term_string}"},"query-input":{"@type":"PropertyValueSpecification","valueRequired":true,"valueName":"search_term_string"}}],"inLanguage":"fr-FR"},{"@type":"Organization","@id":"https:\/\/www.faronics.com\/fr#organization","name":"Faronics","url":"https:\/\/www.faronics.com\/fr","logo":{"@type":"ImageObject","inLanguage":"fr-FR","@id":"https:\/\/www.faronics.com\/fr#\/schema\/logo\/image\/","url":"https:\/\/www.faronics.com\/assets\/footer-faronics-logo.png","contentUrl":"https:\/\/www.faronics.com\/assets\/footer-faronics-logo.png","width":155,"height":44,"caption":"Faronics"},"image":{"@id":"https:\/\/www.faronics.com\/fr#\/schema\/logo\/image\/"},"sameAs":["https:\/\/www.facebook.com\/faronics","https:\/\/x.com\/faronics"]}]}},"_links":{"self":[{"href":"https:\/\/www.faronics.com\/fr\/wp-json\/wp\/v2\/pages\/148213","targetHints":{"allow":["GET"]}}],"collection":[{"href":"https:\/\/www.faronics.com\/fr\/wp-json\/wp\/v2\/pages"}],"about":[{"href":"https:\/\/www.faronics.com\/fr\/wp-json\/wp\/v2\/types\/page"}],"author":[{"embeddable":true,"href":"https:\/\/www.faronics.com\/fr\/wp-json\/wp\/v2\/users\/124"}],"replies":[{"embeddable":true,"href":"https:\/\/www.faronics.com\/fr\/wp-json\/wp\/v2\/comments?post=148213"}],"version-history":[{"count":0,"href":"https:\/\/www.faronics.com\/fr\/wp-json\/wp\/v2\/pages\/148213\/revisions"}],"wp:attachment":[{"href":"https:\/\/www.faronics.com\/fr\/wp-json\/wp\/v2\/media?parent=148213"}],"curies":[{"name":"wp","href":"https:\/\/api.w.org\/{rel}","templated":true}]}}