{"id":14378,"date":"2011-07-28T09:14:47","date_gmt":"2011-07-28T16:14:47","guid":{"rendered":"https:\/\/www.faronics.com\/?page_id=14378"},"modified":"2012-01-04T03:16:11","modified_gmt":"2012-01-04T11:16:11","slug":"solutions_fr","status":"publish","type":"page","link":"https:\/\/www.faronics.com\/fr\/solutions_fr","title":{"rendered":"Solutions"},"content":{"rendered":"<h2><img loading=\"lazy\" decoding=\"async\" class=\"alignleft\" title=\"stock-photo-man-in-home-office-on-telephone-using-computer-and-smiling-15480721\" src=\"\/assets\/phone-homeoffice1.jpg\" alt=\"\" width=\"450\" height=\"321\" \/>Bureaux \u00e0 domicile<\/h2>\n<p>La s\u00e9curit\u00e9 multicouches de Faronics ne limite pas ses efforts aux portes du bureau. Elle a \u00e9t\u00e9 con\u00e7ue pour offrir \u00e0 votre installation \u00e0 domicile la m\u00eame s\u00e9curit\u00e9 professionnelle que celle dont ont b\u00e9n\u00e9fici\u00e9 des milliers d&rsquo;\u00e9coles, d&rsquo;agences gouvernementales, de grandes entreprises et de petits entrepreneurs pendant des ann\u00e9es.<\/p>\n<p>La Version standard des produits de s\u00e9curit\u00e9 de Faronics est con\u00e7ue pour \u00eatre utilis\u00e9e sur jusqu&rsquo;\u00e0 10 machines. Facile \u00e0 installer, simple \u00e0 entretenir et offrant une protection suffisante pour tenir \u00e0 l&rsquo;\u00e9cart les menaces sur la s\u00e9curit\u00e9 les plus avanc\u00e9es pendant que effectuez votre travail.<\/p>\n<p><a href=\"https:\/\/www.faronics.com\/fr\/solutions\/small-office-home-office_fr\/\">D\u00e9couvrez-en davantage sur les Produits de s\u00e9curit\u00e9 pour les bureaux \u00e0 domicile\u00a0 \u2192<\/a><\/p>\n<p>&nbsp;<\/p>\n<p>&nbsp;<\/p>\n<p>&nbsp;<\/p>\n<p>&nbsp;<\/p>\n<p><img loading=\"lazy\" decoding=\"async\" class=\"alignright\" title=\"stock-photo-business-group-meeting-portrait-five-business-people-working-together-a-diverse-work-group-7704406\" src=\"\/assets\/meeting-smiles1.jpg\" alt=\"\" width=\"406\" height=\"470\" \/><\/p>\n<p>&nbsp;<\/p>\n<p>&nbsp;<\/p>\n<p>&nbsp;<\/p>\n<h2>Petites et moyennes entreprises<\/h2>\n<p>Augmentez la productivit\u00e9 de vos employ\u00e9s et \u00e9pargnez leur tous les tracas li\u00e9s \u00e0 l&rsquo;utilisation d&rsquo;ordinateurs lents et infest\u00e9s de virus gr\u00e2ce \u00e0 la technologie de S\u00e9curit\u00e9 multicouches d&rsquo;avant-garde de Faronics.<\/p>\n<p>Con\u00e7ue pour marcher dans un environnement de petite et moyenne entreprise, la S\u00e9curit\u00e9 multicouches de Faronics associe Anti-Virus et Anti-Executable, bloquant ainsi les menaces sur la s\u00e9curit\u00e9 les plus avanc\u00e9es qu&rsquo;Internet peut produire et vous permettant du m\u00eame coup de vous concentrer sur votre travail \u00e0 proprement parler.<\/p>\n<p><a href=\"https:\/\/www.faronics.com\/fr\/solutions\/small-medium-business_fr\/\">D\u00e9couvrez-en davantage sur la solution pour PME \u2192<\/a><\/p>\n<p>&nbsp;<\/p>\n<p>&nbsp;<\/p>\n<p>&nbsp;<\/p>\n<p>&nbsp;<\/p>\n<p>&nbsp;<\/p>\n<p>&nbsp;<\/p>\n<p>&nbsp;<\/p>\n<p>&nbsp;<\/p>\n<p>&nbsp;<\/p>\n<p>&nbsp;<\/p>\n<p><img loading=\"lazy\" decoding=\"async\" class=\"alignleft\" title=\"stock-photo-southwestern-city-hall-4274083\" src=\"\/assets\/city-hall1.jpg\" alt=\"\" width=\"450\" height=\"300\" \/><\/p>\n<h2>Gouvernements<\/h2>\n<p>Les ordinateurs gouvernementaux sont utilis\u00e9s d&rsquo;une multitude de fa\u00e7ons diff\u00e9rentes et n\u00e9cessitent un logiciel de s\u00e9curit\u00e9 suffisamment flexible pour offrir une protection \u00e0 la pointe de l&rsquo;industrie en toutes situations.<\/p>\n<p>C&rsquo;est pourquoi Faronics a d\u00e9velopp\u00e9 la S\u00e9curit\u00e9 multicouches pour r\u00e9pondre aux besoins des ordinateurs utilis\u00e9s quotidiennement par les employ\u00e9s gouvernementaux, et la S\u00e9curit\u00e9 multicouches absolue pour offrir une fiabilit\u00e9 \u00e0 toute \u00e9preuve aux ordinateurs accessibles au grand public.\u00a0Les agence gouvernementales n&rsquo;ont pas le temps de g\u00e9rer les probl\u00e8mes de s\u00e9curit\u00e9.\u00a0Gr\u00e2ce \u00e0 la S\u00e9curit\u00e9 multicouches de Faronics, vous n&rsquo;avez m\u00eame pas \u00e0 le faire.<\/p>\n<p><a href=\"https:\/\/www.faronics.com\/fr\/solutions\/government_fr\/\">D\u00e9couvrez-en davantage sur les produits pour les agences gouvernementales \u2192<\/a><\/p>\n<p>&nbsp;<\/p>\n<p>&nbsp;<\/p>\n<p>&nbsp;<\/p>\n<p><img loading=\"lazy\" decoding=\"async\" class=\"alignright\" title=\"stock-photo-college-students-in-a-computer-lab-15566425\" src=\"\/assets\/girl-typing1.jpg\" alt=\"\" width=\"450\" height=\"300\" \/><\/p>\n<h2>\u00c9ducation<\/h2>\n<p>Deep Freeze, la 3\u00e8me ligne de d\u00e9fense du Pack de S\u00e9curit\u00e9 multicouches absolue, est un leader de l&rsquo;industrie en mati\u00e8re de protection des ordinateurs scolaires contre toutes les menaces existantes et possible en restaurant l\u2019ordinateur \u00e0 sa configuration de d\u00e9part \u00e0 chaque red\u00e9marrage.<\/p>\n<p>Pour les enseignants et le personnel qui ont besoin que de nouveaux fichiers restent en place apr\u00e8s chaque red\u00e9marrage, Faronics a inclus Anti-Virus et Anti-Executable \u00e0 son Pack de s\u00e9curit\u00e9 multicouches absolue pour offrir une protection sur laquelle vous pouvez vraiment compter.<\/p>\n<p>Apprendre n&rsquo;a jamais \u00e9t\u00e9 aussi s\u00fbr.<\/p>\n<p><a href=\"https:\/\/www.faronics.com\/fr\/solutions\/education_fr\/\">D\u00e9couvrez-en davantage sur les produits pour l\u2019\u00e9ducation \u2192<\/a><\/p>\n","protected":false},"excerpt":{"rendered":"<p><img loading=\"lazy\" decoding=\"async\" class=\"alignleft\" title=\"stock-photo-man-in-home-office-on-telephone-using-computer-and-smiling-15480721\" src=\"\/assets\/phone-homeoffice1.jpg\" alt=\"\" width=\"450\" height=\"321\" \/>Bureaux \u00e0 domicile <\/p>\n<p>La s\u00e9curit\u00e9 multicouches de Faronics ne limite pas ses efforts aux portes du bureau. Elle a \u00e9t\u00e9 con\u00e7ue pour offrir \u00e0 votre installation \u00e0 domicile la m\u00eame s\u00e9curit\u00e9 professionnelle que celle dont ont b\u00e9n\u00e9fici\u00e9 des milliers d&rsquo;\u00e9coles, d&rsquo;agences gouvernementales, de grandes entreprises et de petits entrepreneurs pendant des ann\u00e9es.<\/p>\n<p>La Version standard des produits de s\u00e9curit\u00e9 de Faronics est con\u00e7ue pour \u00eatre utilis\u00e9e sur jusqu&rsquo;\u00e0 10 machines. Facile \u00e0 installer, simple \u00e0 entretenir et offrant une protection suffisante pour tenir \u00e0 l&rsquo;\u00e9cart les menaces sur la s\u00e9curit\u00e9 les plus avanc\u00e9es pendant que effectuez votre travail.<\/p>\n<p><a href=\"https:\/\/www.faronics.com\/fr\/solutions\/small-office-home-office_fr\/\">D\u00e9couvrez-en davantage sur les Produits de s\u00e9curit\u00e9 pour les bureaux \u00e0 domicile\u00a0 \u2192<\/a><\/p>\n<p>&nbsp;<\/p>\n<p>&nbsp;<\/p>\n<p>&nbsp;<\/p>\n<p>&nbsp;<\/p>\n<p><img loading=\"lazy\" decoding=\"async\" class=\"alignright\" title=\"stock-photo-business-group-meeting-portrait-five-business-people-working-together-a-diverse-work-group-7704406\" src=\"\/assets\/meeting-smiles1.jpg\" alt=\"\" width=\"406\" height=\"470\" \/><\/p>\n<p>&nbsp;<\/p>\n<p>&nbsp;<\/p>\n<p>&nbsp;<\/p>\n<p> Petites et moyennes entreprises <\/p>\n<p>Augmentez la productivit\u00e9 de vos employ\u00e9s et \u00e9pargnez leur tous les tracas li\u00e9s \u00e0 l&rsquo;utilisation d&rsquo;ordinateurs lents et infest\u00e9s de virus gr\u00e2ce \u00e0 la technologie de S\u00e9curit\u00e9 multicouches d&rsquo;avant-garde de Faronics.<\/p>\n<p>Con\u00e7ue pour marcher dans un environnement de petite et moyenne entreprise, la S\u00e9curit\u00e9 multicouches de Faronics associe Anti-Virus et Anti-Executable, bloquant ainsi les menaces sur la s\u00e9curit\u00e9 les plus avanc\u00e9es qu&rsquo;Internet peut produire et vous permettant du m\u00eame coup de vous concentrer sur votre travail \u00e0 proprement parler.<\/p>\n<p><a href=\"https:\/\/www.faronics.com\/fr\/solutions\/small-medium-business_fr\/\">D\u00e9couvrez-en davantage sur la solution pour PME \u2192<\/a><\/p>\n<p>&nbsp;<\/p>\n<p>&nbsp;<\/p>\n<p>&nbsp;<\/p>\n<p>&nbsp;<\/p>\n<p>&nbsp;<\/p>\n<p>&nbsp;<\/p>\n<p>&nbsp;<\/p>\n<p>&nbsp;<\/p>\n<p>&nbsp;<\/p>\n<p>&nbsp;<\/p>\n<p><img loading=\"lazy\" decoding=\"async\" class=\"alignleft\" title=\"stock-photo-southwestern-city-hall-4274083\" src=\"\/assets\/city-hall1.jpg\" alt=\"\" width=\"450\" height=\"300\" \/><\/p>\n<div class=\"more\"><a href=\"https:\/\/www.faronics.com\/fr\/solutions_fr\">Continue Reading&#8230;<\/a><\/div>\n","protected":false},"author":108,"featured_media":0,"parent":0,"menu_order":2,"comment_status":"open","ping_status":"closed","template":"page-full.php","meta":{"_acf_changed":false,"inline_featured_image":false,"footnotes":""},"class_list":["post-14378","page","type-page","status-publish","hentry"],"acf":[],"yoast_head":"<!-- This site is optimized with the Yoast SEO Premium plugin v27.4 (Yoast SEO v27.4) - https:\/\/yoast.com\/product\/yoast-seo-premium-wordpress\/ -->\n<title>Solutions - Faronics<\/title>\n<meta name=\"description\" content=\"Bureaux \u00e0 domicile La s\u00e9curit\u00e9 multicouches de Faronics ne limite pas ses efforts aux portes du bureau. Elle a \u00e9t\u00e9 con\u00e7ue pour offrir \u00e0 votre installation\" \/>\n<meta name=\"robots\" content=\"index, follow, max-snippet:-1, max-image-preview:large, max-video-preview:-1\" \/>\n<link rel=\"canonical\" href=\"https:\/\/www.faronics.com\/fr\/solutions_fr\" \/>\n<meta property=\"og:locale\" content=\"fr_FR\" \/>\n<meta property=\"og:type\" content=\"article\" \/>\n<meta property=\"og:title\" content=\"Solutions\" \/>\n<meta property=\"og:description\" content=\"Bureaux \u00e0 domicile La s\u00e9curit\u00e9 multicouches de Faronics ne limite pas ses efforts aux portes du bureau. Elle a \u00e9t\u00e9 con\u00e7ue pour offrir \u00e0 votre installation\" \/>\n<meta property=\"og:url\" content=\"https:\/\/www.faronics.com\/fr\/solutions_fr\" \/>\n<meta property=\"og:site_name\" content=\"Faronics\" \/>\n<meta property=\"article:publisher\" content=\"https:\/\/www.facebook.com\/faronics\" \/>\n<meta property=\"article:modified_time\" content=\"2012-01-04T11:16:11+00:00\" \/>\n<meta property=\"og:image\" content=\"https:\/\/www.faronics.com\/assets\/phone-homeoffice1.jpg\" \/>\n<meta name=\"twitter:card\" content=\"summary_large_image\" \/>\n<meta name=\"twitter:site\" content=\"@faronics\" \/>\n<meta name=\"twitter:label1\" content=\"Dur\u00e9e de lecture estim\u00e9e\" \/>\n\t<meta name=\"twitter:data1\" content=\"2 minutes\" \/>\n<script type=\"application\/ld+json\" class=\"yoast-schema-graph\">{\"@context\":\"https:\\\/\\\/schema.org\",\"@graph\":[{\"@type\":\"WebPage\",\"@id\":\"https:\\\/\\\/www.faronics.com\\\/fr\\\/solutions_fr\",\"url\":\"https:\\\/\\\/www.faronics.com\\\/fr\\\/solutions_fr\",\"name\":\"Solutions - Faronics\",\"isPartOf\":{\"@id\":\"https:\\\/\\\/www.faronics.com\\\/fr#website\"},\"datePublished\":\"2011-07-28T16:14:47+00:00\",\"dateModified\":\"2012-01-04T11:16:11+00:00\",\"description\":\"Bureaux \u00e0 domicile La s\u00e9curit\u00e9 multicouches de Faronics ne limite pas ses efforts aux portes du bureau. Elle a \u00e9t\u00e9 con\u00e7ue pour offrir \u00e0 votre installation\",\"breadcrumb\":{\"@id\":\"https:\\\/\\\/www.faronics.com\\\/fr\\\/solutions_fr#breadcrumb\"},\"inLanguage\":\"fr-FR\",\"potentialAction\":[{\"@type\":\"ReadAction\",\"target\":[\"https:\\\/\\\/www.faronics.com\\\/fr\\\/solutions_fr\"]}]},{\"@type\":\"BreadcrumbList\",\"@id\":\"https:\\\/\\\/www.faronics.com\\\/fr\\\/solutions_fr#breadcrumb\",\"itemListElement\":[{\"@type\":\"ListItem\",\"position\":1,\"name\":\"Home\",\"item\":\"https:\\\/\\\/www.faronics.com\\\/fr\"},{\"@type\":\"ListItem\",\"position\":2,\"name\":\"Solutions\",\"item\":\"https:\\\/\\\/www.faronics.com\\\/fr\\\/solutions\\\/\"}]},{\"@type\":\"WebSite\",\"@id\":\"https:\\\/\\\/www.faronics.com\\\/fr#website\",\"url\":\"https:\\\/\\\/www.faronics.com\\\/fr\",\"name\":\"Faronics\",\"description\":\"Cr\u00e9ateurs de Deep Freeze et d'autres solutions de s\u00e9curit\u00e9 multicouche\",\"publisher\":{\"@id\":\"https:\\\/\\\/www.faronics.com\\\/fr#organization\"},\"potentialAction\":[{\"@type\":\"SearchAction\",\"target\":{\"@type\":\"EntryPoint\",\"urlTemplate\":\"https:\\\/\\\/www.faronics.com\\\/fr?s={search_term_string}\"},\"query-input\":{\"@type\":\"PropertyValueSpecification\",\"valueRequired\":true,\"valueName\":\"search_term_string\"}}],\"inLanguage\":\"fr-FR\"},{\"@type\":\"Organization\",\"@id\":\"https:\\\/\\\/www.faronics.com\\\/fr#organization\",\"name\":\"Faronics\",\"url\":\"https:\\\/\\\/www.faronics.com\\\/fr\",\"logo\":{\"@type\":\"ImageObject\",\"inLanguage\":\"fr-FR\",\"@id\":\"https:\\\/\\\/www.faronics.com\\\/fr#\\\/schema\\\/logo\\\/image\\\/\",\"url\":\"https:\\\/\\\/www.faronics.com\\\/assets\\\/footer-faronics-logo.png\",\"contentUrl\":\"https:\\\/\\\/www.faronics.com\\\/assets\\\/footer-faronics-logo.png\",\"width\":155,\"height\":44,\"caption\":\"Faronics\"},\"image\":{\"@id\":\"https:\\\/\\\/www.faronics.com\\\/fr#\\\/schema\\\/logo\\\/image\\\/\"},\"sameAs\":[\"https:\\\/\\\/www.facebook.com\\\/faronics\",\"https:\\\/\\\/x.com\\\/faronics\"]}]}<\/script>\n<!-- \/ Yoast SEO Premium plugin. -->","yoast_head_json":{"title":"Solutions - Faronics","description":"Bureaux \u00e0 domicile La s\u00e9curit\u00e9 multicouches de Faronics ne limite pas ses efforts aux portes du bureau. Elle a \u00e9t\u00e9 con\u00e7ue pour offrir \u00e0 votre installation","robots":{"index":"index","follow":"follow","max-snippet":"max-snippet:-1","max-image-preview":"max-image-preview:large","max-video-preview":"max-video-preview:-1"},"canonical":"https:\/\/www.faronics.com\/fr\/solutions_fr","og_locale":"fr_FR","og_type":"article","og_title":"Solutions","og_description":"Bureaux \u00e0 domicile La s\u00e9curit\u00e9 multicouches de Faronics ne limite pas ses efforts aux portes du bureau. Elle a \u00e9t\u00e9 con\u00e7ue pour offrir \u00e0 votre installation","og_url":"https:\/\/www.faronics.com\/fr\/solutions_fr","og_site_name":"Faronics","article_publisher":"https:\/\/www.facebook.com\/faronics","article_modified_time":"2012-01-04T11:16:11+00:00","og_image":[{"url":"https:\/\/www.faronics.com\/assets\/phone-homeoffice1.jpg","type":"","width":"","height":""}],"twitter_card":"summary_large_image","twitter_site":"@faronics","twitter_misc":{"Dur\u00e9e de lecture estim\u00e9e":"2 minutes"},"schema":{"@context":"https:\/\/schema.org","@graph":[{"@type":"WebPage","@id":"https:\/\/www.faronics.com\/fr\/solutions_fr","url":"https:\/\/www.faronics.com\/fr\/solutions_fr","name":"Solutions - Faronics","isPartOf":{"@id":"https:\/\/www.faronics.com\/fr#website"},"datePublished":"2011-07-28T16:14:47+00:00","dateModified":"2012-01-04T11:16:11+00:00","description":"Bureaux \u00e0 domicile La s\u00e9curit\u00e9 multicouches de Faronics ne limite pas ses efforts aux portes du bureau. Elle a \u00e9t\u00e9 con\u00e7ue pour offrir \u00e0 votre installation","breadcrumb":{"@id":"https:\/\/www.faronics.com\/fr\/solutions_fr#breadcrumb"},"inLanguage":"fr-FR","potentialAction":[{"@type":"ReadAction","target":["https:\/\/www.faronics.com\/fr\/solutions_fr"]}]},{"@type":"BreadcrumbList","@id":"https:\/\/www.faronics.com\/fr\/solutions_fr#breadcrumb","itemListElement":[{"@type":"ListItem","position":1,"name":"Home","item":"https:\/\/www.faronics.com\/fr"},{"@type":"ListItem","position":2,"name":"Solutions","item":"https:\/\/www.faronics.com\/fr\/solutions\/"}]},{"@type":"WebSite","@id":"https:\/\/www.faronics.com\/fr#website","url":"https:\/\/www.faronics.com\/fr","name":"Faronics","description":"Cr\u00e9ateurs de Deep Freeze et d'autres solutions de s\u00e9curit\u00e9 multicouche","publisher":{"@id":"https:\/\/www.faronics.com\/fr#organization"},"potentialAction":[{"@type":"SearchAction","target":{"@type":"EntryPoint","urlTemplate":"https:\/\/www.faronics.com\/fr?s={search_term_string}"},"query-input":{"@type":"PropertyValueSpecification","valueRequired":true,"valueName":"search_term_string"}}],"inLanguage":"fr-FR"},{"@type":"Organization","@id":"https:\/\/www.faronics.com\/fr#organization","name":"Faronics","url":"https:\/\/www.faronics.com\/fr","logo":{"@type":"ImageObject","inLanguage":"fr-FR","@id":"https:\/\/www.faronics.com\/fr#\/schema\/logo\/image\/","url":"https:\/\/www.faronics.com\/assets\/footer-faronics-logo.png","contentUrl":"https:\/\/www.faronics.com\/assets\/footer-faronics-logo.png","width":155,"height":44,"caption":"Faronics"},"image":{"@id":"https:\/\/www.faronics.com\/fr#\/schema\/logo\/image\/"},"sameAs":["https:\/\/www.facebook.com\/faronics","https:\/\/x.com\/faronics"]}]}},"_links":{"self":[{"href":"https:\/\/www.faronics.com\/fr\/wp-json\/wp\/v2\/pages\/14378","targetHints":{"allow":["GET"]}}],"collection":[{"href":"https:\/\/www.faronics.com\/fr\/wp-json\/wp\/v2\/pages"}],"about":[{"href":"https:\/\/www.faronics.com\/fr\/wp-json\/wp\/v2\/types\/page"}],"author":[{"embeddable":true,"href":"https:\/\/www.faronics.com\/fr\/wp-json\/wp\/v2\/users\/108"}],"replies":[{"embeddable":true,"href":"https:\/\/www.faronics.com\/fr\/wp-json\/wp\/v2\/comments?post=14378"}],"version-history":[{"count":0,"href":"https:\/\/www.faronics.com\/fr\/wp-json\/wp\/v2\/pages\/14378\/revisions"}],"wp:attachment":[{"href":"https:\/\/www.faronics.com\/fr\/wp-json\/wp\/v2\/media?parent=14378"}],"curies":[{"name":"wp","href":"https:\/\/api.w.org\/{rel}","templated":true}]}}