{"id":14228,"date":"2011-07-24T10:16:02","date_gmt":"2011-07-24T17:16:02","guid":{"rendered":"https:\/\/www.faronics.com\/?page_id=14228"},"modified":"2024-03-04T05:58:30","modified_gmt":"2024-03-04T13:58:30","slug":"company_fr","status":"publish","type":"page","link":"https:\/\/www.faronics.com\/fr\/company_fr","title":{"rendered":"Notre soci\u00e9t\u00e9"},"content":{"rendered":"<p>Faronics con\u00e7oit des logiciels qui aident \u00e0 g\u00e9rer, simplifier et s\u00e9curiser les environnements informatiques multi-utilisateurs. Nos produits garantissent que les postes de travail sont toujours disponibles \u00e0 100% et lib\u00e8rent le personnel informatique des t\u00e2ches fastidieuses d&rsquo;assistance technique et de r\u00e9solution des probl\u00e8mes de logiciels. Motiv\u00e9es par l&rsquo;int\u00e9r\u00eat que nous portons au client, les innovations technologiques de Faronics b\u00e9n\u00e9ficient tout particuli\u00e8rement aux \u00e9tablissements scolaires, aux institutions de sant\u00e9, aux biblioth\u00e8ques, aux organisations gouvernementales et aux corporations.<\/p>\n<p>Faronics Deep Freeze permet de r\u00e9duire les frais et les requ\u00eates informatiques en prot\u00e9geant les configurations des ordinateurs. Faronics Anti-Executable les prot\u00e8ge contre les logiciels non autoris\u00e9s, tandis que Faronics Anti-Virus garantit une protection en bout de ligne contre les logiciels malveillants les plus performants. Faronics Power Save permet de r\u00e9duire les d\u00e9penses \u00e9nerg\u00e9tiques gr\u00e2ce \u00e0 une gestion intelligente de l&rsquo;\u00e9nergie alors que System Profiler identifie et sauvegarde les donn\u00e9es d\u00e9taill\u00e9es des postes de travail sur tout un d\u00e9ploiement. Enfin, Faronics Insight offre un contr\u00f4le total des ordinateurs d&rsquo;une salle de classe, tandis que Faronics WINSelect permet aux administrateurs informatiques de personnaliser leur acc\u00e8s aux applications, aux sites Internet, aux programmes, et aux options de menu.<\/p>\n<h2>Le d\u00e9veloppement de nos logiciels<\/h2>\n<p>Faronics est une organisation centr\u00e9e sur le client et c&rsquo;est pourquoi nous menons la recherche et le d\u00e9veloppement de nos produits en \u00e9troite collaboration avec nos utilisateurs finaux. Nous attachons une grande importance aux id\u00e9es et aux suggestions de nos clients, et nous nous basons sur leurs commentaires pour leur offrir les solutions innovantes sur lesquelles ils savent d\u00e9sormais qu&rsquo;ils peuvent compter. Cette approche constitue la base de la strat\u00e9gie du service client\u00e8le \u00e0 la pointe de l&rsquo;industrie fourni par Faronics, s&rsquo;effor\u00e7ant constamment de b\u00e2tir et de maintenir des relations de longue dur\u00e9e avec nos utilisateurs.<\/p>\n<h2>Nos alliances<\/h2>\n<p>Chez Faronics, nous travaillons en \u00e9troite collaboration avec les organisations et les agences de diverses industries pour partager des informations, coordonner nos efforts vers des objectifs communs, et mettre en place des pratiques d&rsquo;excellence.<br \/>\n<a href=\"https:\/\/www.faronics.com\/fr\/company_fr\/affiliations_fr#climatesavers\"><img loading=\"lazy\" decoding=\"async\" class=\"alignnone size-full wp-image-926\" style=\"margin-left: 100px; margin-right: 50px;\" title=\"climatesavers\" src=\"\/assets\/climatesavers.png\" alt=\"\" width=\"99\" height=\"73\" \/><\/a><a href=\"https:\/\/www.faronics.com\/fr\/company_fr\/affiliations_fr#microsoft\"><img loading=\"lazy\" decoding=\"async\" class=\"alignnone size-full wp-image-931\" style=\"margin-left: 50px; margin-right: 50px;\" title=\"microsoft\" src=\"\/assets\/microsoft.gif\" alt=\"\" width=\"100\" height=\"52\" \/><\/a><a href=\"https:\/\/www.faronics.com\/company_fr\/affiliations_fr\/#LANdesk\"><img loading=\"lazy\" decoding=\"async\" class=\"alignnone size-full wp-image-930\" style=\"margin-left: 50px; margin-right: 50px;\" title=\"LANDesk2\" src=\"\/assets\/LANDesk2.gif\" alt=\"\" width=\"103\" height=\"46\" \/><\/a><\/p>\n<h2>Affiliations<\/h2>\n<p>Faronics est fi\u00e8re d&rsquo;\u00eatre une soci\u00e9t\u00e9 membre des organisations suivantes. Nous soutenons leurs \u00e9nonc\u00e9s de mission et partageons leurs objectifs afin de faire avancer l&rsquo;utilisation des technologies pour l&rsquo;am\u00e9lioration et l&rsquo;autonomisation du travail de ceux qui les utilisent. Nous attachons la plus grande importance aux relations que nous b\u00e2tissons avec ces organisations et nous continuerons \u00e0 cr\u00e9er des connexions au sein de la communaut\u00e9 des technologies.<\/p>\n<p><a href=\"https:\/\/www.faronics.com\/fr\/company_fr\/affiliations_fr#iste\"><img loading=\"lazy\" decoding=\"async\" class=\"alignleft size-full wp-image-929\" style=\"margin-left: 100px; margin-right: 20px;\" title=\"iste_logo\" src=\"\/assets\/iste_logo.gif\" alt=\"\" width=\"100\" height=\"56\" \/><\/a><a href=\"https:\/\/www.faronics.com\/fr\/company_fr\/affiliations_fr#educause\"><img loading=\"lazy\" decoding=\"async\" class=\"alignleft size-full wp-image-928\" style=\"margin-left: 20px; margin-right: 20px;\" title=\"educause_logo\" src=\"\/assets\/educause_logo.jpg\" alt=\"\" width=\"100\" height=\"62\" \/><\/a><a href=\"https:\/\/www.faronics.com\/fr\/company_fr\/affiliations_fr#bctia\"><img loading=\"lazy\" decoding=\"async\" class=\"alignleft size-full wp-image-925\" style=\"margin-left: 20px; margin-right: 20px;\" title=\"bctia_logo\" src=\"\/assets\/bctia_logo.gif\" alt=\"\" width=\"100\" height=\"58\" \/><\/a><a href=\"https:\/\/www.faronics.com\/fr\/company_fr\/affiliations_fr#CoSN\"><img loading=\"lazy\" decoding=\"async\" class=\"alignleft size-full wp-image-927\" style=\"margin-left: 20px; margin-right: 20px;\" title=\"CoSN_logo\" src=\"\/assets\/CoSN_logo.jpg\" alt=\"\" width=\"79\" height=\"80\" \/><\/a><\/p>\n","protected":false},"excerpt":{"rendered":"<p>Faronics con\u00e7oit des logiciels qui aident \u00e0 g\u00e9rer, simplifier et s\u00e9curiser les environnements informatiques multi-utilisateurs. Nos produits garantissent que les postes de travail sont toujours disponibles \u00e0 100% et lib\u00e8rent le personnel informatique des t\u00e2ches fastidieuses d&rsquo;assistance technique et de r\u00e9solution des probl\u00e8mes de logiciels. Motiv\u00e9es par l&rsquo;int\u00e9r\u00eat que nous portons au client, les innovations technologiques de Faronics b\u00e9n\u00e9ficient tout particuli\u00e8rement aux \u00e9tablissements scolaires, aux institutions de sant\u00e9, aux biblioth\u00e8ques, aux organisations gouvernementales et aux corporations.<\/p>\n<p>Faronics Deep Freeze permet de r\u00e9duire les frais et les requ\u00eates informatiques en prot\u00e9geant les configurations des ordinateurs. Faronics Anti-Executable les prot\u00e8ge contre les logiciels non autoris\u00e9s, tandis que Faronics Anti-Virus garantit une protection en bout de ligne contre les logiciels malveillants les plus performants. Faronics Power Save permet de r\u00e9duire les d\u00e9penses \u00e9nerg\u00e9tiques gr\u00e2ce \u00e0 une gestion intelligente de l&rsquo;\u00e9nergie alors que System Profiler identifie et sauvegarde les donn\u00e9es d\u00e9taill\u00e9es des postes de travail sur tout un d\u00e9ploiement. Enfin, Faronics Insight offre un contr\u00f4le total des ordinateurs d&rsquo;une salle de classe, tandis que Faronics WINSelect permet aux administrateurs informatiques de personnaliser leur acc\u00e8s aux applications, aux sites Internet, aux programmes, et aux options de menu.<\/p>\n<p> Le d\u00e9veloppement de nos logiciels <\/p>\n<p>Faronics est une organisation centr\u00e9e sur le client et c&rsquo;est pourquoi nous menons la recherche et le d\u00e9veloppement de nos produits en \u00e9troite collaboration avec nos utilisateurs finaux. Nous attachons une grande importance aux id\u00e9es et aux suggestions de nos clients, et nous nous basons sur leurs commentaires pour leur offrir les solutions <\/p>\n<div class=\"more\"><a href=\"https:\/\/www.faronics.com\/fr\/company_fr\">Continue Reading&#8230;<\/a><\/div>\n","protected":false},"author":108,"featured_media":0,"parent":0,"menu_order":0,"comment_status":"open","ping_status":"closed","template":"page-template-with-sidebar.php","meta":{"_acf_changed":false,"inline_featured_image":false,"footnotes":""},"class_list":["post-14228","page","type-page","status-publish","hentry"],"acf":[],"yoast_head":"<!-- This site is optimized with the Yoast SEO Premium plugin v27.3 (Yoast SEO v27.3) - https:\/\/yoast.com\/product\/yoast-seo-premium-wordpress\/ -->\n<title>Notre soci\u00e9t\u00e9 - Faronics<\/title>\n<meta name=\"description\" content=\"Faronics con\u00e7oit des logiciels qui aident \u00e0 g\u00e9rer, simplifier et s\u00e9curiser les environnements informatiques multi-utilisateurs. Nos produits garantissent\" \/>\n<meta name=\"robots\" content=\"index, follow, max-snippet:-1, max-image-preview:large, max-video-preview:-1\" \/>\n<link rel=\"canonical\" href=\"https:\/\/www.faronics.com\/fr\/company_fr\" \/>\n<meta property=\"og:locale\" content=\"fr_FR\" \/>\n<meta property=\"og:type\" content=\"article\" \/>\n<meta property=\"og:title\" content=\"Notre soci\u00e9t\u00e9\" \/>\n<meta property=\"og:description\" content=\"Faronics con\u00e7oit des logiciels qui aident \u00e0 g\u00e9rer, simplifier et s\u00e9curiser les environnements informatiques multi-utilisateurs. Nos produits garantissent\" \/>\n<meta property=\"og:url\" content=\"https:\/\/www.faronics.com\/fr\/company_fr\" \/>\n<meta property=\"og:site_name\" content=\"Faronics\" \/>\n<meta property=\"article:publisher\" content=\"https:\/\/www.facebook.com\/faronics\" \/>\n<meta property=\"article:modified_time\" content=\"2024-03-04T13:58:30+00:00\" \/>\n<meta name=\"twitter:card\" content=\"summary_large_image\" \/>\n<meta name=\"twitter:site\" content=\"@faronics\" \/>\n<meta name=\"twitter:label1\" content=\"Dur\u00e9e de lecture estim\u00e9e\" \/>\n\t<meta name=\"twitter:data1\" content=\"4 minutes\" \/>\n<script type=\"application\/ld+json\" class=\"yoast-schema-graph\">{\"@context\":\"https:\\\/\\\/schema.org\",\"@graph\":[{\"@type\":\"WebPage\",\"@id\":\"https:\\\/\\\/www.faronics.com\\\/fr\\\/company_fr\",\"url\":\"https:\\\/\\\/www.faronics.com\\\/fr\\\/company_fr\",\"name\":\"Notre soci\u00e9t\u00e9 - Faronics\",\"isPartOf\":{\"@id\":\"https:\\\/\\\/www.faronics.com\\\/fr#website\"},\"datePublished\":\"2011-07-24T17:16:02+00:00\",\"dateModified\":\"2024-03-04T13:58:30+00:00\",\"description\":\"Faronics con\u00e7oit des logiciels qui aident \u00e0 g\u00e9rer, simplifier et s\u00e9curiser les environnements informatiques multi-utilisateurs. Nos produits garantissent\",\"breadcrumb\":{\"@id\":\"https:\\\/\\\/www.faronics.com\\\/fr\\\/company_fr#breadcrumb\"},\"inLanguage\":\"fr-FR\",\"potentialAction\":[{\"@type\":\"ReadAction\",\"target\":[\"https:\\\/\\\/www.faronics.com\\\/fr\\\/company_fr\"]}]},{\"@type\":\"BreadcrumbList\",\"@id\":\"https:\\\/\\\/www.faronics.com\\\/fr\\\/company_fr#breadcrumb\",\"itemListElement\":[{\"@type\":\"ListItem\",\"position\":1,\"name\":\"Home\",\"item\":\"https:\\\/\\\/www.faronics.com\\\/fr\"},{\"@type\":\"ListItem\",\"position\":2,\"name\":\"Notre soci\u00e9t\u00e9\",\"item\":\"https:\\\/\\\/www.faronics.com\\\/fr\\\/notre-societe\\\/\"}]},{\"@type\":\"WebSite\",\"@id\":\"https:\\\/\\\/www.faronics.com\\\/fr#website\",\"url\":\"https:\\\/\\\/www.faronics.com\\\/fr\",\"name\":\"Faronics\",\"description\":\"Cr\u00e9ateurs de Deep Freeze et d'autres solutions de s\u00e9curit\u00e9 multicouche\",\"publisher\":{\"@id\":\"https:\\\/\\\/www.faronics.com\\\/fr#organization\"},\"potentialAction\":[{\"@type\":\"SearchAction\",\"target\":{\"@type\":\"EntryPoint\",\"urlTemplate\":\"https:\\\/\\\/www.faronics.com\\\/fr?s={search_term_string}\"},\"query-input\":{\"@type\":\"PropertyValueSpecification\",\"valueRequired\":true,\"valueName\":\"search_term_string\"}}],\"inLanguage\":\"fr-FR\"},{\"@type\":\"Organization\",\"@id\":\"https:\\\/\\\/www.faronics.com\\\/fr#organization\",\"name\":\"Faronics\",\"url\":\"https:\\\/\\\/www.faronics.com\\\/fr\",\"logo\":{\"@type\":\"ImageObject\",\"inLanguage\":\"fr-FR\",\"@id\":\"https:\\\/\\\/www.faronics.com\\\/fr#\\\/schema\\\/logo\\\/image\\\/\",\"url\":\"https:\\\/\\\/www.faronics.com\\\/assets\\\/footer-faronics-logo.png\",\"contentUrl\":\"https:\\\/\\\/www.faronics.com\\\/assets\\\/footer-faronics-logo.png\",\"width\":155,\"height\":44,\"caption\":\"Faronics\"},\"image\":{\"@id\":\"https:\\\/\\\/www.faronics.com\\\/fr#\\\/schema\\\/logo\\\/image\\\/\"},\"sameAs\":[\"https:\\\/\\\/www.facebook.com\\\/faronics\",\"https:\\\/\\\/x.com\\\/faronics\"]}]}<\/script>\n<!-- \/ Yoast SEO Premium plugin. -->","yoast_head_json":{"title":"Notre soci\u00e9t\u00e9 - Faronics","description":"Faronics con\u00e7oit des logiciels qui aident \u00e0 g\u00e9rer, simplifier et s\u00e9curiser les environnements informatiques multi-utilisateurs. Nos produits garantissent","robots":{"index":"index","follow":"follow","max-snippet":"max-snippet:-1","max-image-preview":"max-image-preview:large","max-video-preview":"max-video-preview:-1"},"canonical":"https:\/\/www.faronics.com\/fr\/company_fr","og_locale":"fr_FR","og_type":"article","og_title":"Notre soci\u00e9t\u00e9","og_description":"Faronics con\u00e7oit des logiciels qui aident \u00e0 g\u00e9rer, simplifier et s\u00e9curiser les environnements informatiques multi-utilisateurs. Nos produits garantissent","og_url":"https:\/\/www.faronics.com\/fr\/company_fr","og_site_name":"Faronics","article_publisher":"https:\/\/www.facebook.com\/faronics","article_modified_time":"2024-03-04T13:58:30+00:00","twitter_card":"summary_large_image","twitter_site":"@faronics","twitter_misc":{"Dur\u00e9e de lecture estim\u00e9e":"4 minutes"},"schema":{"@context":"https:\/\/schema.org","@graph":[{"@type":"WebPage","@id":"https:\/\/www.faronics.com\/fr\/company_fr","url":"https:\/\/www.faronics.com\/fr\/company_fr","name":"Notre soci\u00e9t\u00e9 - Faronics","isPartOf":{"@id":"https:\/\/www.faronics.com\/fr#website"},"datePublished":"2011-07-24T17:16:02+00:00","dateModified":"2024-03-04T13:58:30+00:00","description":"Faronics con\u00e7oit des logiciels qui aident \u00e0 g\u00e9rer, simplifier et s\u00e9curiser les environnements informatiques multi-utilisateurs. Nos produits garantissent","breadcrumb":{"@id":"https:\/\/www.faronics.com\/fr\/company_fr#breadcrumb"},"inLanguage":"fr-FR","potentialAction":[{"@type":"ReadAction","target":["https:\/\/www.faronics.com\/fr\/company_fr"]}]},{"@type":"BreadcrumbList","@id":"https:\/\/www.faronics.com\/fr\/company_fr#breadcrumb","itemListElement":[{"@type":"ListItem","position":1,"name":"Home","item":"https:\/\/www.faronics.com\/fr"},{"@type":"ListItem","position":2,"name":"Notre soci\u00e9t\u00e9","item":"https:\/\/www.faronics.com\/fr\/notre-societe\/"}]},{"@type":"WebSite","@id":"https:\/\/www.faronics.com\/fr#website","url":"https:\/\/www.faronics.com\/fr","name":"Faronics","description":"Cr\u00e9ateurs de Deep Freeze et d'autres solutions de s\u00e9curit\u00e9 multicouche","publisher":{"@id":"https:\/\/www.faronics.com\/fr#organization"},"potentialAction":[{"@type":"SearchAction","target":{"@type":"EntryPoint","urlTemplate":"https:\/\/www.faronics.com\/fr?s={search_term_string}"},"query-input":{"@type":"PropertyValueSpecification","valueRequired":true,"valueName":"search_term_string"}}],"inLanguage":"fr-FR"},{"@type":"Organization","@id":"https:\/\/www.faronics.com\/fr#organization","name":"Faronics","url":"https:\/\/www.faronics.com\/fr","logo":{"@type":"ImageObject","inLanguage":"fr-FR","@id":"https:\/\/www.faronics.com\/fr#\/schema\/logo\/image\/","url":"https:\/\/www.faronics.com\/assets\/footer-faronics-logo.png","contentUrl":"https:\/\/www.faronics.com\/assets\/footer-faronics-logo.png","width":155,"height":44,"caption":"Faronics"},"image":{"@id":"https:\/\/www.faronics.com\/fr#\/schema\/logo\/image\/"},"sameAs":["https:\/\/www.facebook.com\/faronics","https:\/\/x.com\/faronics"]}]}},"_links":{"self":[{"href":"https:\/\/www.faronics.com\/fr\/wp-json\/wp\/v2\/pages\/14228","targetHints":{"allow":["GET"]}}],"collection":[{"href":"https:\/\/www.faronics.com\/fr\/wp-json\/wp\/v2\/pages"}],"about":[{"href":"https:\/\/www.faronics.com\/fr\/wp-json\/wp\/v2\/types\/page"}],"author":[{"embeddable":true,"href":"https:\/\/www.faronics.com\/fr\/wp-json\/wp\/v2\/users\/108"}],"replies":[{"embeddable":true,"href":"https:\/\/www.faronics.com\/fr\/wp-json\/wp\/v2\/comments?post=14228"}],"version-history":[{"count":3,"href":"https:\/\/www.faronics.com\/fr\/wp-json\/wp\/v2\/pages\/14228\/revisions"}],"predecessor-version":[{"id":246582,"href":"https:\/\/www.faronics.com\/fr\/wp-json\/wp\/v2\/pages\/14228\/revisions\/246582"}],"wp:attachment":[{"href":"https:\/\/www.faronics.com\/fr\/wp-json\/wp\/v2\/media?parent=14228"}],"curies":[{"name":"wp","href":"https:\/\/api.w.org\/{rel}","templated":true}]}}