{"id":14212,"date":"2011-07-24T10:09:24","date_gmt":"2011-07-24T17:09:24","guid":{"rendered":"https:\/\/www.faronics.com\/?page_id=14212"},"modified":"2012-01-05T02:07:47","modified_gmt":"2012-01-05T10:07:47","slug":"carrieres","status":"publish","type":"page","link":"https:\/\/www.faronics.com\/fr\/company_fr\/carrieres","title":{"rendered":"Recrutement"},"content":{"rendered":"","protected":false},"excerpt":{"rendered":"","protected":false},"author":108,"featured_media":4320,"parent":14228,"menu_order":0,"comment_status":"open","ping_status":"closed","template":"page-template-careers.php","meta":{"_acf_changed":false,"inline_featured_image":false,"footnotes":""},"class_list":["post-14212","page","type-page","status-publish","has-post-thumbnail","hentry"],"acf":[],"yoast_head":"<!-- This site is optimized with the Yoast SEO Premium plugin v27.3 (Yoast SEO v27.3) - https:\/\/yoast.com\/product\/yoast-seo-premium-wordpress\/ -->\n<title>Recrutement - Faronics<\/title>\n<meta name=\"robots\" content=\"index, follow, max-snippet:-1, max-image-preview:large, max-video-preview:-1\" \/>\n<link rel=\"canonical\" href=\"https:\/\/www.faronics.com\/fr\/company_fr\/carrieres\" \/>\n<meta property=\"og:locale\" content=\"fr_FR\" \/>\n<meta property=\"og:type\" content=\"article\" \/>\n<meta property=\"og:title\" content=\"Recrutement\" \/>\n<meta property=\"og:url\" content=\"https:\/\/www.faronics.com\/fr\/company_fr\/carrieres\" \/>\n<meta property=\"og:site_name\" content=\"Faronics\" \/>\n<meta property=\"article:publisher\" content=\"https:\/\/www.facebook.com\/faronics\" \/>\n<meta property=\"article:modified_time\" content=\"2012-01-05T10:07:47+00:00\" \/>\n<meta property=\"og:image\" content=\"https:\/\/www.faronics.com\/assets\/career-img1.jpg\" \/>\n\t<meta property=\"og:image:width\" content=\"700\" \/>\n\t<meta property=\"og:image:height\" content=\"250\" \/>\n\t<meta property=\"og:image:type\" content=\"image\/jpeg\" \/>\n<meta name=\"twitter:card\" content=\"summary_large_image\" \/>\n<meta name=\"twitter:site\" content=\"@faronics\" \/>\n<script type=\"application\/ld+json\" class=\"yoast-schema-graph\">{\"@context\":\"https:\\\/\\\/schema.org\",\"@graph\":[{\"@type\":\"WebPage\",\"@id\":\"https:\\\/\\\/www.faronics.com\\\/fr\\\/company_fr\\\/carrieres\",\"url\":\"https:\\\/\\\/www.faronics.com\\\/fr\\\/company_fr\\\/carrieres\",\"name\":\"Recrutement - Faronics\",\"isPartOf\":{\"@id\":\"https:\\\/\\\/www.faronics.com\\\/fr#website\"},\"primaryImageOfPage\":{\"@id\":\"https:\\\/\\\/www.faronics.com\\\/fr\\\/company_fr\\\/carrieres#primaryimage\"},\"image\":{\"@id\":\"https:\\\/\\\/www.faronics.com\\\/fr\\\/company_fr\\\/carrieres#primaryimage\"},\"thumbnailUrl\":\"https:\\\/\\\/www.faronics.com\\\/assets\\\/career-img1.jpg\",\"datePublished\":\"2011-07-24T17:09:24+00:00\",\"dateModified\":\"2012-01-05T10:07:47+00:00\",\"breadcrumb\":{\"@id\":\"https:\\\/\\\/www.faronics.com\\\/fr\\\/company_fr\\\/carrieres#breadcrumb\"},\"inLanguage\":\"fr-FR\",\"potentialAction\":[{\"@type\":\"ReadAction\",\"target\":[\"https:\\\/\\\/www.faronics.com\\\/fr\\\/company_fr\\\/carrieres\"]}]},{\"@type\":\"ImageObject\",\"inLanguage\":\"fr-FR\",\"@id\":\"https:\\\/\\\/www.faronics.com\\\/fr\\\/company_fr\\\/carrieres#primaryimage\",\"url\":\"https:\\\/\\\/www.faronics.com\\\/assets\\\/career-img1.jpg\",\"contentUrl\":\"https:\\\/\\\/www.faronics.com\\\/assets\\\/career-img1.jpg\",\"width\":700,\"height\":250},{\"@type\":\"BreadcrumbList\",\"@id\":\"https:\\\/\\\/www.faronics.com\\\/fr\\\/company_fr\\\/carrieres#breadcrumb\",\"itemListElement\":[{\"@type\":\"ListItem\",\"position\":1,\"name\":\"Home\",\"item\":\"https:\\\/\\\/www.faronics.com\\\/fr\"},{\"@type\":\"ListItem\",\"position\":2,\"name\":\"Notre soci\u00e9t\u00e9\",\"item\":\"https:\\\/\\\/www.faronics.com\\\/fr\\\/company_fr\"},{\"@type\":\"ListItem\",\"position\":3,\"name\":\"Recrutement\",\"item\":\"https:\\\/\\\/www.faronics.com\\\/fr\\\/recrutement\\\/\"}]},{\"@type\":\"WebSite\",\"@id\":\"https:\\\/\\\/www.faronics.com\\\/fr#website\",\"url\":\"https:\\\/\\\/www.faronics.com\\\/fr\",\"name\":\"Faronics\",\"description\":\"Cr\u00e9ateurs de Deep Freeze et d'autres solutions de s\u00e9curit\u00e9 multicouche\",\"publisher\":{\"@id\":\"https:\\\/\\\/www.faronics.com\\\/fr#organization\"},\"potentialAction\":[{\"@type\":\"SearchAction\",\"target\":{\"@type\":\"EntryPoint\",\"urlTemplate\":\"https:\\\/\\\/www.faronics.com\\\/fr?s={search_term_string}\"},\"query-input\":{\"@type\":\"PropertyValueSpecification\",\"valueRequired\":true,\"valueName\":\"search_term_string\"}}],\"inLanguage\":\"fr-FR\"},{\"@type\":\"Organization\",\"@id\":\"https:\\\/\\\/www.faronics.com\\\/fr#organization\",\"name\":\"Faronics\",\"url\":\"https:\\\/\\\/www.faronics.com\\\/fr\",\"logo\":{\"@type\":\"ImageObject\",\"inLanguage\":\"fr-FR\",\"@id\":\"https:\\\/\\\/www.faronics.com\\\/fr#\\\/schema\\\/logo\\\/image\\\/\",\"url\":\"https:\\\/\\\/www.faronics.com\\\/assets\\\/footer-faronics-logo.png\",\"contentUrl\":\"https:\\\/\\\/www.faronics.com\\\/assets\\\/footer-faronics-logo.png\",\"width\":155,\"height\":44,\"caption\":\"Faronics\"},\"image\":{\"@id\":\"https:\\\/\\\/www.faronics.com\\\/fr#\\\/schema\\\/logo\\\/image\\\/\"},\"sameAs\":[\"https:\\\/\\\/www.facebook.com\\\/faronics\",\"https:\\\/\\\/x.com\\\/faronics\"]}]}<\/script>\n<!-- \/ Yoast SEO Premium plugin. -->","yoast_head_json":{"title":"Recrutement - Faronics","robots":{"index":"index","follow":"follow","max-snippet":"max-snippet:-1","max-image-preview":"max-image-preview:large","max-video-preview":"max-video-preview:-1"},"canonical":"https:\/\/www.faronics.com\/fr\/company_fr\/carrieres","og_locale":"fr_FR","og_type":"article","og_title":"Recrutement","og_url":"https:\/\/www.faronics.com\/fr\/company_fr\/carrieres","og_site_name":"Faronics","article_publisher":"https:\/\/www.facebook.com\/faronics","article_modified_time":"2012-01-05T10:07:47+00:00","og_image":[{"width":700,"height":250,"url":"https:\/\/www.faronics.com\/assets\/career-img1.jpg","type":"image\/jpeg"}],"twitter_card":"summary_large_image","twitter_site":"@faronics","schema":{"@context":"https:\/\/schema.org","@graph":[{"@type":"WebPage","@id":"https:\/\/www.faronics.com\/fr\/company_fr\/carrieres","url":"https:\/\/www.faronics.com\/fr\/company_fr\/carrieres","name":"Recrutement - Faronics","isPartOf":{"@id":"https:\/\/www.faronics.com\/fr#website"},"primaryImageOfPage":{"@id":"https:\/\/www.faronics.com\/fr\/company_fr\/carrieres#primaryimage"},"image":{"@id":"https:\/\/www.faronics.com\/fr\/company_fr\/carrieres#primaryimage"},"thumbnailUrl":"https:\/\/www.faronics.com\/assets\/career-img1.jpg","datePublished":"2011-07-24T17:09:24+00:00","dateModified":"2012-01-05T10:07:47+00:00","breadcrumb":{"@id":"https:\/\/www.faronics.com\/fr\/company_fr\/carrieres#breadcrumb"},"inLanguage":"fr-FR","potentialAction":[{"@type":"ReadAction","target":["https:\/\/www.faronics.com\/fr\/company_fr\/carrieres"]}]},{"@type":"ImageObject","inLanguage":"fr-FR","@id":"https:\/\/www.faronics.com\/fr\/company_fr\/carrieres#primaryimage","url":"https:\/\/www.faronics.com\/assets\/career-img1.jpg","contentUrl":"https:\/\/www.faronics.com\/assets\/career-img1.jpg","width":700,"height":250},{"@type":"BreadcrumbList","@id":"https:\/\/www.faronics.com\/fr\/company_fr\/carrieres#breadcrumb","itemListElement":[{"@type":"ListItem","position":1,"name":"Home","item":"https:\/\/www.faronics.com\/fr"},{"@type":"ListItem","position":2,"name":"Notre soci\u00e9t\u00e9","item":"https:\/\/www.faronics.com\/fr\/company_fr"},{"@type":"ListItem","position":3,"name":"Recrutement","item":"https:\/\/www.faronics.com\/fr\/recrutement\/"}]},{"@type":"WebSite","@id":"https:\/\/www.faronics.com\/fr#website","url":"https:\/\/www.faronics.com\/fr","name":"Faronics","description":"Cr\u00e9ateurs de Deep Freeze et d'autres solutions de s\u00e9curit\u00e9 multicouche","publisher":{"@id":"https:\/\/www.faronics.com\/fr#organization"},"potentialAction":[{"@type":"SearchAction","target":{"@type":"EntryPoint","urlTemplate":"https:\/\/www.faronics.com\/fr?s={search_term_string}"},"query-input":{"@type":"PropertyValueSpecification","valueRequired":true,"valueName":"search_term_string"}}],"inLanguage":"fr-FR"},{"@type":"Organization","@id":"https:\/\/www.faronics.com\/fr#organization","name":"Faronics","url":"https:\/\/www.faronics.com\/fr","logo":{"@type":"ImageObject","inLanguage":"fr-FR","@id":"https:\/\/www.faronics.com\/fr#\/schema\/logo\/image\/","url":"https:\/\/www.faronics.com\/assets\/footer-faronics-logo.png","contentUrl":"https:\/\/www.faronics.com\/assets\/footer-faronics-logo.png","width":155,"height":44,"caption":"Faronics"},"image":{"@id":"https:\/\/www.faronics.com\/fr#\/schema\/logo\/image\/"},"sameAs":["https:\/\/www.facebook.com\/faronics","https:\/\/x.com\/faronics"]}]}},"_links":{"self":[{"href":"https:\/\/www.faronics.com\/fr\/wp-json\/wp\/v2\/pages\/14212","targetHints":{"allow":["GET"]}}],"collection":[{"href":"https:\/\/www.faronics.com\/fr\/wp-json\/wp\/v2\/pages"}],"about":[{"href":"https:\/\/www.faronics.com\/fr\/wp-json\/wp\/v2\/types\/page"}],"author":[{"embeddable":true,"href":"https:\/\/www.faronics.com\/fr\/wp-json\/wp\/v2\/users\/108"}],"replies":[{"embeddable":true,"href":"https:\/\/www.faronics.com\/fr\/wp-json\/wp\/v2\/comments?post=14212"}],"version-history":[{"count":0,"href":"https:\/\/www.faronics.com\/fr\/wp-json\/wp\/v2\/pages\/14212\/revisions"}],"up":[{"embeddable":true,"href":"https:\/\/www.faronics.com\/fr\/wp-json\/wp\/v2\/pages\/14228"}],"wp:featuredmedia":[{"embeddable":true,"href":"https:\/\/www.faronics.com\/fr\/wp-json\/wp\/v2\/media\/4320"}],"wp:attachment":[{"href":"https:\/\/www.faronics.com\/fr\/wp-json\/wp\/v2\/media?parent=14212"}],"curies":[{"name":"wp","href":"https:\/\/api.w.org\/{rel}","templated":true}]}}