{"id":13876,"date":"2011-08-06T12:53:55","date_gmt":"2011-08-06T19:53:55","guid":{"rendered":"https:\/\/www.faronics.com\/?page_id=13876"},"modified":"2020-09-10T03:21:05","modified_gmt":"2020-09-10T10:21:05","slug":"partenaires","status":"publish","type":"page","link":"https:\/\/www.faronics.com\/fr\/partenaires","title":{"rendered":"Partenaires"},"content":{"rendered":"<div class=\"copy-blocks grid clearfix\">\n<p>Faronics est une compagnie priv\u00e9e en pleine expansion reconnue pour ses produits \u00e0 prix raisonnable et de qualit\u00e9 sup\u00e9rieure. Nous avons pr\u00e8s de 30 000 clients aux besoins uniques qui utilisent plus de huit millions de licences dans 150 pays. Nous estimons nos partenaires, car ils sont un compl\u00e9ment \u00e0 notre entreprise et ils nous aident \u00e0 offrir nos produits \u00e0 nos clients communs par l\u2019interm\u00e9diaire de relations existantes, par une pr\u00e9sence locale et par des services \u00e0 valeur ajout\u00e9e. Avec des bureaux aux \u00c9tats-Unis, au Canada et au Royaume-Uni, Faronics a eu la chance de d\u00e9velopper un r\u00e9seau mondial de partenaires pour distribuer ses produits renomm\u00e9s.<\/p>\n<div>\n<h3><a href=\"https:\/\/www.faronics.com\/target-markets\">March\u00e9s cibles<\/a><\/h3>\n<p><img loading=\"lazy\" decoding=\"async\" class=\"alignleft size-full wp-image-2270\" title=\"target_market_image_partnerspage\" src=\"\/assets\/lady-hands.jpg\" alt=\"\" width=\"290\" height=\"75\" \/><br \/>\nNos march\u00e9s cibles \u00e9tablis comprennent les \u00e9coles, les coll\u00e8ges, les universit\u00e9s, diff\u00e9rents paliers de services gouvernementaux, les entreprises et les biblioth\u00e8ques. Ces clients se fient \u00e0 Faronics pour leur offrir des utilitaires intelligents qui leur donnent le contr\u00f4le complet des syst\u00e8mes dans leur environnement informatique. Renseignez-vous sur nos produits pour d\u00e9couvrir s\u2019ils sont l\u2019addition id\u00e9ale \u00e0 votre portfolio.<br \/>\n<a class=\"partners-target action-button contact-sales\" href=\"https:\/\/www.faronics.com\/target-markets\">En savoir plus<\/a><\/p>\n<\/div>\n<div class=\"our-programs\">\n<h3><a href=\"https:\/\/www.faronics.com\/fr\/apercu-du-programme\">Notre programme<\/a><\/h3>\n<p><img loading=\"lazy\" decoding=\"async\" class=\"alignleft size-full wp-image-2273\" title=\"Our_program_partnerspage\" src=\"\/assets\/our-program-people.jpg\" alt=\"\" width=\"290\" height=\"75\" \/><br \/>\nNotre programme est con\u00e7u pour les d\u00e9taillants et fournisseurs de solutions qui cherchent \u00e0 augmenter leurs revenus et \u00e0 se diff\u00e9rencier en rehaussant leur portfolio de solutions. En choisissant Faronics, vous promettez \u00e0 vos clients d\u2019augmenter leur productivit\u00e9 et de r\u00e9duire leurs co\u00fbts. Les ressources et l\u2019appui de Faronics contribuent grandement au succ\u00e8s de ses partenaires.<\/p>\n<p><a class=\"partners-target action-button contact-sales\" href=\"https:\/\/www.faronics.com\/fr\/apercu-du-programme?redirect\">En savoir plus<\/a><\/p>\n<\/div>\n<div class=\"apply-online\" style=\"margin-left:0px;\">\n<h3><a href=\"https:\/\/www.faronics.com\/fr\/inscrivez-vous-en-ligne?redirect\">Posez votre candidature en ligne<\/a><\/h3>\n<p><img loading=\"lazy\" decoding=\"async\" class=\"alignleft size-full wp-image-2274\" title=\"apply_online_partnerspage\" src=\"\/assets\/apply-online.jpg\" alt=\"\" width=\"290\" height=\"75\" \/><br \/>\nFaites le premier pas vers un partenariat avec Faronics. Nous sommes toujours heureux d\u2019avoir la possibilit\u00e9 d\u2019explorer de nouvelles relations!<br \/>\n<a class=\"partners-target action-button contact-sales\" href=\"https:\/\/www.faronics.com\/fr\/inscrivez-vous-en-ligne?redirect\">En savoir plus<\/a><\/p>\n<\/div>\n<\/div>\n<p><!-- #copy-blocks --><\/p>\n","protected":false},"excerpt":{"rendered":"<div class=\"copy-blocks grid clearfix\">\n<p>Faronics est une compagnie priv\u00e9e en pleine expansion reconnue pour ses produits \u00e0 prix raisonnable et de qualit\u00e9 sup\u00e9rieure. Nous avons pr\u00e8s de 30 000 clients aux besoins uniques qui utilisent plus de huit millions de licences dans 150 pays. Nous estimons nos partenaires, car ils sont un compl\u00e9ment \u00e0 notre entreprise et ils nous aident \u00e0 offrir nos produits \u00e0 nos clients communs par l\u2019interm\u00e9diaire de relations existantes, par une pr\u00e9sence locale et par des services \u00e0 valeur ajout\u00e9e. Avec des bureaux aux \u00c9tats-Unis, au Canada et au Royaume-Uni, Faronics a eu la chance de d\u00e9velopper un r\u00e9seau mondial de partenaires pour distribuer ses produits renomm\u00e9s.<\/p>\n<div> <a href=\"https:\/\/www.faronics.com\/target-markets\">March\u00e9s cibles<\/a> <\/p>\n<p><img loading=\"lazy\" decoding=\"async\" class=\"alignleft size-full wp-image-2270\" title=\"target_market_image_partnerspage\" src=\"\/assets\/lady-hands.jpg\" alt=\"\" width=\"290\" height=\"75\" \/> Nos march\u00e9s cibles \u00e9tablis comprennent les \u00e9coles, les coll\u00e8ges, les universit\u00e9s, diff\u00e9rents paliers de services gouvernementaux, les entreprises et les biblioth\u00e8ques. Ces clients se fient \u00e0 Faronics pour leur offrir des utilitaires intelligents qui leur donnent le contr\u00f4le complet des syst\u00e8mes dans leur environnement informatique. Renseignez-vous sur nos produits pour d\u00e9couvrir s\u2019ils sont l\u2019addition id\u00e9ale \u00e0 votre portfolio. <a class=\"partners-target action-button contact-sales\" href=\"https:\/\/www.faronics.com\/target-markets\">En savoir plus<\/a><\/p>\n<\/p><\/div>\n<div class=\"our-programs\"> <a href=\"https:\/\/www.faronics.com\/fr\/apercu-du-programme\">Notre programme<\/a> <\/p>\n<p><img loading=\"lazy\" decoding=\"async\" class=\"alignleft size-full wp-image-2273\" title=\"Our_program_partnerspage\" src=\"\/assets\/our-program-people.jpg\" alt=\"\" width=\"290\" height=\"75\" \/> Notre programme est con\u00e7u pour les d\u00e9taillants et fournisseurs de solutions qui cherchent \u00e0 augmenter leurs revenus et \u00e0 se diff\u00e9rencier en rehaussant leur portfolio de solutions. En choisissant Faronics, vous promettez \u00e0 vos clients d\u2019augmenter leur productivit\u00e9 et de <\/p>\n<div class=\"more\"><a href=\"https:\/\/www.faronics.com\/fr\/partenaires\">Continue Reading&#8230;<\/a><\/div>\n","protected":false},"author":108,"featured_media":0,"parent":0,"menu_order":1,"comment_status":"open","ping_status":"closed","template":"page-template-partners.php","meta":{"_acf_changed":false,"inline_featured_image":false,"footnotes":""},"class_list":["post-13876","page","type-page","status-publish","hentry"],"acf":[],"yoast_head":"<!-- This site is optimized with the Yoast SEO Premium plugin v27.5 (Yoast SEO v27.5) - https:\/\/yoast.com\/product\/yoast-seo-premium-wordpress\/ -->\n<title>Partenaires - Faronics<\/title>\n<meta name=\"description\" content=\"Faronics est une compagnie priv\u00e9e en pleine expansion reconnue pour ses produits \u00e0 prix raisonnable et de qualit\u00e9 sup\u00e9rieure. Nous avons pr\u00e8s de 30 000\" \/>\n<meta name=\"robots\" content=\"index, follow, max-snippet:-1, max-image-preview:large, max-video-preview:-1\" \/>\n<link rel=\"canonical\" href=\"https:\/\/www.faronics.com\/fr\/partenaires\" \/>\n<meta property=\"og:locale\" content=\"fr_FR\" \/>\n<meta property=\"og:type\" content=\"article\" \/>\n<meta property=\"og:title\" content=\"Partenaires\" \/>\n<meta property=\"og:description\" content=\"Faronics est une compagnie priv\u00e9e en pleine expansion reconnue pour ses produits \u00e0 prix raisonnable et de qualit\u00e9 sup\u00e9rieure. Nous avons pr\u00e8s de 30 000\" \/>\n<meta property=\"og:url\" content=\"https:\/\/www.faronics.com\/fr\/partenaires\" \/>\n<meta property=\"og:site_name\" content=\"Faronics\" \/>\n<meta property=\"article:publisher\" content=\"https:\/\/www.facebook.com\/faronics\" \/>\n<meta property=\"article:modified_time\" content=\"2020-09-10T10:21:05+00:00\" \/>\n<meta property=\"og:image\" content=\"https:\/\/www.faronics.com\/assets\/lady-hands.jpg\" \/>\n<meta name=\"twitter:card\" content=\"summary_large_image\" \/>\n<meta name=\"twitter:site\" content=\"@faronics\" \/>\n<meta name=\"twitter:label1\" content=\"Dur\u00e9e de lecture estim\u00e9e\" \/>\n\t<meta name=\"twitter:data1\" content=\"1 minute\" \/>\n<script type=\"application\/ld+json\" class=\"yoast-schema-graph\">{\"@context\":\"https:\\\/\\\/schema.org\",\"@graph\":[{\"@type\":\"WebPage\",\"@id\":\"https:\\\/\\\/www.faronics.com\\\/fr\\\/partenaires\",\"url\":\"https:\\\/\\\/www.faronics.com\\\/fr\\\/partenaires\",\"name\":\"Partenaires - Faronics\",\"isPartOf\":{\"@id\":\"https:\\\/\\\/www.faronics.com\\\/fr#website\"},\"datePublished\":\"2011-08-06T19:53:55+00:00\",\"dateModified\":\"2020-09-10T10:21:05+00:00\",\"description\":\"Faronics est une compagnie priv\u00e9e en pleine expansion reconnue pour ses produits \u00e0 prix raisonnable et de qualit\u00e9 sup\u00e9rieure. Nous avons pr\u00e8s de 30 000\",\"breadcrumb\":{\"@id\":\"https:\\\/\\\/www.faronics.com\\\/fr\\\/partenaires#breadcrumb\"},\"inLanguage\":\"fr-FR\",\"potentialAction\":[{\"@type\":\"ReadAction\",\"target\":[\"https:\\\/\\\/www.faronics.com\\\/fr\\\/partenaires\"]}]},{\"@type\":\"BreadcrumbList\",\"@id\":\"https:\\\/\\\/www.faronics.com\\\/fr\\\/partenaires#breadcrumb\",\"itemListElement\":[{\"@type\":\"ListItem\",\"position\":1,\"name\":\"Home\",\"item\":\"https:\\\/\\\/www.faronics.com\\\/fr\"},{\"@type\":\"ListItem\",\"position\":2,\"name\":\"Partenaires\",\"item\":\"https:\\\/\\\/www.faronics.com\\\/fr\\\/partenaires\\\/\"}]},{\"@type\":\"WebSite\",\"@id\":\"https:\\\/\\\/www.faronics.com\\\/fr#website\",\"url\":\"https:\\\/\\\/www.faronics.com\\\/fr\",\"name\":\"Faronics\",\"description\":\"Cr\u00e9ateurs de Deep Freeze et d'autres solutions de s\u00e9curit\u00e9 multicouche\",\"publisher\":{\"@id\":\"https:\\\/\\\/www.faronics.com\\\/fr#organization\"},\"potentialAction\":[{\"@type\":\"SearchAction\",\"target\":{\"@type\":\"EntryPoint\",\"urlTemplate\":\"https:\\\/\\\/www.faronics.com\\\/fr?s={search_term_string}\"},\"query-input\":{\"@type\":\"PropertyValueSpecification\",\"valueRequired\":true,\"valueName\":\"search_term_string\"}}],\"inLanguage\":\"fr-FR\"},{\"@type\":\"Organization\",\"@id\":\"https:\\\/\\\/www.faronics.com\\\/fr#organization\",\"name\":\"Faronics\",\"url\":\"https:\\\/\\\/www.faronics.com\\\/fr\",\"logo\":{\"@type\":\"ImageObject\",\"inLanguage\":\"fr-FR\",\"@id\":\"https:\\\/\\\/www.faronics.com\\\/fr#\\\/schema\\\/logo\\\/image\\\/\",\"url\":\"https:\\\/\\\/www.faronics.com\\\/assets\\\/footer-faronics-logo.png\",\"contentUrl\":\"https:\\\/\\\/www.faronics.com\\\/assets\\\/footer-faronics-logo.png\",\"width\":155,\"height\":44,\"caption\":\"Faronics\"},\"image\":{\"@id\":\"https:\\\/\\\/www.faronics.com\\\/fr#\\\/schema\\\/logo\\\/image\\\/\"},\"sameAs\":[\"https:\\\/\\\/www.facebook.com\\\/faronics\",\"https:\\\/\\\/x.com\\\/faronics\"]}]}<\/script>\n<!-- \/ Yoast SEO Premium plugin. -->","yoast_head_json":{"title":"Partenaires - Faronics","description":"Faronics est une compagnie priv\u00e9e en pleine expansion reconnue pour ses produits \u00e0 prix raisonnable et de qualit\u00e9 sup\u00e9rieure. Nous avons pr\u00e8s de 30 000","robots":{"index":"index","follow":"follow","max-snippet":"max-snippet:-1","max-image-preview":"max-image-preview:large","max-video-preview":"max-video-preview:-1"},"canonical":"https:\/\/www.faronics.com\/fr\/partenaires","og_locale":"fr_FR","og_type":"article","og_title":"Partenaires","og_description":"Faronics est une compagnie priv\u00e9e en pleine expansion reconnue pour ses produits \u00e0 prix raisonnable et de qualit\u00e9 sup\u00e9rieure. Nous avons pr\u00e8s de 30 000","og_url":"https:\/\/www.faronics.com\/fr\/partenaires","og_site_name":"Faronics","article_publisher":"https:\/\/www.facebook.com\/faronics","article_modified_time":"2020-09-10T10:21:05+00:00","og_image":[{"url":"https:\/\/www.faronics.com\/assets\/lady-hands.jpg","type":"","width":"","height":""}],"twitter_card":"summary_large_image","twitter_site":"@faronics","twitter_misc":{"Dur\u00e9e de lecture estim\u00e9e":"1 minute"},"schema":{"@context":"https:\/\/schema.org","@graph":[{"@type":"WebPage","@id":"https:\/\/www.faronics.com\/fr\/partenaires","url":"https:\/\/www.faronics.com\/fr\/partenaires","name":"Partenaires - Faronics","isPartOf":{"@id":"https:\/\/www.faronics.com\/fr#website"},"datePublished":"2011-08-06T19:53:55+00:00","dateModified":"2020-09-10T10:21:05+00:00","description":"Faronics est une compagnie priv\u00e9e en pleine expansion reconnue pour ses produits \u00e0 prix raisonnable et de qualit\u00e9 sup\u00e9rieure. Nous avons pr\u00e8s de 30 000","breadcrumb":{"@id":"https:\/\/www.faronics.com\/fr\/partenaires#breadcrumb"},"inLanguage":"fr-FR","potentialAction":[{"@type":"ReadAction","target":["https:\/\/www.faronics.com\/fr\/partenaires"]}]},{"@type":"BreadcrumbList","@id":"https:\/\/www.faronics.com\/fr\/partenaires#breadcrumb","itemListElement":[{"@type":"ListItem","position":1,"name":"Home","item":"https:\/\/www.faronics.com\/fr"},{"@type":"ListItem","position":2,"name":"Partenaires","item":"https:\/\/www.faronics.com\/fr\/partenaires\/"}]},{"@type":"WebSite","@id":"https:\/\/www.faronics.com\/fr#website","url":"https:\/\/www.faronics.com\/fr","name":"Faronics","description":"Cr\u00e9ateurs de Deep Freeze et d'autres solutions de s\u00e9curit\u00e9 multicouche","publisher":{"@id":"https:\/\/www.faronics.com\/fr#organization"},"potentialAction":[{"@type":"SearchAction","target":{"@type":"EntryPoint","urlTemplate":"https:\/\/www.faronics.com\/fr?s={search_term_string}"},"query-input":{"@type":"PropertyValueSpecification","valueRequired":true,"valueName":"search_term_string"}}],"inLanguage":"fr-FR"},{"@type":"Organization","@id":"https:\/\/www.faronics.com\/fr#organization","name":"Faronics","url":"https:\/\/www.faronics.com\/fr","logo":{"@type":"ImageObject","inLanguage":"fr-FR","@id":"https:\/\/www.faronics.com\/fr#\/schema\/logo\/image\/","url":"https:\/\/www.faronics.com\/assets\/footer-faronics-logo.png","contentUrl":"https:\/\/www.faronics.com\/assets\/footer-faronics-logo.png","width":155,"height":44,"caption":"Faronics"},"image":{"@id":"https:\/\/www.faronics.com\/fr#\/schema\/logo\/image\/"},"sameAs":["https:\/\/www.facebook.com\/faronics","https:\/\/x.com\/faronics"]}]}},"_links":{"self":[{"href":"https:\/\/www.faronics.com\/fr\/wp-json\/wp\/v2\/pages\/13876","targetHints":{"allow":["GET"]}}],"collection":[{"href":"https:\/\/www.faronics.com\/fr\/wp-json\/wp\/v2\/pages"}],"about":[{"href":"https:\/\/www.faronics.com\/fr\/wp-json\/wp\/v2\/types\/page"}],"author":[{"embeddable":true,"href":"https:\/\/www.faronics.com\/fr\/wp-json\/wp\/v2\/users\/108"}],"replies":[{"embeddable":true,"href":"https:\/\/www.faronics.com\/fr\/wp-json\/wp\/v2\/comments?post=13876"}],"version-history":[{"count":0,"href":"https:\/\/www.faronics.com\/fr\/wp-json\/wp\/v2\/pages\/13876\/revisions"}],"wp:attachment":[{"href":"https:\/\/www.faronics.com\/fr\/wp-json\/wp\/v2\/media?parent=13876"}],"curies":[{"name":"wp","href":"https:\/\/api.w.org\/{rel}","templated":true}]}}