{"id":59496,"date":"2012-06-18T16:08:34","date_gmt":"2012-07-20T15:45:56","guid":{"rendered":"https:\/\/www.faronics.com\/?page_id=59496"},"modified":"2012-10-23T10:00:36","modified_gmt":"2012-10-23T17:00:36","slug":"nuestros-clientes","status":"publish","type":"page","link":"https:\/\/www.faronics.com\/es\/compania\/nuestros-clientes","title":{"rendered":"Nuestros clientes"},"content":{"rendered":"<p>Desde educaci\u00f3n, administraciones p\u00fablicas y sanidad, al comercio minorista, instituciones financieras y corporaciones de peque\u00f1as a grandes, los productos de Faronics dan soporte a una amplia variedad de clientes y a sus respectivas redes, incluyendo las siguientes marcas:<\/p>\n<table id=\"customers\" width=\"650\" border=\"0\" cellspacing=\"10\" cellpadding=\"0\">\n<tbody>\n<tr>\n<td align=\"center\" valign=\"middle\" width=\"250\" height=\"150\"><img loading=\"lazy\" decoding=\"async\" src=\"https:\/\/www.faronics.com\/assets\/Toyota.jpg\" alt=\"Toyota\" width=\"139\" height=\"131\" \/><\/td>\n<td align=\"center\" valign=\"middle\" width=\"200\" height=\"150\"><img loading=\"lazy\" decoding=\"async\" src=\"https:\/\/www.faronics.com\/assets\/AT&amp;T.jpg\" alt=\"AT&amp;T\" width=\"102\" height=\"136\" align=\"middle\" \/><\/td>\n<td align=\"center\" valign=\"middle\" width=\"200\" height=\"150\"><img loading=\"lazy\" decoding=\"async\" src=\"https:\/\/www.faronics.com\/assets\/Intel.jpg\" alt=\"Intel\" width=\"142\" height=\"92\" align=\"middle\" \/><\/td>\n<\/tr>\n<tr>\n<td align=\"center\" valign=\"middle\" width=\"250\" height=\"150\"><img loading=\"lazy\" decoding=\"async\" src=\"https:\/\/www.faronics.com\/assets\/Microsoft.jpg\" alt=\"Microsoft\" width=\"203\" height=\"133\" align=\"middle\" \/><\/td>\n<td align=\"center\" valign=\"middle\" width=\"200\" height=\"150\"><img loading=\"lazy\" decoding=\"async\" src=\"https:\/\/www.faronics.com\/assets\/IBM.png\" alt=\"IBM\" width=\"164\" height=\"64\" align=\"middle\" \/><\/td>\n<td align=\"center\" valign=\"middle\" width=\"200\" height=\"150\"><img loading=\"lazy\" decoding=\"async\" src=\"https:\/\/www.faronics.com\/assets\/CTV.jpg\" alt=\"CTV\" width=\"183\" height=\"137\" align=\"middle\" \/><\/td>\n<\/tr>\n<tr>\n<td align=\"center\" valign=\"middle\" width=\"250\" height=\"150\"><img loading=\"lazy\" decoding=\"async\" src=\"https:\/\/www.faronics.com\/assets\/American-Specialty-Health.gif\" alt=\"American Specialty Health\" width=\"200\" height=\"85\" align=\"middle\" \/><\/td>\n<td align=\"center\" valign=\"middle\" width=\"200\" height=\"150\"><img loading=\"lazy\" decoding=\"async\" src=\"https:\/\/www.faronics.com\/assets\/Sheraton.gif\" alt=\"Sheraton\" width=\"180\" height=\"127\" align=\"middle\" \/><\/td>\n<td align=\"center\" valign=\"middle\" width=\"200\" height=\"150\"><img loading=\"lazy\" decoding=\"async\" src=\"https:\/\/www.faronics.com\/assets\/Hilton.jpg\" alt=\"Hilton\" width=\"148\" height=\"100\" align=\"middle\" \/><\/td>\n<\/tr>\n<tr>\n<td align=\"center\" valign=\"middle\" width=\"250\" height=\"150\"><img loading=\"lazy\" decoding=\"async\" src=\"https:\/\/www.faronics.com\/assets\/RTP.gif\" alt=\"RTP\" width=\"226\" height=\"52\" align=\"middle\" \/><\/td>\n<td align=\"center\" valign=\"middle\" width=\"200\" height=\"150\"><img loading=\"lazy\" decoding=\"async\" src=\"https:\/\/www.faronics.com\/assets\/Freedom First.jpg\" alt=\"Freedom First\" width=\"197\" height=\"75\" align=\"middle\" hspace=\"10\" \/><\/td>\n<td align=\"center\" valign=\"middle\" width=\"200\" height=\"150\"><img loading=\"lazy\" decoding=\"async\" src=\"https:\/\/www.faronics.com\/assets\/First National Bank.jpg\" alt=\"First National Bank\" width=\"178\" height=\"68\" align=\"middle\" vspace=\"20\" \/><\/td>\n<\/tr>\n<tr>\n<td align=\"center\" valign=\"middle\" width=\"250\" height=\"150\"><img loading=\"lazy\" decoding=\"async\" src=\"https:\/\/www.faronics.com\/assets\/RR-Donnelley.jpg\" alt=\"RR Donnelly\" width=\"223\" height=\"42\" align=\"middle\" \/><\/td>\n<td align=\"center\" valign=\"middle\" width=\"200\" height=\"150\"><img loading=\"lazy\" decoding=\"async\" src=\"https:\/\/www.faronics.com\/assets\/Fedex.png\" alt=\"FedEx Kinkos\" width=\"181\" height=\"106\" align=\"middle\" \/><\/td>\n<td align=\"center\" valign=\"middle\" width=\"200\" height=\"150\"><img loading=\"lazy\" decoding=\"async\" src=\"https:\/\/www.faronics.com\/assets\/CoVantage.png\" alt=\"CoVantage\" width=\"203\" height=\"52\" align=\"middle\" \/><\/td>\n<\/tr>\n<tr>\n<td align=\"center\" valign=\"middle\" width=\"250\" height=\"150\"><img loading=\"lazy\" decoding=\"async\" src=\"https:\/\/www.faronics.com\/assets\/Howard-Community-College.gif\" alt=\"Howard Community College\" width=\"226\" height=\"52\" align=\"middle\" \/><\/td>\n<td align=\"center\" valign=\"middle\" width=\"200\" height=\"150\"><img loading=\"lazy\" decoding=\"async\" src=\"https:\/\/www.faronics.com\/assets\/Harvard.png\" alt=\"Harvard\" width=\"160\" height=\"160\" align=\"middle\" \/><\/td>\n<td align=\"center\" valign=\"middle\" width=\"200\" height=\"150\"><img loading=\"lazy\" decoding=\"async\" src=\"https:\/\/www.faronics.com\/assets\/Cornell.jpg\" alt=\"Cornell\" width=\"141\" height=\"141\" align=\"middle\" \/><\/td>\n<\/tr>\n<tr>\n<td align=\"center\" valign=\"middle\" width=\"250\" height=\"150\"><img loading=\"lazy\" decoding=\"async\" src=\"https:\/\/www.faronics.com\/assets\/TheCityofWestSacramento.jpg\" alt=\"The City of West Sacramento\" width=\"146\" height=\"146\" align=\"middle\" vspace=\"5\" \/><\/td>\n<td align=\"center\" valign=\"middle\" width=\"200\" height=\"150\"><img loading=\"lazy\" decoding=\"async\" src=\"https:\/\/www.faronics.com\/assets\/Santa-Cruz-City-Schools.jpg\" alt=\"Santa Cruz City Schools\" width=\"156\" height=\"158\" align=\"middle\" \/><\/td>\n<td align=\"center\" valign=\"middle\" width=\"200\" height=\"150\"><img loading=\"lazy\" decoding=\"async\" src=\"https:\/\/www.faronics.com\/assets\/LA-County-Public-Works.jpg\" alt=\"LA County Public Works\" width=\"142\" height=\"142\" align=\"middle\" \/><\/td>\n<\/tr>\n<tr>\n<td align=\"center\" valign=\"middle\" width=\"250\" height=\"150\"><img loading=\"lazy\" decoding=\"async\" src=\"https:\/\/www.faronics.com\/assets\/Gaming-Laboratories-International.png\" alt=\"Gaming Laboratories International\" width=\"143\" height=\"141\" \/><\/td>\n<td align=\"center\" valign=\"middle\" width=\"200\" height=\"150\"><img loading=\"lazy\" decoding=\"async\" src=\"https:\/\/www.faronics.com\/assets\/Visalia.gif\" alt=\"Visalia Unified School District\" width=\"150\" height=\"112\" \/><\/td>\n<td align=\"center\" valign=\"middle\" width=\"200\" height=\"150\"><\/td>\n<\/tr>\n<\/tbody>\n<\/table>\n<hr \/>\n<p>\u201cGracias a Deep Freeze hemos aumentado sustancialmente la disponibilidad de nuestras estaciones de trabajo y hemos reducido a la vez nuestra necesidad de soporte de TI.\u201d<\/p>\n<p><strong><strong>\u2014\u00a0Jamie Turbak, Administraci\u00f3n de Biblioteca, Biblioteca P\u00fablica de Oakland<\/strong><em><\/em><\/strong><\/p>\n<hr \/>\n<p>\u201cDeep Freeze nos ha ayudado a mejorar considerablemente la productividad de nuestros equipos y a reducir significativamente nuestros requisitos de soporte global, ahorrando tanto tiempo de los t\u00e9cnicos como dinero. Power Save contribuye en gran medida a disminuir nuestro consumo de energ\u00eda el\u00e9ctrica y a reducir la huella de carbono en nuestro distrito. Insight tambi\u00e9n se usa en nuestro distrito como parte de una gesti\u00f3n de instrucci\u00f3n efectiva y una estrategia de soporte curricular.\u201d<\/p>\n<p><strong>\u2014\u00a0Ken A. Kiewitz, Director de Servicios de Tecnolog\u00edas de la Informaci\u00f3n de la Junta de Educaci\u00f3n de Burnaby School District #41<\/strong><\/p>\n<hr \/>\n<p>\u201cEstamos especialmente satisfechos con la capacidad que proporciona la consola de Faronics Core para realizar actualizaciones y tareas mantenimiento sin necesidad de visitar cada sucursal de la biblioteca ni de tocar todos los PC. Hemos ahorrado cientos de horas y millas desactivando protecciones desde la consola, ejecutando nuestras actualizaciones y reactivando las protecciones, sin tener que salir de la oficina. Tambi\u00e9n utilizamos Deep Freeze en algunos de los PC de nuestro Departamento de Polic\u00eda para mantenerlos limpios y funcionando en las mejores condiciones. La instalaci\u00f3n de Deep Freeze y Faronics Igloo nos ha permitido mantener esos PC limpios y mantener los cambios solo para ciertas aplicaciones en funci\u00f3n de las necesidades, ahorrando muchas m\u00e1s horas de trabajo y evitando las horas de inactividad para los usuarios\u00bb.<\/p>\n<p><strong><strong>\u2014\u00a0Andrew Viss, Soporte Technol\u00f3gico, City of Stockton, California<\/strong><\/strong><\/p>\n<hr \/>\n<p><em><\/em>Lea m\u00e1s testimonios de clientes\u00a0<a href=\"https:\/\/www.faronics.com\/company\/client-testimonials\">aqu\u00ed<\/a><\/p>\n<p><strong>Conozca m\u00e1s detalles acerca de nuestros productos<\/strong><\/p>\n<p><a href=\"https:\/\/www.faronics.com\/document-library?doctype=doc_case_study\">Consulte algunos casos pr\u00e1cticos de nuestros clientes<br \/>\n<\/a><a href=\"https:\/\/www.faronics.com\/downloads\">Pruebe nuestras soluciones est\u00e1ndar. Prueba gratuita de 30 d\u00edas<br \/>\n<\/a><a href=\"https:\/\/www.faronics.com\/downloads\">Pruebe nuestras soluciones empresariales. Prueba gratuita de 30 d\u00edas<\/a><\/p>\n","protected":false},"excerpt":{"rendered":"<p>Desde educaci\u00f3n, administraciones p\u00fablicas y sanidad, al comercio minorista, instituciones financieras y corporaciones de peque\u00f1as a grandes, los productos de Faronics dan soporte a una amplia variedad de clientes y a sus respectivas redes, incluyendo las siguientes marcas:<\/p>\n<p> <img loading=\"lazy\" decoding=\"async\" src=\"https:\/\/www.faronics.com\/assets\/Toyota.jpg\" alt=\"Toyota\" width=\"139\" height=\"131\" \/> <img loading=\"lazy\" decoding=\"async\" src=\"https:\/\/www.faronics.com\/assets\/AT&amp;T.jpg\" alt=\"AT&amp;T\" width=\"102\" height=\"136\" align=\"middle\" \/> <img loading=\"lazy\" decoding=\"async\" src=\"https:\/\/www.faronics.com\/assets\/Intel.jpg\" alt=\"Intel\" width=\"142\" height=\"92\" align=\"middle\" \/> <img loading=\"lazy\" decoding=\"async\" src=\"https:\/\/www.faronics.com\/assets\/Microsoft.jpg\" alt=\"Microsoft\" width=\"203\" height=\"133\" align=\"middle\" \/> <img loading=\"lazy\" decoding=\"async\" src=\"https:\/\/www.faronics.com\/assets\/IBM.png\" alt=\"IBM\" width=\"164\" height=\"64\" align=\"middle\" \/> <img loading=\"lazy\" decoding=\"async\" src=\"https:\/\/www.faronics.com\/assets\/CTV.jpg\" alt=\"CTV\" width=\"183\" height=\"137\" align=\"middle\" \/> <img loading=\"lazy\" decoding=\"async\" src=\"https:\/\/www.faronics.com\/assets\/American-Specialty-Health.gif\" alt=\"American Specialty Health\" width=\"200\" height=\"85\" align=\"middle\" \/> <img loading=\"lazy\" decoding=\"async\" src=\"https:\/\/www.faronics.com\/assets\/Sheraton.gif\" alt=\"Sheraton\" width=\"180\" height=\"127\" align=\"middle\" \/> <img loading=\"lazy\" decoding=\"async\" src=\"https:\/\/www.faronics.com\/assets\/Hilton.jpg\" alt=\"Hilton\" width=\"148\" height=\"100\" align=\"middle\" \/> <img loading=\"lazy\" decoding=\"async\" src=\"https:\/\/www.faronics.com\/assets\/RTP.gif\" alt=\"RTP\" width=\"226\" height=\"52\" align=\"middle\" \/> <img loading=\"lazy\" decoding=\"async\" src=\"https:\/\/www.faronics.com\/assets\/Freedom First.jpg\" alt=\"Freedom First\" width=\"197\" height=\"75\" align=\"middle\" hspace=\"10\" \/> <img loading=\"lazy\" decoding=\"async\" src=\"https:\/\/www.faronics.com\/assets\/First National Bank.jpg\" alt=\"First National Bank\" width=\"178\" height=\"68\" align=\"middle\" vspace=\"20\" \/> <img loading=\"lazy\" decoding=\"async\" src=\"https:\/\/www.faronics.com\/assets\/RR-Donnelley.jpg\" alt=\"RR Donnelly\" width=\"223\" height=\"42\" align=\"middle\" \/> <img loading=\"lazy\" decoding=\"async\" src=\"https:\/\/www.faronics.com\/assets\/Fedex.png\" alt=\"FedEx Kinkos\" width=\"181\" height=\"106\" align=\"middle\" \/> <img loading=\"lazy\" decoding=\"async\" src=\"https:\/\/www.faronics.com\/assets\/CoVantage.png\" alt=\"CoVantage\" width=\"203\" height=\"52\" align=\"middle\" \/> <img loading=\"lazy\" decoding=\"async\" src=\"https:\/\/www.faronics.com\/assets\/Howard-Community-College.gif\" alt=\"Howard Community College\" width=\"226\" height=\"52\" align=\"middle\" \/> <img loading=\"lazy\" decoding=\"async\" src=\"https:\/\/www.faronics.com\/assets\/Harvard.png\" alt=\"Harvard\" width=\"160\" height=\"160\" align=\"middle\" \/> <img loading=\"lazy\" decoding=\"async\" src=\"https:\/\/www.faronics.com\/assets\/Cornell.jpg\" alt=\"Cornell\" width=\"141\" height=\"141\" align=\"middle\" \/> <img loading=\"lazy\" decoding=\"async\" src=\"https:\/\/www.faronics.com\/assets\/TheCityofWestSacramento.jpg\" alt=\"The City of West Sacramento\" width=\"146\" height=\"146\" align=\"middle\" vspace=\"5\" \/> <img loading=\"lazy\" decoding=\"async\" src=\"https:\/\/www.faronics.com\/assets\/Santa-Cruz-City-Schools.jpg\" alt=\"Santa Cruz City Schools\" width=\"156\" height=\"158\" align=\"middle\" \/> <img loading=\"lazy\" decoding=\"async\" src=\"https:\/\/www.faronics.com\/assets\/LA-County-Public-Works.jpg\" alt=\"LA County Public Works\" width=\"142\" height=\"142\" align=\"middle\" \n\n<div class=\"more\"><a href=\"https:\/\/www.faronics.com\/es\/compania\/nuestros-clientes\">Continue Reading&#8230;<\/a><\/div>\n","protected":false},"author":108,"featured_media":0,"parent":14144,"menu_order":0,"comment_status":"open","ping_status":"open","template":"page-template-with-sidebar.php","meta":{"_acf_changed":false,"inline_featured_image":false,"footnotes":""},"class_list":["post-59496","page","type-page","status-publish","hentry"],"acf":[],"yoast_head":"<!-- This site is optimized with the Yoast SEO Premium plugin v27.3 (Yoast SEO v27.3) - https:\/\/yoast.com\/product\/yoast-seo-premium-wordpress\/ -->\n<title>Nuestros clientes - Faronics<\/title>\n<meta name=\"description\" content=\"Desde educaci\u00f3n, administraciones p\u00fablicas y sanidad, al comercio minorista, instituciones financieras y corporaciones de peque\u00f1as a grandes, los\" \/>\n<meta name=\"robots\" content=\"index, follow, max-snippet:-1, max-image-preview:large, max-video-preview:-1\" \/>\n<link rel=\"canonical\" href=\"https:\/\/www.faronics.com\/es\/compania\/nuestros-clientes\" \/>\n<meta property=\"og:locale\" content=\"es_ES\" \/>\n<meta property=\"og:type\" content=\"article\" \/>\n<meta property=\"og:title\" content=\"Nuestros clientes\" \/>\n<meta property=\"og:description\" content=\"Desde educaci\u00f3n, administraciones p\u00fablicas y sanidad, al comercio minorista, instituciones financieras y corporaciones de peque\u00f1as a grandes, los\" \/>\n<meta property=\"og:url\" content=\"https:\/\/www.faronics.com\/es\/compania\/nuestros-clientes\" \/>\n<meta property=\"og:site_name\" content=\"Faronics\" \/>\n<meta property=\"article:publisher\" content=\"https:\/\/www.facebook.com\/faronics\" \/>\n<meta property=\"article:modified_time\" content=\"2012-10-23T17:00:36+00:00\" \/>\n<meta property=\"og:image\" content=\"https:\/\/www.faronics.com\/assets\/Toyota.jpg\" \/>\n<meta name=\"twitter:card\" content=\"summary_large_image\" \/>\n<meta name=\"twitter:site\" content=\"@faronics\" \/>\n<meta name=\"twitter:label1\" content=\"Tiempo de lectura\" \/>\n\t<meta name=\"twitter:data1\" content=\"2 minutos\" \/>\n<script type=\"application\/ld+json\" class=\"yoast-schema-graph\">{\"@context\":\"https:\\\/\\\/schema.org\",\"@graph\":[{\"@type\":\"WebPage\",\"@id\":\"https:\\\/\\\/www.faronics.com\\\/es\\\/compania\\\/nuestros-clientes\",\"url\":\"https:\\\/\\\/www.faronics.com\\\/es\\\/compania\\\/nuestros-clientes\",\"name\":\"Nuestros clientes - Faronics\",\"isPartOf\":{\"@id\":\"https:\\\/\\\/www.faronics.com\\\/es#website\"},\"primaryImageOfPage\":{\"@id\":\"https:\\\/\\\/www.faronics.com\\\/es\\\/compania\\\/nuestros-clientes#primaryimage\"},\"image\":{\"@id\":\"https:\\\/\\\/www.faronics.com\\\/es\\\/compania\\\/nuestros-clientes#primaryimage\"},\"thumbnailUrl\":\"https:\\\/\\\/www.faronics.com\\\/assets\\\/Toyota.jpg\",\"datePublished\":\"2012-07-20T15:45:56+00:00\",\"dateModified\":\"2012-10-23T17:00:36+00:00\",\"description\":\"Desde educaci\u00f3n, administraciones p\u00fablicas y sanidad, al comercio minorista, instituciones financieras y corporaciones de peque\u00f1as a grandes, los\",\"breadcrumb\":{\"@id\":\"https:\\\/\\\/www.faronics.com\\\/es\\\/compania\\\/nuestros-clientes#breadcrumb\"},\"inLanguage\":\"es\",\"potentialAction\":[{\"@type\":\"ReadAction\",\"target\":[\"https:\\\/\\\/www.faronics.com\\\/es\\\/compania\\\/nuestros-clientes\"]}]},{\"@type\":\"ImageObject\",\"inLanguage\":\"es\",\"@id\":\"https:\\\/\\\/www.faronics.com\\\/es\\\/compania\\\/nuestros-clientes#primaryimage\",\"url\":\"https:\\\/\\\/www.faronics.com\\\/assets\\\/Toyota.jpg\",\"contentUrl\":\"https:\\\/\\\/www.faronics.com\\\/assets\\\/Toyota.jpg\"},{\"@type\":\"BreadcrumbList\",\"@id\":\"https:\\\/\\\/www.faronics.com\\\/es\\\/compania\\\/nuestros-clientes#breadcrumb\",\"itemListElement\":[{\"@type\":\"ListItem\",\"position\":1,\"name\":\"Home\",\"item\":\"https:\\\/\\\/www.faronics.com\\\/es\"},{\"@type\":\"ListItem\",\"position\":2,\"name\":\"Compa\u00f1\u00eda\",\"item\":\"https:\\\/\\\/www.faronics.com\\\/es\\\/compania\"},{\"@type\":\"ListItem\",\"position\":3,\"name\":\"Nuestros clientes\",\"item\":\"https:\\\/\\\/www.faronics.com\\\/es\\\/nuestros-clientes\\\/\"}]},{\"@type\":\"WebSite\",\"@id\":\"https:\\\/\\\/www.faronics.com\\\/es#website\",\"url\":\"https:\\\/\\\/www.faronics.com\\\/es\",\"name\":\"Faronics\",\"description\":\"Creadores de Deep Freeze y de otras soluciones de Seguridad por Capas\",\"publisher\":{\"@id\":\"https:\\\/\\\/www.faronics.com\\\/es#organization\"},\"potentialAction\":[{\"@type\":\"SearchAction\",\"target\":{\"@type\":\"EntryPoint\",\"urlTemplate\":\"https:\\\/\\\/www.faronics.com\\\/es?s={search_term_string}\"},\"query-input\":{\"@type\":\"PropertyValueSpecification\",\"valueRequired\":true,\"valueName\":\"search_term_string\"}}],\"inLanguage\":\"es\"},{\"@type\":\"Organization\",\"@id\":\"https:\\\/\\\/www.faronics.com\\\/es#organization\",\"name\":\"Faronics\",\"url\":\"https:\\\/\\\/www.faronics.com\\\/es\",\"logo\":{\"@type\":\"ImageObject\",\"inLanguage\":\"es\",\"@id\":\"https:\\\/\\\/www.faronics.com\\\/es#\\\/schema\\\/logo\\\/image\\\/\",\"url\":\"https:\\\/\\\/www.faronics.com\\\/assets\\\/footer-faronics-logo.png\",\"contentUrl\":\"https:\\\/\\\/www.faronics.com\\\/assets\\\/footer-faronics-logo.png\",\"width\":155,\"height\":44,\"caption\":\"Faronics\"},\"image\":{\"@id\":\"https:\\\/\\\/www.faronics.com\\\/es#\\\/schema\\\/logo\\\/image\\\/\"},\"sameAs\":[\"https:\\\/\\\/www.facebook.com\\\/faronics\",\"https:\\\/\\\/x.com\\\/faronics\"]}]}<\/script>\n<!-- \/ Yoast SEO Premium plugin. -->","yoast_head_json":{"title":"Nuestros clientes - Faronics","description":"Desde educaci\u00f3n, administraciones p\u00fablicas y sanidad, al comercio minorista, instituciones financieras y corporaciones de peque\u00f1as a grandes, los","robots":{"index":"index","follow":"follow","max-snippet":"max-snippet:-1","max-image-preview":"max-image-preview:large","max-video-preview":"max-video-preview:-1"},"canonical":"https:\/\/www.faronics.com\/es\/compania\/nuestros-clientes","og_locale":"es_ES","og_type":"article","og_title":"Nuestros clientes","og_description":"Desde educaci\u00f3n, administraciones p\u00fablicas y sanidad, al comercio minorista, instituciones financieras y corporaciones de peque\u00f1as a grandes, los","og_url":"https:\/\/www.faronics.com\/es\/compania\/nuestros-clientes","og_site_name":"Faronics","article_publisher":"https:\/\/www.facebook.com\/faronics","article_modified_time":"2012-10-23T17:00:36+00:00","og_image":[{"url":"https:\/\/www.faronics.com\/assets\/Toyota.jpg","type":"","width":"","height":""}],"twitter_card":"summary_large_image","twitter_site":"@faronics","twitter_misc":{"Tiempo de lectura":"2 minutos"},"schema":{"@context":"https:\/\/schema.org","@graph":[{"@type":"WebPage","@id":"https:\/\/www.faronics.com\/es\/compania\/nuestros-clientes","url":"https:\/\/www.faronics.com\/es\/compania\/nuestros-clientes","name":"Nuestros clientes - Faronics","isPartOf":{"@id":"https:\/\/www.faronics.com\/es#website"},"primaryImageOfPage":{"@id":"https:\/\/www.faronics.com\/es\/compania\/nuestros-clientes#primaryimage"},"image":{"@id":"https:\/\/www.faronics.com\/es\/compania\/nuestros-clientes#primaryimage"},"thumbnailUrl":"https:\/\/www.faronics.com\/assets\/Toyota.jpg","datePublished":"2012-07-20T15:45:56+00:00","dateModified":"2012-10-23T17:00:36+00:00","description":"Desde educaci\u00f3n, administraciones p\u00fablicas y sanidad, al comercio minorista, instituciones financieras y corporaciones de peque\u00f1as a grandes, los","breadcrumb":{"@id":"https:\/\/www.faronics.com\/es\/compania\/nuestros-clientes#breadcrumb"},"inLanguage":"es","potentialAction":[{"@type":"ReadAction","target":["https:\/\/www.faronics.com\/es\/compania\/nuestros-clientes"]}]},{"@type":"ImageObject","inLanguage":"es","@id":"https:\/\/www.faronics.com\/es\/compania\/nuestros-clientes#primaryimage","url":"https:\/\/www.faronics.com\/assets\/Toyota.jpg","contentUrl":"https:\/\/www.faronics.com\/assets\/Toyota.jpg"},{"@type":"BreadcrumbList","@id":"https:\/\/www.faronics.com\/es\/compania\/nuestros-clientes#breadcrumb","itemListElement":[{"@type":"ListItem","position":1,"name":"Home","item":"https:\/\/www.faronics.com\/es"},{"@type":"ListItem","position":2,"name":"Compa\u00f1\u00eda","item":"https:\/\/www.faronics.com\/es\/compania"},{"@type":"ListItem","position":3,"name":"Nuestros clientes","item":"https:\/\/www.faronics.com\/es\/nuestros-clientes\/"}]},{"@type":"WebSite","@id":"https:\/\/www.faronics.com\/es#website","url":"https:\/\/www.faronics.com\/es","name":"Faronics","description":"Creadores de Deep Freeze y de otras soluciones de Seguridad por Capas","publisher":{"@id":"https:\/\/www.faronics.com\/es#organization"},"potentialAction":[{"@type":"SearchAction","target":{"@type":"EntryPoint","urlTemplate":"https:\/\/www.faronics.com\/es?s={search_term_string}"},"query-input":{"@type":"PropertyValueSpecification","valueRequired":true,"valueName":"search_term_string"}}],"inLanguage":"es"},{"@type":"Organization","@id":"https:\/\/www.faronics.com\/es#organization","name":"Faronics","url":"https:\/\/www.faronics.com\/es","logo":{"@type":"ImageObject","inLanguage":"es","@id":"https:\/\/www.faronics.com\/es#\/schema\/logo\/image\/","url":"https:\/\/www.faronics.com\/assets\/footer-faronics-logo.png","contentUrl":"https:\/\/www.faronics.com\/assets\/footer-faronics-logo.png","width":155,"height":44,"caption":"Faronics"},"image":{"@id":"https:\/\/www.faronics.com\/es#\/schema\/logo\/image\/"},"sameAs":["https:\/\/www.facebook.com\/faronics","https:\/\/x.com\/faronics"]}]}},"_links":{"self":[{"href":"https:\/\/www.faronics.com\/es\/wp-json\/wp\/v2\/pages\/59496","targetHints":{"allow":["GET"]}}],"collection":[{"href":"https:\/\/www.faronics.com\/es\/wp-json\/wp\/v2\/pages"}],"about":[{"href":"https:\/\/www.faronics.com\/es\/wp-json\/wp\/v2\/types\/page"}],"author":[{"embeddable":true,"href":"https:\/\/www.faronics.com\/es\/wp-json\/wp\/v2\/users\/108"}],"replies":[{"embeddable":true,"href":"https:\/\/www.faronics.com\/es\/wp-json\/wp\/v2\/comments?post=59496"}],"version-history":[{"count":0,"href":"https:\/\/www.faronics.com\/es\/wp-json\/wp\/v2\/pages\/59496\/revisions"}],"up":[{"embeddable":true,"href":"https:\/\/www.faronics.com\/es\/wp-json\/wp\/v2\/pages\/14144"}],"wp:attachment":[{"href":"https:\/\/www.faronics.com\/es\/wp-json\/wp\/v2\/media?parent=59496"}],"curies":[{"name":"wp","href":"https:\/\/api.w.org\/{rel}","templated":true}]}}