{"id":59480,"date":"2012-07-20T08:32:30","date_gmt":"2012-07-20T15:32:30","guid":{"rendered":"https:\/\/www.faronics.com\/?page_id=59480"},"modified":"2012-07-20T08:33:10","modified_gmt":"2012-07-20T15:33:10","slug":"generalidades","status":"publish","type":"page","link":"https:\/\/www.faronics.com\/es\/compania\/generalidades","title":{"rendered":"Generalidades"},"content":{"rendered":"<p><a href=\"\/assets\/Company1.jpg\"><img loading=\"lazy\" decoding=\"async\" class=\"size-full wp-image-55824 alignnone\" title=\"Company1\" src=\"\/assets\/Company1.jpg\" alt=\"\" width=\"661\" height=\"193\" srcset=\"https:\/\/www.faronics.com\/assets\/Company1.jpg 661w, https:\/\/www.faronics.com\/assets\/Company1-150x43.jpg 150w, https:\/\/www.faronics.com\/assets\/Company1-300x87.jpg 300w, https:\/\/www.faronics.com\/assets\/Company1-350x102.jpg 350w, https:\/\/www.faronics.com\/assets\/Company1-130x37.jpg 130w, https:\/\/www.faronics.com\/assets\/Company1-117x34.jpg 117w, https:\/\/www.faronics.com\/assets\/Company1-240x70.jpg 240w\" sizes=\"auto, (max-width: 661px) 100vw, 661px\" \/><\/a><\/p>\n<p>Fundada en 1996, Faronics tiene sede en Vancouver, British Columbia y es una empresa privada con casi 30.000 clientes \u00fanicos utilizando m\u00e1s de ocho millones de licencias en 150 pa\u00edses. Faronics tiene un gran historial como proveedor de un valor excelente a sus clientes, bien por medio de la venta directa como por medio de distribuidores para mejorar las relaciones existentes, la presencia local y los servicios de valor a\u00f1adido.<\/p>\n<p>Faronics proporciona software que ayuda a gestionar, simplificar y asegurar entornos inform\u00e1ticos de varios usuarios. Nuestra gama de productos asegura un 100% de disponibilidad de las estaciones de trabajo y libera a los equipos de TI de los tediosos problemas de software y soporte t\u00e9cnico.<\/p>\n<p>Faronics Deep Freeze reduce los costes de TI mediante la protecci\u00f3n de las configuraciones inform\u00e1ticas deseadas. Faronics Anti-Executable impide la ejecuci\u00f3n del software no autorizado, mientras que Faronics Anti-Virus asegura una protecci\u00f3n de alto rendimiento en los nodos frente al malware. Faronics Power Save disminuye los costes en electricidad gracias a una gesti\u00f3n inteligente de la energ\u00eda, mientras que Faronics System Profiler identifica y guarda informaci\u00f3n detallada de las estaciones de trabajo desplegadas. Faronics Insight proporciona control total sobre los ordenadores de las aulas, mientras que Faronics WINSelect permite a los administradores de TI personalizar el acceso a las aplicaciones, sitios web, programas y opciones de men\u00fa.<\/p>\n<p>Las innovaciones tecnol\u00f3gicas de Faronics benefician a instituciones educativas, instalaciones sanitarias, bibliotecas, organizaciones gubernamentales y corporaciones.<\/p>\n<p>Con oficinas en EEUU, Canad\u00e1 y el Reino Unido, Faronics ha desarrollado una potente red global de distribuidores para suministrar sus premiados productos.<\/p>\n","protected":false},"excerpt":{"rendered":"<p><a href=\"\/assets\/Company1.jpg\"><img loading=\"lazy\" decoding=\"async\" class=\"size-full wp-image-55824 alignnone\" title=\"Company1\" src=\"\/assets\/Company1.jpg\" alt=\"\" width=\"661\" height=\"193\" srcset=\"https:\/\/www.faronics.com\/assets\/Company1.jpg 661w, https:\/\/www.faronics.com\/assets\/Company1-150x43.jpg 150w, https:\/\/www.faronics.com\/assets\/Company1-300x87.jpg 300w, https:\/\/www.faronics.com\/assets\/Company1-350x102.jpg 350w, https:\/\/www.faronics.com\/assets\/Company1-130x37.jpg 130w, https:\/\/www.faronics.com\/assets\/Company1-117x34.jpg 117w, https:\/\/www.faronics.com\/assets\/Company1-240x70.jpg 240w\" sizes=\"auto, (max-width: 661px) 100vw, 661px\" \/><\/a><\/p>\n<p>Fundada en 1996, Faronics tiene sede en Vancouver, British Columbia y es una empresa privada con casi 30.000 clientes \u00fanicos utilizando m\u00e1s de ocho millones de licencias en 150 pa\u00edses. Faronics tiene un gran historial como proveedor de un valor excelente a sus clientes, bien por medio de la venta directa como por medio de distribuidores para mejorar las relaciones existentes, la presencia local y los servicios de valor a\u00f1adido.<\/p>\n<p>Faronics proporciona software que ayuda a gestionar, simplificar y asegurar entornos inform\u00e1ticos de varios usuarios. Nuestra gama de productos asegura un 100% de disponibilidad de las estaciones de trabajo y libera a los equipos de TI de los tediosos problemas de software y soporte t\u00e9cnico.<\/p>\n<p>Faronics Deep Freeze reduce los costes de TI mediante la protecci\u00f3n de las configuraciones inform\u00e1ticas deseadas. Faronics Anti-Executable impide la ejecuci\u00f3n del software no autorizado, mientras que Faronics Anti-Virus asegura una protecci\u00f3n de alto rendimiento en los nodos frente al malware. Faronics Power Save disminuye los costes en electricidad gracias a una gesti\u00f3n inteligente de la energ\u00eda, mientras que Faronics System Profiler identifica y guarda informaci\u00f3n detallada de las estaciones de trabajo desplegadas. Faronics Insight proporciona control total sobre los ordenadores de las aulas, mientras que Faronics WINSelect permite a los administradores de TI personalizar el acceso a las aplicaciones, sitios web, programas <\/p>\n<div class=\"more\"><a href=\"https:\/\/www.faronics.com\/es\/compania\/generalidades\">Continue Reading&#8230;<\/a><\/div>\n","protected":false},"author":108,"featured_media":0,"parent":14144,"menu_order":0,"comment_status":"open","ping_status":"open","template":"page-template-with-sidebar.php","meta":{"_acf_changed":false,"inline_featured_image":false,"footnotes":""},"class_list":["post-59480","page","type-page","status-publish","hentry"],"acf":[],"yoast_head":"<!-- This site is optimized with the Yoast SEO Premium plugin v27.4 (Yoast SEO v27.4) - https:\/\/yoast.com\/product\/yoast-seo-premium-wordpress\/ -->\n<title>Generalidades - Faronics<\/title>\n<meta name=\"description\" content=\"Fundada en 1996, Faronics tiene sede en Vancouver, British Columbia y es una empresa privada con casi 30.000 clientes \u00fanicos utilizando m\u00e1s de ocho\" \/>\n<meta name=\"robots\" content=\"index, follow, max-snippet:-1, max-image-preview:large, max-video-preview:-1\" \/>\n<link rel=\"canonical\" href=\"https:\/\/www.faronics.com\/es\/compania\/generalidades\" \/>\n<meta property=\"og:locale\" content=\"es_ES\" \/>\n<meta property=\"og:type\" content=\"article\" \/>\n<meta property=\"og:title\" content=\"Generalidades\" \/>\n<meta property=\"og:description\" content=\"Fundada en 1996, Faronics tiene sede en Vancouver, British Columbia y es una empresa privada con casi 30.000 clientes \u00fanicos utilizando m\u00e1s de ocho\" \/>\n<meta property=\"og:url\" content=\"https:\/\/www.faronics.com\/es\/compania\/generalidades\" \/>\n<meta property=\"og:site_name\" content=\"Faronics\" \/>\n<meta property=\"article:publisher\" content=\"https:\/\/www.facebook.com\/faronics\" \/>\n<meta property=\"article:modified_time\" content=\"2012-07-20T15:33:10+00:00\" \/>\n<meta property=\"og:image\" content=\"https:\/\/www.faronics.com\/assets\/Company1.jpg\" \/>\n<meta name=\"twitter:card\" content=\"summary_large_image\" \/>\n<meta name=\"twitter:site\" content=\"@faronics\" \/>\n<meta name=\"twitter:label1\" content=\"Tiempo de lectura\" \/>\n\t<meta name=\"twitter:data1\" content=\"1 minuto\" \/>\n<script type=\"application\/ld+json\" class=\"yoast-schema-graph\">{\"@context\":\"https:\\\/\\\/schema.org\",\"@graph\":[{\"@type\":\"WebPage\",\"@id\":\"https:\\\/\\\/www.faronics.com\\\/es\\\/compania\\\/generalidades\",\"url\":\"https:\\\/\\\/www.faronics.com\\\/es\\\/compania\\\/generalidades\",\"name\":\"Generalidades - Faronics\",\"isPartOf\":{\"@id\":\"https:\\\/\\\/www.faronics.com\\\/es#website\"},\"datePublished\":\"2012-07-20T15:32:30+00:00\",\"dateModified\":\"2012-07-20T15:33:10+00:00\",\"description\":\"Fundada en 1996, Faronics tiene sede en Vancouver, British Columbia y es una empresa privada con casi 30.000 clientes \u00fanicos utilizando m\u00e1s de ocho\",\"breadcrumb\":{\"@id\":\"https:\\\/\\\/www.faronics.com\\\/es\\\/compania\\\/generalidades#breadcrumb\"},\"inLanguage\":\"es\",\"potentialAction\":[{\"@type\":\"ReadAction\",\"target\":[\"https:\\\/\\\/www.faronics.com\\\/es\\\/compania\\\/generalidades\"]}]},{\"@type\":\"BreadcrumbList\",\"@id\":\"https:\\\/\\\/www.faronics.com\\\/es\\\/compania\\\/generalidades#breadcrumb\",\"itemListElement\":[{\"@type\":\"ListItem\",\"position\":1,\"name\":\"Home\",\"item\":\"https:\\\/\\\/www.faronics.com\\\/es\"},{\"@type\":\"ListItem\",\"position\":2,\"name\":\"Compa\u00f1\u00eda\",\"item\":\"https:\\\/\\\/www.faronics.com\\\/es\\\/compania\"},{\"@type\":\"ListItem\",\"position\":3,\"name\":\"Generalidades\",\"item\":\"https:\\\/\\\/www.faronics.com\\\/es\\\/generalidades\\\/\"}]},{\"@type\":\"WebSite\",\"@id\":\"https:\\\/\\\/www.faronics.com\\\/es#website\",\"url\":\"https:\\\/\\\/www.faronics.com\\\/es\",\"name\":\"Faronics\",\"description\":\"Creadores de Deep Freeze y de otras soluciones de Seguridad por Capas\",\"publisher\":{\"@id\":\"https:\\\/\\\/www.faronics.com\\\/es#organization\"},\"potentialAction\":[{\"@type\":\"SearchAction\",\"target\":{\"@type\":\"EntryPoint\",\"urlTemplate\":\"https:\\\/\\\/www.faronics.com\\\/es?s={search_term_string}\"},\"query-input\":{\"@type\":\"PropertyValueSpecification\",\"valueRequired\":true,\"valueName\":\"search_term_string\"}}],\"inLanguage\":\"es\"},{\"@type\":\"Organization\",\"@id\":\"https:\\\/\\\/www.faronics.com\\\/es#organization\",\"name\":\"Faronics\",\"url\":\"https:\\\/\\\/www.faronics.com\\\/es\",\"logo\":{\"@type\":\"ImageObject\",\"inLanguage\":\"es\",\"@id\":\"https:\\\/\\\/www.faronics.com\\\/es#\\\/schema\\\/logo\\\/image\\\/\",\"url\":\"https:\\\/\\\/www.faronics.com\\\/assets\\\/footer-faronics-logo.png\",\"contentUrl\":\"https:\\\/\\\/www.faronics.com\\\/assets\\\/footer-faronics-logo.png\",\"width\":155,\"height\":44,\"caption\":\"Faronics\"},\"image\":{\"@id\":\"https:\\\/\\\/www.faronics.com\\\/es#\\\/schema\\\/logo\\\/image\\\/\"},\"sameAs\":[\"https:\\\/\\\/www.facebook.com\\\/faronics\",\"https:\\\/\\\/x.com\\\/faronics\"]}]}<\/script>\n<!-- \/ Yoast SEO Premium plugin. -->","yoast_head_json":{"title":"Generalidades - Faronics","description":"Fundada en 1996, Faronics tiene sede en Vancouver, British Columbia y es una empresa privada con casi 30.000 clientes \u00fanicos utilizando m\u00e1s de ocho","robots":{"index":"index","follow":"follow","max-snippet":"max-snippet:-1","max-image-preview":"max-image-preview:large","max-video-preview":"max-video-preview:-1"},"canonical":"https:\/\/www.faronics.com\/es\/compania\/generalidades","og_locale":"es_ES","og_type":"article","og_title":"Generalidades","og_description":"Fundada en 1996, Faronics tiene sede en Vancouver, British Columbia y es una empresa privada con casi 30.000 clientes \u00fanicos utilizando m\u00e1s de ocho","og_url":"https:\/\/www.faronics.com\/es\/compania\/generalidades","og_site_name":"Faronics","article_publisher":"https:\/\/www.facebook.com\/faronics","article_modified_time":"2012-07-20T15:33:10+00:00","og_image":[{"url":"https:\/\/www.faronics.com\/assets\/Company1.jpg","type":"","width":"","height":""}],"twitter_card":"summary_large_image","twitter_site":"@faronics","twitter_misc":{"Tiempo de lectura":"1 minuto"},"schema":{"@context":"https:\/\/schema.org","@graph":[{"@type":"WebPage","@id":"https:\/\/www.faronics.com\/es\/compania\/generalidades","url":"https:\/\/www.faronics.com\/es\/compania\/generalidades","name":"Generalidades - Faronics","isPartOf":{"@id":"https:\/\/www.faronics.com\/es#website"},"datePublished":"2012-07-20T15:32:30+00:00","dateModified":"2012-07-20T15:33:10+00:00","description":"Fundada en 1996, Faronics tiene sede en Vancouver, British Columbia y es una empresa privada con casi 30.000 clientes \u00fanicos utilizando m\u00e1s de ocho","breadcrumb":{"@id":"https:\/\/www.faronics.com\/es\/compania\/generalidades#breadcrumb"},"inLanguage":"es","potentialAction":[{"@type":"ReadAction","target":["https:\/\/www.faronics.com\/es\/compania\/generalidades"]}]},{"@type":"BreadcrumbList","@id":"https:\/\/www.faronics.com\/es\/compania\/generalidades#breadcrumb","itemListElement":[{"@type":"ListItem","position":1,"name":"Home","item":"https:\/\/www.faronics.com\/es"},{"@type":"ListItem","position":2,"name":"Compa\u00f1\u00eda","item":"https:\/\/www.faronics.com\/es\/compania"},{"@type":"ListItem","position":3,"name":"Generalidades","item":"https:\/\/www.faronics.com\/es\/generalidades\/"}]},{"@type":"WebSite","@id":"https:\/\/www.faronics.com\/es#website","url":"https:\/\/www.faronics.com\/es","name":"Faronics","description":"Creadores de Deep Freeze y de otras soluciones de Seguridad por Capas","publisher":{"@id":"https:\/\/www.faronics.com\/es#organization"},"potentialAction":[{"@type":"SearchAction","target":{"@type":"EntryPoint","urlTemplate":"https:\/\/www.faronics.com\/es?s={search_term_string}"},"query-input":{"@type":"PropertyValueSpecification","valueRequired":true,"valueName":"search_term_string"}}],"inLanguage":"es"},{"@type":"Organization","@id":"https:\/\/www.faronics.com\/es#organization","name":"Faronics","url":"https:\/\/www.faronics.com\/es","logo":{"@type":"ImageObject","inLanguage":"es","@id":"https:\/\/www.faronics.com\/es#\/schema\/logo\/image\/","url":"https:\/\/www.faronics.com\/assets\/footer-faronics-logo.png","contentUrl":"https:\/\/www.faronics.com\/assets\/footer-faronics-logo.png","width":155,"height":44,"caption":"Faronics"},"image":{"@id":"https:\/\/www.faronics.com\/es#\/schema\/logo\/image\/"},"sameAs":["https:\/\/www.facebook.com\/faronics","https:\/\/x.com\/faronics"]}]}},"_links":{"self":[{"href":"https:\/\/www.faronics.com\/es\/wp-json\/wp\/v2\/pages\/59480","targetHints":{"allow":["GET"]}}],"collection":[{"href":"https:\/\/www.faronics.com\/es\/wp-json\/wp\/v2\/pages"}],"about":[{"href":"https:\/\/www.faronics.com\/es\/wp-json\/wp\/v2\/types\/page"}],"author":[{"embeddable":true,"href":"https:\/\/www.faronics.com\/es\/wp-json\/wp\/v2\/users\/108"}],"replies":[{"embeddable":true,"href":"https:\/\/www.faronics.com\/es\/wp-json\/wp\/v2\/comments?post=59480"}],"version-history":[{"count":0,"href":"https:\/\/www.faronics.com\/es\/wp-json\/wp\/v2\/pages\/59480\/revisions"}],"up":[{"embeddable":true,"href":"https:\/\/www.faronics.com\/es\/wp-json\/wp\/v2\/pages\/14144"}],"wp:attachment":[{"href":"https:\/\/www.faronics.com\/es\/wp-json\/wp\/v2\/media?parent=59480"}],"curies":[{"name":"wp","href":"https:\/\/api.w.org\/{rel}","templated":true}]}}