{"id":14266,"date":"2011-07-24T18:42:30","date_gmt":"2011-07-25T01:42:30","guid":{"rendered":"https:\/\/www.faronics.com\/?page_id=14266"},"modified":"2011-09-28T08:47:51","modified_gmt":"2011-09-28T15:47:51","slug":"solutions_es","status":"publish","type":"page","link":"https:\/\/www.faronics.com\/es\/solutions_es","title":{"rendered":"Soluciones"},"content":{"rendered":"<h2><img loading=\"lazy\" decoding=\"async\" class=\"alignleft\" title=\"stock-photo-man-in-home-office-on-telephone-using-computer-and-smiling-15480721\" src=\"\/assets\/phone-homeoffice1.jpg\" alt=\"\" width=\"450\" height=\"321\" \/><\/h2>\n<h2>Peque\u00f1as oficinas \/ Despachos<\/h2>\n<p>La seguridad por capas de Faronics ha sido dise\u00f1ada para ofrecer a su ordenador de su casa-oficina, el mismo nivel de seguridad empresarial que el que miles de escuelas, gobiernos, grandes empresas y empresarios han estado utilizando durante a\u00f1os.<\/p>\n<p>La versi\u00f3n est\u00e1ndar de los productos de seguridad de Faronics est\u00e1n dise\u00f1ados para una implementaci\u00f3n m\u00e1xima a 10 equipos. Es f\u00e1cil de instalar, sencilla de mantener y brinda una protecci\u00f3n suficiente para dejar al margen incluso a las amenazas de seguridad m\u00e1s avanzadas, mientras usted realiza su trabajo.<\/p>\n<p><a href=\"https:\/\/www.faronics.com\/es\/solutions\/small-office-home-office_es\/\">Obtenga m\u00e1s informaci\u00f3n acerca de los productos de seguridad para su Oficina en Casa<\/a><a href=\"https:\/\/www.faronics.com\/es\/solutions\/small-office-home-office_es\/\"> \u2192<\/a><\/p>\n<p>&nbsp;<\/p>\n<p>&nbsp;<\/p>\n<p>&nbsp;<\/p>\n<p>&nbsp;<\/p>\n<p><img loading=\"lazy\" decoding=\"async\" class=\"alignright\" title=\"stock-photo-business-group-meeting-portrait-five-business-people-working-together-a-diverse-work-group-7704406\" src=\"\/assets\/meeting-smiles1.jpg\" alt=\"\" width=\"406\" height=\"470\" \/><\/p>\n<p>&nbsp;<\/p>\n<p>&nbsp;<\/p>\n<p><span class=\"Apple-style-span\" style=\"font-size: 20px; font-weight: bold;\">Peque\u00f1as y Medianas Empresas<\/span><\/p>\n<p>Aumenta la productividad de sus empleados y les evita la molestia de lidiar con ordenadores lentos, infectados con virus, mediante el uso de la avanzada seguridad por capas de Faronics.<\/p>\n<p>La seguridad por capas de Faronics, dise\u00f1ada para trabajar en un entorno de peque\u00f1as y medianas empresas, combina Anti-Virus con Anti-Executable, bloqueando las amenazas de seguridad m\u00e1s avanzadas que se encuentran en Internet y permiti\u00e9ndole centrarse en su trabajo.<\/p>\n<p><a href=\"https:\/\/www.faronics.com\/es\/solutions\/small-medium-business_es\/\">Obtenga m\u00e1s informaci\u00f3n acerca de las Peque\u00f1as y Medianas Empresas<\/a>\u00a0<a href=\"https:\/\/www.faronics.com\/es\/solutions\/small-medium-business_es\/\">\u2192<\/a><\/p>\n<p>&nbsp;<\/p>\n<p>&nbsp;<\/p>\n<p>&nbsp;<\/p>\n<p>&nbsp;<\/p>\n<p>&nbsp;<\/p>\n<p>&nbsp;<\/p>\n<p>&nbsp;<\/p>\n<p>&nbsp;<\/p>\n<p>&nbsp;<\/p>\n<p>&nbsp;<\/p>\n<p><img loading=\"lazy\" decoding=\"async\" class=\"alignleft\" title=\"stock-photo-southwestern-city-hall-4274083\" src=\"\/assets\/city-hall1.jpg\" alt=\"\" width=\"450\" height=\"300\" \/><\/p>\n<h2>Gobierno<\/h2>\n<p>Los ordenadores del gobierno se usan de muy diversas formas y necesitan software de seguridad lo suficientemente flexible como para proporcionar la mejor seguridad del sector y ante cualquier situaci\u00f3n.<\/p>\n<p>Es por eso que Faronics ha desarrollado la seguridad por capas, para satisfacer las exigencias de uso diario de los ordenadores del personal gubernamental, adem\u00e1s de la Seguridad Absoluta por Capas para que los equipos de uso p\u00fablico est\u00e9n a prueba de balas. Los gobiernos no tienen tiempo para gestionar los problemas de seguridad y con la Seguridad por Capas de Faronics, no es necesario hacerlo.<\/p>\n<p><a href=\"https:\/\/www.faronics.com\/es\/solutions\/government_es\/\">Obtenga m\u00e1s informaci\u00f3n acerca de los productos para el Gobierno<\/a><a href=\"https:\/\/www.faronics.com\/es\/solutions\/government_es\/\"> \u2192<\/a><\/p>\n<p>&nbsp;<\/p>\n<p>&nbsp;<\/p>\n<p>&nbsp;<\/p>\n<p>&nbsp;<\/p>\n<p>&nbsp;<\/p>\n<p><img loading=\"lazy\" decoding=\"async\" class=\"alignright\" title=\"stock-photo-college-students-in-a-computer-lab-15566425\" src=\"\/assets\/girl-typing1.jpg\" alt=\"\" width=\"450\" height=\"300\" \/><\/p>\n<h2>Educaci\u00f3n<\/h2>\n<p>Deep Freeze es la tercera l\u00ednea de defensa en el Paquete de Seguridad Absoluta por Capas. Es l\u00edder del sector en la protecci\u00f3n de ordenadores escolares contra cualquier amenaza, al restaurar el ordenador, como si fuera nuevo, con cada reinicio.<\/p>\n<p>Para los profesores y el personal que requieren que los nuevos archivos se conserven despu\u00e9s de cada reinicio, Faronics incluye Anti-Virus y Anti-Executable dentro del Paquete de Seguridad Absoluta por Capas, para proporcionar una protecci\u00f3n de seguridad fiable.<\/p>\n<p>Aprender nunca hab\u00eda sido tan seguro.<\/p>\n<p><a href=\"https:\/\/www.faronics.com\/es\/solutions\/education_es\/\">Obtenga m\u00e1s informaci\u00f3n acerca de los productos para el sector Educativo<\/a><a href=\"https:\/\/www.faronics.com\/es\/solutions\/education_es\/\"> \u2192<\/a><\/p>\n","protected":false},"excerpt":{"rendered":"<p><img loading=\"lazy\" decoding=\"async\" class=\"alignleft\" title=\"stock-photo-man-in-home-office-on-telephone-using-computer-and-smiling-15480721\" src=\"\/assets\/phone-homeoffice1.jpg\" alt=\"\" width=\"450\" height=\"321\" \/> Peque\u00f1as oficinas \/ Despachos <\/p>\n<p>La seguridad por capas de Faronics ha sido dise\u00f1ada para ofrecer a su ordenador de su casa-oficina, el mismo nivel de seguridad empresarial que el que miles de escuelas, gobiernos, grandes empresas y empresarios han estado utilizando durante a\u00f1os.<\/p>\n<p>La versi\u00f3n est\u00e1ndar de los productos de seguridad de Faronics est\u00e1n dise\u00f1ados para una implementaci\u00f3n m\u00e1xima a 10 equipos. Es f\u00e1cil de instalar, sencilla de mantener y brinda una protecci\u00f3n suficiente para dejar al margen incluso a las amenazas de seguridad m\u00e1s avanzadas, mientras usted realiza su trabajo.<\/p>\n<p><a href=\"https:\/\/www.faronics.com\/es\/solutions\/small-office-home-office_es\/\">Obtenga m\u00e1s informaci\u00f3n acerca de los productos de seguridad para su Oficina en Casa<\/a><a href=\"https:\/\/www.faronics.com\/es\/solutions\/small-office-home-office_es\/\"> \u2192<\/a><\/p>\n<p>&nbsp;<\/p>\n<p>&nbsp;<\/p>\n<p>&nbsp;<\/p>\n<p>&nbsp;<\/p>\n<p><img loading=\"lazy\" decoding=\"async\" class=\"alignright\" title=\"stock-photo-business-group-meeting-portrait-five-business-people-working-together-a-diverse-work-group-7704406\" src=\"\/assets\/meeting-smiles1.jpg\" alt=\"\" width=\"406\" height=\"470\" \/><\/p>\n<p>&nbsp;<\/p>\n<p>&nbsp;<\/p>\n<p>Peque\u00f1as y Medianas Empresas<\/p>\n<p>Aumenta la productividad de sus empleados y les evita la molestia de lidiar con ordenadores lentos, infectados con virus, mediante el uso de la avanzada seguridad por capas de Faronics.<\/p>\n<p>La seguridad por capas de Faronics, dise\u00f1ada para trabajar en un entorno de peque\u00f1as y medianas empresas, combina Anti-Virus con Anti-Executable, bloqueando las amenazas de seguridad m\u00e1s avanzadas que se encuentran en Internet y permiti\u00e9ndole centrarse en su trabajo.<\/p>\n<p><a href=\"https:\/\/www.faronics.com\/es\/solutions\/small-medium-business_es\/\">Obtenga m\u00e1s informaci\u00f3n acerca de las Peque\u00f1as y Medianas Empresas<\/a>\u00a0<a href=\"https:\/\/www.faronics.com\/es\/solutions\/small-medium-business_es\/\">\u2192<\/a><\/p>\n<p>&nbsp;<\/p>\n<p>&nbsp;<\/p>\n<p>&nbsp;<\/p>\n<p>&nbsp;<\/p>\n<p>&nbsp;<\/p>\n<p>&nbsp;<\/p>\n<p>&nbsp;<\/p>\n<p>&nbsp;<\/p>\n<p>&nbsp;<\/p>\n<p>&nbsp;<\/p>\n<p><img loading=\"lazy\" decoding=\"async\" class=\"alignleft\" title=\"stock-photo-southwestern-city-hall-4274083\" src=\"\/assets\/city-hall1.jpg\" alt=\"\" width=\"450\" height=\"300\" \/><\/p>\n<p> Gobierno <\/p>\n<p>Los ordenadores del gobierno se usan de muy diversas formas <\/p>\n<div class=\"more\"><a href=\"https:\/\/www.faronics.com\/es\/solutions_es\">Continue Reading&#8230;<\/a><\/div>\n","protected":false},"author":108,"featured_media":0,"parent":0,"menu_order":2,"comment_status":"open","ping_status":"closed","template":"page-full.php","meta":{"_acf_changed":false,"inline_featured_image":false,"footnotes":""},"class_list":["post-14266","page","type-page","status-publish","hentry"],"acf":[],"yoast_head":"<!-- This site is optimized with the Yoast SEO Premium plugin v27.5 (Yoast SEO v27.5) - https:\/\/yoast.com\/product\/yoast-seo-premium-wordpress\/ -->\n<title>Soluciones - Faronics<\/title>\n<meta name=\"description\" content=\"Peque\u00f1as oficinas \/ Despachos La seguridad por capas de Faronics ha sido dise\u00f1ada para ofrecer a su ordenador de su casa-oficina, el mismo nivel de\" \/>\n<meta name=\"robots\" content=\"index, follow, max-snippet:-1, max-image-preview:large, max-video-preview:-1\" \/>\n<link rel=\"canonical\" href=\"https:\/\/www.faronics.com\/es\/solutions_es\" \/>\n<meta property=\"og:locale\" content=\"es_ES\" \/>\n<meta property=\"og:type\" content=\"article\" \/>\n<meta property=\"og:title\" content=\"Soluciones\" \/>\n<meta property=\"og:description\" content=\"Peque\u00f1as oficinas \/ Despachos La seguridad por capas de Faronics ha sido dise\u00f1ada para ofrecer a su ordenador de su casa-oficina, el mismo nivel de\" \/>\n<meta property=\"og:url\" content=\"https:\/\/www.faronics.com\/es\/solutions_es\" \/>\n<meta property=\"og:site_name\" content=\"Faronics\" \/>\n<meta property=\"article:publisher\" content=\"https:\/\/www.facebook.com\/faronics\" \/>\n<meta property=\"article:modified_time\" content=\"2011-09-28T15:47:51+00:00\" \/>\n<meta property=\"og:image\" content=\"https:\/\/www.faronics.com\/assets\/phone-homeoffice1.jpg\" \/>\n<meta name=\"twitter:card\" content=\"summary_large_image\" \/>\n<meta name=\"twitter:site\" content=\"@faronics\" \/>\n<meta name=\"twitter:label1\" content=\"Tiempo de lectura\" \/>\n\t<meta name=\"twitter:data1\" content=\"2 minutos\" \/>\n<script type=\"application\/ld+json\" class=\"yoast-schema-graph\">{\"@context\":\"https:\\\/\\\/schema.org\",\"@graph\":[{\"@type\":\"WebPage\",\"@id\":\"https:\\\/\\\/www.faronics.com\\\/es\\\/solutions_es\",\"url\":\"https:\\\/\\\/www.faronics.com\\\/es\\\/solutions_es\",\"name\":\"Soluciones - Faronics\",\"isPartOf\":{\"@id\":\"https:\\\/\\\/www.faronics.com\\\/es#website\"},\"datePublished\":\"2011-07-25T01:42:30+00:00\",\"dateModified\":\"2011-09-28T15:47:51+00:00\",\"description\":\"Peque\u00f1as oficinas \\\/ Despachos La seguridad por capas de Faronics ha sido dise\u00f1ada para ofrecer a su ordenador de su casa-oficina, el mismo nivel de\",\"breadcrumb\":{\"@id\":\"https:\\\/\\\/www.faronics.com\\\/es\\\/solutions_es#breadcrumb\"},\"inLanguage\":\"es\",\"potentialAction\":[{\"@type\":\"ReadAction\",\"target\":[\"https:\\\/\\\/www.faronics.com\\\/es\\\/solutions_es\"]}]},{\"@type\":\"BreadcrumbList\",\"@id\":\"https:\\\/\\\/www.faronics.com\\\/es\\\/solutions_es#breadcrumb\",\"itemListElement\":[{\"@type\":\"ListItem\",\"position\":1,\"name\":\"Home\",\"item\":\"https:\\\/\\\/www.faronics.com\\\/es\"},{\"@type\":\"ListItem\",\"position\":2,\"name\":\"Soluciones\",\"item\":\"https:\\\/\\\/www.faronics.com\\\/es\\\/soluciones\\\/\"}]},{\"@type\":\"WebSite\",\"@id\":\"https:\\\/\\\/www.faronics.com\\\/es#website\",\"url\":\"https:\\\/\\\/www.faronics.com\\\/es\",\"name\":\"Faronics\",\"description\":\"Creadores de Deep Freeze y de otras soluciones de Seguridad por Capas\",\"publisher\":{\"@id\":\"https:\\\/\\\/www.faronics.com\\\/es#organization\"},\"potentialAction\":[{\"@type\":\"SearchAction\",\"target\":{\"@type\":\"EntryPoint\",\"urlTemplate\":\"https:\\\/\\\/www.faronics.com\\\/es?s={search_term_string}\"},\"query-input\":{\"@type\":\"PropertyValueSpecification\",\"valueRequired\":true,\"valueName\":\"search_term_string\"}}],\"inLanguage\":\"es\"},{\"@type\":\"Organization\",\"@id\":\"https:\\\/\\\/www.faronics.com\\\/es#organization\",\"name\":\"Faronics\",\"url\":\"https:\\\/\\\/www.faronics.com\\\/es\",\"logo\":{\"@type\":\"ImageObject\",\"inLanguage\":\"es\",\"@id\":\"https:\\\/\\\/www.faronics.com\\\/es#\\\/schema\\\/logo\\\/image\\\/\",\"url\":\"https:\\\/\\\/www.faronics.com\\\/assets\\\/footer-faronics-logo.png\",\"contentUrl\":\"https:\\\/\\\/www.faronics.com\\\/assets\\\/footer-faronics-logo.png\",\"width\":155,\"height\":44,\"caption\":\"Faronics\"},\"image\":{\"@id\":\"https:\\\/\\\/www.faronics.com\\\/es#\\\/schema\\\/logo\\\/image\\\/\"},\"sameAs\":[\"https:\\\/\\\/www.facebook.com\\\/faronics\",\"https:\\\/\\\/x.com\\\/faronics\"]}]}<\/script>\n<!-- \/ Yoast SEO Premium plugin. -->","yoast_head_json":{"title":"Soluciones - Faronics","description":"Peque\u00f1as oficinas \/ Despachos La seguridad por capas de Faronics ha sido dise\u00f1ada para ofrecer a su ordenador de su casa-oficina, el mismo nivel de","robots":{"index":"index","follow":"follow","max-snippet":"max-snippet:-1","max-image-preview":"max-image-preview:large","max-video-preview":"max-video-preview:-1"},"canonical":"https:\/\/www.faronics.com\/es\/solutions_es","og_locale":"es_ES","og_type":"article","og_title":"Soluciones","og_description":"Peque\u00f1as oficinas \/ Despachos La seguridad por capas de Faronics ha sido dise\u00f1ada para ofrecer a su ordenador de su casa-oficina, el mismo nivel de","og_url":"https:\/\/www.faronics.com\/es\/solutions_es","og_site_name":"Faronics","article_publisher":"https:\/\/www.facebook.com\/faronics","article_modified_time":"2011-09-28T15:47:51+00:00","og_image":[{"url":"https:\/\/www.faronics.com\/assets\/phone-homeoffice1.jpg","type":"","width":"","height":""}],"twitter_card":"summary_large_image","twitter_site":"@faronics","twitter_misc":{"Tiempo de lectura":"2 minutos"},"schema":{"@context":"https:\/\/schema.org","@graph":[{"@type":"WebPage","@id":"https:\/\/www.faronics.com\/es\/solutions_es","url":"https:\/\/www.faronics.com\/es\/solutions_es","name":"Soluciones - Faronics","isPartOf":{"@id":"https:\/\/www.faronics.com\/es#website"},"datePublished":"2011-07-25T01:42:30+00:00","dateModified":"2011-09-28T15:47:51+00:00","description":"Peque\u00f1as oficinas \/ Despachos La seguridad por capas de Faronics ha sido dise\u00f1ada para ofrecer a su ordenador de su casa-oficina, el mismo nivel de","breadcrumb":{"@id":"https:\/\/www.faronics.com\/es\/solutions_es#breadcrumb"},"inLanguage":"es","potentialAction":[{"@type":"ReadAction","target":["https:\/\/www.faronics.com\/es\/solutions_es"]}]},{"@type":"BreadcrumbList","@id":"https:\/\/www.faronics.com\/es\/solutions_es#breadcrumb","itemListElement":[{"@type":"ListItem","position":1,"name":"Home","item":"https:\/\/www.faronics.com\/es"},{"@type":"ListItem","position":2,"name":"Soluciones","item":"https:\/\/www.faronics.com\/es\/soluciones\/"}]},{"@type":"WebSite","@id":"https:\/\/www.faronics.com\/es#website","url":"https:\/\/www.faronics.com\/es","name":"Faronics","description":"Creadores de Deep Freeze y de otras soluciones de Seguridad por Capas","publisher":{"@id":"https:\/\/www.faronics.com\/es#organization"},"potentialAction":[{"@type":"SearchAction","target":{"@type":"EntryPoint","urlTemplate":"https:\/\/www.faronics.com\/es?s={search_term_string}"},"query-input":{"@type":"PropertyValueSpecification","valueRequired":true,"valueName":"search_term_string"}}],"inLanguage":"es"},{"@type":"Organization","@id":"https:\/\/www.faronics.com\/es#organization","name":"Faronics","url":"https:\/\/www.faronics.com\/es","logo":{"@type":"ImageObject","inLanguage":"es","@id":"https:\/\/www.faronics.com\/es#\/schema\/logo\/image\/","url":"https:\/\/www.faronics.com\/assets\/footer-faronics-logo.png","contentUrl":"https:\/\/www.faronics.com\/assets\/footer-faronics-logo.png","width":155,"height":44,"caption":"Faronics"},"image":{"@id":"https:\/\/www.faronics.com\/es#\/schema\/logo\/image\/"},"sameAs":["https:\/\/www.facebook.com\/faronics","https:\/\/x.com\/faronics"]}]}},"_links":{"self":[{"href":"https:\/\/www.faronics.com\/es\/wp-json\/wp\/v2\/pages\/14266","targetHints":{"allow":["GET"]}}],"collection":[{"href":"https:\/\/www.faronics.com\/es\/wp-json\/wp\/v2\/pages"}],"about":[{"href":"https:\/\/www.faronics.com\/es\/wp-json\/wp\/v2\/types\/page"}],"author":[{"embeddable":true,"href":"https:\/\/www.faronics.com\/es\/wp-json\/wp\/v2\/users\/108"}],"replies":[{"embeddable":true,"href":"https:\/\/www.faronics.com\/es\/wp-json\/wp\/v2\/comments?post=14266"}],"version-history":[{"count":0,"href":"https:\/\/www.faronics.com\/es\/wp-json\/wp\/v2\/pages\/14266\/revisions"}],"wp:attachment":[{"href":"https:\/\/www.faronics.com\/es\/wp-json\/wp\/v2\/media?parent=14266"}],"curies":[{"name":"wp","href":"https:\/\/api.w.org\/{rel}","templated":true}]}}