{"id":14152,"date":"2011-07-23T14:07:28","date_gmt":"2011-07-23T21:07:28","guid":{"rendered":"https:\/\/www.faronics.com\/?page_id=14152"},"modified":"2022-12-14T05:02:04","modified_gmt":"2022-12-14T13:02:04","slug":"afiliaciones","status":"publish","type":"page","link":"https:\/\/www.faronics.com\/es\/compania\/afiliaciones","title":{"rendered":"Afiliaciones"},"content":{"rendered":"<div class=\"container\">\n<div id=\"alliance-slider\">\n<h2>Alianzas<\/h2>\n<div class=\"alliance-container-wrap\" style=\"width: 600px; height: 320px; overflow: hidden;\">\n<div class=\"alliance-container clearfix\" style=\"position: absolute; top: 0px; left: 0px; display: block; z-index: 5; opacity: 1;\">\n<div class=\"alliance-left\"><img loading=\"lazy\" decoding=\"async\" src=\"\/img\/affiliations-climate.png\" alt=\"\" width=\"140\" height=\"100\" \/><br \/>\n<a href=\"http:\/\/www.climatesaverscomputing.org\/\" rel=\"nofollow noopener\" target=\"_blank\">www.climatesaverscomputing.org<\/a><\/div>\n<div class=\"alliance-right\">\n<p class=\"alliance-title\">Climate Savers<\/p>\n<p class=\"alliance-copy\">Faronics ha sido reconocida por la Climate Savers Computing Initiative por su efectividad en ayudar a las organizaciones a reducir el gasto de energ\u00eda de los ordenadores. El objetivo de la Climate Savers Computing Initiative consiste en promover el desarrollo, la implementaci\u00f3n y la adopci\u00f3n de tecnolog\u00edas inteligentes que puedan mejorar la eficiencia del suministro el\u00e9ctrico de un ordenador y reducir la energ\u00eda consumida cuando este se encuentra en un estado inactivo.<\/p>\n<\/div>\n<\/div>\n<div class=\"alliance-container clearfix\" style=\"position: absolute; top: 0px; left: 0px; display: none; z-index: 3;\">\n<div class=\"alliance-left\"><img loading=\"lazy\" decoding=\"async\" src=\"\/img\/affiliations-novell.png\" alt=\"\" width=\"110\" height=\"190\" \/><br \/>\n<a href=\"http:\/\/www.novell.com\/\" rel=\"nofollow noopener\" target=\"_blank\">www.novell.com<\/a><\/div>\n<div class=\"alliance-right\">\n<p class=\"alliance-title\">Novell<\/p>\n<p class=\"alliance-copy\">Novell ofrece una visi\u00f3n convincente para el mercado al proveer a los clientes con Software para el Open Enterprise. Nosotros ofrecemos software de infraestructura de tipo empresarial y servicios con una combinaci\u00f3n flexible de tecnolog\u00edas de c\u00f3digo abierto y propietario. Como un proveedor de software independiente (ISV), proveedor de hardware independiente (IHV) o integrador de sistemas, Faronics ofrece tecnolog\u00edas y servicios complementarios que completan el conjunto de soluciones que los clientes necesitan para tener \u00e9xito.<\/p>\n<p>&nbsp;<\/p>\n<\/div>\n<\/div>\n<div class=\"alliance-container clearfix\" style=\"position: absolute; top: 0px; left: 0px; display: none; z-index: 2;\">\n<div class=\"alliance-left\"><img loading=\"lazy\" decoding=\"async\" src=\"\/img\/affiliations-lan.png\" alt=\"\" width=\"140\" height=\"76\" \/><br \/>\n<a href=\"http:\/\/www.landesk.com\/\" rel=\"nofollow noopener\" target=\"_blank\">www.landesk.com<\/a><\/div>\n<div class=\"alliance-right\">\n<p class=\"alliance-title\">LANDesk<\/p>\n<p class=\"alliance-copy\">The LANDesk\u00ae El LANDesk\u00ae Solution Alliance es un programa exclusivo a trav\u00e9s del cual Select LANDesk\u00ae Solution Alliance Partners desarrollan y ofrecen tecnolog\u00edas valiosas e innovadoras que se integran a la perfecci\u00f3n con las soluciones de administraci\u00f3n LANDesk\u00ae. El programa brinda LANDesk\u00ae Management Suite con tecnolog\u00edas muy valiosas, tales como streaming de aplicaciones, encriptaci\u00f3n de datos, gesti\u00f3n de eventos de seguridad de la informaci\u00f3n y m\u00e1s, directamente a trav\u00e9s de la \u00fanica consola. Simplicidad que se obtiene \u00fanicamente con las soluciones de LANDesk\u00ae.<\/p>\n<p>&nbsp;<\/p>\n<\/div>\n<\/div>\n<div class=\"alliance-container clearfix\" style=\"position: absolute; top: 0px; left: 0px; display: none; z-index: 1;\">\n<div class=\"alliance-left\"><img loading=\"lazy\" decoding=\"async\" src=\"\/img\/affiliations-ms.png\" alt=\"\" width=\"140\" height=\"70\" \/><br \/>\n<a href=\"http:\/\/www.microsoft.com\/\" rel=\"nofollow noopener\" target=\"_blank\">www.microsoft.com<\/a><\/div>\n<div class=\"alliance-right\">\n<p class=\"alliance-title\">Microsoft<\/p>\n<p class=\"alliance-copy\">Faronics es un Socio Certificado de Microsoft Gold \u2013 la clase m\u00e1s alta de socio y la m\u00e1s estrecha relaci\u00f3n de trabajo que se puede lograr con Microsoft. Como un Socio Certificado de Microsoft Gold, Faronics es capaz de demostrar un nivel extremadamente alto de competencia y experiencia con las tecnolog\u00edas de Microsoft.<\/p>\n<p>&nbsp;<\/p>\n<\/div>\n<\/div>\n<\/div>\n<p>&nbsp;<\/p>\n<\/div>\n<p>&nbsp;<\/p>\n<div id=\"membership-container\" class=\"content equal-heights clearfix\">\n<h2>Afiliaciones<\/h2>\n<p>Faronics se enorgullece en ser un miembro corporativo de las siguientes organizaciones. Apoyamos su misi\u00f3n empresarial y compartimos sus objetivos para avanzar en el uso de la tecnolog\u00eda para la mejora y el fortalecimiento de quienes la usan. Valoramos las relaciones que estamos construyendo con estas organizaciones y seguiremos creando conexiones en la comunidad tecnol\u00f3gica.<\/p>\n<div class=\"one-half equalize\" style=\"height: 325px;\">\n<h3><a href=\"http:\/\/www.iste.org\/\" rel=\"nofollow noopener\" target=\"_blank\">ISTE<\/a><\/h3>\n<p><a href=\"http:\/\/www.iste.org\/\" rel=\"nofollow noopener\" target=\"_blank\"><img loading=\"lazy\" decoding=\"async\" class=\"alignleft\" src=\"\/img\/iste_logo.gif\" alt=\"ISTE\" width=\"100\" height=\"56\" \/><\/a><br \/>\nISTE es una organizaci\u00f3n profesional sin \u00e1nimo de lucro con una afiliaci\u00f3n mundial de l\u00edderes actuales y potenciales en tecnolog\u00eda educativa. ISTE est\u00e1 dedicada a aportar liderazgo y servicio para mejorar la ense\u00f1anza y el aprendizaje mediante el progreso en el uso eficaz de la tecnolog\u00eda en la educaci\u00f3n primaria y secundaria, as\u00ed como en la formaci\u00f3n del profesorado. ISTE proporciona a sus miembros informaci\u00f3n, oportunidades de redes de contacto y orientaci\u00f3n, ya que estos se enfrentan a la dificultad de incorporar ordenadores, Internet y otras nuevas tecnolog\u00edas en sus escuelas.<\/p>\n<p>&nbsp;<\/p>\n<\/div>\n<div class=\"one-half equalize\" style=\"height: 325px;\">\n<h3><a href=\"http:\/\/www.educause.edu\/\" rel=\"nofollow noopener\" target=\"_blank\">EDUCAUSE<\/a><\/h3>\n<p><a href=\"http:\/\/www.educause.edu\/\" rel=\"nofollow noopener\" target=\"_blank\"><img loading=\"lazy\" decoding=\"async\" class=\"alignleft\" src=\"\/img\/educause_logo.jpg\" alt=\"EDUCAUSE\" width=\"100\" height=\"62\" \/><\/a><\/p>\n<p>EDUCAUSE es una asociaci\u00f3n sin \u00e1nimo de lucro cuya misi\u00f3n consiste en realizar progresos en la educaci\u00f3n superior mediante la promoci\u00f3n del uso inteligente de la tecnolog\u00eda de la informaci\u00f3n. La afiliaci\u00f3n actual est\u00e1 compuesta por m\u00e1s de 2.000 facultades, universidades y organizaciones educativas, que incluyen 200 empresas con 15.000 miembros activos. EDUCAUSE tiene oficinas en Boulder, Colorado y Washington, DC.<\/p>\n<p>&nbsp;<\/p>\n<\/div>\n<div class=\"one-half equalize\" style=\"height: 375px;\">\n<h3>BC Technology Industries Association<\/h3>\n<p><img loading=\"lazy\" decoding=\"async\" class=\"alignleft\" src=\"\/img\/bctia_logo.gif\" alt=\"BC TIA\" width=\"100\" height=\"58\" \/><\/p>\n<p>BC Technology Industries Association (BC TIA) es una organizaci\u00f3n sin \u00e1nimo de lucro, financiada por miembros que representan a la industria de la tecnolog\u00eda de la Columbia Brit\u00e1nicanica. Est\u00e1 compuesta por diversos miembros que incluyen empresas de todos los sectores de la tecnolog\u00eda que van desde las empresas m\u00e1s prestigiosas de la Columbia Brit\u00e1nica hasta aquellas que se encuentran en fase inicial y PYMES. Al ser la asociaci\u00f3n de tecnolog\u00eda m\u00e1s amplia e influyente de la provincia, es la que se encarga de aportar el liderazgo, la conexi\u00f3n y la acci\u00f3n necesarios para promover el constante crecimiento y \u00e9xito de la industria de la tecnolog\u00eda en la Columbia Brit\u00e1nica.<\/p>\n<p>&nbsp;<\/p>\n<\/div>\n<div class=\"one-half equalize\" style=\"height: 375px;\">\n<h3><a href=\"http:\/\/www.cosn.org\/\" rel=\"nofollow noopener\" target=\"_blank\">The Consortium for School Networking<\/a><\/h3>\n<p><a href=\"http:\/\/www.cosn.org\/\" rel=\"nofollow noopener\" target=\"_blank\"><img loading=\"lazy\" decoding=\"async\" class=\"alignleft\" src=\"\/img\/CoSN_logo.jpg\" alt=\"CoSN\" width=\"79\" height=\"80\" \/><\/a><\/p>\n<p>El Consortium for School Networking (CoSN), una organizaci\u00f3n nacional sin fines de lucro, es la voz principal en el liderazgo de la tecnolog\u00eda. La misi\u00f3n de CoSN es la de servir como la organizaci\u00f3n nacional para los l\u00edderes de tecnolog\u00eda K-12, quienes usan la tecnolog\u00eda estrat\u00e9gicamente para mejorar el aprendizaje.<\/p>\n<p>&nbsp;<\/p>\n<\/div>\n<div class=\"one-half equalize\" style=\"height: 299px;\">\n<h3><a href=\"http:\/\/www.ssda.org\/\" rel=\"nofollow noopener\" target=\"_blank\">Small School Districts&#8217; Association of California<\/a><\/h3>\n<p><a href=\"http:\/\/www.ssda.org\/\" rel=\"nofollow noopener\" target=\"_blank\"><img loading=\"lazy\" decoding=\"async\" class=\"alignleft\" src=\"\/img\/ssda.jpg\" alt=\"SSDA\" width=\"137\" height=\"35\" \/><\/a><\/p>\n<p>La Asociaci\u00f3n de Peque\u00f1os Distritos Escolares (Small School Districts&#8217; Association) de California fue fundada en 1983 para defender los intereses, el bienestar y las necesidades especiales de los peque\u00f1os distritos escolares de toda California. La SSDA es una organizaci\u00f3n en crecimiento de m\u00e1s de 500 peque\u00f1os y medianos distritos y est\u00e1 compuesta por un grupo de profesionales de juntas de gobierno y superintendentes de peque\u00f1os distritos. Faronics se enorgullece de ser un miembro Platino de la SSDA, adem\u00e1s de una de las muchas organizaciones que se est\u00e1n uniendo con las escuelas para crear un mejor presente y un futuro m\u00e1s brillante para la educaci\u00f3n.<\/p>\n<p>&nbsp;<\/p>\n<\/div>\n<p>&nbsp;<\/p>\n<\/div>\n<p>&nbsp;<\/p>\n<\/div>\n","protected":false},"excerpt":{"rendered":"<div class=\"container\">\n<div id=\"alliance-slider\"> Alianzas <\/p>\n<div class=\"alliance-container-wrap\" style=\"width: 600px; height: 320px; overflow: hidden;\">\n<div class=\"alliance-container clearfix\" style=\"position: absolute; top: 0px; left: 0px; display: block; z-index: 5; opacity: 1;\">\n<div class=\"alliance-left\"><img loading=\"lazy\" decoding=\"async\" src=\"\/img\/affiliations-climate.png\" alt=\"\" width=\"140\" height=\"100\" \/> <a href=\"http:\/\/www.climatesaverscomputing.org\/\" rel=\"nofollow noopener\" target=\"_blank\">www.climatesaverscomputing.org<\/a><\/div>\n<div class=\"alliance-right\">\n<p class=\"alliance-title\">Climate Savers<\/p>\n<p class=\"alliance-copy\">Faronics ha sido reconocida por la Climate Savers Computing Initiative por su efectividad en ayudar a las organizaciones a reducir el gasto de energ\u00eda de los ordenadores. El objetivo de la Climate Savers Computing Initiative consiste en promover el desarrollo, la implementaci\u00f3n y la adopci\u00f3n de tecnolog\u00edas inteligentes que puedan mejorar la eficiencia del suministro el\u00e9ctrico de un ordenador y reducir la energ\u00eda consumida cuando este se encuentra en un estado inactivo.<\/p>\n<\/p><\/div>\n<\/p><\/div>\n<div class=\"alliance-container clearfix\" style=\"position: absolute; top: 0px; left: 0px; display: none; z-index: 3;\">\n<div class=\"alliance-left\"><img loading=\"lazy\" decoding=\"async\" src=\"\/img\/affiliations-novell.png\" alt=\"\" width=\"110\" height=\"190\" \/> <a href=\"http:\/\/www.novell.com\/\" rel=\"nofollow noopener\" target=\"_blank\">www.novell.com<\/a><\/div>\n<div class=\"alliance-right\">\n<p class=\"alliance-title\">Novell<\/p>\n<p class=\"alliance-copy\">Novell ofrece una visi\u00f3n convincente para el mercado al proveer a los clientes con Software para el Open Enterprise. Nosotros ofrecemos software de infraestructura de tipo empresarial y servicios con una combinaci\u00f3n flexible de tecnolog\u00edas de c\u00f3digo abierto y propietario. Como un proveedor de software independiente (ISV), proveedor de hardware independiente (IHV) o integrador de sistemas, Faronics ofrece tecnolog\u00edas y servicios complementarios que completan el conjunto de soluciones que los clientes necesitan para tener \u00e9xito.<\/p>\n<p>&nbsp;<\/p>\n<\/p><\/div>\n<\/p><\/div>\n<div class=\"alliance-container clearfix\" style=\"position: absolute; top: 0px; left: 0px; display: none; z-index: 2;\">\n<div class=\"alliance-left\"><img loading=\"lazy\" decoding=\"async\" src=\"\/img\/affiliations-lan.png\" \n\n<div class=\"more\"><a href=\"https:\/\/www.faronics.com\/es\/compania\/afiliaciones\">Continue Reading&#8230;<\/a><\/div>\n","protected":false},"author":108,"featured_media":0,"parent":14144,"menu_order":0,"comment_status":"open","ping_status":"closed","template":"page-template-affiliations.php","meta":{"_acf_changed":false,"inline_featured_image":false,"footnotes":""},"class_list":["post-14152","page","type-page","status-publish","hentry"],"acf":[],"yoast_head":"<!-- This site is optimized with the Yoast SEO Premium plugin v27.4 (Yoast SEO v27.4) - https:\/\/yoast.com\/product\/yoast-seo-premium-wordpress\/ -->\n<title>Afiliaciones - Faronics<\/title>\n<meta name=\"description\" content=\"Alianzas www.climatesaverscomputing.org Climate Savers Faronics ha sido reconocida por la Climate Savers Computing Initiative por su efectividad en ayudar\" \/>\n<meta name=\"robots\" content=\"index, follow, max-snippet:-1, max-image-preview:large, max-video-preview:-1\" \/>\n<link rel=\"canonical\" href=\"https:\/\/www.faronics.com\/es\/compania\/afiliaciones\" \/>\n<meta property=\"og:locale\" content=\"es_ES\" \/>\n<meta property=\"og:type\" content=\"article\" \/>\n<meta property=\"og:title\" content=\"Afiliaciones\" \/>\n<meta property=\"og:description\" content=\"Alianzas www.climatesaverscomputing.org Climate Savers Faronics ha sido reconocida por la Climate Savers Computing Initiative por su efectividad en ayudar\" \/>\n<meta property=\"og:url\" content=\"https:\/\/www.faronics.com\/es\/compania\/afiliaciones\" \/>\n<meta property=\"og:site_name\" content=\"Faronics\" \/>\n<meta property=\"article:publisher\" content=\"https:\/\/www.facebook.com\/faronics\" \/>\n<meta property=\"article:modified_time\" content=\"2022-12-14T13:02:04+00:00\" \/>\n<meta name=\"twitter:card\" content=\"summary_large_image\" \/>\n<meta name=\"twitter:site\" content=\"@faronics\" \/>\n<meta name=\"twitter:label1\" content=\"Tiempo de lectura\" \/>\n\t<meta name=\"twitter:data1\" content=\"6 minutos\" \/>\n<script type=\"application\/ld+json\" class=\"yoast-schema-graph\">{\"@context\":\"https:\\\/\\\/schema.org\",\"@graph\":[{\"@type\":\"WebPage\",\"@id\":\"https:\\\/\\\/www.faronics.com\\\/es\\\/compania\\\/afiliaciones\",\"url\":\"https:\\\/\\\/www.faronics.com\\\/es\\\/compania\\\/afiliaciones\",\"name\":\"Afiliaciones - Faronics\",\"isPartOf\":{\"@id\":\"https:\\\/\\\/www.faronics.com\\\/es#website\"},\"datePublished\":\"2011-07-23T21:07:28+00:00\",\"dateModified\":\"2022-12-14T13:02:04+00:00\",\"description\":\"Alianzas www.climatesaverscomputing.org Climate Savers Faronics ha sido reconocida por la Climate Savers Computing Initiative por su efectividad en ayudar\",\"breadcrumb\":{\"@id\":\"https:\\\/\\\/www.faronics.com\\\/es\\\/compania\\\/afiliaciones#breadcrumb\"},\"inLanguage\":\"es\",\"potentialAction\":[{\"@type\":\"ReadAction\",\"target\":[\"https:\\\/\\\/www.faronics.com\\\/es\\\/compania\\\/afiliaciones\"]}]},{\"@type\":\"BreadcrumbList\",\"@id\":\"https:\\\/\\\/www.faronics.com\\\/es\\\/compania\\\/afiliaciones#breadcrumb\",\"itemListElement\":[{\"@type\":\"ListItem\",\"position\":1,\"name\":\"Home\",\"item\":\"https:\\\/\\\/www.faronics.com\\\/es\"},{\"@type\":\"ListItem\",\"position\":2,\"name\":\"Compa\u00f1\u00eda\",\"item\":\"https:\\\/\\\/www.faronics.com\\\/es\\\/compania\"},{\"@type\":\"ListItem\",\"position\":3,\"name\":\"Afiliaciones\",\"item\":\"https:\\\/\\\/www.faronics.com\\\/es\\\/afiliaciones\\\/\"}]},{\"@type\":\"WebSite\",\"@id\":\"https:\\\/\\\/www.faronics.com\\\/es#website\",\"url\":\"https:\\\/\\\/www.faronics.com\\\/es\",\"name\":\"Faronics\",\"description\":\"Creadores de Deep Freeze y de otras soluciones de Seguridad por Capas\",\"publisher\":{\"@id\":\"https:\\\/\\\/www.faronics.com\\\/es#organization\"},\"potentialAction\":[{\"@type\":\"SearchAction\",\"target\":{\"@type\":\"EntryPoint\",\"urlTemplate\":\"https:\\\/\\\/www.faronics.com\\\/es?s={search_term_string}\"},\"query-input\":{\"@type\":\"PropertyValueSpecification\",\"valueRequired\":true,\"valueName\":\"search_term_string\"}}],\"inLanguage\":\"es\"},{\"@type\":\"Organization\",\"@id\":\"https:\\\/\\\/www.faronics.com\\\/es#organization\",\"name\":\"Faronics\",\"url\":\"https:\\\/\\\/www.faronics.com\\\/es\",\"logo\":{\"@type\":\"ImageObject\",\"inLanguage\":\"es\",\"@id\":\"https:\\\/\\\/www.faronics.com\\\/es#\\\/schema\\\/logo\\\/image\\\/\",\"url\":\"https:\\\/\\\/www.faronics.com\\\/assets\\\/footer-faronics-logo.png\",\"contentUrl\":\"https:\\\/\\\/www.faronics.com\\\/assets\\\/footer-faronics-logo.png\",\"width\":155,\"height\":44,\"caption\":\"Faronics\"},\"image\":{\"@id\":\"https:\\\/\\\/www.faronics.com\\\/es#\\\/schema\\\/logo\\\/image\\\/\"},\"sameAs\":[\"https:\\\/\\\/www.facebook.com\\\/faronics\",\"https:\\\/\\\/x.com\\\/faronics\"]}]}<\/script>\n<!-- \/ Yoast SEO Premium plugin. -->","yoast_head_json":{"title":"Afiliaciones - Faronics","description":"Alianzas www.climatesaverscomputing.org Climate Savers Faronics ha sido reconocida por la Climate Savers Computing Initiative por su efectividad en ayudar","robots":{"index":"index","follow":"follow","max-snippet":"max-snippet:-1","max-image-preview":"max-image-preview:large","max-video-preview":"max-video-preview:-1"},"canonical":"https:\/\/www.faronics.com\/es\/compania\/afiliaciones","og_locale":"es_ES","og_type":"article","og_title":"Afiliaciones","og_description":"Alianzas www.climatesaverscomputing.org Climate Savers Faronics ha sido reconocida por la Climate Savers Computing Initiative por su efectividad en ayudar","og_url":"https:\/\/www.faronics.com\/es\/compania\/afiliaciones","og_site_name":"Faronics","article_publisher":"https:\/\/www.facebook.com\/faronics","article_modified_time":"2022-12-14T13:02:04+00:00","twitter_card":"summary_large_image","twitter_site":"@faronics","twitter_misc":{"Tiempo de lectura":"6 minutos"},"schema":{"@context":"https:\/\/schema.org","@graph":[{"@type":"WebPage","@id":"https:\/\/www.faronics.com\/es\/compania\/afiliaciones","url":"https:\/\/www.faronics.com\/es\/compania\/afiliaciones","name":"Afiliaciones - Faronics","isPartOf":{"@id":"https:\/\/www.faronics.com\/es#website"},"datePublished":"2011-07-23T21:07:28+00:00","dateModified":"2022-12-14T13:02:04+00:00","description":"Alianzas www.climatesaverscomputing.org Climate Savers Faronics ha sido reconocida por la Climate Savers Computing Initiative por su efectividad en ayudar","breadcrumb":{"@id":"https:\/\/www.faronics.com\/es\/compania\/afiliaciones#breadcrumb"},"inLanguage":"es","potentialAction":[{"@type":"ReadAction","target":["https:\/\/www.faronics.com\/es\/compania\/afiliaciones"]}]},{"@type":"BreadcrumbList","@id":"https:\/\/www.faronics.com\/es\/compania\/afiliaciones#breadcrumb","itemListElement":[{"@type":"ListItem","position":1,"name":"Home","item":"https:\/\/www.faronics.com\/es"},{"@type":"ListItem","position":2,"name":"Compa\u00f1\u00eda","item":"https:\/\/www.faronics.com\/es\/compania"},{"@type":"ListItem","position":3,"name":"Afiliaciones","item":"https:\/\/www.faronics.com\/es\/afiliaciones\/"}]},{"@type":"WebSite","@id":"https:\/\/www.faronics.com\/es#website","url":"https:\/\/www.faronics.com\/es","name":"Faronics","description":"Creadores de Deep Freeze y de otras soluciones de Seguridad por Capas","publisher":{"@id":"https:\/\/www.faronics.com\/es#organization"},"potentialAction":[{"@type":"SearchAction","target":{"@type":"EntryPoint","urlTemplate":"https:\/\/www.faronics.com\/es?s={search_term_string}"},"query-input":{"@type":"PropertyValueSpecification","valueRequired":true,"valueName":"search_term_string"}}],"inLanguage":"es"},{"@type":"Organization","@id":"https:\/\/www.faronics.com\/es#organization","name":"Faronics","url":"https:\/\/www.faronics.com\/es","logo":{"@type":"ImageObject","inLanguage":"es","@id":"https:\/\/www.faronics.com\/es#\/schema\/logo\/image\/","url":"https:\/\/www.faronics.com\/assets\/footer-faronics-logo.png","contentUrl":"https:\/\/www.faronics.com\/assets\/footer-faronics-logo.png","width":155,"height":44,"caption":"Faronics"},"image":{"@id":"https:\/\/www.faronics.com\/es#\/schema\/logo\/image\/"},"sameAs":["https:\/\/www.facebook.com\/faronics","https:\/\/x.com\/faronics"]}]}},"_links":{"self":[{"href":"https:\/\/www.faronics.com\/es\/wp-json\/wp\/v2\/pages\/14152","targetHints":{"allow":["GET"]}}],"collection":[{"href":"https:\/\/www.faronics.com\/es\/wp-json\/wp\/v2\/pages"}],"about":[{"href":"https:\/\/www.faronics.com\/es\/wp-json\/wp\/v2\/types\/page"}],"author":[{"embeddable":true,"href":"https:\/\/www.faronics.com\/es\/wp-json\/wp\/v2\/users\/108"}],"replies":[{"embeddable":true,"href":"https:\/\/www.faronics.com\/es\/wp-json\/wp\/v2\/comments?post=14152"}],"version-history":[{"count":1,"href":"https:\/\/www.faronics.com\/es\/wp-json\/wp\/v2\/pages\/14152\/revisions"}],"predecessor-version":[{"id":240083,"href":"https:\/\/www.faronics.com\/es\/wp-json\/wp\/v2\/pages\/14152\/revisions\/240083"}],"up":[{"embeddable":true,"href":"https:\/\/www.faronics.com\/es\/wp-json\/wp\/v2\/pages\/14144"}],"wp:attachment":[{"href":"https:\/\/www.faronics.com\/es\/wp-json\/wp\/v2\/media?parent=14152"}],"curies":[{"name":"wp","href":"https:\/\/api.w.org\/{rel}","templated":true}]}}