{"id":14144,"date":"2011-07-23T13:52:53","date_gmt":"2011-07-23T20:52:53","guid":{"rendered":"https:\/\/www.faronics.com\/?page_id=14144"},"modified":"2023-01-10T04:56:27","modified_gmt":"2023-01-10T12:56:27","slug":"compania","status":"publish","type":"page","link":"https:\/\/www.faronics.com\/es\/compania","title":{"rendered":"Compa\u00f1\u00eda"},"content":{"rendered":"<p>Nuestros productos aseguran una disponibilidad del 100% de la estaci\u00f3n de trabajo y liberan al personal de TI de los tediosos problemas de soporte t\u00e9cnico y de software. Impulsados por un enfoque orientado cliente, las innovaciones tecnol\u00f3gicas de Faronics benefician a instituciones educativas, centros de atenci\u00f3n m\u00e9dica, bibliotecas, organizaciones gubernamentales y empresas.<\/p>\n<p>Faronics Deep Freeze reduce los costes y las solicitudes de TI al preservar las configuraciones de los ordenadores. Faronics Anti-Executable previene contra el software no autorizado, mientras que Faronics Anti-Virus asegura al usuario final una protecci\u00f3n de alto rendimiento frente a software malintencionado. Faronics Power Save reduce los costes de energ\u00eda el\u00e9ctrica mediante una administraci\u00f3n inteligente del consumo energ\u00e9tico del ordenador, mientras que System Profiler identifica y almacena informaci\u00f3n detallada de las estaciones de trabajo en toda la red. Por \u00faltimo, Faronics Insight suministra un control total sobre los ordenadores de las aulas, mientras que Faronics WINSelect permite a los administradores de TI personalizar su acceso a las aplicaciones, sitios web, programas y opciones de men\u00fa.<\/p>\n<h2>Desarrollo de software<\/h2>\n<p>Como organizaci\u00f3n con un enfoque orientado al cliente, los productos de Faronics se ha investigado y desarrollado en estrecha consulta con nuestros usuarios finales. Valoramos las ideas y sugerencias de nuestros clientes y dependemos de esta retroalimentaci\u00f3n para proporcionar las soluciones innovadoras en las que conf\u00edan nuestros usuarios. Este enfoque es la base de la estrategia de liderazgo industrial del servicio a los clientes de Faronics, que trabaja constantemente para construir y mantener relaciones duraderas con nuestros usuarios.<\/p>\n<h2>Alianzas<\/h2>\n<p>En Faronics trabajamos en estrecha colaboraci\u00f3n con varias organizaciones de la industria y agencias con objeto de compartir informaci\u00f3n, coordinar nuestros esfuerzos hacia metas comunes y establecer las mejores pr\u00e1cticas.<br \/>\n<a href=\"https:\/\/www.faronics.com\/es\/company_es\/affiliations_es\/#climatesavers\"><img loading=\"lazy\" decoding=\"async\" class=\"alignnone size-full wp-image-926\" style=\"margin-left: 100px; margin-right: 50px;\" title=\"climatesavers\" src=\"\/assets\/climatesavers.png\" alt=\"\" width=\"99\" height=\"73\" \/><\/a><a href=\"https:\/\/www.faronics.com\/es\/company_es\/affiliations_es\/#microsoft\"><img loading=\"lazy\" decoding=\"async\" class=\"alignnone size-full wp-image-931\" style=\"margin-left: 50px; margin-right: 50px;\" title=\"microsoft\" src=\"\/assets\/microsoft.gif\" alt=\"\" width=\"100\" height=\"52\" \/><\/a><a href=\"https:\/\/www.faronics.com\/company_es\/affiliations_es\/#LANdesk\"><img loading=\"lazy\" decoding=\"async\" class=\"alignnone size-full wp-image-930\" style=\"margin-left: 50px; margin-right: 50px;\" title=\"LANDesk2\" src=\"\/assets\/LANDesk2.gif\" alt=\"\" width=\"103\" height=\"46\" \/><\/a><\/p>\n<h2>Afiliaciones<\/h2>\n<p>Faronics se enorgullece de ser un miembro corporativo de las siguientes organizaciones. Apoyamos su misi\u00f3n empresarial y compartimos sus objetivos para avanzar con el uso de la tecnolog\u00eda para la mejora y capacitaci\u00f3n de quienes la usan. Valoramos las relaciones que estamos construyendo con estas organizaciones y continuaremos creando conexiones en la comunidad tecnol\u00f3gica.<\/p>\n<p><a href=\"https:\/\/www.faronics.com\/es\/company_es\/affiliations_es\/#iste\"><img loading=\"lazy\" decoding=\"async\" class=\"alignleft size-full wp-image-929\" style=\"margin-left: 100px; margin-right: 20px;\" title=\"iste_logo\" src=\"\/assets\/iste_logo.gif\" alt=\"\" width=\"100\" height=\"56\" \/><\/a><a href=\"https:\/\/www.faronics.com\/es\/company_es\/affiliations_es\/#educause\"><img loading=\"lazy\" decoding=\"async\" class=\"alignleft size-full wp-image-928\" style=\"margin-left: 20px; margin-right: 20px;\" title=\"educause_logo\" src=\"\/assets\/educause_logo.jpg\" alt=\"\" width=\"100\" height=\"62\" \/><\/a><a href=\"https:\/\/www.faronics.com\/es\/company_es\/affiliations_es\/#bctia\"><img loading=\"lazy\" decoding=\"async\" class=\"alignleft size-full wp-image-925\" style=\"margin-left: 20px; margin-right: 20px;\" title=\"bctia_logo\" src=\"\/assets\/bctia_logo.gif\" alt=\"\" width=\"100\" height=\"58\" \/><\/a><a href=\"https:\/\/www.faronics.com\/es\/company_es\/affiliations_es\/#CoSN\"><img loading=\"lazy\" decoding=\"async\" class=\"alignleft size-full wp-image-927\" style=\"margin-left: 20px; margin-right: 20px;\" title=\"CoSN_logo\" src=\"\/assets\/CoSN_logo.jpg\" alt=\"\" width=\"79\" height=\"80\" \/><\/a><\/p>\n","protected":false},"excerpt":{"rendered":"<p>Nuestros productos aseguran una disponibilidad del 100% de la estaci\u00f3n de trabajo y liberan al personal de TI de los tediosos problemas de soporte t\u00e9cnico y de software. Impulsados por un enfoque orientado cliente, las innovaciones tecnol\u00f3gicas de Faronics benefician a instituciones educativas, centros de atenci\u00f3n m\u00e9dica, bibliotecas, organizaciones gubernamentales y empresas.<\/p>\n<p>Faronics Deep Freeze reduce los costes y las solicitudes de TI al preservar las configuraciones de los ordenadores. Faronics Anti-Executable previene contra el software no autorizado, mientras que Faronics Anti-Virus asegura al usuario final una protecci\u00f3n de alto rendimiento frente a software malintencionado. Faronics Power Save reduce los costes de energ\u00eda el\u00e9ctrica mediante una administraci\u00f3n inteligente del consumo energ\u00e9tico del ordenador, mientras que System Profiler identifica y almacena informaci\u00f3n detallada de las estaciones de trabajo en toda la red. Por \u00faltimo, Faronics Insight suministra un control total sobre los ordenadores de las aulas, mientras que Faronics WINSelect permite a los administradores de TI personalizar su acceso a las aplicaciones, sitios web, programas y opciones de men\u00fa.<\/p>\n<p> Desarrollo de software <\/p>\n<p>Como organizaci\u00f3n con un enfoque orientado al cliente, los productos de Faronics se ha investigado y desarrollado en estrecha consulta con nuestros usuarios finales. Valoramos las ideas y sugerencias de nuestros clientes y dependemos de esta retroalimentaci\u00f3n para proporcionar las soluciones innovadoras en las que conf\u00edan nuestros usuarios. Este enfoque es la base de la estrategia de liderazgo industrial del servicio a los clientes de Faronics, que trabaja constantemente para construir y mantener relaciones duraderas con nuestros usuarios.<\/p>\n<p> Alianzas <\/p>\n<div class=\"more\"><a href=\"https:\/\/www.faronics.com\/es\/compania\">Continue Reading&#8230;<\/a><\/div>\n","protected":false},"author":108,"featured_media":0,"parent":0,"menu_order":0,"comment_status":"open","ping_status":"closed","template":"page-template-with-sidebar.php","meta":{"_acf_changed":false,"inline_featured_image":false,"footnotes":""},"class_list":["post-14144","page","type-page","status-publish","hentry"],"acf":[],"yoast_head":"<!-- This site is optimized with the Yoast SEO Premium plugin v27.3 (Yoast SEO v27.3) - https:\/\/yoast.com\/product\/yoast-seo-premium-wordpress\/ -->\n<title>Compa\u00f1\u00eda - Faronics<\/title>\n<meta name=\"description\" content=\"Nuestros productos aseguran una disponibilidad del 100% de la estaci\u00f3n de trabajo y liberan al personal de TI de los tediosos problemas de soporte t\u00e9cnico\" \/>\n<meta name=\"robots\" content=\"index, follow, max-snippet:-1, max-image-preview:large, max-video-preview:-1\" \/>\n<link rel=\"canonical\" href=\"https:\/\/www.faronics.com\/es\/compania\" \/>\n<meta property=\"og:locale\" content=\"es_ES\" \/>\n<meta property=\"og:type\" content=\"article\" \/>\n<meta property=\"og:title\" content=\"Compa\u00f1\u00eda\" \/>\n<meta property=\"og:description\" content=\"Nuestros productos aseguran una disponibilidad del 100% de la estaci\u00f3n de trabajo y liberan al personal de TI de los tediosos problemas de soporte t\u00e9cnico\" \/>\n<meta property=\"og:url\" content=\"https:\/\/www.faronics.com\/es\/compania\" \/>\n<meta property=\"og:site_name\" content=\"Faronics\" \/>\n<meta property=\"article:publisher\" content=\"https:\/\/www.facebook.com\/faronics\" \/>\n<meta property=\"article:modified_time\" content=\"2023-01-10T12:56:27+00:00\" \/>\n<meta name=\"twitter:card\" content=\"summary_large_image\" \/>\n<meta name=\"twitter:site\" content=\"@faronics\" \/>\n<meta name=\"twitter:label1\" content=\"Tiempo de lectura\" \/>\n\t<meta name=\"twitter:data1\" content=\"3 minutos\" \/>\n<script type=\"application\/ld+json\" class=\"yoast-schema-graph\">{\"@context\":\"https:\\\/\\\/schema.org\",\"@graph\":[{\"@type\":\"WebPage\",\"@id\":\"https:\\\/\\\/www.faronics.com\\\/es\\\/compania\",\"url\":\"https:\\\/\\\/www.faronics.com\\\/es\\\/compania\",\"name\":\"Compa\u00f1\u00eda - Faronics\",\"isPartOf\":{\"@id\":\"https:\\\/\\\/www.faronics.com\\\/es#website\"},\"datePublished\":\"2011-07-23T20:52:53+00:00\",\"dateModified\":\"2023-01-10T12:56:27+00:00\",\"description\":\"Nuestros productos aseguran una disponibilidad del 100% de la estaci\u00f3n de trabajo y liberan al personal de TI de los tediosos problemas de soporte t\u00e9cnico\",\"breadcrumb\":{\"@id\":\"https:\\\/\\\/www.faronics.com\\\/es\\\/compania#breadcrumb\"},\"inLanguage\":\"es\",\"potentialAction\":[{\"@type\":\"ReadAction\",\"target\":[\"https:\\\/\\\/www.faronics.com\\\/es\\\/compania\"]}]},{\"@type\":\"BreadcrumbList\",\"@id\":\"https:\\\/\\\/www.faronics.com\\\/es\\\/compania#breadcrumb\",\"itemListElement\":[{\"@type\":\"ListItem\",\"position\":1,\"name\":\"Home\",\"item\":\"https:\\\/\\\/www.faronics.com\\\/es\"},{\"@type\":\"ListItem\",\"position\":2,\"name\":\"Compa\u00f1\u00eda\",\"item\":\"https:\\\/\\\/www.faronics.com\\\/es\\\/compania\\\/\"}]},{\"@type\":\"WebSite\",\"@id\":\"https:\\\/\\\/www.faronics.com\\\/es#website\",\"url\":\"https:\\\/\\\/www.faronics.com\\\/es\",\"name\":\"Faronics\",\"description\":\"Creadores de Deep Freeze y de otras soluciones de Seguridad por Capas\",\"publisher\":{\"@id\":\"https:\\\/\\\/www.faronics.com\\\/es#organization\"},\"potentialAction\":[{\"@type\":\"SearchAction\",\"target\":{\"@type\":\"EntryPoint\",\"urlTemplate\":\"https:\\\/\\\/www.faronics.com\\\/es?s={search_term_string}\"},\"query-input\":{\"@type\":\"PropertyValueSpecification\",\"valueRequired\":true,\"valueName\":\"search_term_string\"}}],\"inLanguage\":\"es\"},{\"@type\":\"Organization\",\"@id\":\"https:\\\/\\\/www.faronics.com\\\/es#organization\",\"name\":\"Faronics\",\"url\":\"https:\\\/\\\/www.faronics.com\\\/es\",\"logo\":{\"@type\":\"ImageObject\",\"inLanguage\":\"es\",\"@id\":\"https:\\\/\\\/www.faronics.com\\\/es#\\\/schema\\\/logo\\\/image\\\/\",\"url\":\"https:\\\/\\\/www.faronics.com\\\/assets\\\/footer-faronics-logo.png\",\"contentUrl\":\"https:\\\/\\\/www.faronics.com\\\/assets\\\/footer-faronics-logo.png\",\"width\":155,\"height\":44,\"caption\":\"Faronics\"},\"image\":{\"@id\":\"https:\\\/\\\/www.faronics.com\\\/es#\\\/schema\\\/logo\\\/image\\\/\"},\"sameAs\":[\"https:\\\/\\\/www.facebook.com\\\/faronics\",\"https:\\\/\\\/x.com\\\/faronics\"]}]}<\/script>\n<!-- \/ Yoast SEO Premium plugin. -->","yoast_head_json":{"title":"Compa\u00f1\u00eda - Faronics","description":"Nuestros productos aseguran una disponibilidad del 100% de la estaci\u00f3n de trabajo y liberan al personal de TI de los tediosos problemas de soporte t\u00e9cnico","robots":{"index":"index","follow":"follow","max-snippet":"max-snippet:-1","max-image-preview":"max-image-preview:large","max-video-preview":"max-video-preview:-1"},"canonical":"https:\/\/www.faronics.com\/es\/compania","og_locale":"es_ES","og_type":"article","og_title":"Compa\u00f1\u00eda","og_description":"Nuestros productos aseguran una disponibilidad del 100% de la estaci\u00f3n de trabajo y liberan al personal de TI de los tediosos problemas de soporte t\u00e9cnico","og_url":"https:\/\/www.faronics.com\/es\/compania","og_site_name":"Faronics","article_publisher":"https:\/\/www.facebook.com\/faronics","article_modified_time":"2023-01-10T12:56:27+00:00","twitter_card":"summary_large_image","twitter_site":"@faronics","twitter_misc":{"Tiempo de lectura":"3 minutos"},"schema":{"@context":"https:\/\/schema.org","@graph":[{"@type":"WebPage","@id":"https:\/\/www.faronics.com\/es\/compania","url":"https:\/\/www.faronics.com\/es\/compania","name":"Compa\u00f1\u00eda - Faronics","isPartOf":{"@id":"https:\/\/www.faronics.com\/es#website"},"datePublished":"2011-07-23T20:52:53+00:00","dateModified":"2023-01-10T12:56:27+00:00","description":"Nuestros productos aseguran una disponibilidad del 100% de la estaci\u00f3n de trabajo y liberan al personal de TI de los tediosos problemas de soporte t\u00e9cnico","breadcrumb":{"@id":"https:\/\/www.faronics.com\/es\/compania#breadcrumb"},"inLanguage":"es","potentialAction":[{"@type":"ReadAction","target":["https:\/\/www.faronics.com\/es\/compania"]}]},{"@type":"BreadcrumbList","@id":"https:\/\/www.faronics.com\/es\/compania#breadcrumb","itemListElement":[{"@type":"ListItem","position":1,"name":"Home","item":"https:\/\/www.faronics.com\/es"},{"@type":"ListItem","position":2,"name":"Compa\u00f1\u00eda","item":"https:\/\/www.faronics.com\/es\/compania\/"}]},{"@type":"WebSite","@id":"https:\/\/www.faronics.com\/es#website","url":"https:\/\/www.faronics.com\/es","name":"Faronics","description":"Creadores de Deep Freeze y de otras soluciones de Seguridad por Capas","publisher":{"@id":"https:\/\/www.faronics.com\/es#organization"},"potentialAction":[{"@type":"SearchAction","target":{"@type":"EntryPoint","urlTemplate":"https:\/\/www.faronics.com\/es?s={search_term_string}"},"query-input":{"@type":"PropertyValueSpecification","valueRequired":true,"valueName":"search_term_string"}}],"inLanguage":"es"},{"@type":"Organization","@id":"https:\/\/www.faronics.com\/es#organization","name":"Faronics","url":"https:\/\/www.faronics.com\/es","logo":{"@type":"ImageObject","inLanguage":"es","@id":"https:\/\/www.faronics.com\/es#\/schema\/logo\/image\/","url":"https:\/\/www.faronics.com\/assets\/footer-faronics-logo.png","contentUrl":"https:\/\/www.faronics.com\/assets\/footer-faronics-logo.png","width":155,"height":44,"caption":"Faronics"},"image":{"@id":"https:\/\/www.faronics.com\/es#\/schema\/logo\/image\/"},"sameAs":["https:\/\/www.facebook.com\/faronics","https:\/\/x.com\/faronics"]}]}},"_links":{"self":[{"href":"https:\/\/www.faronics.com\/es\/wp-json\/wp\/v2\/pages\/14144","targetHints":{"allow":["GET"]}}],"collection":[{"href":"https:\/\/www.faronics.com\/es\/wp-json\/wp\/v2\/pages"}],"about":[{"href":"https:\/\/www.faronics.com\/es\/wp-json\/wp\/v2\/types\/page"}],"author":[{"embeddable":true,"href":"https:\/\/www.faronics.com\/es\/wp-json\/wp\/v2\/users\/108"}],"replies":[{"embeddable":true,"href":"https:\/\/www.faronics.com\/es\/wp-json\/wp\/v2\/comments?post=14144"}],"version-history":[{"count":2,"href":"https:\/\/www.faronics.com\/es\/wp-json\/wp\/v2\/pages\/14144\/revisions"}],"predecessor-version":[{"id":240327,"href":"https:\/\/www.faronics.com\/es\/wp-json\/wp\/v2\/pages\/14144\/revisions\/240327"}],"wp:attachment":[{"href":"https:\/\/www.faronics.com\/es\/wp-json\/wp\/v2\/media?parent=14144"}],"curies":[{"name":"wp","href":"https:\/\/api.w.org\/{rel}","templated":true}]}}