{"id":13902,"date":"2011-07-23T13:29:29","date_gmt":"2011-07-23T20:29:29","guid":{"rendered":"https:\/\/www.faronics.com\/?page_id=13902"},"modified":"2011-10-17T10:18:08","modified_gmt":"2011-10-17T17:18:08","slug":"vision-general-del-programa","status":"publish","type":"page","link":"https:\/\/www.faronics.com\/es\/vision-general-del-programa","title":{"rendered":"Visi\u00f3n General del Programa"},"content":{"rendered":"<div class=\"copy-blocks grid clearfix\" style=\"background: url('\/assets\/north-america-bg.jpg') top right no-repeat;\">\n<h3>Programa de Socio del canal internacional<\/h3>\n<p><img loading=\"lazy\" decoding=\"async\" class=\"alignleft size-full wp-image-2317\" title=\"intl_img_programspage\" src=\"\/assets\/whole-world.jpg\" alt=\"\" width=\"132\" height=\"135\" \/>Faronics emplea una estrategia de canal al 100% en todos aquellos pa\u00edses en los que la compa\u00f1\u00eda no tiene una oficina f\u00edsica. Nuestros socios del canal internacional cumplen los est\u00e1ndares de grandes ventas y experiencia t\u00e9cnica y de atenci\u00f3n al consumidor establecidos por Faronics. Ellos se encargan de ofrecer a los clientes la primera l\u00ednea de soporte t\u00e9cnico y juegan un papel primordial en la estrategia del producto y la retenci\u00f3n del cliente. Faronics respalda los esfuerzos de sus socios del canal internacional de diversas maneras:<\/p>\n<p>&nbsp;<\/p>\n<ul class=\"one-half\">\n<li class=\"checked\">Planificaci\u00f3n empresarial y contrataci\u00f3n de logro de objetivos de ingresos<\/li>\n<li class=\"checked\">M\u00e1rgenes brutos elevados en correlaci\u00f3n con el esfuerzo empresarial<\/li>\n<li class=\"checked\">Asignaci\u00f3n de un Gerente de canal de Faronics para ayudar a garantizar el \u00e9xito del socio<\/li>\n<li class=\"checked\">Formaci\u00f3n t\u00e9cnica intensiva sobre los productos de Faronics y el soporte t\u00e9cnico preferido<\/li>\n<li class=\"checked\">Formaci\u00f3n completa en ventas sobre los mercados objetivo de Faronics<\/li>\n<li class=\"checked\">Posibles clientes de Faronics<\/li>\n<li class=\"checked\">Acceso previo al lanzamiento de los productos futuros de Faronics<\/li>\n<\/ul>\n<ul class=\"one-half\">\n<li class=\"checked\">Contribuci\u00f3n al marketing a trav\u00e9s del Fondo de desarrollo de marketing de Faronics<\/li>\n<li class=\"checked\">Localizaci\u00f3n de productos en 5 idiomas: ingl\u00e9s, franc\u00e9s, espa\u00f1ol, alem\u00e1n y japon\u00e9s<\/li>\n<li class=\"checked\">Los socios internacionales aparecen en la secci\u00f3n Encuentre a un socio de Faronics<\/li>\n<li class=\"checked\">Soluci\u00f3n de descarga de evaluaci\u00f3n de Faronics personalizada<\/li>\n<li class=\"checked\">Participaci\u00f3n en webinars exclusivos de canal<\/li>\n<li class=\"checked\">Noticias a trav\u00e9s de Faronics Partner Connect, el \u00fanico bolet\u00edn de canal de Faronics<\/li>\n<li class=\"checked\">Acceso al sitio de socio Faronics las 24 horas del d\u00eda, los 7 d\u00edas de la semana:<\/li>\n<\/ul>\n<p class=\"clearfix solidline\">Para ver el folleto de Socio del canal internacional de Faronics,\u00a0<a title=\"Partner Brochure INT\" href=\"https:\/\/www.faronics.com\/assets\/PartnerBrochureINT.pdf\" target=\"_blank\">haga clic aqu\u00ed<\/a>.<\/p>\n<\/div>\n<p>&nbsp;<\/p>\n","protected":false},"excerpt":{"rendered":"<div class=\"copy-blocks grid clearfix\" style=\"background: url('\/assets\/north-america-bg.jpg') top right no-repeat;\"> Programa de Socio del canal internacional <\/p>\n<p><img loading=\"lazy\" decoding=\"async\" class=\"alignleft size-full wp-image-2317\" title=\"intl_img_programspage\" src=\"\/assets\/whole-world.jpg\" alt=\"\" width=\"132\" height=\"135\" \/>Faronics emplea una estrategia de canal al 100% en todos aquellos pa\u00edses en los que la compa\u00f1\u00eda no tiene una oficina f\u00edsica. Nuestros socios del canal internacional cumplen los est\u00e1ndares de grandes ventas y experiencia t\u00e9cnica y de atenci\u00f3n al consumidor establecidos por Faronics. Ellos se encargan de ofrecer a los clientes la primera l\u00ednea de soporte t\u00e9cnico y juegan un papel primordial en la estrategia del producto y la retenci\u00f3n del cliente. Faronics respalda los esfuerzos de sus socios del canal internacional de diversas maneras:<\/p>\n<p>&nbsp;<\/p>\n<ul class=\"one-half\">\n<li class=\"checked\">Planificaci\u00f3n empresarial y contrataci\u00f3n de logro de objetivos de ingresos<\/li>\n<li class=\"checked\">M\u00e1rgenes brutos elevados en correlaci\u00f3n con el esfuerzo empresarial<\/li>\n<li class=\"checked\">Asignaci\u00f3n de un Gerente de canal de Faronics para ayudar a garantizar el \u00e9xito del socio<\/li>\n<li class=\"checked\">Formaci\u00f3n t\u00e9cnica intensiva sobre los productos de Faronics y el soporte t\u00e9cnico preferido<\/li>\n<li class=\"checked\">Formaci\u00f3n completa en ventas sobre los mercados objetivo de Faronics<\/li>\n<li class=\"checked\">Posibles clientes de Faronics<\/li>\n<li class=\"checked\">Acceso previo al lanzamiento de los productos futuros de Faronics<\/li>\n<\/ul>\n<ul class=\"one-half\">\n<li class=\"checked\">Contribuci\u00f3n al marketing a trav\u00e9s del Fondo de desarrollo de marketing de Faronics<\/li>\n<li class=\"checked\">Localizaci\u00f3n de productos en 5 idiomas: ingl\u00e9s, franc\u00e9s, espa\u00f1ol, alem\u00e1n y japon\u00e9s<\/li>\n<li class=\"checked\">Los socios internacionales aparecen en la secci\u00f3n Encuentre a un socio de Faronics<\/li>\n<li class=\"checked\">Soluci\u00f3n de descarga de evaluaci\u00f3n de Faronics personalizada<\/li>\n<li class=\"checked\">Participaci\u00f3n en\n<div class=\"more\"><a href=\"https:\/\/www.faronics.com\/es\/vision-general-del-programa\">Continue Reading&#8230;<\/a><\/div>\n","protected":false},"author":108,"featured_media":0,"parent":0,"menu_order":1,"comment_status":"open","ping_status":"closed","template":"page-template-program-overview.php","meta":{"_acf_changed":false,"inline_featured_image":false,"footnotes":""},"class_list":["post-13902","page","type-page","status-publish","hentry"],"acf":[],"yoast_head":"<!-- This site is optimized with the Yoast SEO Premium plugin v27.4 (Yoast SEO v27.4) - https:\/\/yoast.com\/product\/yoast-seo-premium-wordpress\/ -->\n<title>Visi\u00f3n General del Programa - Faronics<\/title>\n<meta name=\"description\" content=\"Programa de Socio del canal internacional Faronics emplea una estrategia de canal al 100% en todos aquellos pa\u00edses en los que la compa\u00f1\u00eda no tiene una\" \/>\n<meta name=\"robots\" content=\"index, follow, max-snippet:-1, max-image-preview:large, max-video-preview:-1\" \/>\n<link rel=\"canonical\" href=\"https:\/\/www.faronics.com\/es\/vision-general-del-programa\" \/>\n<meta property=\"og:locale\" content=\"es_ES\" \/>\n<meta property=\"og:type\" content=\"article\" \/>\n<meta property=\"og:title\" content=\"Visi\u00f3n General del Programa\" \/>\n<meta property=\"og:description\" content=\"Programa de Socio del canal internacional Faronics emplea una estrategia de canal al 100% en todos aquellos pa\u00edses en los que la compa\u00f1\u00eda no tiene una\" \/>\n<meta property=\"og:url\" content=\"https:\/\/www.faronics.com\/es\/vision-general-del-programa\" \/>\n<meta property=\"og:site_name\" content=\"Faronics\" \/>\n<meta property=\"article:publisher\" content=\"https:\/\/www.facebook.com\/faronics\" \/>\n<meta property=\"article:modified_time\" content=\"2011-10-17T17:18:08+00:00\" \/>\n<meta property=\"og:image\" content=\"https:\/\/www.faronics.com\/assets\/whole-world.jpg\" \/>\n<meta name=\"twitter:card\" content=\"summary_large_image\" \/>\n<meta name=\"twitter:site\" content=\"@faronics\" \/>\n<meta name=\"twitter:label1\" content=\"Tiempo de lectura\" \/>\n\t<meta name=\"twitter:data1\" content=\"1 minuto\" \/>\n<script type=\"application\/ld+json\" class=\"yoast-schema-graph\">{\"@context\":\"https:\\\/\\\/schema.org\",\"@graph\":[{\"@type\":\"WebPage\",\"@id\":\"https:\\\/\\\/www.faronics.com\\\/es\\\/vision-general-del-programa\",\"url\":\"https:\\\/\\\/www.faronics.com\\\/es\\\/vision-general-del-programa\",\"name\":\"Visi\u00f3n General del Programa - Faronics\",\"isPartOf\":{\"@id\":\"https:\\\/\\\/www.faronics.com\\\/es#website\"},\"datePublished\":\"2011-07-23T20:29:29+00:00\",\"dateModified\":\"2011-10-17T17:18:08+00:00\",\"description\":\"Programa de Socio del canal internacional Faronics emplea una estrategia de canal al 100% en todos aquellos pa\u00edses en los que la compa\u00f1\u00eda no tiene una\",\"breadcrumb\":{\"@id\":\"https:\\\/\\\/www.faronics.com\\\/es\\\/vision-general-del-programa#breadcrumb\"},\"inLanguage\":\"es\",\"potentialAction\":[{\"@type\":\"ReadAction\",\"target\":[\"https:\\\/\\\/www.faronics.com\\\/es\\\/vision-general-del-programa\"]}]},{\"@type\":\"BreadcrumbList\",\"@id\":\"https:\\\/\\\/www.faronics.com\\\/es\\\/vision-general-del-programa#breadcrumb\",\"itemListElement\":[{\"@type\":\"ListItem\",\"position\":1,\"name\":\"Home\",\"item\":\"https:\\\/\\\/www.faronics.com\\\/es\"},{\"@type\":\"ListItem\",\"position\":2,\"name\":\"Visi\u00f3n General del Programa\",\"item\":\"https:\\\/\\\/www.faronics.com\\\/es\\\/vision-general-del-programa\\\/\"}]},{\"@type\":\"WebSite\",\"@id\":\"https:\\\/\\\/www.faronics.com\\\/es#website\",\"url\":\"https:\\\/\\\/www.faronics.com\\\/es\",\"name\":\"Faronics\",\"description\":\"Creadores de Deep Freeze y de otras soluciones de Seguridad por Capas\",\"publisher\":{\"@id\":\"https:\\\/\\\/www.faronics.com\\\/es#organization\"},\"potentialAction\":[{\"@type\":\"SearchAction\",\"target\":{\"@type\":\"EntryPoint\",\"urlTemplate\":\"https:\\\/\\\/www.faronics.com\\\/es?s={search_term_string}\"},\"query-input\":{\"@type\":\"PropertyValueSpecification\",\"valueRequired\":true,\"valueName\":\"search_term_string\"}}],\"inLanguage\":\"es\"},{\"@type\":\"Organization\",\"@id\":\"https:\\\/\\\/www.faronics.com\\\/es#organization\",\"name\":\"Faronics\",\"url\":\"https:\\\/\\\/www.faronics.com\\\/es\",\"logo\":{\"@type\":\"ImageObject\",\"inLanguage\":\"es\",\"@id\":\"https:\\\/\\\/www.faronics.com\\\/es#\\\/schema\\\/logo\\\/image\\\/\",\"url\":\"https:\\\/\\\/www.faronics.com\\\/assets\\\/footer-faronics-logo.png\",\"contentUrl\":\"https:\\\/\\\/www.faronics.com\\\/assets\\\/footer-faronics-logo.png\",\"width\":155,\"height\":44,\"caption\":\"Faronics\"},\"image\":{\"@id\":\"https:\\\/\\\/www.faronics.com\\\/es#\\\/schema\\\/logo\\\/image\\\/\"},\"sameAs\":[\"https:\\\/\\\/www.facebook.com\\\/faronics\",\"https:\\\/\\\/x.com\\\/faronics\"]}]}<\/script>\n<!-- \/ Yoast SEO Premium plugin. -->","yoast_head_json":{"title":"Visi\u00f3n General del Programa - Faronics","description":"Programa de Socio del canal internacional Faronics emplea una estrategia de canal al 100% en todos aquellos pa\u00edses en los que la compa\u00f1\u00eda no tiene una","robots":{"index":"index","follow":"follow","max-snippet":"max-snippet:-1","max-image-preview":"max-image-preview:large","max-video-preview":"max-video-preview:-1"},"canonical":"https:\/\/www.faronics.com\/es\/vision-general-del-programa","og_locale":"es_ES","og_type":"article","og_title":"Visi\u00f3n General del Programa","og_description":"Programa de Socio del canal internacional Faronics emplea una estrategia de canal al 100% en todos aquellos pa\u00edses en los que la compa\u00f1\u00eda no tiene una","og_url":"https:\/\/www.faronics.com\/es\/vision-general-del-programa","og_site_name":"Faronics","article_publisher":"https:\/\/www.facebook.com\/faronics","article_modified_time":"2011-10-17T17:18:08+00:00","og_image":[{"url":"https:\/\/www.faronics.com\/assets\/whole-world.jpg","type":"","width":"","height":""}],"twitter_card":"summary_large_image","twitter_site":"@faronics","twitter_misc":{"Tiempo de lectura":"1 minuto"},"schema":{"@context":"https:\/\/schema.org","@graph":[{"@type":"WebPage","@id":"https:\/\/www.faronics.com\/es\/vision-general-del-programa","url":"https:\/\/www.faronics.com\/es\/vision-general-del-programa","name":"Visi\u00f3n General del Programa - Faronics","isPartOf":{"@id":"https:\/\/www.faronics.com\/es#website"},"datePublished":"2011-07-23T20:29:29+00:00","dateModified":"2011-10-17T17:18:08+00:00","description":"Programa de Socio del canal internacional Faronics emplea una estrategia de canal al 100% en todos aquellos pa\u00edses en los que la compa\u00f1\u00eda no tiene una","breadcrumb":{"@id":"https:\/\/www.faronics.com\/es\/vision-general-del-programa#breadcrumb"},"inLanguage":"es","potentialAction":[{"@type":"ReadAction","target":["https:\/\/www.faronics.com\/es\/vision-general-del-programa"]}]},{"@type":"BreadcrumbList","@id":"https:\/\/www.faronics.com\/es\/vision-general-del-programa#breadcrumb","itemListElement":[{"@type":"ListItem","position":1,"name":"Home","item":"https:\/\/www.faronics.com\/es"},{"@type":"ListItem","position":2,"name":"Visi\u00f3n General del Programa","item":"https:\/\/www.faronics.com\/es\/vision-general-del-programa\/"}]},{"@type":"WebSite","@id":"https:\/\/www.faronics.com\/es#website","url":"https:\/\/www.faronics.com\/es","name":"Faronics","description":"Creadores de Deep Freeze y de otras soluciones de Seguridad por Capas","publisher":{"@id":"https:\/\/www.faronics.com\/es#organization"},"potentialAction":[{"@type":"SearchAction","target":{"@type":"EntryPoint","urlTemplate":"https:\/\/www.faronics.com\/es?s={search_term_string}"},"query-input":{"@type":"PropertyValueSpecification","valueRequired":true,"valueName":"search_term_string"}}],"inLanguage":"es"},{"@type":"Organization","@id":"https:\/\/www.faronics.com\/es#organization","name":"Faronics","url":"https:\/\/www.faronics.com\/es","logo":{"@type":"ImageObject","inLanguage":"es","@id":"https:\/\/www.faronics.com\/es#\/schema\/logo\/image\/","url":"https:\/\/www.faronics.com\/assets\/footer-faronics-logo.png","contentUrl":"https:\/\/www.faronics.com\/assets\/footer-faronics-logo.png","width":155,"height":44,"caption":"Faronics"},"image":{"@id":"https:\/\/www.faronics.com\/es#\/schema\/logo\/image\/"},"sameAs":["https:\/\/www.facebook.com\/faronics","https:\/\/x.com\/faronics"]}]}},"_links":{"self":[{"href":"https:\/\/www.faronics.com\/es\/wp-json\/wp\/v2\/pages\/13902","targetHints":{"allow":["GET"]}}],"collection":[{"href":"https:\/\/www.faronics.com\/es\/wp-json\/wp\/v2\/pages"}],"about":[{"href":"https:\/\/www.faronics.com\/es\/wp-json\/wp\/v2\/types\/page"}],"author":[{"embeddable":true,"href":"https:\/\/www.faronics.com\/es\/wp-json\/wp\/v2\/users\/108"}],"replies":[{"embeddable":true,"href":"https:\/\/www.faronics.com\/es\/wp-json\/wp\/v2\/comments?post=13902"}],"version-history":[{"count":0,"href":"https:\/\/www.faronics.com\/es\/wp-json\/wp\/v2\/pages\/13902\/revisions"}],"wp:attachment":[{"href":"https:\/\/www.faronics.com\/es\/wp-json\/wp\/v2\/media?parent=13902"}],"curies":[{"name":"wp","href":"https:\/\/api.w.org\/{rel}","templated":true}]}}