{"id":13870,"date":"2011-07-22T15:36:20","date_gmt":"2011-07-22T22:36:20","guid":{"rendered":"https:\/\/www.faronics.com\/?page_id=13870"},"modified":"2020-09-10T03:20:15","modified_gmt":"2020-09-10T10:20:15","slug":"socios-de-faronics","status":"publish","type":"page","link":"https:\/\/www.faronics.com\/es\/socios-de-faronics","title":{"rendered":"Socios de Faronics"},"content":{"rendered":"<div class=\"copy-blocks grid clearfix\">\n<p>Faronics es una empresa privada en pleno crecimiento con un amplio historial a la hora de ofrecer excelentes funciones de productos y valor para nuestros clientes. Contamos con casi 30.000 clientes exclusivos que hacen uso de m\u00e1s de ocho millones de licencias en unos 150 pa\u00edses en todo el mundo. Valoramos a nuestros socios, ya que complementan nuestro negocio y nos ayudan a atender a los clientes mutuos por medio de relaciones actuales, presencia local y servicios de valor a\u00f1adido. Gracias a sus oficinas en los EE. UU., Canad\u00e1 y el Reino Unido, Faronics ha desarrollado una s\u00f3lida red global de socios para suministrar nuestros premiados productos.<\/p>\n<div>\n<h3><a href=\"https:\/\/www.faronics.com\/target-markets\">Mercados objetivo<\/a><\/h3>\n<p><img loading=\"lazy\" decoding=\"async\" class=\"alignleft size-full wp-image-2270\" title=\"target_market_image_partnerspage\" alt=\"\" src=\"\/assets\/lady-hands.jpg\" width=\"290\" height=\"75\" \/><br \/>\nNuestros consolidados mercados objetivo engloban distritos escolares, facultades, universidades, departamentos gubernamentales estatales y locales, clientes empresariales y bibliotecas. Estos clientes se dirigen a Faronics en busca de utilidades inteligentes que aporten el control del sistema en su entorno inform\u00e1tico. Descubra si nuestros productos suponen un complemento ideal a su actual cartera.<br \/>\n<a class=\"partners-target action-button contact-sales\" href=\"https:\/\/www.faronics.com\/es\/solicitud-en-linea?redirect\">Obtenga m\u00e1s informaci\u00f3n<\/a><\/p>\n<\/div>\n<div class=\"our-programs\">\n<h3><a href=\"https:\/\/www.faronics.com\/es\/vision-general-del-programa\">Nuestro programa<\/a><\/h3>\n<p><img loading=\"lazy\" decoding=\"async\" class=\"alignleft size-full wp-image-2273\" title=\"Our_program_partnerspage\" alt=\"\" src=\"\/assets\/our-program-people.jpg\" width=\"290\" height=\"75\" \/><br \/>\nNuestro programa est\u00e1 dise\u00f1ado para aquellos distribuidores y proveedores de soluciones que buscan mayores ingresos y desean diferenciarse mejorando su cartera de soluciones con una promesa al cliente omnipresente para incrementar a\u00fan m\u00e1s la productividad de sus clientes, a la vez que disminuyen sus costes. Los recursos y ventajas de Faronics impulsan el \u00e9xito de los socios.<br \/>\n<a class=\"partners-target action-button contact-sales\" href=\"https:\/\/www.faronics.com\/es\/vision-general-del-programa\">Obtenga m\u00e1s informaci\u00f3n<\/a><\/p>\n<\/div>\n<div class=\"apply-online\" style=\"margin-left:0px;\">\n<h3><a href=\"https:\/\/www.faronics.com\/es\/solicitud-en-linea\">Aplicar en L\u00ednea<\/a><\/h3>\n<p><img loading=\"lazy\" decoding=\"async\" class=\"alignleft size-full wp-image-2274\" title=\"apply_online_partnerspage\" alt=\"\" src=\"\/assets\/apply-online.jpg\" width=\"290\" height=\"75\" \/><br \/>\nD\u00e9 el primer paso para convertirse en un socio de Faronics; acogemos con agrado la oportunidad de explorar \u00a1nuevas relaciones!<br \/>\n<a class=\"partners-target action-button contact-sales\" href=\"https:\/\/www.faronics.com\/es\/solicitud-en-linea\">Obtenga m\u00e1s informaci\u00f3n<\/a><\/p>\n<\/div>\n<\/div>\n<p>&nbsp;<\/p>\n","protected":false},"excerpt":{"rendered":"<div class=\"copy-blocks grid clearfix\">\n<p>Faronics es una empresa privada en pleno crecimiento con un amplio historial a la hora de ofrecer excelentes funciones de productos y valor para nuestros clientes. Contamos con casi 30.000 clientes exclusivos que hacen uso de m\u00e1s de ocho millones de licencias en unos 150 pa\u00edses en todo el mundo. Valoramos a nuestros socios, ya que complementan nuestro negocio y nos ayudan a atender a los clientes mutuos por medio de relaciones actuales, presencia local y servicios de valor a\u00f1adido. Gracias a sus oficinas en los EE. UU., Canad\u00e1 y el Reino Unido, Faronics ha desarrollado una s\u00f3lida red global de socios para suministrar nuestros premiados productos.<\/p>\n<div> <a href=\"https:\/\/www.faronics.com\/target-markets\">Mercados objetivo<\/a> <\/p>\n<p><img loading=\"lazy\" decoding=\"async\" class=\"alignleft size-full wp-image-2270\" title=\"target_market_image_partnerspage\" alt=\"\" src=\"\/assets\/lady-hands.jpg\" width=\"290\" height=\"75\" \/> Nuestros consolidados mercados objetivo engloban distritos escolares, facultades, universidades, departamentos gubernamentales estatales y locales, clientes empresariales y bibliotecas. Estos clientes se dirigen a Faronics en busca de utilidades inteligentes que aporten el control del sistema en su entorno inform\u00e1tico. Descubra si nuestros productos suponen un complemento ideal a su actual cartera. <a class=\"partners-target action-button contact-sales\" href=\"https:\/\/www.faronics.com\/es\/solicitud-en-linea?redirect\">Obtenga m\u00e1s informaci\u00f3n<\/a><\/p>\n<\/p><\/div>\n<div class=\"our-programs\"> <a href=\"https:\/\/www.faronics.com\/es\/vision-general-del-programa\">Nuestro programa<\/a> <\/p>\n<p><img loading=\"lazy\" decoding=\"async\" class=\"alignleft size-full wp-image-2273\" title=\"Our_program_partnerspage\" alt=\"\" src=\"\/assets\/our-program-people.jpg\" width=\"290\" height=\"75\" \/> Nuestro programa est\u00e1 dise\u00f1ado para aquellos distribuidores y proveedores de soluciones que buscan mayores ingresos y desean diferenciarse mejorando su cartera de soluciones con una promesa al cliente omnipresente para incrementar a\u00fan m\u00e1s la productividad de sus clientes, a la vez que disminuyen sus costes. Los recursos <\/p>\n<div class=\"more\"><a href=\"https:\/\/www.faronics.com\/es\/socios-de-faronics\">Continue Reading&#8230;<\/a><\/div>\n","protected":false},"author":108,"featured_media":0,"parent":0,"menu_order":1,"comment_status":"open","ping_status":"closed","template":"page-template-partners.php","meta":{"_acf_changed":false,"inline_featured_image":false,"footnotes":""},"class_list":["post-13870","page","type-page","status-publish","hentry"],"acf":[],"yoast_head":"<!-- This site is optimized with the Yoast SEO Premium plugin v27.3 (Yoast SEO v27.3) - https:\/\/yoast.com\/product\/yoast-seo-premium-wordpress\/ -->\n<title>Socios de Faronics - Faronics<\/title>\n<meta name=\"description\" content=\"Faronics es una empresa privada en pleno crecimiento con un amplio historial a la hora de ofrecer excelentes funciones de productos y valor para nuestros\" \/>\n<meta name=\"robots\" content=\"index, follow, max-snippet:-1, max-image-preview:large, max-video-preview:-1\" \/>\n<link rel=\"canonical\" href=\"https:\/\/www.faronics.com\/es\/socios-de-faronics\" \/>\n<meta property=\"og:locale\" content=\"es_ES\" \/>\n<meta property=\"og:type\" content=\"article\" \/>\n<meta property=\"og:title\" content=\"Socios de Faronics\" \/>\n<meta property=\"og:description\" content=\"Faronics es una empresa privada en pleno crecimiento con un amplio historial a la hora de ofrecer excelentes funciones de productos y valor para nuestros\" \/>\n<meta property=\"og:url\" content=\"https:\/\/www.faronics.com\/es\/socios-de-faronics\" \/>\n<meta property=\"og:site_name\" content=\"Faronics\" \/>\n<meta property=\"article:publisher\" content=\"https:\/\/www.facebook.com\/faronics\" \/>\n<meta property=\"article:modified_time\" content=\"2020-09-10T10:20:15+00:00\" \/>\n<meta property=\"og:image\" content=\"https:\/\/www.faronics.com\/assets\/lady-hands.jpg\" \/>\n<meta name=\"twitter:card\" content=\"summary_large_image\" \/>\n<meta name=\"twitter:site\" content=\"@faronics\" \/>\n<meta name=\"twitter:label1\" content=\"Tiempo de lectura\" \/>\n\t<meta name=\"twitter:data1\" content=\"1 minuto\" \/>\n<script type=\"application\/ld+json\" class=\"yoast-schema-graph\">{\"@context\":\"https:\\\/\\\/schema.org\",\"@graph\":[{\"@type\":\"WebPage\",\"@id\":\"https:\\\/\\\/www.faronics.com\\\/es\\\/socios-de-faronics\",\"url\":\"https:\\\/\\\/www.faronics.com\\\/es\\\/socios-de-faronics\",\"name\":\"Socios de Faronics - Faronics\",\"isPartOf\":{\"@id\":\"https:\\\/\\\/www.faronics.com\\\/es#website\"},\"datePublished\":\"2011-07-22T22:36:20+00:00\",\"dateModified\":\"2020-09-10T10:20:15+00:00\",\"description\":\"Faronics es una empresa privada en pleno crecimiento con un amplio historial a la hora de ofrecer excelentes funciones de productos y valor para nuestros\",\"breadcrumb\":{\"@id\":\"https:\\\/\\\/www.faronics.com\\\/es\\\/socios-de-faronics#breadcrumb\"},\"inLanguage\":\"es\",\"potentialAction\":[{\"@type\":\"ReadAction\",\"target\":[\"https:\\\/\\\/www.faronics.com\\\/es\\\/socios-de-faronics\"]}]},{\"@type\":\"BreadcrumbList\",\"@id\":\"https:\\\/\\\/www.faronics.com\\\/es\\\/socios-de-faronics#breadcrumb\",\"itemListElement\":[{\"@type\":\"ListItem\",\"position\":1,\"name\":\"Home\",\"item\":\"https:\\\/\\\/www.faronics.com\\\/es\"},{\"@type\":\"ListItem\",\"position\":2,\"name\":\"Socios de Faronics\",\"item\":\"https:\\\/\\\/www.faronics.com\\\/es\\\/socios-de-faronics\\\/\"}]},{\"@type\":\"WebSite\",\"@id\":\"https:\\\/\\\/www.faronics.com\\\/es#website\",\"url\":\"https:\\\/\\\/www.faronics.com\\\/es\",\"name\":\"Faronics\",\"description\":\"Creadores de Deep Freeze y de otras soluciones de Seguridad por Capas\",\"publisher\":{\"@id\":\"https:\\\/\\\/www.faronics.com\\\/es#organization\"},\"potentialAction\":[{\"@type\":\"SearchAction\",\"target\":{\"@type\":\"EntryPoint\",\"urlTemplate\":\"https:\\\/\\\/www.faronics.com\\\/es?s={search_term_string}\"},\"query-input\":{\"@type\":\"PropertyValueSpecification\",\"valueRequired\":true,\"valueName\":\"search_term_string\"}}],\"inLanguage\":\"es\"},{\"@type\":\"Organization\",\"@id\":\"https:\\\/\\\/www.faronics.com\\\/es#organization\",\"name\":\"Faronics\",\"url\":\"https:\\\/\\\/www.faronics.com\\\/es\",\"logo\":{\"@type\":\"ImageObject\",\"inLanguage\":\"es\",\"@id\":\"https:\\\/\\\/www.faronics.com\\\/es#\\\/schema\\\/logo\\\/image\\\/\",\"url\":\"https:\\\/\\\/www.faronics.com\\\/assets\\\/footer-faronics-logo.png\",\"contentUrl\":\"https:\\\/\\\/www.faronics.com\\\/assets\\\/footer-faronics-logo.png\",\"width\":155,\"height\":44,\"caption\":\"Faronics\"},\"image\":{\"@id\":\"https:\\\/\\\/www.faronics.com\\\/es#\\\/schema\\\/logo\\\/image\\\/\"},\"sameAs\":[\"https:\\\/\\\/www.facebook.com\\\/faronics\",\"https:\\\/\\\/x.com\\\/faronics\"]}]}<\/script>\n<!-- \/ Yoast SEO Premium plugin. -->","yoast_head_json":{"title":"Socios de Faronics - Faronics","description":"Faronics es una empresa privada en pleno crecimiento con un amplio historial a la hora de ofrecer excelentes funciones de productos y valor para nuestros","robots":{"index":"index","follow":"follow","max-snippet":"max-snippet:-1","max-image-preview":"max-image-preview:large","max-video-preview":"max-video-preview:-1"},"canonical":"https:\/\/www.faronics.com\/es\/socios-de-faronics","og_locale":"es_ES","og_type":"article","og_title":"Socios de Faronics","og_description":"Faronics es una empresa privada en pleno crecimiento con un amplio historial a la hora de ofrecer excelentes funciones de productos y valor para nuestros","og_url":"https:\/\/www.faronics.com\/es\/socios-de-faronics","og_site_name":"Faronics","article_publisher":"https:\/\/www.facebook.com\/faronics","article_modified_time":"2020-09-10T10:20:15+00:00","og_image":[{"url":"https:\/\/www.faronics.com\/assets\/lady-hands.jpg","type":"","width":"","height":""}],"twitter_card":"summary_large_image","twitter_site":"@faronics","twitter_misc":{"Tiempo de lectura":"1 minuto"},"schema":{"@context":"https:\/\/schema.org","@graph":[{"@type":"WebPage","@id":"https:\/\/www.faronics.com\/es\/socios-de-faronics","url":"https:\/\/www.faronics.com\/es\/socios-de-faronics","name":"Socios de Faronics - Faronics","isPartOf":{"@id":"https:\/\/www.faronics.com\/es#website"},"datePublished":"2011-07-22T22:36:20+00:00","dateModified":"2020-09-10T10:20:15+00:00","description":"Faronics es una empresa privada en pleno crecimiento con un amplio historial a la hora de ofrecer excelentes funciones de productos y valor para nuestros","breadcrumb":{"@id":"https:\/\/www.faronics.com\/es\/socios-de-faronics#breadcrumb"},"inLanguage":"es","potentialAction":[{"@type":"ReadAction","target":["https:\/\/www.faronics.com\/es\/socios-de-faronics"]}]},{"@type":"BreadcrumbList","@id":"https:\/\/www.faronics.com\/es\/socios-de-faronics#breadcrumb","itemListElement":[{"@type":"ListItem","position":1,"name":"Home","item":"https:\/\/www.faronics.com\/es"},{"@type":"ListItem","position":2,"name":"Socios de Faronics","item":"https:\/\/www.faronics.com\/es\/socios-de-faronics\/"}]},{"@type":"WebSite","@id":"https:\/\/www.faronics.com\/es#website","url":"https:\/\/www.faronics.com\/es","name":"Faronics","description":"Creadores de Deep Freeze y de otras soluciones de Seguridad por Capas","publisher":{"@id":"https:\/\/www.faronics.com\/es#organization"},"potentialAction":[{"@type":"SearchAction","target":{"@type":"EntryPoint","urlTemplate":"https:\/\/www.faronics.com\/es?s={search_term_string}"},"query-input":{"@type":"PropertyValueSpecification","valueRequired":true,"valueName":"search_term_string"}}],"inLanguage":"es"},{"@type":"Organization","@id":"https:\/\/www.faronics.com\/es#organization","name":"Faronics","url":"https:\/\/www.faronics.com\/es","logo":{"@type":"ImageObject","inLanguage":"es","@id":"https:\/\/www.faronics.com\/es#\/schema\/logo\/image\/","url":"https:\/\/www.faronics.com\/assets\/footer-faronics-logo.png","contentUrl":"https:\/\/www.faronics.com\/assets\/footer-faronics-logo.png","width":155,"height":44,"caption":"Faronics"},"image":{"@id":"https:\/\/www.faronics.com\/es#\/schema\/logo\/image\/"},"sameAs":["https:\/\/www.facebook.com\/faronics","https:\/\/x.com\/faronics"]}]}},"_links":{"self":[{"href":"https:\/\/www.faronics.com\/es\/wp-json\/wp\/v2\/pages\/13870","targetHints":{"allow":["GET"]}}],"collection":[{"href":"https:\/\/www.faronics.com\/es\/wp-json\/wp\/v2\/pages"}],"about":[{"href":"https:\/\/www.faronics.com\/es\/wp-json\/wp\/v2\/types\/page"}],"author":[{"embeddable":true,"href":"https:\/\/www.faronics.com\/es\/wp-json\/wp\/v2\/users\/108"}],"replies":[{"embeddable":true,"href":"https:\/\/www.faronics.com\/es\/wp-json\/wp\/v2\/comments?post=13870"}],"version-history":[{"count":0,"href":"https:\/\/www.faronics.com\/es\/wp-json\/wp\/v2\/pages\/13870\/revisions"}],"wp:attachment":[{"href":"https:\/\/www.faronics.com\/es\/wp-json\/wp\/v2\/media?parent=13870"}],"curies":[{"name":"wp","href":"https:\/\/api.w.org\/{rel}","templated":true}]}}