{"id":86087,"date":"2013-02-08T05:59:22","date_gmt":"2013-02-08T13:59:22","guid":{"rendered":"https:\/\/www.faronics.com\/?page_id=86087"},"modified":"2014-11-17T08:12:54","modified_gmt":"2014-11-17T16:12:54","slug":"didacta","status":"publish","type":"page","link":"https:\/\/www.faronics.com\/de\/didacta","title":{"rendered":"didacta"},"content":{"rendered":"<p><img loading=\"lazy\" decoding=\"async\" class=\"alignleft size-full wp-image-85715\" src=\"https:\/\/www.faronics.com\/assets\/etem_didacta.png\" alt=\"etem_didacta\" width=\"647\" height=\"244\" srcset=\"https:\/\/www.faronics.com\/assets\/etem_didacta.png 647w, https:\/\/www.faronics.com\/assets\/etem_didacta-150x56.png 150w, https:\/\/www.faronics.com\/assets\/etem_didacta-300x113.png 300w, https:\/\/www.faronics.com\/assets\/etem_didacta-350x131.png 350w, https:\/\/www.faronics.com\/assets\/etem_didacta-130x49.png 130w, https:\/\/www.faronics.com\/assets\/etem_didacta-117x44.png 117w, https:\/\/www.faronics.com\/assets\/etem_didacta-240x90.png 240w\" sizes=\"auto, (max-width: 647px) 100vw, 647px\" \/><\/p>\n<p>&nbsp;<\/p>\n<p>&nbsp;<\/p>\n<p><strong><img loading=\"lazy\" decoding=\"async\" class=\"size-full wp-image-41392 alignleft\" src=\"https:\/\/www.faronics.com\/assets\/DeepFreeze_V2.gif\" alt=\"DeepFreeze_V\" width=\"164\" height=\"124\" \/>Faronics Deep Freeze &#8211;\u00a0Ein simpler Neustart macht Schluss mit dem st\u00e4ndig steigenden IT-Support-Aufwand!<\/strong><\/p>\n<p>Faronics Deep Freeze k\u00fcmmert sich um die Dinge, mit denen Ihre Antivirenl\u00f6sung nicht fertig wird, und macht Ihren PC unzerst\u00f6rbar! Mit Deep Freeze stellen Sie mit einem einfachen Neustart die urspr\u00fcngliche Konfiguration eines gesamten PC-Netzwerks wieder her, machen Schluss mit Malwarebedrohungen und senken die Wartungskosten.<\/p>\n<p><a href=\"https:\/\/www.faronics.com\/de\/products\/deep-freeze\/enterprise\">Deep Freeze<\/a> liefert eine umfassende Sicherheitsl\u00f6sung f\u00fcr Mehrbenutzerumgebungen, die folgende Vorteile beinhaltet:<\/p>\n<ul>\n<li>Niedrigere durch Malwarebedrohungen und Zero-Day-Angriffe verursachte Ausfallzeiten und Wartungskosten<\/li>\n<li>Uneingeschr\u00e4nkte Systemstabilit\u00e4t, aufgrund derer die IT-Support-Anfragen um bis zu 63 % zur\u00fcckgehen<\/li>\n<li>Schutz vor Viren, Malware, Spyware und anderen Formen von Schadsoftware, die es auf den Diebstahl von Informationen abgesehen hat<\/li>\n<\/ul>\n<p>Erfahren Sie, wie Faronics Deep Freeze f\u00fcr die Sicherheit der Unterrichts-PCs der Staatlichen <a href=\"https:\/\/www.faronics.com\/assets\/CStudy_Schulen_Weissenburg.pdf\">Berufsschule Wei\u00dfenburg<\/a> sorgt.<\/p>\n<p>Wenn Sie erfahren m\u00f6chten, wie Sie von Deep Freeze profitieren k\u00f6nnen und welche positiven Auswirkungen Deep Freeze auf Ihr Netzwerk haben kann,\u00a0laden Sie sich eine uneingeschr\u00e4nkte, 30 Tage g\u00fcltige Testversion, er ultimativen Endpunktschutz-Software Faronics Deep Freeze herunter.<\/p>\n<table style=\"background-color: #d30709; border: solid 1px #3a6f21; font-family: Arial, Helvetica, sans-serif; color: white; font-weight: bold; font-size: 18px; line-height: 20px;\" border=\"0\" width=\"350\" cellspacing=\"0\" cellpadding=\"5\">\n<tbody>\n<tr>\n<td style=\"background-color: #d30709; border-style: solid; border-width: 1px; border-color: #ff0000 #8a0709 #8a0709 #ff0000; text-align: center;\" align=\"center\"><a style=\"text-decoration: none; color: white; padding: 10px; font-size: 14px;\" href=\"https:\/\/www.faronics.com?product=DFE&amp;code=SEEEW\" target=\"_blank\">LADEN SIE SICH DIE TESTVERSION VON DEEP FREEZE HERUNTER!<br \/>\n<\/a><\/td>\n<\/tr>\n<\/tbody>\n<\/table>\n<p>&nbsp;<\/p>\n<p><strong><img loading=\"lazy\" decoding=\"async\" class=\"size-full wp-image-2257 alignleft\" src=\"https:\/\/www.faronics.com\/assets\/vert-callout-insight.png\" alt=\"vert-callout-insight\" width=\"180\" height=\"155\" \/>Faronics Insight &#8211;\u00a0Insight &#8211; die IT-freundliche Unterrichtsl\u00f6sung<\/strong><\/p>\n<p>Mit <a href=\"https:\/\/www.faronics.com\/de\/products\/insight\">Faronics Insight<\/a> hat der Lehrer die Klasse wieder unter Kontrolle. Mithilfe der unkomplizierten Lehrerkonsole machen Sie Schluss mit Ablenkungen, wie z. B. dem Surfen im Internet oder Onlinespielen. Manchmal ist es schwierig festzustellen, ob die Sch\u00fcler tats\u00e4chlich an ihren Aufgaben arbeiten. Dank der praktischen \u00fcberwachungsfunktionen &#8211; so k\u00f6nnen Sie z. B. nach dem Zufallsprinzip Sch\u00fclerbildschirme aufrufen und diese vorne, f\u00fcr alle sichtbar projizieren &#8211; k\u00f6nnen Sie ab sofort ganz sicher sein, das dem so ist.<\/p>\n<p>Was macht Faronics Insight? Faronics Insight beinhaltet intelligente neue Merkmale und Funktionen, wie z. B.:<\/p>\n<ul>\n<li>\u00dcberwachung der Sch\u00fcler: Der Lehrer kann von seiner eigenen Workstation aus s\u00e4mtliche Sch\u00fcleraktivit\u00e4ten \u00fcberwachen<\/li>\n<li>Eliminieren von Ablenkungen: Insight schr\u00e4nkt den Zugriff auf das Internet, Anwendungen, Drucker und Laufwerke ein<\/li>\n<li>Verbesserte Kommunikation: Audio-, Chat- und \u00fcbertragungsfunktionen erleichtern die Interaktion<\/li>\n<li>Unterst\u00fctzung der Sch\u00fcler: Der Lehrer kann die Rechner der Sch\u00fcler kontrollieren, mitsurfen und deren Monitore freigeben<\/li>\n<li>Vereinfachte Verwaltung: Unterst\u00fctzt den dynamischen Klassenlistenimport und das Senden\/Empfangen von Dateien<\/li>\n<\/ul>\n<p>Laden Sie sich eine uneingeschr\u00e4nkte Testversion von Faronics Insight herunter und erleben Sie, wie Sie die Zusammenarbeit in der Klasse verbessern, Ablenkungen eliminieren und die volle Kontrolle \u00fcber das System und die Klasse beibehalten k\u00f6nnen.<\/p>\n<table style=\"background-color: #d30709; border: solid 1px #3a6f21; font-family: Arial, Helvetica, sans-serif; color: white; font-weight: bold; font-size: 18px; line-height: 20px;\" border=\"0\" width=\"350\" cellspacing=\"0\" cellpadding=\"5\">\n<tbody>\n<tr>\n<td style=\"background-color: #d30709; border-style: solid; border-width: 1px; border-color: #ff0000 #8a0709 #8a0709 #ff0000; text-align: center;\" align=\"center\"><a style=\"text-decoration: none; color: white; padding: 10px; font-size: 14px;\" href=\"https:\/\/www.faronics.com?product=INS&amp;code=SEEEW\" target=\"_blank\">LADEN SIE SICH DIE TESTVERSION VON INSIGHT HERUNTER!<br \/>\n<\/a><\/td>\n<\/tr>\n<\/tbody>\n<\/table>\n<p><strong>Faronics LabPro &#8211;\u00a0Treffen Sie bessere Labormanagemententscheidungen!<\/strong><\/p>\n<p>Ein effektives Management von Computerlabors verlangt nach pr\u00e4zisen Daten. Mit Faronics LabPro k\u00f6nnen Sie auf einfache Weise die virtuellen Nutzungsdaten von Computern, Anwendungsprogrammen, Laboren, Druckern und vielen anderen Einrichtungen sammeln.<\/p>\n<ul>\n<li>Verl\u00e4ssliche Echtzeit- und Verlaufsdaten zur Nutzung<\/li>\n<li>Einfach zu lesende Berichte zeigen Trends und Verschwendung an<\/li>\n<li>Investmententscheidungen rechtfertigen und Ressourceneinsatz optimieren<\/li>\n<li>Automatische Verfolgung der Nutzung von Computern, Labors, Programmen, Druckern und mehr<\/li>\n<li>N\u00fctzliche Berichte erstellen, um intensive Nutzung zu belegen<\/li>\n<li>Laborreservierungen online planen<\/li>\n<li>Anzeige verf\u00fcgbarer Rechner f\u00fcr Studenten Echtzeitkarten<\/li>\n<li>Ungleiche Nutzung optimieren und ungenutzte Programme entfernen<\/li>\n<li>Computerprobleme schneller erkennen mit Trouble Tickets<\/li>\n<\/ul>\n<p style=\"text-align: left;\" align=\"center\">\u00a0Laden Sie sich die Testversion von Faronics LabPro Herunter!<\/p>\n<table style=\"background-color: #d30709; border: solid 1px #3a6f21; font-family: Arial, Helvetica, sans-serif; color: white; font-weight: bold; font-size: 18px; line-height: 20px;\" border=\"0\" width=\"350\" cellspacing=\"0\" cellpadding=\"5\">\n<tbody>\n<tr>\n<td style=\"background-color: #d30709; border-style: solid; border-width: 1px; border-color: #ff0000 #8a0709 #8a0709 #ff0000; text-align: center;\" align=\"center\"><a style=\"text-decoration: none; color: white; padding: 10px; font-size: 14px;\" href=\"https:\/\/www.faronics.com?product=LPE&amp;code=SEEEW\" target=\"_blank\">LADEN SIE SICH DIE TESTVERSION VON LABPRO HERUNTER!<br \/>\n<\/a><\/td>\n<\/tr>\n<\/tbody>\n<\/table>\n","protected":false},"excerpt":{"rendered":"<p><img loading=\"lazy\" decoding=\"async\" class=\"alignleft size-full wp-image-85715\" src=\"https:\/\/www.faronics.com\/assets\/etem_didacta.png\" alt=\"etem_didacta\" width=\"647\" height=\"244\" srcset=\"https:\/\/www.faronics.com\/assets\/etem_didacta.png 647w, https:\/\/www.faronics.com\/assets\/etem_didacta-150x56.png 150w, https:\/\/www.faronics.com\/assets\/etem_didacta-300x113.png 300w, https:\/\/www.faronics.com\/assets\/etem_didacta-350x131.png 350w, https:\/\/www.faronics.com\/assets\/etem_didacta-130x49.png 130w, https:\/\/www.faronics.com\/assets\/etem_didacta-117x44.png 117w, https:\/\/www.faronics.com\/assets\/etem_didacta-240x90.png 240w\" sizes=\"auto, (max-width: 647px) 100vw, 647px\" \/><\/p>\n<p>&nbsp;<\/p>\n<p>&nbsp;<\/p>\n<p><strong><img loading=\"lazy\" decoding=\"async\" class=\"size-full wp-image-41392 alignleft\" src=\"https:\/\/www.faronics.com\/assets\/DeepFreeze_V2.gif\" alt=\"DeepFreeze_V\" width=\"164\" height=\"124\" \/>Faronics Deep Freeze &#8211;\u00a0Ein simpler Neustart macht Schluss mit dem st\u00e4ndig steigenden IT-Support-Aufwand!<\/strong><\/p>\n<p>Faronics Deep Freeze k\u00fcmmert sich um die Dinge, mit denen Ihre Antivirenl\u00f6sung nicht fertig wird, und macht Ihren PC unzerst\u00f6rbar! Mit Deep Freeze stellen Sie mit einem einfachen Neustart die urspr\u00fcngliche Konfiguration eines gesamten PC-Netzwerks wieder her, machen Schluss mit Malwarebedrohungen und senken die Wartungskosten.<\/p>\n<p><a href=\"https:\/\/www.faronics.com\/de\/products\/deep-freeze\/enterprise\">Deep Freeze<\/a> liefert eine umfassende Sicherheitsl\u00f6sung f\u00fcr Mehrbenutzerumgebungen, die folgende Vorteile beinhaltet:<\/p>\n<ul>\n<li>Niedrigere durch Malwarebedrohungen und Zero-Day-Angriffe verursachte Ausfallzeiten und Wartungskosten<\/li>\n<li>Uneingeschr\u00e4nkte Systemstabilit\u00e4t, aufgrund derer die IT-Support-Anfragen um bis zu 63 % zur\u00fcckgehen<\/li>\n<li>Schutz vor Viren, Malware, Spyware und anderen Formen von Schadsoftware, die es auf den Diebstahl von Informationen abgesehen hat<\/li>\n<\/ul>\n<p>Erfahren Sie, wie Faronics Deep Freeze f\u00fcr die Sicherheit der Unterrichts-PCs der Staatlichen <a href=\"https:\/\/www.faronics.com\/assets\/CStudy_Schulen_Weissenburg.pdf\">Berufsschule Wei\u00dfenburg<\/a> sorgt.<\/p>\n<p>Wenn Sie erfahren m\u00f6chten, wie Sie von Deep Freeze profitieren k\u00f6nnen und welche positiven Auswirkungen Deep Freeze auf Ihr Netzwerk haben kann,\u00a0laden Sie sich eine uneingeschr\u00e4nkte, 30 Tage g\u00fcltige Testversion, er ultimativen Endpunktschutz-Software Faronics Deep Freeze herunter.<\/p>\n<p> <a style=\"text-decoration: none; color: white; padding: 10px; font-size: 14px;\" href=\"https:\/\/www.faronics.com?product=DFE&amp;code=SEEEW\" target=\"_blank\">LADEN SIE SICH DIE TESTVERSION VON DEEP FREEZE HERUNTER! <\/a> <\/p>\n<p>&nbsp;<\/p>\n<p><strong><img loading=\"lazy\" decoding=\"async\" class=\"size-full wp-image-2257 alignleft\" src=\"https:\/\/www.faronics.com\/assets\/vert-callout-insight.png\" alt=\"vert-callout-insight\" width=\"180\" height=\"155\" \/>Faronics Insight &#8211;\u00a0Insight &#8211; die IT-freundliche Unterrichtsl\u00f6sung<\/strong><\/p>\n<p>Mit <a href=\"https:\/\/www.faronics.com\/de\/products\/insight\">Faronics <\/p>\n<div class=\"more\"><a href=\"https:\/\/www.faronics.com\/de\/didacta\">Continue Reading&#8230;<\/a><\/div>\n","protected":false},"author":108,"featured_media":0,"parent":0,"menu_order":0,"comment_status":"open","ping_status":"open","template":"","meta":{"_acf_changed":false,"inline_featured_image":false,"footnotes":""},"class_list":["post-86087","page","type-page","status-publish","hentry"],"acf":[],"yoast_head":"<!-- This site is optimized with the Yoast SEO Premium plugin v27.5 (Yoast SEO v27.5) - https:\/\/yoast.com\/product\/yoast-seo-premium-wordpress\/ -->\n<title>didacta - Faronics<\/title>\n<meta name=\"description\" content=\"&nbsp; &nbsp; Faronics Deep Freeze -\u00a0Ein simpler Neustart macht Schluss mit dem st\u00e4ndig steigenden IT-Support-Aufwand! Faronics Deep Freeze k\u00fcmmert sich\" \/>\n<meta name=\"robots\" content=\"index, follow, max-snippet:-1, max-image-preview:large, max-video-preview:-1\" \/>\n<link rel=\"canonical\" href=\"https:\/\/www.faronics.com\/de\/didacta\" \/>\n<meta property=\"og:locale\" content=\"de_DE\" \/>\n<meta property=\"og:type\" content=\"article\" \/>\n<meta property=\"og:title\" content=\"didacta\" \/>\n<meta property=\"og:description\" content=\"&nbsp; &nbsp; Faronics Deep Freeze -\u00a0Ein simpler Neustart macht Schluss mit dem st\u00e4ndig steigenden IT-Support-Aufwand! Faronics Deep Freeze k\u00fcmmert sich\" \/>\n<meta property=\"og:url\" content=\"https:\/\/www.faronics.com\/de\/didacta\" \/>\n<meta property=\"og:site_name\" content=\"Faronics\" \/>\n<meta property=\"article:publisher\" content=\"https:\/\/www.facebook.com\/faronics\" \/>\n<meta property=\"article:modified_time\" content=\"2014-11-17T16:12:54+00:00\" \/>\n<meta property=\"og:image\" content=\"https:\/\/www.faronics.com\/assets\/etem_didacta.png\" \/>\n<meta name=\"twitter:card\" content=\"summary_large_image\" \/>\n<meta name=\"twitter:site\" content=\"@faronics\" \/>\n<meta name=\"twitter:label1\" content=\"Gesch\u00e4tzte Lesezeit\" \/>\n\t<meta name=\"twitter:data1\" content=\"3\u00a0Minuten\" \/>\n<script type=\"application\/ld+json\" class=\"yoast-schema-graph\">{\"@context\":\"https:\\\/\\\/schema.org\",\"@graph\":[{\"@type\":\"WebPage\",\"@id\":\"https:\\\/\\\/www.faronics.com\\\/de\\\/didacta\",\"url\":\"https:\\\/\\\/www.faronics.com\\\/de\\\/didacta\",\"name\":\"didacta - Faronics\",\"isPartOf\":{\"@id\":\"https:\\\/\\\/www.faronics.com\\\/de#website\"},\"primaryImageOfPage\":{\"@id\":\"https:\\\/\\\/www.faronics.com\\\/de\\\/didacta#primaryimage\"},\"image\":{\"@id\":\"https:\\\/\\\/www.faronics.com\\\/de\\\/didacta#primaryimage\"},\"thumbnailUrl\":\"https:\\\/\\\/www.faronics.com\\\/assets\\\/etem_didacta.png\",\"datePublished\":\"2013-02-08T13:59:22+00:00\",\"dateModified\":\"2014-11-17T16:12:54+00:00\",\"description\":\"&nbsp; &nbsp; Faronics Deep Freeze -\u00a0Ein simpler Neustart macht Schluss mit dem st\u00e4ndig steigenden IT-Support-Aufwand! Faronics Deep Freeze k\u00fcmmert sich\",\"breadcrumb\":{\"@id\":\"https:\\\/\\\/www.faronics.com\\\/de\\\/didacta#breadcrumb\"},\"inLanguage\":\"de\",\"potentialAction\":[{\"@type\":\"ReadAction\",\"target\":[\"https:\\\/\\\/www.faronics.com\\\/de\\\/didacta\"]}]},{\"@type\":\"ImageObject\",\"inLanguage\":\"de\",\"@id\":\"https:\\\/\\\/www.faronics.com\\\/de\\\/didacta#primaryimage\",\"url\":\"https:\\\/\\\/www.faronics.com\\\/assets\\\/etem_didacta.png\",\"contentUrl\":\"https:\\\/\\\/www.faronics.com\\\/assets\\\/etem_didacta.png\"},{\"@type\":\"BreadcrumbList\",\"@id\":\"https:\\\/\\\/www.faronics.com\\\/de\\\/didacta#breadcrumb\",\"itemListElement\":[{\"@type\":\"ListItem\",\"position\":1,\"name\":\"Home\",\"item\":\"https:\\\/\\\/www.faronics.com\\\/de\"},{\"@type\":\"ListItem\",\"position\":2,\"name\":\"didacta\",\"item\":\"https:\\\/\\\/www.faronics.com\\\/de\\\/didacta\\\/\"}]},{\"@type\":\"WebSite\",\"@id\":\"https:\\\/\\\/www.faronics.com\\\/de#website\",\"url\":\"https:\\\/\\\/www.faronics.com\\\/de\",\"name\":\"Faronics\",\"description\":\"Ausgangspunkt von Deep Freeze und anderen Sicherheitsl\u00f6sungen\",\"publisher\":{\"@id\":\"https:\\\/\\\/www.faronics.com\\\/de#organization\"},\"potentialAction\":[{\"@type\":\"SearchAction\",\"target\":{\"@type\":\"EntryPoint\",\"urlTemplate\":\"https:\\\/\\\/www.faronics.com\\\/de?s={search_term_string}\"},\"query-input\":{\"@type\":\"PropertyValueSpecification\",\"valueRequired\":true,\"valueName\":\"search_term_string\"}}],\"inLanguage\":\"de\"},{\"@type\":\"Organization\",\"@id\":\"https:\\\/\\\/www.faronics.com\\\/de#organization\",\"name\":\"Faronics\",\"url\":\"https:\\\/\\\/www.faronics.com\\\/de\",\"logo\":{\"@type\":\"ImageObject\",\"inLanguage\":\"de\",\"@id\":\"https:\\\/\\\/www.faronics.com\\\/de#\\\/schema\\\/logo\\\/image\\\/\",\"url\":\"https:\\\/\\\/www.faronics.com\\\/assets\\\/footer-faronics-logo.png\",\"contentUrl\":\"https:\\\/\\\/www.faronics.com\\\/assets\\\/footer-faronics-logo.png\",\"width\":155,\"height\":44,\"caption\":\"Faronics\"},\"image\":{\"@id\":\"https:\\\/\\\/www.faronics.com\\\/de#\\\/schema\\\/logo\\\/image\\\/\"},\"sameAs\":[\"https:\\\/\\\/www.facebook.com\\\/faronics\",\"https:\\\/\\\/x.com\\\/faronics\"]}]}<\/script>\n<!-- \/ Yoast SEO Premium plugin. -->","yoast_head_json":{"title":"didacta - Faronics","description":"&nbsp; &nbsp; Faronics Deep Freeze -\u00a0Ein simpler Neustart macht Schluss mit dem st\u00e4ndig steigenden IT-Support-Aufwand! Faronics Deep Freeze k\u00fcmmert sich","robots":{"index":"index","follow":"follow","max-snippet":"max-snippet:-1","max-image-preview":"max-image-preview:large","max-video-preview":"max-video-preview:-1"},"canonical":"https:\/\/www.faronics.com\/de\/didacta","og_locale":"de_DE","og_type":"article","og_title":"didacta","og_description":"&nbsp; &nbsp; Faronics Deep Freeze -\u00a0Ein simpler Neustart macht Schluss mit dem st\u00e4ndig steigenden IT-Support-Aufwand! Faronics Deep Freeze k\u00fcmmert sich","og_url":"https:\/\/www.faronics.com\/de\/didacta","og_site_name":"Faronics","article_publisher":"https:\/\/www.facebook.com\/faronics","article_modified_time":"2014-11-17T16:12:54+00:00","og_image":[{"url":"https:\/\/www.faronics.com\/assets\/etem_didacta.png","type":"","width":"","height":""}],"twitter_card":"summary_large_image","twitter_site":"@faronics","twitter_misc":{"Gesch\u00e4tzte Lesezeit":"3\u00a0Minuten"},"schema":{"@context":"https:\/\/schema.org","@graph":[{"@type":"WebPage","@id":"https:\/\/www.faronics.com\/de\/didacta","url":"https:\/\/www.faronics.com\/de\/didacta","name":"didacta - Faronics","isPartOf":{"@id":"https:\/\/www.faronics.com\/de#website"},"primaryImageOfPage":{"@id":"https:\/\/www.faronics.com\/de\/didacta#primaryimage"},"image":{"@id":"https:\/\/www.faronics.com\/de\/didacta#primaryimage"},"thumbnailUrl":"https:\/\/www.faronics.com\/assets\/etem_didacta.png","datePublished":"2013-02-08T13:59:22+00:00","dateModified":"2014-11-17T16:12:54+00:00","description":"&nbsp; &nbsp; Faronics Deep Freeze -\u00a0Ein simpler Neustart macht Schluss mit dem st\u00e4ndig steigenden IT-Support-Aufwand! Faronics Deep Freeze k\u00fcmmert sich","breadcrumb":{"@id":"https:\/\/www.faronics.com\/de\/didacta#breadcrumb"},"inLanguage":"de","potentialAction":[{"@type":"ReadAction","target":["https:\/\/www.faronics.com\/de\/didacta"]}]},{"@type":"ImageObject","inLanguage":"de","@id":"https:\/\/www.faronics.com\/de\/didacta#primaryimage","url":"https:\/\/www.faronics.com\/assets\/etem_didacta.png","contentUrl":"https:\/\/www.faronics.com\/assets\/etem_didacta.png"},{"@type":"BreadcrumbList","@id":"https:\/\/www.faronics.com\/de\/didacta#breadcrumb","itemListElement":[{"@type":"ListItem","position":1,"name":"Home","item":"https:\/\/www.faronics.com\/de"},{"@type":"ListItem","position":2,"name":"didacta","item":"https:\/\/www.faronics.com\/de\/didacta\/"}]},{"@type":"WebSite","@id":"https:\/\/www.faronics.com\/de#website","url":"https:\/\/www.faronics.com\/de","name":"Faronics","description":"Ausgangspunkt von Deep Freeze und anderen Sicherheitsl\u00f6sungen","publisher":{"@id":"https:\/\/www.faronics.com\/de#organization"},"potentialAction":[{"@type":"SearchAction","target":{"@type":"EntryPoint","urlTemplate":"https:\/\/www.faronics.com\/de?s={search_term_string}"},"query-input":{"@type":"PropertyValueSpecification","valueRequired":true,"valueName":"search_term_string"}}],"inLanguage":"de"},{"@type":"Organization","@id":"https:\/\/www.faronics.com\/de#organization","name":"Faronics","url":"https:\/\/www.faronics.com\/de","logo":{"@type":"ImageObject","inLanguage":"de","@id":"https:\/\/www.faronics.com\/de#\/schema\/logo\/image\/","url":"https:\/\/www.faronics.com\/assets\/footer-faronics-logo.png","contentUrl":"https:\/\/www.faronics.com\/assets\/footer-faronics-logo.png","width":155,"height":44,"caption":"Faronics"},"image":{"@id":"https:\/\/www.faronics.com\/de#\/schema\/logo\/image\/"},"sameAs":["https:\/\/www.facebook.com\/faronics","https:\/\/x.com\/faronics"]}]}},"_links":{"self":[{"href":"https:\/\/www.faronics.com\/de\/wp-json\/wp\/v2\/pages\/86087","targetHints":{"allow":["GET"]}}],"collection":[{"href":"https:\/\/www.faronics.com\/de\/wp-json\/wp\/v2\/pages"}],"about":[{"href":"https:\/\/www.faronics.com\/de\/wp-json\/wp\/v2\/types\/page"}],"author":[{"embeddable":true,"href":"https:\/\/www.faronics.com\/de\/wp-json\/wp\/v2\/users\/108"}],"replies":[{"embeddable":true,"href":"https:\/\/www.faronics.com\/de\/wp-json\/wp\/v2\/comments?post=86087"}],"version-history":[{"count":0,"href":"https:\/\/www.faronics.com\/de\/wp-json\/wp\/v2\/pages\/86087\/revisions"}],"wp:attachment":[{"href":"https:\/\/www.faronics.com\/de\/wp-json\/wp\/v2\/media?parent=86087"}],"curies":[{"name":"wp","href":"https:\/\/api.w.org\/{rel}","templated":true}]}}