{"id":64720,"date":"2012-09-11T08:22:05","date_gmt":"2012-09-11T15:22:05","guid":{"rendered":"https:\/\/www.faronics.com\/?page_id=64720"},"modified":"2012-09-11T08:22:05","modified_gmt":"2012-09-11T15:22:05","slug":"webinar-einladung-deep-freeze-7-5","status":"publish","type":"page","link":"https:\/\/www.faronics.com\/de\/webinar-einladung-deep-freeze-7-5","title":{"rendered":"Webinar-Einladung: Deep Freeze 7.5"},"content":{"rendered":"<p>Deep Freeze k\u00fcmmert sich auch weiterhin um die Dinge, mit denen Ihre Antivirenl\u00f6sung nicht fertig wird, und eliminiert s\u00e4mtliche Malware mithilfe eines simplen Systemneustarts. Basierend auf den R\u00fcckmeldungen unserer Kunden haben wir jedoch einige gro\u00dfartige Updates vorgenommen! Das neue Deep Freeze 7.5 beinhaltet neue Merkmale, wie z. B.:<\/p>\n<ul>\n<li>Cache Windows Updates &#8211; Ab sofort k\u00f6nnen Sie Windows-Updates auf eingefrorene Rechner herunterladen! Die Updates stehen zur Installation bereit, sobald der Windows-Update-Workstation-Task initiiert wird.<\/li>\n<li>Master Boot Record (MBR) Schutz &#8211; Durch die Sicherung des MBRs werden Rootkit-Injektionen, wie z. B. von TDL3 und TDL4, verhindert.<\/li>\n<li>Unterst\u00fctzung f\u00fcr gr\u00f6\u00dfere Festplatten &#8211; Ab sofort werden auch Laufwerke mit Kapazit\u00e4ten von \u00fcber 2 Terrabyte unterst\u00fctzt.<\/li>\n<li>Neue und verbesserte Benutzerschnittstelle und Grafik &#8211; Die Unternehmenskonsole und der Konfigurator sehen noch besser aus.<\/li>\n<\/ul>\n<p><strong>Dienstag 18 September<\/strong><\/p>\n<p><strong>10am (GMT) \/ 11am (CET)<\/strong><\/p>\n<p><a href=\"http:\/\/tinyurl.com\/bnynvez\" target=\"_blank\">Registrieren Sie sich noch heute!<\/a><\/p>\n","protected":false},"excerpt":{"rendered":"<p>Deep Freeze k\u00fcmmert sich auch weiterhin um die Dinge, mit denen Ihre Antivirenl\u00f6sung nicht fertig wird, und eliminiert s\u00e4mtliche Malware mithilfe eines simplen Systemneustarts. Basierend auf den R\u00fcckmeldungen unserer Kunden haben wir jedoch einige gro\u00dfartige Updates vorgenommen! Das neue Deep Freeze 7.5 beinhaltet neue Merkmale, wie z. B.:<\/p>\n<ul>\n<li>Cache Windows Updates &#8211; Ab sofort k\u00f6nnen Sie Windows-Updates auf eingefrorene Rechner herunterladen! Die Updates stehen zur Installation bereit, sobald der Windows-Update-Workstation-Task initiiert wird.<\/li>\n<li>Master Boot Record (MBR) Schutz &#8211; Durch die Sicherung des MBRs werden Rootkit-Injektionen, wie z. B. von TDL3 und TDL4, verhindert.<\/li>\n<li>Unterst\u00fctzung f\u00fcr gr\u00f6\u00dfere Festplatten &#8211; Ab sofort werden auch Laufwerke mit Kapazit\u00e4ten von \u00fcber 2 Terrabyte unterst\u00fctzt.<\/li>\n<li>Neue und verbesserte Benutzerschnittstelle und Grafik &#8211; Die Unternehmenskonsole und der Konfigurator sehen noch besser aus.<\/li>\n<\/ul>\n<p><strong>Dienstag 18 September<\/strong><\/p>\n<p><strong>10am (GMT) \/ 11am (CET)<\/strong><\/p>\n<p><a href=\"http:\/\/tinyurl.com\/bnynvez\" target=\"_blank\">Registrieren Sie sich noch heute!<\/a><\/p>\n","protected":false},"author":108,"featured_media":0,"parent":0,"menu_order":0,"comment_status":"open","ping_status":"open","template":"","meta":{"_acf_changed":false,"inline_featured_image":false,"footnotes":""},"class_list":["post-64720","page","type-page","status-publish","hentry"],"acf":[],"yoast_head":"<!-- This site is optimized with the Yoast SEO Premium plugin v27.5 (Yoast SEO v27.5) - https:\/\/yoast.com\/product\/yoast-seo-premium-wordpress\/ -->\n<title>Webinar-Einladung: Deep Freeze 7.5 - Faronics<\/title>\n<meta name=\"description\" content=\"Deep Freeze k\u00fcmmert sich auch weiterhin um die Dinge, mit denen Ihre Antivirenl\u00f6sung nicht fertig wird, und eliminiert s\u00e4mtliche Malware mithilfe eines\" \/>\n<meta name=\"robots\" content=\"index, follow, max-snippet:-1, max-image-preview:large, max-video-preview:-1\" \/>\n<link rel=\"canonical\" href=\"https:\/\/www.faronics.com\/de\/webinar-einladung-deep-freeze-7-5\" \/>\n<meta property=\"og:locale\" content=\"de_DE\" \/>\n<meta property=\"og:type\" content=\"article\" \/>\n<meta property=\"og:title\" content=\"Webinar-Einladung: Deep Freeze 7.5\" \/>\n<meta property=\"og:description\" content=\"Deep Freeze k\u00fcmmert sich auch weiterhin um die Dinge, mit denen Ihre Antivirenl\u00f6sung nicht fertig wird, und eliminiert s\u00e4mtliche Malware mithilfe eines\" \/>\n<meta property=\"og:url\" content=\"https:\/\/www.faronics.com\/de\/webinar-einladung-deep-freeze-7-5\" \/>\n<meta property=\"og:site_name\" content=\"Faronics\" \/>\n<meta property=\"article:publisher\" content=\"https:\/\/www.facebook.com\/faronics\" \/>\n<meta name=\"twitter:card\" content=\"summary_large_image\" \/>\n<meta name=\"twitter:site\" content=\"@faronics\" \/>\n<meta name=\"twitter:label1\" content=\"Gesch\u00e4tzte Lesezeit\" \/>\n\t<meta name=\"twitter:data1\" content=\"1\u00a0Minute\" \/>\n<script type=\"application\/ld+json\" class=\"yoast-schema-graph\">{\"@context\":\"https:\\\/\\\/schema.org\",\"@graph\":[{\"@type\":\"WebPage\",\"@id\":\"https:\\\/\\\/www.faronics.com\\\/de\\\/webinar-einladung-deep-freeze-7-5\",\"url\":\"https:\\\/\\\/www.faronics.com\\\/de\\\/webinar-einladung-deep-freeze-7-5\",\"name\":\"Webinar-Einladung: Deep Freeze 7.5 - Faronics\",\"isPartOf\":{\"@id\":\"https:\\\/\\\/www.faronics.com\\\/de#website\"},\"datePublished\":\"2012-09-11T15:22:05+00:00\",\"description\":\"Deep Freeze k\u00fcmmert sich auch weiterhin um die Dinge, mit denen Ihre Antivirenl\u00f6sung nicht fertig wird, und eliminiert s\u00e4mtliche Malware mithilfe eines\",\"breadcrumb\":{\"@id\":\"https:\\\/\\\/www.faronics.com\\\/de\\\/webinar-einladung-deep-freeze-7-5#breadcrumb\"},\"inLanguage\":\"de\",\"potentialAction\":[{\"@type\":\"ReadAction\",\"target\":[\"https:\\\/\\\/www.faronics.com\\\/de\\\/webinar-einladung-deep-freeze-7-5\"]}]},{\"@type\":\"BreadcrumbList\",\"@id\":\"https:\\\/\\\/www.faronics.com\\\/de\\\/webinar-einladung-deep-freeze-7-5#breadcrumb\",\"itemListElement\":[{\"@type\":\"ListItem\",\"position\":1,\"name\":\"Home\",\"item\":\"https:\\\/\\\/www.faronics.com\\\/de\"},{\"@type\":\"ListItem\",\"position\":2,\"name\":\"Webinar-Einladung: Deep Freeze 7.5\",\"item\":\"https:\\\/\\\/www.faronics.com\\\/de\\\/webinar-einladung-deep-freeze-7-5\\\/\"}]},{\"@type\":\"WebSite\",\"@id\":\"https:\\\/\\\/www.faronics.com\\\/de#website\",\"url\":\"https:\\\/\\\/www.faronics.com\\\/de\",\"name\":\"Faronics\",\"description\":\"Ausgangspunkt von Deep Freeze und anderen Sicherheitsl\u00f6sungen\",\"publisher\":{\"@id\":\"https:\\\/\\\/www.faronics.com\\\/de#organization\"},\"potentialAction\":[{\"@type\":\"SearchAction\",\"target\":{\"@type\":\"EntryPoint\",\"urlTemplate\":\"https:\\\/\\\/www.faronics.com\\\/de?s={search_term_string}\"},\"query-input\":{\"@type\":\"PropertyValueSpecification\",\"valueRequired\":true,\"valueName\":\"search_term_string\"}}],\"inLanguage\":\"de\"},{\"@type\":\"Organization\",\"@id\":\"https:\\\/\\\/www.faronics.com\\\/de#organization\",\"name\":\"Faronics\",\"url\":\"https:\\\/\\\/www.faronics.com\\\/de\",\"logo\":{\"@type\":\"ImageObject\",\"inLanguage\":\"de\",\"@id\":\"https:\\\/\\\/www.faronics.com\\\/de#\\\/schema\\\/logo\\\/image\\\/\",\"url\":\"https:\\\/\\\/www.faronics.com\\\/assets\\\/footer-faronics-logo.png\",\"contentUrl\":\"https:\\\/\\\/www.faronics.com\\\/assets\\\/footer-faronics-logo.png\",\"width\":155,\"height\":44,\"caption\":\"Faronics\"},\"image\":{\"@id\":\"https:\\\/\\\/www.faronics.com\\\/de#\\\/schema\\\/logo\\\/image\\\/\"},\"sameAs\":[\"https:\\\/\\\/www.facebook.com\\\/faronics\",\"https:\\\/\\\/x.com\\\/faronics\"]}]}<\/script>\n<!-- \/ Yoast SEO Premium plugin. -->","yoast_head_json":{"title":"Webinar-Einladung: Deep Freeze 7.5 - Faronics","description":"Deep Freeze k\u00fcmmert sich auch weiterhin um die Dinge, mit denen Ihre Antivirenl\u00f6sung nicht fertig wird, und eliminiert s\u00e4mtliche Malware mithilfe eines","robots":{"index":"index","follow":"follow","max-snippet":"max-snippet:-1","max-image-preview":"max-image-preview:large","max-video-preview":"max-video-preview:-1"},"canonical":"https:\/\/www.faronics.com\/de\/webinar-einladung-deep-freeze-7-5","og_locale":"de_DE","og_type":"article","og_title":"Webinar-Einladung: Deep Freeze 7.5","og_description":"Deep Freeze k\u00fcmmert sich auch weiterhin um die Dinge, mit denen Ihre Antivirenl\u00f6sung nicht fertig wird, und eliminiert s\u00e4mtliche Malware mithilfe eines","og_url":"https:\/\/www.faronics.com\/de\/webinar-einladung-deep-freeze-7-5","og_site_name":"Faronics","article_publisher":"https:\/\/www.facebook.com\/faronics","twitter_card":"summary_large_image","twitter_site":"@faronics","twitter_misc":{"Gesch\u00e4tzte Lesezeit":"1\u00a0Minute"},"schema":{"@context":"https:\/\/schema.org","@graph":[{"@type":"WebPage","@id":"https:\/\/www.faronics.com\/de\/webinar-einladung-deep-freeze-7-5","url":"https:\/\/www.faronics.com\/de\/webinar-einladung-deep-freeze-7-5","name":"Webinar-Einladung: Deep Freeze 7.5 - Faronics","isPartOf":{"@id":"https:\/\/www.faronics.com\/de#website"},"datePublished":"2012-09-11T15:22:05+00:00","description":"Deep Freeze k\u00fcmmert sich auch weiterhin um die Dinge, mit denen Ihre Antivirenl\u00f6sung nicht fertig wird, und eliminiert s\u00e4mtliche Malware mithilfe eines","breadcrumb":{"@id":"https:\/\/www.faronics.com\/de\/webinar-einladung-deep-freeze-7-5#breadcrumb"},"inLanguage":"de","potentialAction":[{"@type":"ReadAction","target":["https:\/\/www.faronics.com\/de\/webinar-einladung-deep-freeze-7-5"]}]},{"@type":"BreadcrumbList","@id":"https:\/\/www.faronics.com\/de\/webinar-einladung-deep-freeze-7-5#breadcrumb","itemListElement":[{"@type":"ListItem","position":1,"name":"Home","item":"https:\/\/www.faronics.com\/de"},{"@type":"ListItem","position":2,"name":"Webinar-Einladung: Deep Freeze 7.5","item":"https:\/\/www.faronics.com\/de\/webinar-einladung-deep-freeze-7-5\/"}]},{"@type":"WebSite","@id":"https:\/\/www.faronics.com\/de#website","url":"https:\/\/www.faronics.com\/de","name":"Faronics","description":"Ausgangspunkt von Deep Freeze und anderen Sicherheitsl\u00f6sungen","publisher":{"@id":"https:\/\/www.faronics.com\/de#organization"},"potentialAction":[{"@type":"SearchAction","target":{"@type":"EntryPoint","urlTemplate":"https:\/\/www.faronics.com\/de?s={search_term_string}"},"query-input":{"@type":"PropertyValueSpecification","valueRequired":true,"valueName":"search_term_string"}}],"inLanguage":"de"},{"@type":"Organization","@id":"https:\/\/www.faronics.com\/de#organization","name":"Faronics","url":"https:\/\/www.faronics.com\/de","logo":{"@type":"ImageObject","inLanguage":"de","@id":"https:\/\/www.faronics.com\/de#\/schema\/logo\/image\/","url":"https:\/\/www.faronics.com\/assets\/footer-faronics-logo.png","contentUrl":"https:\/\/www.faronics.com\/assets\/footer-faronics-logo.png","width":155,"height":44,"caption":"Faronics"},"image":{"@id":"https:\/\/www.faronics.com\/de#\/schema\/logo\/image\/"},"sameAs":["https:\/\/www.facebook.com\/faronics","https:\/\/x.com\/faronics"]}]}},"_links":{"self":[{"href":"https:\/\/www.faronics.com\/de\/wp-json\/wp\/v2\/pages\/64720","targetHints":{"allow":["GET"]}}],"collection":[{"href":"https:\/\/www.faronics.com\/de\/wp-json\/wp\/v2\/pages"}],"about":[{"href":"https:\/\/www.faronics.com\/de\/wp-json\/wp\/v2\/types\/page"}],"author":[{"embeddable":true,"href":"https:\/\/www.faronics.com\/de\/wp-json\/wp\/v2\/users\/108"}],"replies":[{"embeddable":true,"href":"https:\/\/www.faronics.com\/de\/wp-json\/wp\/v2\/comments?post=64720"}],"version-history":[{"count":0,"href":"https:\/\/www.faronics.com\/de\/wp-json\/wp\/v2\/pages\/64720\/revisions"}],"wp:attachment":[{"href":"https:\/\/www.faronics.com\/de\/wp-json\/wp\/v2\/media?parent=64720"}],"curies":[{"name":"wp","href":"https:\/\/api.w.org\/{rel}","templated":true}]}}