{"id":64716,"date":"2012-09-11T08:15:58","date_gmt":"2012-09-11T15:15:58","guid":{"rendered":"https:\/\/www.faronics.com\/?page_id=64716"},"modified":"2012-09-11T08:15:58","modified_gmt":"2012-09-11T15:15:58","slug":"bessere-leistung-der-schuler-durch-nutzung-von-technologie","status":"publish","type":"page","link":"https:\/\/www.faronics.com\/de\/bessere-leistung-der-schuler-durch-nutzung-von-technologie","title":{"rendered":"Bessere Leistung der Sch\u00fcler  durch Nutzung von Technologie"},"content":{"rendered":"<p>Nehmen Sie an unserem Live-Webinar teil! Sie lernen, wie Sie:<\/p>\n<ul>\n<li>Ablenkungen mit nur einem Klick beseitigen<\/li>\n<li>stets die volle Kontrolle \u00fcber das System behalten<\/li>\n<li>Konzentration, Mitarbeit und Produktivit\u00e4t Ihrer Sch\u00fcler f\u00f6rdern<\/li>\n<\/ul>\n<p>Wenn Computer im Rahmen einer strukturierten Unterrichtsumgebung eingesetzt werden, k\u00f6nnen sie die Lernerfahrung Ihrer Sch\u00fcler zweifellos bereichern..<\/p>\n<p>Manchmal stellen sie jedoch auch eine gro\u00dfe Ablenkung dar: Social Networking, Austausch von Sofortnachrichten, Internetsurfen, Herunterladen von Programmen.<\/p>\n<p>Sehen Sie sich unsere Online-Schulung noch heute an; hier erfahren Sie, wie Sie mithilfe des gesamten Softwarepakets auf einem zentralen Computer, iPad oder iPhone unterrichten, unterst\u00fctzen, kontrollieren und kommunizieren k\u00f6nnen.<\/p>\n<p><strong>Dienstag, 18 September<\/strong><\/p>\n<p><strong>3pm (GMT) \/ 4pm (CET)<\/strong><\/p>\n<p><a href=\"http:\/\/tinyurl.com\/c3kznxd\" target=\"_blank\">Registrieren Sie Jetzt<\/a><\/p>\n","protected":false},"excerpt":{"rendered":"<p>Nehmen Sie an unserem Live-Webinar teil! Sie lernen, wie Sie:<\/p>\n<ul>\n<li>Ablenkungen mit nur einem Klick beseitigen<\/li>\n<li>stets die volle Kontrolle \u00fcber das System behalten<\/li>\n<li>Konzentration, Mitarbeit und Produktivit\u00e4t Ihrer Sch\u00fcler f\u00f6rdern<\/li>\n<\/ul>\n<p>Wenn Computer im Rahmen einer strukturierten Unterrichtsumgebung eingesetzt werden, k\u00f6nnen sie die Lernerfahrung Ihrer Sch\u00fcler zweifellos bereichern..<\/p>\n<p>Manchmal stellen sie jedoch auch eine gro\u00dfe Ablenkung dar: Social Networking, Austausch von Sofortnachrichten, Internetsurfen, Herunterladen von Programmen.<\/p>\n<p>Sehen Sie sich unsere Online-Schulung noch heute an; hier erfahren Sie, wie Sie mithilfe des gesamten Softwarepakets auf einem zentralen Computer, iPad oder iPhone unterrichten, unterst\u00fctzen, kontrollieren und kommunizieren k\u00f6nnen.<\/p>\n<p><strong>Dienstag, 18 September<\/strong><\/p>\n<p><strong>3pm (GMT) \/ 4pm (CET)<\/strong><\/p>\n<p><a href=\"http:\/\/tinyurl.com\/c3kznxd\" target=\"_blank\">Registrieren Sie Jetzt<\/a><\/p>\n","protected":false},"author":108,"featured_media":0,"parent":0,"menu_order":0,"comment_status":"open","ping_status":"open","template":"","meta":{"_acf_changed":false,"inline_featured_image":false,"footnotes":""},"class_list":["post-64716","page","type-page","status-publish","hentry"],"acf":[],"yoast_head":"<!-- This site is optimized with the Yoast SEO Premium plugin v27.5 (Yoast SEO v27.5) - https:\/\/yoast.com\/product\/yoast-seo-premium-wordpress\/ -->\n<title>Bessere Leistung der Sch\u00fcler durch Nutzung von Technologie - Faronics<\/title>\n<meta name=\"description\" content=\"Nehmen Sie an unserem Live-Webinar teil! Sie lernen, wie Sie: Ablenkungen mit nur einem Klick beseitigen stets die volle Kontrolle \u00fcber das System\" \/>\n<meta name=\"robots\" content=\"index, follow, max-snippet:-1, max-image-preview:large, max-video-preview:-1\" \/>\n<link rel=\"canonical\" href=\"https:\/\/www.faronics.com\/de\/bessere-leistung-der-schuler-durch-nutzung-von-technologie\" \/>\n<meta property=\"og:locale\" content=\"de_DE\" \/>\n<meta property=\"og:type\" content=\"article\" \/>\n<meta property=\"og:title\" content=\"Bessere Leistung der Sch\u00fcler durch Nutzung von Technologie\" \/>\n<meta property=\"og:description\" content=\"Nehmen Sie an unserem Live-Webinar teil! Sie lernen, wie Sie: Ablenkungen mit nur einem Klick beseitigen stets die volle Kontrolle \u00fcber das System\" \/>\n<meta property=\"og:url\" content=\"https:\/\/www.faronics.com\/de\/bessere-leistung-der-schuler-durch-nutzung-von-technologie\" \/>\n<meta property=\"og:site_name\" content=\"Faronics\" \/>\n<meta property=\"article:publisher\" content=\"https:\/\/www.facebook.com\/faronics\" \/>\n<meta name=\"twitter:card\" content=\"summary_large_image\" \/>\n<meta name=\"twitter:site\" content=\"@faronics\" \/>\n<meta name=\"twitter:label1\" content=\"Gesch\u00e4tzte Lesezeit\" \/>\n\t<meta name=\"twitter:data1\" content=\"1\u00a0Minute\" \/>\n<script type=\"application\/ld+json\" class=\"yoast-schema-graph\">{\"@context\":\"https:\\\/\\\/schema.org\",\"@graph\":[{\"@type\":\"WebPage\",\"@id\":\"https:\\\/\\\/www.faronics.com\\\/de\\\/bessere-leistung-der-schuler-durch-nutzung-von-technologie\",\"url\":\"https:\\\/\\\/www.faronics.com\\\/de\\\/bessere-leistung-der-schuler-durch-nutzung-von-technologie\",\"name\":\"Bessere Leistung der Sch\u00fcler durch Nutzung von Technologie - Faronics\",\"isPartOf\":{\"@id\":\"https:\\\/\\\/www.faronics.com\\\/de#website\"},\"datePublished\":\"2012-09-11T15:15:58+00:00\",\"description\":\"Nehmen Sie an unserem Live-Webinar teil! Sie lernen, wie Sie: Ablenkungen mit nur einem Klick beseitigen stets die volle Kontrolle \u00fcber das System\",\"breadcrumb\":{\"@id\":\"https:\\\/\\\/www.faronics.com\\\/de\\\/bessere-leistung-der-schuler-durch-nutzung-von-technologie#breadcrumb\"},\"inLanguage\":\"de\",\"potentialAction\":[{\"@type\":\"ReadAction\",\"target\":[\"https:\\\/\\\/www.faronics.com\\\/de\\\/bessere-leistung-der-schuler-durch-nutzung-von-technologie\"]}]},{\"@type\":\"BreadcrumbList\",\"@id\":\"https:\\\/\\\/www.faronics.com\\\/de\\\/bessere-leistung-der-schuler-durch-nutzung-von-technologie#breadcrumb\",\"itemListElement\":[{\"@type\":\"ListItem\",\"position\":1,\"name\":\"Home\",\"item\":\"https:\\\/\\\/www.faronics.com\\\/de\"},{\"@type\":\"ListItem\",\"position\":2,\"name\":\"Bessere Leistung der Sch\u00fcler durch Nutzung von Technologie\",\"item\":\"https:\\\/\\\/www.faronics.com\\\/de\\\/bessere-leistung-der-schueler-durch-nutzung-von-technologie\\\/\"}]},{\"@type\":\"WebSite\",\"@id\":\"https:\\\/\\\/www.faronics.com\\\/de#website\",\"url\":\"https:\\\/\\\/www.faronics.com\\\/de\",\"name\":\"Faronics\",\"description\":\"Ausgangspunkt von Deep Freeze und anderen Sicherheitsl\u00f6sungen\",\"publisher\":{\"@id\":\"https:\\\/\\\/www.faronics.com\\\/de#organization\"},\"potentialAction\":[{\"@type\":\"SearchAction\",\"target\":{\"@type\":\"EntryPoint\",\"urlTemplate\":\"https:\\\/\\\/www.faronics.com\\\/de?s={search_term_string}\"},\"query-input\":{\"@type\":\"PropertyValueSpecification\",\"valueRequired\":true,\"valueName\":\"search_term_string\"}}],\"inLanguage\":\"de\"},{\"@type\":\"Organization\",\"@id\":\"https:\\\/\\\/www.faronics.com\\\/de#organization\",\"name\":\"Faronics\",\"url\":\"https:\\\/\\\/www.faronics.com\\\/de\",\"logo\":{\"@type\":\"ImageObject\",\"inLanguage\":\"de\",\"@id\":\"https:\\\/\\\/www.faronics.com\\\/de#\\\/schema\\\/logo\\\/image\\\/\",\"url\":\"https:\\\/\\\/www.faronics.com\\\/assets\\\/footer-faronics-logo.png\",\"contentUrl\":\"https:\\\/\\\/www.faronics.com\\\/assets\\\/footer-faronics-logo.png\",\"width\":155,\"height\":44,\"caption\":\"Faronics\"},\"image\":{\"@id\":\"https:\\\/\\\/www.faronics.com\\\/de#\\\/schema\\\/logo\\\/image\\\/\"},\"sameAs\":[\"https:\\\/\\\/www.facebook.com\\\/faronics\",\"https:\\\/\\\/x.com\\\/faronics\"]}]}<\/script>\n<!-- \/ Yoast SEO Premium plugin. -->","yoast_head_json":{"title":"Bessere Leistung der Sch\u00fcler durch Nutzung von Technologie - Faronics","description":"Nehmen Sie an unserem Live-Webinar teil! Sie lernen, wie Sie: Ablenkungen mit nur einem Klick beseitigen stets die volle Kontrolle \u00fcber das System","robots":{"index":"index","follow":"follow","max-snippet":"max-snippet:-1","max-image-preview":"max-image-preview:large","max-video-preview":"max-video-preview:-1"},"canonical":"https:\/\/www.faronics.com\/de\/bessere-leistung-der-schuler-durch-nutzung-von-technologie","og_locale":"de_DE","og_type":"article","og_title":"Bessere Leistung der Sch\u00fcler durch Nutzung von Technologie","og_description":"Nehmen Sie an unserem Live-Webinar teil! Sie lernen, wie Sie: Ablenkungen mit nur einem Klick beseitigen stets die volle Kontrolle \u00fcber das System","og_url":"https:\/\/www.faronics.com\/de\/bessere-leistung-der-schuler-durch-nutzung-von-technologie","og_site_name":"Faronics","article_publisher":"https:\/\/www.facebook.com\/faronics","twitter_card":"summary_large_image","twitter_site":"@faronics","twitter_misc":{"Gesch\u00e4tzte Lesezeit":"1\u00a0Minute"},"schema":{"@context":"https:\/\/schema.org","@graph":[{"@type":"WebPage","@id":"https:\/\/www.faronics.com\/de\/bessere-leistung-der-schuler-durch-nutzung-von-technologie","url":"https:\/\/www.faronics.com\/de\/bessere-leistung-der-schuler-durch-nutzung-von-technologie","name":"Bessere Leistung der Sch\u00fcler durch Nutzung von Technologie - Faronics","isPartOf":{"@id":"https:\/\/www.faronics.com\/de#website"},"datePublished":"2012-09-11T15:15:58+00:00","description":"Nehmen Sie an unserem Live-Webinar teil! Sie lernen, wie Sie: Ablenkungen mit nur einem Klick beseitigen stets die volle Kontrolle \u00fcber das System","breadcrumb":{"@id":"https:\/\/www.faronics.com\/de\/bessere-leistung-der-schuler-durch-nutzung-von-technologie#breadcrumb"},"inLanguage":"de","potentialAction":[{"@type":"ReadAction","target":["https:\/\/www.faronics.com\/de\/bessere-leistung-der-schuler-durch-nutzung-von-technologie"]}]},{"@type":"BreadcrumbList","@id":"https:\/\/www.faronics.com\/de\/bessere-leistung-der-schuler-durch-nutzung-von-technologie#breadcrumb","itemListElement":[{"@type":"ListItem","position":1,"name":"Home","item":"https:\/\/www.faronics.com\/de"},{"@type":"ListItem","position":2,"name":"Bessere Leistung der Sch\u00fcler durch Nutzung von Technologie","item":"https:\/\/www.faronics.com\/de\/bessere-leistung-der-schueler-durch-nutzung-von-technologie\/"}]},{"@type":"WebSite","@id":"https:\/\/www.faronics.com\/de#website","url":"https:\/\/www.faronics.com\/de","name":"Faronics","description":"Ausgangspunkt von Deep Freeze und anderen Sicherheitsl\u00f6sungen","publisher":{"@id":"https:\/\/www.faronics.com\/de#organization"},"potentialAction":[{"@type":"SearchAction","target":{"@type":"EntryPoint","urlTemplate":"https:\/\/www.faronics.com\/de?s={search_term_string}"},"query-input":{"@type":"PropertyValueSpecification","valueRequired":true,"valueName":"search_term_string"}}],"inLanguage":"de"},{"@type":"Organization","@id":"https:\/\/www.faronics.com\/de#organization","name":"Faronics","url":"https:\/\/www.faronics.com\/de","logo":{"@type":"ImageObject","inLanguage":"de","@id":"https:\/\/www.faronics.com\/de#\/schema\/logo\/image\/","url":"https:\/\/www.faronics.com\/assets\/footer-faronics-logo.png","contentUrl":"https:\/\/www.faronics.com\/assets\/footer-faronics-logo.png","width":155,"height":44,"caption":"Faronics"},"image":{"@id":"https:\/\/www.faronics.com\/de#\/schema\/logo\/image\/"},"sameAs":["https:\/\/www.facebook.com\/faronics","https:\/\/x.com\/faronics"]}]}},"_links":{"self":[{"href":"https:\/\/www.faronics.com\/de\/wp-json\/wp\/v2\/pages\/64716","targetHints":{"allow":["GET"]}}],"collection":[{"href":"https:\/\/www.faronics.com\/de\/wp-json\/wp\/v2\/pages"}],"about":[{"href":"https:\/\/www.faronics.com\/de\/wp-json\/wp\/v2\/types\/page"}],"author":[{"embeddable":true,"href":"https:\/\/www.faronics.com\/de\/wp-json\/wp\/v2\/users\/108"}],"replies":[{"embeddable":true,"href":"https:\/\/www.faronics.com\/de\/wp-json\/wp\/v2\/comments?post=64716"}],"version-history":[{"count":0,"href":"https:\/\/www.faronics.com\/de\/wp-json\/wp\/v2\/pages\/64716\/revisions"}],"wp:attachment":[{"href":"https:\/\/www.faronics.com\/de\/wp-json\/wp\/v2\/media?parent=64716"}],"curies":[{"name":"wp","href":"https:\/\/api.w.org\/{rel}","templated":true}]}}