{"id":55830,"date":"2012-06-18T04:35:29","date_gmt":"2012-06-18T11:35:29","guid":{"rendered":"https:\/\/www.faronics.com\/?page_id=55830"},"modified":"2012-06-18T04:36:53","modified_gmt":"2012-06-18T11:36:53","slug":"einfrieren-und-vergessen-sofortige-systemwiederherstellung-fur-ein-hochstmas-an-sicherheit","status":"publish","type":"page","link":"https:\/\/www.faronics.com\/de\/einfrieren-und-vergessen-sofortige-systemwiederherstellung-fur-ein-hochstmas-an-sicherheit","title":{"rendered":"Einfrieren und vergessen: Sofortige Systemwiederherstellung f\u00fcr ein H\u00f6chstma\u00df an Sicherheit"},"content":{"rendered":"<p><a href=\"\/assets\/freezeforget_box.png\"><img loading=\"lazy\" decoding=\"async\" class=\"alignright size-full wp-image-54904\" title=\"freezeforget_box\" src=\"\/assets\/freezeforget_box.png\" alt=\"\" width=\"300\" height=\"200\" srcset=\"https:\/\/www.faronics.com\/assets\/freezeforget_box.png 300w, https:\/\/www.faronics.com\/assets\/freezeforget_box-150x100.png 150w, https:\/\/www.faronics.com\/assets\/freezeforget_box-130x86.png 130w, https:\/\/www.faronics.com\/assets\/freezeforget_box-117x78.png 117w, https:\/\/www.faronics.com\/assets\/freezeforget_box-240x160.png 240w\" sizes=\"auto, (max-width: 300px) 100vw, 300px\" \/><\/a><\/p>\n<p>Nehmen Sie an unserem Webinar teil und erfahren Sie, wie Sie Ihr Workstation-Netzwerk sch\u00fctzen k\u00f6nnen, indem Sie sch\u00e4dliche Malware mit einem simplen Neustart eliminieren. Erfahren Sie, wie Sie mit einem simplen Neustart die folgenden Resultate erzielen k\u00f6nnen:<\/p>\n<ul>\n<li>maximieren Sie die Produktivit\u00e4t der Endanwender<\/li>\n<li>verringern Sie die IT-Supportanfragen um 63 %, und profitieren Sie so von geringeren Ausfallzeiten und niedrigeren Wartungskosten<\/li>\n<li>verbessern Sie die Netzwerksicherheit und den Schutz vor versehentlichen Virendownloads<\/li>\n<li>verl\u00e4ngern Sie den PC-Lebenszyklus und realisieren Sie erhebliche Betriebskosteneinsparungen<\/li>\n<\/ul>\n<p>Erfahren Sie, wie der Endanwender jederzeit auf seinen Rechner zugreifen kann und keine Zeit damit verliert zu warten, bis jemand aus der IT-Abteilung kommt und seinen Computer repariert.<\/p>\n<p>Erfahren Sie, wie Sie dem Wiederherstellen und Re-Imaging von Computern oder dem Suchen von Fehlern ein Ende bereiten, indem Sie alle softwarebezogenen Fehler mit einem einfachen Neustart beheben.<\/p>\n<p>Erfahren Sie, wie Sie Workstation-Probleme l\u00f6sen, der IT-Abteilung zeitaufw\u00e4ndige Untersuchungen ersparen, Ihre Betriebskosten senken und die PC-Lebenszyklen verl\u00e4ngern k\u00f6nnen.<\/p>\n<p><strong>Dienstag\u00a019th Juni<\/strong><\/p>\n<p><strong>2:30pm BST<\/strong><br \/>\n<strong>Online<\/strong><\/p>\n<table style=\"background-color: #d30709; border: solid 1px #3a6f21; font-family: Arial, Helvetica, sans-serif; color: white; font-weight: bold; font-size: 18px; line-height: 20px;\" width=\"170\" border=\"0\" cellspacing=\"0\" cellpadding=\"5\">\n<tbody>\n<tr>\n<td style=\"background-color: #d30709; border-top: solid 1px #F00; border-left: solid 1px #F00; border-right: solid 1px #8a0709; border-bottom: solid 1px #8a0709;\" align=\"center\"><a style=\"text-decoration: none; color: white; padding: 10px; font-size: 14px;\" href=\"http:\/\/bit.ly\/KvETfx\" target=\"_blank\">Registrieren Sie sich noch heute!<\/a><\/td>\n<\/tr>\n<\/tbody>\n<\/table>\n","protected":false},"excerpt":{"rendered":"<p><a href=\"\/assets\/freezeforget_box.png\"><img loading=\"lazy\" decoding=\"async\" class=\"alignright size-full wp-image-54904\" title=\"freezeforget_box\" src=\"\/assets\/freezeforget_box.png\" alt=\"\" width=\"300\" height=\"200\" srcset=\"https:\/\/www.faronics.com\/assets\/freezeforget_box.png 300w, https:\/\/www.faronics.com\/assets\/freezeforget_box-150x100.png 150w, https:\/\/www.faronics.com\/assets\/freezeforget_box-130x86.png 130w, https:\/\/www.faronics.com\/assets\/freezeforget_box-117x78.png 117w, https:\/\/www.faronics.com\/assets\/freezeforget_box-240x160.png 240w\" sizes=\"auto, (max-width: 300px) 100vw, 300px\" \/><\/a><\/p>\n<p>Nehmen Sie an unserem Webinar teil und erfahren Sie, wie Sie Ihr Workstation-Netzwerk sch\u00fctzen k\u00f6nnen, indem Sie sch\u00e4dliche Malware mit einem simplen Neustart eliminieren. Erfahren Sie, wie Sie mit einem simplen Neustart die folgenden Resultate erzielen k\u00f6nnen:<\/p>\n<ul>\n<li>maximieren Sie die Produktivit\u00e4t der Endanwender<\/li>\n<li>verringern Sie die IT-Supportanfragen um 63 %, und profitieren Sie so von geringeren Ausfallzeiten und niedrigeren Wartungskosten<\/li>\n<li>verbessern Sie die Netzwerksicherheit und den Schutz vor versehentlichen Virendownloads<\/li>\n<li>verl\u00e4ngern Sie den PC-Lebenszyklus und realisieren Sie erhebliche Betriebskosteneinsparungen<\/li>\n<\/ul>\n<p>Erfahren Sie, wie der Endanwender jederzeit auf seinen Rechner zugreifen kann und keine Zeit damit verliert zu warten, bis jemand aus der IT-Abteilung kommt und seinen Computer repariert.<\/p>\n<p>Erfahren Sie, wie Sie dem Wiederherstellen und Re-Imaging von Computern oder dem Suchen von Fehlern ein Ende bereiten, indem Sie alle softwarebezogenen Fehler mit einem einfachen Neustart beheben.<\/p>\n<p>Erfahren Sie, wie Sie Workstation-Probleme l\u00f6sen, der IT-Abteilung zeitaufw\u00e4ndige Untersuchungen ersparen, Ihre Betriebskosten senken und die PC-Lebenszyklen verl\u00e4ngern k\u00f6nnen.<\/p>\n<p><strong>Dienstag\u00a019th Juni<\/strong><\/p>\n<p><strong>2:30pm BST<\/strong> <strong>Online<\/strong><\/p>\n<p> <a style=\"text-decoration: none; color: white; padding: 10px; font-size: 14px;\" href=\"http:\/\/bit.ly\/KvETfx\" target=\"_blank\">Registrieren Sie sich noch heute!<\/a><\/p>\n","protected":false},"author":108,"featured_media":0,"parent":0,"menu_order":0,"comment_status":"open","ping_status":"open","template":"","meta":{"_acf_changed":false,"inline_featured_image":false,"footnotes":""},"class_list":["post-55830","page","type-page","status-publish","hentry"],"acf":[],"yoast_head":"<!-- This site is optimized with the Yoast SEO Premium plugin v27.5 (Yoast SEO v27.5) - https:\/\/yoast.com\/product\/yoast-seo-premium-wordpress\/ -->\n<title>Einfrieren und vergessen: Sofortige Systemwiederherstellung f\u00fcr ein H\u00f6chstma\u00df an Sicherheit - Faronics<\/title>\n<meta name=\"description\" content=\"Nehmen Sie an unserem Webinar teil und erfahren Sie, wie Sie Ihr Workstation-Netzwerk sch\u00fctzen k\u00f6nnen, indem Sie sch\u00e4dliche Malware mit einem simplen\" \/>\n<meta name=\"robots\" content=\"index, follow, max-snippet:-1, max-image-preview:large, max-video-preview:-1\" \/>\n<link rel=\"canonical\" href=\"https:\/\/www.faronics.com\/de\/einfrieren-und-vergessen-sofortige-systemwiederherstellung-fur-ein-hochstmas-an-sicherheit\" \/>\n<meta property=\"og:locale\" content=\"de_DE\" \/>\n<meta property=\"og:type\" content=\"article\" \/>\n<meta property=\"og:title\" content=\"Einfrieren und vergessen: Sofortige Systemwiederherstellung f\u00fcr ein H\u00f6chstma\u00df an Sicherheit\" \/>\n<meta property=\"og:description\" content=\"Nehmen Sie an unserem Webinar teil und erfahren Sie, wie Sie Ihr Workstation-Netzwerk sch\u00fctzen k\u00f6nnen, indem Sie sch\u00e4dliche Malware mit einem simplen\" \/>\n<meta property=\"og:url\" content=\"https:\/\/www.faronics.com\/de\/einfrieren-und-vergessen-sofortige-systemwiederherstellung-fur-ein-hochstmas-an-sicherheit\" \/>\n<meta property=\"og:site_name\" content=\"Faronics\" \/>\n<meta property=\"article:publisher\" content=\"https:\/\/www.facebook.com\/faronics\" \/>\n<meta property=\"article:modified_time\" content=\"2012-06-18T11:36:53+00:00\" \/>\n<meta property=\"og:image\" content=\"https:\/\/www.faronics.com\/assets\/freezeforget_box.png\" \/>\n<meta name=\"twitter:card\" content=\"summary_large_image\" \/>\n<meta name=\"twitter:site\" content=\"@faronics\" \/>\n<meta name=\"twitter:label1\" content=\"Gesch\u00e4tzte Lesezeit\" \/>\n\t<meta name=\"twitter:data1\" content=\"1\u00a0Minute\" \/>\n<script type=\"application\/ld+json\" class=\"yoast-schema-graph\">{\"@context\":\"https:\\\/\\\/schema.org\",\"@graph\":[{\"@type\":\"WebPage\",\"@id\":\"https:\\\/\\\/www.faronics.com\\\/de\\\/einfrieren-und-vergessen-sofortige-systemwiederherstellung-fur-ein-hochstmas-an-sicherheit\",\"url\":\"https:\\\/\\\/www.faronics.com\\\/de\\\/einfrieren-und-vergessen-sofortige-systemwiederherstellung-fur-ein-hochstmas-an-sicherheit\",\"name\":\"Einfrieren und vergessen: Sofortige Systemwiederherstellung f\u00fcr ein H\u00f6chstma\u00df an Sicherheit - Faronics\",\"isPartOf\":{\"@id\":\"https:\\\/\\\/www.faronics.com\\\/de#website\"},\"datePublished\":\"2012-06-18T11:35:29+00:00\",\"dateModified\":\"2012-06-18T11:36:53+00:00\",\"description\":\"Nehmen Sie an unserem Webinar teil und erfahren Sie, wie Sie Ihr Workstation-Netzwerk sch\u00fctzen k\u00f6nnen, indem Sie sch\u00e4dliche Malware mit einem simplen\",\"breadcrumb\":{\"@id\":\"https:\\\/\\\/www.faronics.com\\\/de\\\/einfrieren-und-vergessen-sofortige-systemwiederherstellung-fur-ein-hochstmas-an-sicherheit#breadcrumb\"},\"inLanguage\":\"de\",\"potentialAction\":[{\"@type\":\"ReadAction\",\"target\":[\"https:\\\/\\\/www.faronics.com\\\/de\\\/einfrieren-und-vergessen-sofortige-systemwiederherstellung-fur-ein-hochstmas-an-sicherheit\"]}]},{\"@type\":\"BreadcrumbList\",\"@id\":\"https:\\\/\\\/www.faronics.com\\\/de\\\/einfrieren-und-vergessen-sofortige-systemwiederherstellung-fur-ein-hochstmas-an-sicherheit#breadcrumb\",\"itemListElement\":[{\"@type\":\"ListItem\",\"position\":1,\"name\":\"Home\",\"item\":\"https:\\\/\\\/www.faronics.com\\\/de\"},{\"@type\":\"ListItem\",\"position\":2,\"name\":\"Einfrieren und vergessen: Sofortige Systemwiederherstellung f\u00fcr ein H\u00f6chstma\u00df an Sicherheit\",\"item\":\"https:\\\/\\\/www.faronics.com\\\/de\\\/einfrieren-und-vergessen-sofortige-systemwiederherstellung-fuer-ein-hoechstmass-an-sicherheit\\\/\"}]},{\"@type\":\"WebSite\",\"@id\":\"https:\\\/\\\/www.faronics.com\\\/de#website\",\"url\":\"https:\\\/\\\/www.faronics.com\\\/de\",\"name\":\"Faronics\",\"description\":\"Ausgangspunkt von Deep Freeze und anderen Sicherheitsl\u00f6sungen\",\"publisher\":{\"@id\":\"https:\\\/\\\/www.faronics.com\\\/de#organization\"},\"potentialAction\":[{\"@type\":\"SearchAction\",\"target\":{\"@type\":\"EntryPoint\",\"urlTemplate\":\"https:\\\/\\\/www.faronics.com\\\/de?s={search_term_string}\"},\"query-input\":{\"@type\":\"PropertyValueSpecification\",\"valueRequired\":true,\"valueName\":\"search_term_string\"}}],\"inLanguage\":\"de\"},{\"@type\":\"Organization\",\"@id\":\"https:\\\/\\\/www.faronics.com\\\/de#organization\",\"name\":\"Faronics\",\"url\":\"https:\\\/\\\/www.faronics.com\\\/de\",\"logo\":{\"@type\":\"ImageObject\",\"inLanguage\":\"de\",\"@id\":\"https:\\\/\\\/www.faronics.com\\\/de#\\\/schema\\\/logo\\\/image\\\/\",\"url\":\"https:\\\/\\\/www.faronics.com\\\/assets\\\/footer-faronics-logo.png\",\"contentUrl\":\"https:\\\/\\\/www.faronics.com\\\/assets\\\/footer-faronics-logo.png\",\"width\":155,\"height\":44,\"caption\":\"Faronics\"},\"image\":{\"@id\":\"https:\\\/\\\/www.faronics.com\\\/de#\\\/schema\\\/logo\\\/image\\\/\"},\"sameAs\":[\"https:\\\/\\\/www.facebook.com\\\/faronics\",\"https:\\\/\\\/x.com\\\/faronics\"]}]}<\/script>\n<!-- \/ Yoast SEO Premium plugin. -->","yoast_head_json":{"title":"Einfrieren und vergessen: Sofortige Systemwiederherstellung f\u00fcr ein H\u00f6chstma\u00df an Sicherheit - Faronics","description":"Nehmen Sie an unserem Webinar teil und erfahren Sie, wie Sie Ihr Workstation-Netzwerk sch\u00fctzen k\u00f6nnen, indem Sie sch\u00e4dliche Malware mit einem simplen","robots":{"index":"index","follow":"follow","max-snippet":"max-snippet:-1","max-image-preview":"max-image-preview:large","max-video-preview":"max-video-preview:-1"},"canonical":"https:\/\/www.faronics.com\/de\/einfrieren-und-vergessen-sofortige-systemwiederherstellung-fur-ein-hochstmas-an-sicherheit","og_locale":"de_DE","og_type":"article","og_title":"Einfrieren und vergessen: Sofortige Systemwiederherstellung f\u00fcr ein H\u00f6chstma\u00df an Sicherheit","og_description":"Nehmen Sie an unserem Webinar teil und erfahren Sie, wie Sie Ihr Workstation-Netzwerk sch\u00fctzen k\u00f6nnen, indem Sie sch\u00e4dliche Malware mit einem simplen","og_url":"https:\/\/www.faronics.com\/de\/einfrieren-und-vergessen-sofortige-systemwiederherstellung-fur-ein-hochstmas-an-sicherheit","og_site_name":"Faronics","article_publisher":"https:\/\/www.facebook.com\/faronics","article_modified_time":"2012-06-18T11:36:53+00:00","og_image":[{"url":"https:\/\/www.faronics.com\/assets\/freezeforget_box.png","type":"","width":"","height":""}],"twitter_card":"summary_large_image","twitter_site":"@faronics","twitter_misc":{"Gesch\u00e4tzte Lesezeit":"1\u00a0Minute"},"schema":{"@context":"https:\/\/schema.org","@graph":[{"@type":"WebPage","@id":"https:\/\/www.faronics.com\/de\/einfrieren-und-vergessen-sofortige-systemwiederherstellung-fur-ein-hochstmas-an-sicherheit","url":"https:\/\/www.faronics.com\/de\/einfrieren-und-vergessen-sofortige-systemwiederherstellung-fur-ein-hochstmas-an-sicherheit","name":"Einfrieren und vergessen: Sofortige Systemwiederherstellung f\u00fcr ein H\u00f6chstma\u00df an Sicherheit - Faronics","isPartOf":{"@id":"https:\/\/www.faronics.com\/de#website"},"datePublished":"2012-06-18T11:35:29+00:00","dateModified":"2012-06-18T11:36:53+00:00","description":"Nehmen Sie an unserem Webinar teil und erfahren Sie, wie Sie Ihr Workstation-Netzwerk sch\u00fctzen k\u00f6nnen, indem Sie sch\u00e4dliche Malware mit einem simplen","breadcrumb":{"@id":"https:\/\/www.faronics.com\/de\/einfrieren-und-vergessen-sofortige-systemwiederherstellung-fur-ein-hochstmas-an-sicherheit#breadcrumb"},"inLanguage":"de","potentialAction":[{"@type":"ReadAction","target":["https:\/\/www.faronics.com\/de\/einfrieren-und-vergessen-sofortige-systemwiederherstellung-fur-ein-hochstmas-an-sicherheit"]}]},{"@type":"BreadcrumbList","@id":"https:\/\/www.faronics.com\/de\/einfrieren-und-vergessen-sofortige-systemwiederherstellung-fur-ein-hochstmas-an-sicherheit#breadcrumb","itemListElement":[{"@type":"ListItem","position":1,"name":"Home","item":"https:\/\/www.faronics.com\/de"},{"@type":"ListItem","position":2,"name":"Einfrieren und vergessen: Sofortige Systemwiederherstellung f\u00fcr ein H\u00f6chstma\u00df an Sicherheit","item":"https:\/\/www.faronics.com\/de\/einfrieren-und-vergessen-sofortige-systemwiederherstellung-fuer-ein-hoechstmass-an-sicherheit\/"}]},{"@type":"WebSite","@id":"https:\/\/www.faronics.com\/de#website","url":"https:\/\/www.faronics.com\/de","name":"Faronics","description":"Ausgangspunkt von Deep Freeze und anderen Sicherheitsl\u00f6sungen","publisher":{"@id":"https:\/\/www.faronics.com\/de#organization"},"potentialAction":[{"@type":"SearchAction","target":{"@type":"EntryPoint","urlTemplate":"https:\/\/www.faronics.com\/de?s={search_term_string}"},"query-input":{"@type":"PropertyValueSpecification","valueRequired":true,"valueName":"search_term_string"}}],"inLanguage":"de"},{"@type":"Organization","@id":"https:\/\/www.faronics.com\/de#organization","name":"Faronics","url":"https:\/\/www.faronics.com\/de","logo":{"@type":"ImageObject","inLanguage":"de","@id":"https:\/\/www.faronics.com\/de#\/schema\/logo\/image\/","url":"https:\/\/www.faronics.com\/assets\/footer-faronics-logo.png","contentUrl":"https:\/\/www.faronics.com\/assets\/footer-faronics-logo.png","width":155,"height":44,"caption":"Faronics"},"image":{"@id":"https:\/\/www.faronics.com\/de#\/schema\/logo\/image\/"},"sameAs":["https:\/\/www.facebook.com\/faronics","https:\/\/x.com\/faronics"]}]}},"_links":{"self":[{"href":"https:\/\/www.faronics.com\/de\/wp-json\/wp\/v2\/pages\/55830","targetHints":{"allow":["GET"]}}],"collection":[{"href":"https:\/\/www.faronics.com\/de\/wp-json\/wp\/v2\/pages"}],"about":[{"href":"https:\/\/www.faronics.com\/de\/wp-json\/wp\/v2\/types\/page"}],"author":[{"embeddable":true,"href":"https:\/\/www.faronics.com\/de\/wp-json\/wp\/v2\/users\/108"}],"replies":[{"embeddable":true,"href":"https:\/\/www.faronics.com\/de\/wp-json\/wp\/v2\/comments?post=55830"}],"version-history":[{"count":0,"href":"https:\/\/www.faronics.com\/de\/wp-json\/wp\/v2\/pages\/55830\/revisions"}],"wp:attachment":[{"href":"https:\/\/www.faronics.com\/de\/wp-json\/wp\/v2\/media?parent=55830"}],"curies":[{"name":"wp","href":"https:\/\/api.w.org\/{rel}","templated":true}]}}