{"id":20534,"date":"2011-08-10T10:09:34","date_gmt":"2011-08-10T17:09:34","guid":{"rendered":"https:\/\/www.faronics.com\/?page_id=20534"},"modified":"2011-11-01T10:07:14","modified_gmt":"2011-11-01T17:07:14","slug":"affiliations_de","status":"publish","type":"page","link":"https:\/\/www.faronics.com\/de\/company_de\/affiliations_de","title":{"rendered":"Affiliations"},"content":{"rendered":"<div class=\"container\">\n<div id=\"alliance-slider\">\n<h2>Partnerschaften<\/h2>\n<div class=\"alliance-container-wrap\" style=\"width: 600px; height: 320px; overflow: hidden;\">\n<div class=\"alliance-container clearfix\" style=\"position: absolute; top: 0px; left: 0px; display: block; z-index: 5; opacity: 1;\">\n<div class=\"alliance-left\"><img loading=\"lazy\" decoding=\"async\" src=\"\/img\/affiliations-climate.png\" alt=\"\" width=\"140\" height=\"100\" \/><br \/>\n<a href=\"http:\/\/www.climatesaverscomputing.org\/\" rel=\"nofollow\" target=\"_blank\">www.climatesaverscomputing.org<\/a><\/div>\n<div class=\"alliance-right\">\n<p class=\"alliance-title\">Climate Savers Computing<\/p>\n<p class=\"alliance-copy\">Faronics wird von der Climate Savers Computing Initiative f\u00fcr seinen effektiven Beitrag zur Verringerung der in Unternehmen durch Computer verursachten Energieverschwendung anerkannt. Ziel der Climate Savers Computing Initiative ist es, die Entwicklung, Implementierung und Einf\u00fchrung von intelligenten Technologien zu f\u00f6rdern, die sowohl die Leistungseffizienz eines Computers verbessern als auch den Stromverbrauch senken, wenn der Computer inaktiv ist.<\/p>\n<\/div>\n<\/div>\n<div class=\"alliance-container clearfix\" style=\"position: absolute; top: 0px; left: 0px; display: none; z-index: 3;\">\n<div class=\"alliance-left\"><img loading=\"lazy\" decoding=\"async\" src=\"\/img\/affiliations-novell.png\" alt=\"\" width=\"110\" height=\"190\" \/><br \/>\n<a href=\"http:\/\/www.novell.com\/\" rel=\"nofollow\" target=\"_blank\">www.novell.com<\/a><\/div>\n<div class=\"alliance-right\">\n<p class=\"alliance-title\">Novell PartnerNet<\/p>\n<p class=\"alliance-copy\">Mit seinen Open Enterprise Solutions versorgt Novell den Markt mit einer \u00fcberzeugenden Vision. In Form einer flexiblen Kombination aus Open-Source-L\u00f6sungen und propriet\u00e4ren Technologien bieten wir Infrastruktursoftware und -dienstleistungen auf Unternehmensniveau. Als unabh\u00e4ngiger Softwareanbieter (Independent Software Vendor, ISV) unabh\u00e4ngiger Hardwareanbieter (Independent Hardware Vendor, IHV) und Systemhersteller bietet Faronics komplement\u00e4re Technologien und Dienstleistungen, die die L\u00f6sungen der Kunden so erg\u00e4nzen, dass diese erfolgreich sein k\u00f6nnen.<\/p>\n<p>&nbsp;<\/p>\n<\/div>\n<\/div>\n<div class=\"alliance-container clearfix\" style=\"position: absolute; top: 0px; left: 0px; display: none; z-index: 2;\">\n<div class=\"alliance-left\"><img loading=\"lazy\" decoding=\"async\" src=\"\/img\/affiliations-lan.png\" alt=\"\" width=\"140\" height=\"76\" \/><br \/>\n<a href=\"http:\/\/www.landesk.com\/\" rel=\"nofollow\" target=\"_blank\">www.landesk.com<\/a><\/div>\n<div class=\"alliance-right\">\n<p class=\"alliance-title\">LANDesk<\/p>\n<p class=\"alliance-copy\">Die LANDesk\u00ae Solution Alliance ist ein exklusives Programm, in dessen Rahmen ausgew\u00e4hlte LANDesk\u00ae-Solution-Alliance-Partner wertvolle innovative Technologien entwickeln und liefern, die nahtlos in die LANDesk\u00ae-Management-L\u00f6sungen integriert werden k\u00f6nnen. Das Programm erweitert die LANDesk\u00ae Management Suite um n\u00fctzliche Technologien, wie z. B. Anwendungsstreaming, Datenverschl\u00fcsselung, Sicherheitsinformationsmanagement u. v. m., und zwar \u00fcber eine einzige unkomplizierte Konsole, die Sie nur mit LANDesk\u00ae-L\u00f6sungen erhalten.<\/p>\n<p>&nbsp;<\/p>\n<\/div>\n<\/div>\n<div class=\"alliance-container clearfix\" style=\"position: absolute; top: 0px; left: 0px; display: none; z-index: 1;\">\n<div class=\"alliance-left\"><img loading=\"lazy\" decoding=\"async\" src=\"\/img\/affiliations-ms.png\" alt=\"\" width=\"140\" height=\"70\" \/><br \/>\n<a href=\"http:\/\/www.microsoft.com\/\" rel=\"nofollow\" target=\"_blank\">www.microsoft.com<\/a><\/div>\n<div class=\"alliance-right\">\n<p class=\"alliance-title\">Microsoft<\/p>\n<p class=\"alliance-copy\">Faronics ist Microsoft Gold Certified Partner, besitzt somit den h\u00f6chsten Partnerstatus und profitiert von einer Zusammenarbeit, wie sie mit Microsoft enger nicht m\u00f6glich ist. Als Gold Certified Partner verf\u00fcgt Faronics \u00fcber ein ausgewiesen hohes Ma\u00df an Kompetenz und Erfahrung mit Microsoft-Technologien.<\/p>\n<p>&nbsp;<\/p>\n<\/div>\n<\/div>\n<\/div>\n<p>&nbsp;<\/p>\n<\/div>\n<p>&nbsp;<\/p>\n<div id=\"membership-container\" class=\"content equal-heights clearfix\">\n<h2>Mitgliedschaften<\/h2>\n<p>Faronics ist stolzes Mitglied der folgenden Organisationen. Wir unterst\u00fctzen deren Leitbilder und unser gemeinsames Ziel liegt in der Weiterentwicklung der Technologien zum Vorteil der Anwender. Wir sch\u00e4tzen unsere Beziehungen zu diesen Organisationen und werden weiter daran arbeiten, uns mit der technologischen Gemeinschaft zu vernetzen.<\/p>\n<div class=\"one-half equalize\" style=\"height: 299px;\">\n<h3><a href=\"http:\/\/www.iste.org\/\" rel=\"nofollow\" target=\"_blank\">ISTE<\/a><\/h3>\n<p><a href=\"http:\/\/www.iste.org\/\" rel=\"nofollow\" target=\"_blank\"><img loading=\"lazy\" decoding=\"async\" class=\"alignleft\" src=\"\/img\/iste_logo.gif\" alt=\"ISTE\" width=\"100\" height=\"56\" \/><\/a><\/p>\n<p>Die ISTE ist eine gemeinn\u00fctzige Organisation, deren Mitglieder sich aus aktuellen und potenziellen F\u00fchrungskr\u00e4ften aus dem Bereich der Bildungstechnologie zusammensetzen. Die ISTE setzt F\u00fchrungskompetenzen und Dienstleistungen ein, um durch die F\u00f6rderung eines effektiven Einsatzes von Technologien im K12-Bildungswesen sowie der Lehrerausbildung sowohl das Lehren als auch das Lernen zu verbessern. Im Hinblick auf die Herausforderungen bei Eingliederung von Computern, des Internets und anderen Technologien an Schulen versorgt die ISTE ihre Mitglieder mit Informationen, bietet Networking-M\u00f6glichkeiten und steht beratend zur Seite.<\/p>\n<p>&nbsp;<\/p>\n<\/div>\n<div class=\"one-half equalize\" style=\"height: 299px;\">\n<h3><a href=\"http:\/\/www.educause.edu\/\" rel=\"nofollow\" target=\"_blank\">EDUCAUSE<\/a><\/h3>\n<p><a href=\"http:\/\/www.educause.edu\/\" rel=\"nofollow\" target=\"_blank\"><img loading=\"lazy\" decoding=\"async\" class=\"alignleft\" src=\"\/img\/educause_logo.jpg\" alt=\"EDUCAUSE\" width=\"100\" height=\"62\" \/><\/a><\/p>\n<p>Die EDUCAUSE ist eine gemeinn\u00fctzige Gesellschaft, deren Aufgabe darin besteht, die intelligente Verwendung von Informationstechnologien zu f\u00f6rdern und so f\u00fcr eine verbesserte Bildung zu sorgen. Zu den Mitgliedern geh\u00f6ren gegenw\u00e4rtig mehr als 2.000 Colleges, Universit\u00e4ten und Bildungsorganisationen, einschlie\u00dflich 200 Gesellschaften mit 15.000 aktiven Mitgliedern. Die EDUCAUSE verf\u00fcgt \u00fcber Standorte in Boulder, Colorado, und Washington, D.C.<\/p>\n<p>&nbsp;<\/p>\n<\/div>\n<div class=\"one-half equalize\" style=\"height: 299px;\">\n<h3><a href=\"http:\/\/www.bctia.org\/\" rel=\"nofollow\" target=\"_blank\">BC TIA<\/a><\/h3>\n<p><a href=\"http:\/\/www.bctia.org\/\" rel=\"nofollow\" target=\"_blank\"><img loading=\"lazy\" decoding=\"async\" class=\"alignleft\" src=\"\/img\/bctia_logo.gif\" alt=\"BC TIA\" width=\"100\" height=\"58\" \/><\/a><\/p>\n<p>Die BC Technology Industries Association (BC TIA) ist eine gemeinn\u00fctzige, von den Mitgliedern finanzierte Organisation, die die Technologiebranche British Columbias repr\u00e4sentiert. Zu den vielf\u00e4ltigen Mitgliedern geh\u00f6ren Unternehmen aller Technologiesektoren British Columbias, von den renommiertesten Technologieunternehmen bis hin zu jungen sowie kleinen und mittelst\u00e4ndischen Unternehmen. Als regional gr\u00f6\u00dfter und einflussreichster Technologieverband bietet die BC TIA F\u00fchrungskompetenzen, Kontakte und Ma\u00dfnahmen zur F\u00f6rderung des stetigen Wachstums und des Erfolgs der Technologiebranche in British Columbia.<\/p>\n<p>&nbsp;<\/p>\n<\/div>\n<div class=\"one-half equalize\" style=\"height: 299px;\">\n<h3><a href=\"http:\/\/www.cosn.org\/\" rel=\"nofollow\" target=\"_blank\">CoSN<\/a><\/h3>\n<p><a href=\"http:\/\/www.cosn.org\/\" rel=\"nofollow\" target=\"_blank\"><img loading=\"lazy\" decoding=\"async\" class=\"alignleft\" src=\"\/img\/CoSN_logo.jpg\" alt=\"CoSN\" width=\"79\" height=\"80\" \/><\/a><\/p>\n<p>Das Consortium for School Networking (CoSN) ist eine nationale gemeinn\u00fctzige Organisation und die tonangebende Stimme der f\u00fchrenden Bildungstechnologie. Ziel der CoSN ist es, als nationale Organisation der K12-Technologief\u00fchrer aufzutreten, die Technologien strategisch einsetzen, um das Lernen kontinuierlich zu verbessern.<\/p>\n<p>&nbsp;<\/p>\n<\/div>\n<div class=\"one-half equalize\" style=\"height: 299px;\">\n<h3><a href=\"http:\/\/www.ssda.org\/\" rel=\"nofollow\" target=\"_blank\">SSDA<\/a><\/h3>\n<p><a href=\"http:\/\/www.ssda.org\/\" rel=\"nofollow\" target=\"_blank\"><img loading=\"lazy\" decoding=\"async\" class=\"alignleft\" src=\"\/img\/ssda.jpg\" alt=\"SSDA\" width=\"137\" height=\"35\" \/><\/a><\/p>\n<p>Die Small School Districts\u2019 Association of California wurde 1983 gegr\u00fcndet, um f\u00fcr die Interessen, das Wohlergehen und die besonderen Anforderungen kleinerer kalifornischer Schulbezirke einzutreten. Die SSDA ist eine wachsende Organisation mit \u00fcber 500 mittelgro\u00dfen Schulbezirken und besteht aus einer Fachgruppe von Verwaltungsr\u00e4ten und Leitern kleinerer Bezirke. Faronics ist stolz, Platinum Member der SSDA sein und dar\u00fcber hinaus zu den Unternehmen zu geh\u00f6ren, die sich zusammen mit den Schulen daf\u00fcr einsetzen, dass die Bildung heute verbessert wird und eine bessere Zukunft hat.<\/p>\n<p>&nbsp;<\/p>\n<\/div>\n<p>&nbsp;<\/p>\n<\/div>\n<p>&nbsp;<\/p>\n<\/div>\n","protected":false},"excerpt":{"rendered":"<div class=\"container\">\n<div id=\"alliance-slider\"> Partnerschaften <\/p>\n<div class=\"alliance-container-wrap\" style=\"width: 600px; height: 320px; overflow: hidden;\">\n<div class=\"alliance-container clearfix\" style=\"position: absolute; top: 0px; left: 0px; display: block; z-index: 5; opacity: 1;\">\n<div class=\"alliance-left\"><img loading=\"lazy\" decoding=\"async\" src=\"\/img\/affiliations-climate.png\" alt=\"\" width=\"140\" height=\"100\" \/> <a href=\"http:\/\/www.climatesaverscomputing.org\/\" rel=\"nofollow\" target=\"_blank\">www.climatesaverscomputing.org<\/a><\/div>\n<div class=\"alliance-right\">\n<p class=\"alliance-title\">Climate Savers Computing<\/p>\n<p class=\"alliance-copy\">Faronics wird von der Climate Savers Computing Initiative f\u00fcr seinen effektiven Beitrag zur Verringerung der in Unternehmen durch Computer verursachten Energieverschwendung anerkannt. Ziel der Climate Savers Computing Initiative ist es, die Entwicklung, Implementierung und Einf\u00fchrung von intelligenten Technologien zu f\u00f6rdern, die sowohl die Leistungseffizienz eines Computers verbessern als auch den Stromverbrauch senken, wenn der Computer inaktiv ist.<\/p>\n<\/p><\/div>\n<\/p><\/div>\n<div class=\"alliance-container clearfix\" style=\"position: absolute; top: 0px; left: 0px; display: none; z-index: 3;\">\n<div class=\"alliance-left\"><img loading=\"lazy\" decoding=\"async\" src=\"\/img\/affiliations-novell.png\" alt=\"\" width=\"110\" height=\"190\" \/> <a href=\"http:\/\/www.novell.com\/\" rel=\"nofollow\" target=\"_blank\">www.novell.com<\/a><\/div>\n<div class=\"alliance-right\">\n<p class=\"alliance-title\">Novell PartnerNet<\/p>\n<p class=\"alliance-copy\">Mit seinen Open Enterprise Solutions versorgt Novell den Markt mit einer \u00fcberzeugenden Vision. In Form einer flexiblen Kombination aus Open-Source-L\u00f6sungen und propriet\u00e4ren Technologien bieten wir Infrastruktursoftware und -dienstleistungen auf Unternehmensniveau. Als unabh\u00e4ngiger Softwareanbieter (Independent Software Vendor, ISV) unabh\u00e4ngiger Hardwareanbieter (Independent Hardware Vendor, IHV) und Systemhersteller bietet Faronics komplement\u00e4re Technologien und Dienstleistungen, die die L\u00f6sungen der Kunden so erg\u00e4nzen, dass diese erfolgreich sein k\u00f6nnen.<\/p>\n<p>&nbsp;<\/p>\n<\/p><\/div>\n<\/p><\/div>\n<div class=\"alliance-container clearfix\" style=\"position: absolute; top: 0px; left: 0px; display: none; z-index: 2;\">\n<div class=\"alliance-left\"><img loading=\"lazy\" decoding=\"async\" src=\"\/img\/affiliations-lan.png\" alt=\"\" width=\"140\" height=\"76\" \/> <a href=\"http:\/\/www.landesk.com\/\" rel=\"nofollow\" target=\"_blank\">www.landesk.com<\/a><\/div>\n<div class=\"alliance-right\">\n<p class=\"alliance-title\">LANDesk<\/p>\n<p class=\"alliance-copy\">Die LANDesk\u00ae Solution Alliance ist ein exklusives Programm, in dessen Rahmen ausgew\u00e4hlte LANDesk\u00ae-Solution-Alliance-Partner wertvolle <\/p>\n<div class=\"more\"><a href=\"https:\/\/www.faronics.com\/de\/company_de\/affiliations_de\">Continue Reading&#8230;<\/a><\/div>\n","protected":false},"author":50,"featured_media":0,"parent":20358,"menu_order":0,"comment_status":"open","ping_status":"closed","template":"page-template-affiliations.php","meta":{"_acf_changed":false,"inline_featured_image":false,"footnotes":""},"class_list":["post-20534","page","type-page","status-publish","hentry"],"acf":[],"yoast_head":"<!-- This site is optimized with the Yoast SEO Premium plugin v27.5 (Yoast SEO v27.5) - https:\/\/yoast.com\/product\/yoast-seo-premium-wordpress\/ -->\n<title>Affiliations - Faronics<\/title>\n<meta name=\"description\" content=\"Partnerschaften www.climatesaverscomputing.org Climate Savers Computing Faronics wird von der Climate Savers Computing Initiative f\u00fcr seinen effektiven\" \/>\n<meta name=\"robots\" content=\"index, follow, max-snippet:-1, max-image-preview:large, max-video-preview:-1\" \/>\n<link rel=\"canonical\" href=\"https:\/\/www.faronics.com\/de\/company_de\/affiliations_de\" \/>\n<meta property=\"og:locale\" content=\"de_DE\" \/>\n<meta property=\"og:type\" content=\"article\" \/>\n<meta property=\"og:title\" content=\"Affiliations\" \/>\n<meta property=\"og:description\" content=\"Partnerschaften www.climatesaverscomputing.org Climate Savers Computing Faronics wird von der Climate Savers Computing Initiative f\u00fcr seinen effektiven\" \/>\n<meta property=\"og:url\" content=\"https:\/\/www.faronics.com\/de\/company_de\/affiliations_de\" \/>\n<meta property=\"og:site_name\" content=\"Faronics\" \/>\n<meta property=\"article:publisher\" content=\"https:\/\/www.facebook.com\/faronics\" \/>\n<meta property=\"article:modified_time\" content=\"2011-11-01T17:07:14+00:00\" \/>\n<meta property=\"og:image\" content=\"https:\/\/www.faronics.com\/img\/affiliations-climate.png\" \/>\n<meta name=\"twitter:card\" content=\"summary_large_image\" \/>\n<meta name=\"twitter:site\" content=\"@faronics\" \/>\n<meta name=\"twitter:label1\" content=\"Gesch\u00e4tzte Lesezeit\" \/>\n\t<meta name=\"twitter:data1\" content=\"3\u00a0Minuten\" \/>\n<script type=\"application\/ld+json\" class=\"yoast-schema-graph\">{\"@context\":\"https:\\\/\\\/schema.org\",\"@graph\":[{\"@type\":\"WebPage\",\"@id\":\"https:\\\/\\\/www.faronics.com\\\/de\\\/company_de\\\/affiliations_de\",\"url\":\"https:\\\/\\\/www.faronics.com\\\/de\\\/company_de\\\/affiliations_de\",\"name\":\"Affiliations - Faronics\",\"isPartOf\":{\"@id\":\"https:\\\/\\\/www.faronics.com\\\/de#website\"},\"datePublished\":\"2011-08-10T17:09:34+00:00\",\"dateModified\":\"2011-11-01T17:07:14+00:00\",\"description\":\"Partnerschaften www.climatesaverscomputing.org Climate Savers Computing Faronics wird von der Climate Savers Computing Initiative f\u00fcr seinen effektiven\",\"breadcrumb\":{\"@id\":\"https:\\\/\\\/www.faronics.com\\\/de\\\/company_de\\\/affiliations_de#breadcrumb\"},\"inLanguage\":\"de\",\"potentialAction\":[{\"@type\":\"ReadAction\",\"target\":[\"https:\\\/\\\/www.faronics.com\\\/de\\\/company_de\\\/affiliations_de\"]}]},{\"@type\":\"BreadcrumbList\",\"@id\":\"https:\\\/\\\/www.faronics.com\\\/de\\\/company_de\\\/affiliations_de#breadcrumb\",\"itemListElement\":[{\"@type\":\"ListItem\",\"position\":1,\"name\":\"Home\",\"item\":\"https:\\\/\\\/www.faronics.com\\\/de\"},{\"@type\":\"ListItem\",\"position\":2,\"name\":\"Unternehmen\",\"item\":\"https:\\\/\\\/www.faronics.com\\\/de\\\/company_de\"},{\"@type\":\"ListItem\",\"position\":3,\"name\":\"Affiliations\",\"item\":\"https:\\\/\\\/www.faronics.com\\\/de\\\/affiliations\\\/\"}]},{\"@type\":\"WebSite\",\"@id\":\"https:\\\/\\\/www.faronics.com\\\/de#website\",\"url\":\"https:\\\/\\\/www.faronics.com\\\/de\",\"name\":\"Faronics\",\"description\":\"Ausgangspunkt von Deep Freeze und anderen Sicherheitsl\u00f6sungen\",\"publisher\":{\"@id\":\"https:\\\/\\\/www.faronics.com\\\/de#organization\"},\"potentialAction\":[{\"@type\":\"SearchAction\",\"target\":{\"@type\":\"EntryPoint\",\"urlTemplate\":\"https:\\\/\\\/www.faronics.com\\\/de?s={search_term_string}\"},\"query-input\":{\"@type\":\"PropertyValueSpecification\",\"valueRequired\":true,\"valueName\":\"search_term_string\"}}],\"inLanguage\":\"de\"},{\"@type\":\"Organization\",\"@id\":\"https:\\\/\\\/www.faronics.com\\\/de#organization\",\"name\":\"Faronics\",\"url\":\"https:\\\/\\\/www.faronics.com\\\/de\",\"logo\":{\"@type\":\"ImageObject\",\"inLanguage\":\"de\",\"@id\":\"https:\\\/\\\/www.faronics.com\\\/de#\\\/schema\\\/logo\\\/image\\\/\",\"url\":\"https:\\\/\\\/www.faronics.com\\\/assets\\\/footer-faronics-logo.png\",\"contentUrl\":\"https:\\\/\\\/www.faronics.com\\\/assets\\\/footer-faronics-logo.png\",\"width\":155,\"height\":44,\"caption\":\"Faronics\"},\"image\":{\"@id\":\"https:\\\/\\\/www.faronics.com\\\/de#\\\/schema\\\/logo\\\/image\\\/\"},\"sameAs\":[\"https:\\\/\\\/www.facebook.com\\\/faronics\",\"https:\\\/\\\/x.com\\\/faronics\"]}]}<\/script>\n<!-- \/ Yoast SEO Premium plugin. -->","yoast_head_json":{"title":"Affiliations - Faronics","description":"Partnerschaften www.climatesaverscomputing.org Climate Savers Computing Faronics wird von der Climate Savers Computing Initiative f\u00fcr seinen effektiven","robots":{"index":"index","follow":"follow","max-snippet":"max-snippet:-1","max-image-preview":"max-image-preview:large","max-video-preview":"max-video-preview:-1"},"canonical":"https:\/\/www.faronics.com\/de\/company_de\/affiliations_de","og_locale":"de_DE","og_type":"article","og_title":"Affiliations","og_description":"Partnerschaften www.climatesaverscomputing.org Climate Savers Computing Faronics wird von der Climate Savers Computing Initiative f\u00fcr seinen effektiven","og_url":"https:\/\/www.faronics.com\/de\/company_de\/affiliations_de","og_site_name":"Faronics","article_publisher":"https:\/\/www.facebook.com\/faronics","article_modified_time":"2011-11-01T17:07:14+00:00","og_image":[{"url":"https:\/\/www.faronics.com\/img\/affiliations-climate.png","type":"","width":"","height":""}],"twitter_card":"summary_large_image","twitter_site":"@faronics","twitter_misc":{"Gesch\u00e4tzte Lesezeit":"3\u00a0Minuten"},"schema":{"@context":"https:\/\/schema.org","@graph":[{"@type":"WebPage","@id":"https:\/\/www.faronics.com\/de\/company_de\/affiliations_de","url":"https:\/\/www.faronics.com\/de\/company_de\/affiliations_de","name":"Affiliations - Faronics","isPartOf":{"@id":"https:\/\/www.faronics.com\/de#website"},"datePublished":"2011-08-10T17:09:34+00:00","dateModified":"2011-11-01T17:07:14+00:00","description":"Partnerschaften www.climatesaverscomputing.org Climate Savers Computing Faronics wird von der Climate Savers Computing Initiative f\u00fcr seinen effektiven","breadcrumb":{"@id":"https:\/\/www.faronics.com\/de\/company_de\/affiliations_de#breadcrumb"},"inLanguage":"de","potentialAction":[{"@type":"ReadAction","target":["https:\/\/www.faronics.com\/de\/company_de\/affiliations_de"]}]},{"@type":"BreadcrumbList","@id":"https:\/\/www.faronics.com\/de\/company_de\/affiliations_de#breadcrumb","itemListElement":[{"@type":"ListItem","position":1,"name":"Home","item":"https:\/\/www.faronics.com\/de"},{"@type":"ListItem","position":2,"name":"Unternehmen","item":"https:\/\/www.faronics.com\/de\/company_de"},{"@type":"ListItem","position":3,"name":"Affiliations","item":"https:\/\/www.faronics.com\/de\/affiliations\/"}]},{"@type":"WebSite","@id":"https:\/\/www.faronics.com\/de#website","url":"https:\/\/www.faronics.com\/de","name":"Faronics","description":"Ausgangspunkt von Deep Freeze und anderen Sicherheitsl\u00f6sungen","publisher":{"@id":"https:\/\/www.faronics.com\/de#organization"},"potentialAction":[{"@type":"SearchAction","target":{"@type":"EntryPoint","urlTemplate":"https:\/\/www.faronics.com\/de?s={search_term_string}"},"query-input":{"@type":"PropertyValueSpecification","valueRequired":true,"valueName":"search_term_string"}}],"inLanguage":"de"},{"@type":"Organization","@id":"https:\/\/www.faronics.com\/de#organization","name":"Faronics","url":"https:\/\/www.faronics.com\/de","logo":{"@type":"ImageObject","inLanguage":"de","@id":"https:\/\/www.faronics.com\/de#\/schema\/logo\/image\/","url":"https:\/\/www.faronics.com\/assets\/footer-faronics-logo.png","contentUrl":"https:\/\/www.faronics.com\/assets\/footer-faronics-logo.png","width":155,"height":44,"caption":"Faronics"},"image":{"@id":"https:\/\/www.faronics.com\/de#\/schema\/logo\/image\/"},"sameAs":["https:\/\/www.facebook.com\/faronics","https:\/\/x.com\/faronics"]}]}},"_links":{"self":[{"href":"https:\/\/www.faronics.com\/de\/wp-json\/wp\/v2\/pages\/20534","targetHints":{"allow":["GET"]}}],"collection":[{"href":"https:\/\/www.faronics.com\/de\/wp-json\/wp\/v2\/pages"}],"about":[{"href":"https:\/\/www.faronics.com\/de\/wp-json\/wp\/v2\/types\/page"}],"author":[{"embeddable":true,"href":"https:\/\/www.faronics.com\/de\/wp-json\/wp\/v2\/users\/50"}],"replies":[{"embeddable":true,"href":"https:\/\/www.faronics.com\/de\/wp-json\/wp\/v2\/comments?post=20534"}],"version-history":[{"count":0,"href":"https:\/\/www.faronics.com\/de\/wp-json\/wp\/v2\/pages\/20534\/revisions"}],"up":[{"embeddable":true,"href":"https:\/\/www.faronics.com\/de\/wp-json\/wp\/v2\/pages\/20358"}],"wp:attachment":[{"href":"https:\/\/www.faronics.com\/de\/wp-json\/wp\/v2\/media?parent=20534"}],"curies":[{"name":"wp","href":"https:\/\/api.w.org\/{rel}","templated":true}]}}