{"id":20358,"date":"2011-08-10T10:08:08","date_gmt":"2011-08-10T17:08:08","guid":{"rendered":"https:\/\/www.faronics.com\/?page_id=20358"},"modified":"2024-03-04T05:59:24","modified_gmt":"2024-03-04T13:59:24","slug":"company_de","status":"publish","type":"page","link":"https:\/\/www.faronics.com\/de\/company_de","title":{"rendered":"Unternehmen"},"content":{"rendered":"<p>Unsere Produkte gew\u00e4hrleisten die hundertprozentige Workstation-Verf\u00fcgbarkeit und befreien die IT-Mitarbeiter von l\u00e4stigen Support-Aufgaben und Softwareproblemen.\u00a0Bildungs- und Gesundheitseinrichtungen sowie Bibliotheken, Beh\u00f6rden und Unternehmen profitieren von den technologischen Innovationen von Faronics und dem kundenorientierten Ansatz unseres Unternehmens.<\/p>\n<p>Faronics Deep Freeze senkt die IT-Kosten und -Anfragen, indem es die Konfigurationen der Computer sichert. Faronics Anti-Executable beugt nicht autorisierter Software vor, w\u00e4hrend Faronics Anti-Virus einen leistungsstarken Endpoint-Schutz vor Malware bietet. Faronics Power Save senkt mithilfe einer intelligenten Energieverwaltung die Stromkosten, und System Profiler erfasst und speichert detaillierte Informationen \u00fcber die verwendeten Workstations.\u00a0Zu guter Letzt erm\u00f6glicht Insight die vollst\u00e4ndige Kontrolle \u00fcber Computer in Unterrichtsr\u00e4umen, und Faronics WINSelect bietet den IT-Administratoren die M\u00f6glichkeit, den Zugriff auf Anwendungen, Websites, Programme und Men\u00fcoptionen anzupassen.<\/p>\n<h2>Softwareentwicklung<\/h2>\n<p>Als kundenorientiertes Unternehmen legen wir bei Faronics Wert darauf, unsere Produkte in enger Absprache mit unseren Endbenutzern zu erforschen und zu entwickeln.\u00a0Wir wissen die Ideen und Vorschl\u00e4ge unserer Kunden zu sch\u00e4tzen und sind bei der Entwicklung von Produkten, auf die sich die Benutzer verlassen k\u00f6nnen, auf dieses Feedback angewiesen.\u00a0Dieser Ansatz bildet die Basis f\u00fcr die branchenf\u00fchrende Kundenservicestrategie, mit der Faronics bestrebt ist, langfristige Kundenbeziehungen aufzubauen und zu pflegen.<\/p>\n<h2>Partnerschaften<\/h2>\n<p>Bei Faronics arbeiten wir eng mit verschiedenen Branchenorganisationen und -instanzen zusammen, um Informationen auszutauschen, auf gemeinsame Ziele ausgerichtete Anstrengungen zu koordinieren und beste Verfahren zu etablieren.<br \/>\n<a href=\"https:\/\/www.faronics.com\/de\/company_de\/affiliations_de#climatesavers\"><img loading=\"lazy\" decoding=\"async\" class=\"alignnone size-full wp-image-926\" style=\"margin-left: 100px; margin-right: 50px;\" title=\"climatesavers\" src=\"\/assets\/climatesavers.png\" alt=\"\" width=\"99\" height=\"73\" \/><\/a><a href=\"https:\/\/www.faronics.com\/de\/company_de\/affiliations_de#microsoft\"><img loading=\"lazy\" decoding=\"async\" class=\"alignnone size-full wp-image-931\" style=\"margin-left: 50px; margin-right: 50px;\" title=\"microsoft\" src=\"\/assets\/microsoft.gif\" alt=\"\" width=\"100\" height=\"52\" \/><\/a><a href=\"https:\/\/www.faronics.com\/company_de\/affiliations_de\/#LANdesk\"><img loading=\"lazy\" decoding=\"async\" class=\"alignnone size-full wp-image-930\" style=\"margin-left: 50px; margin-right: 50px;\" title=\"LANDesk2\" src=\"\/assets\/LANDesk2.gif\" alt=\"\" width=\"103\" height=\"46\" \/><\/a>\/a&gt;<\/p>\n<h2>Mitgliedschaften<\/h2>\n<p>Faronics ist stolzes Mitglied der folgenden Organisationen.\u00a0Wir unterst\u00fctzen deren Leitbilder und unser gemeinsames Ziel liegt in der Weiterentwicklung der Technologien zum Vorteil der Anwender. Wir sch\u00e4tzen unsere Beziehungen zu diesen Organisationen und werden weiter daran arbeiten, uns mit der technologischen Gemeinschaft zu vernetzen.<\/p>\n<p><a href=\"https:\/\/www.faronics.com\/de\/company_de\/affiliations_de#iste\"><img loading=\"lazy\" decoding=\"async\" class=\"alignleft size-full wp-image-929\" style=\"margin-left: 100px; margin-right: 20px;\" title=\"iste_logo\" src=\"\/assets\/iste_logo.gif\" alt=\"\" width=\"100\" height=\"56\" \/><\/a><a href=\"https:\/\/www.faronics.com\/de\/company_de\/affiliations_de#educause\"><img loading=\"lazy\" decoding=\"async\" class=\"alignleft size-full wp-image-928\" style=\"margin-left: 20px; margin-right: 20px;\" title=\"educause_logo\" src=\"\/assets\/educause_logo.jpg\" alt=\"\" width=\"100\" height=\"62\" \/><\/a><a href=\"https:\/\/www.faronics.com\/de\/company_de\/affiliations_de#bctia\"><img loading=\"lazy\" decoding=\"async\" class=\"alignleft size-full wp-image-925\" style=\"margin-left: 20px; margin-right: 20px;\" title=\"bctia_logo\" src=\"\/assets\/bctia_logo.gif\" alt=\"\" width=\"100\" height=\"58\" \/><\/a><a href=\"https:\/\/www.faronics.com\/de\/company_de\/affiliations_de#CoSN\"><img loading=\"lazy\" decoding=\"async\" class=\"alignleft size-full wp-image-927\" style=\"margin-left: 20px; margin-right: 20px;\" title=\"CoSN_logo\" src=\"\/assets\/CoSN_logo.jpg\" alt=\"\" width=\"79\" height=\"80\" \/><\/a><\/p>\n","protected":false},"excerpt":{"rendered":"<p>Unsere Produkte gew\u00e4hrleisten die hundertprozentige Workstation-Verf\u00fcgbarkeit und befreien die IT-Mitarbeiter von l\u00e4stigen Support-Aufgaben und Softwareproblemen.\u00a0Bildungs- und Gesundheitseinrichtungen sowie Bibliotheken, Beh\u00f6rden und Unternehmen profitieren von den technologischen Innovationen von Faronics und dem kundenorientierten Ansatz unseres Unternehmens.<\/p>\n<p>Faronics Deep Freeze senkt die IT-Kosten und -Anfragen, indem es die Konfigurationen der Computer sichert. Faronics Anti-Executable beugt nicht autorisierter Software vor, w\u00e4hrend Faronics Anti-Virus einen leistungsstarken Endpoint-Schutz vor Malware bietet. Faronics Power Save senkt mithilfe einer intelligenten Energieverwaltung die Stromkosten, und System Profiler erfasst und speichert detaillierte Informationen \u00fcber die verwendeten Workstations.\u00a0Zu guter Letzt erm\u00f6glicht Insight die vollst\u00e4ndige Kontrolle \u00fcber Computer in Unterrichtsr\u00e4umen, und Faronics WINSelect bietet den IT-Administratoren die M\u00f6glichkeit, den Zugriff auf Anwendungen, Websites, Programme und Men\u00fcoptionen anzupassen.<\/p>\n<p> Softwareentwicklung <\/p>\n<p>Als kundenorientiertes Unternehmen legen wir bei Faronics Wert darauf, unsere Produkte in enger Absprache mit unseren Endbenutzern zu erforschen und zu entwickeln.\u00a0Wir wissen die Ideen und Vorschl\u00e4ge unserer Kunden zu sch\u00e4tzen und sind bei der Entwicklung von Produkten, auf die sich die Benutzer verlassen k\u00f6nnen, auf dieses Feedback angewiesen.\u00a0Dieser Ansatz bildet die Basis f\u00fcr die branchenf\u00fchrende Kundenservicestrategie, mit der Faronics bestrebt ist, langfristige Kundenbeziehungen aufzubauen und zu pflegen.<\/p>\n<p> Partnerschaften <\/p>\n<p>Bei Faronics arbeiten wir eng mit verschiedenen Branchenorganisationen und -instanzen zusammen, um Informationen auszutauschen, auf gemeinsame Ziele ausgerichtete Anstrengungen zu koordinieren und beste Verfahren zu etablieren. <a href=\"https:\/\/www.faronics.com\/de\/company_de\/affiliations_de#climatesavers\"><img loading=\"lazy\" decoding=\"async\" class=\"alignnone size-full wp-image-926\" style=\"margin-left: 100px; margin-right: 50px;\" title=\"climatesavers\" src=\"\/assets\/climatesavers.png\" alt=\"\" width=\"99\" height=\"73\" \/><\/a><a href=\"https:\/\/www.faronics.com\/de\/company_de\/affiliations_de#microsoft\"><img loading=\"lazy\" decoding=\"async\" class=\"alignnone size-full wp-image-931\" style=\"margin-left: 50px; margin-right: 50px;\" title=\"microsoft\" src=\"\/assets\/microsoft.gif\" alt=\"\" width=\"100\" height=\"52\" \/><\/a><a href=\"https:\/\/www.faronics.com\/company_de\/affiliations_de\/#LANdesk\"><img loading=\"lazy\" decoding=\"async\" class=\"alignnone size-full \n\n<div class=\"more\"><a href=\"https:\/\/www.faronics.com\/de\/company_de\">Continue Reading&#8230;<\/a><\/div>\n","protected":false},"author":50,"featured_media":0,"parent":0,"menu_order":0,"comment_status":"open","ping_status":"closed","template":"page-template-with-sidebar.php","meta":{"_acf_changed":false,"inline_featured_image":false,"footnotes":""},"class_list":["post-20358","page","type-page","status-publish","hentry"],"acf":[],"yoast_head":"<!-- This site is optimized with the Yoast SEO Premium plugin v27.4 (Yoast SEO v27.4) - https:\/\/yoast.com\/product\/yoast-seo-premium-wordpress\/ -->\n<title>Unternehmen - Faronics<\/title>\n<meta name=\"description\" content=\"Unsere Produkte gew\u00e4hrleisten die hundertprozentige Workstation-Verf\u00fcgbarkeit und befreien die IT-Mitarbeiter von l\u00e4stigen Support-Aufgaben und\" \/>\n<meta name=\"robots\" content=\"index, follow, max-snippet:-1, max-image-preview:large, max-video-preview:-1\" \/>\n<link rel=\"canonical\" href=\"https:\/\/www.faronics.com\/de\/company_de\" \/>\n<meta property=\"og:locale\" content=\"de_DE\" \/>\n<meta property=\"og:type\" content=\"article\" \/>\n<meta property=\"og:title\" content=\"Unternehmen\" \/>\n<meta property=\"og:description\" content=\"Unsere Produkte gew\u00e4hrleisten die hundertprozentige Workstation-Verf\u00fcgbarkeit und befreien die IT-Mitarbeiter von l\u00e4stigen Support-Aufgaben und\" \/>\n<meta property=\"og:url\" content=\"https:\/\/www.faronics.com\/de\/company_de\" \/>\n<meta property=\"og:site_name\" content=\"Faronics\" \/>\n<meta property=\"article:publisher\" content=\"https:\/\/www.facebook.com\/faronics\" \/>\n<meta property=\"article:modified_time\" content=\"2024-03-04T13:59:24+00:00\" \/>\n<meta name=\"twitter:card\" content=\"summary_large_image\" \/>\n<meta name=\"twitter:site\" content=\"@faronics\" \/>\n<meta name=\"twitter:label1\" content=\"Gesch\u00e4tzte Lesezeit\" \/>\n\t<meta name=\"twitter:data1\" content=\"3\u00a0Minuten\" \/>\n<script type=\"application\/ld+json\" class=\"yoast-schema-graph\">{\"@context\":\"https:\\\/\\\/schema.org\",\"@graph\":[{\"@type\":\"WebPage\",\"@id\":\"https:\\\/\\\/www.faronics.com\\\/de\\\/company_de\",\"url\":\"https:\\\/\\\/www.faronics.com\\\/de\\\/company_de\",\"name\":\"Unternehmen - Faronics\",\"isPartOf\":{\"@id\":\"https:\\\/\\\/www.faronics.com\\\/de#website\"},\"datePublished\":\"2011-08-10T17:08:08+00:00\",\"dateModified\":\"2024-03-04T13:59:24+00:00\",\"description\":\"Unsere Produkte gew\u00e4hrleisten die hundertprozentige Workstation-Verf\u00fcgbarkeit und befreien die IT-Mitarbeiter von l\u00e4stigen Support-Aufgaben und\",\"breadcrumb\":{\"@id\":\"https:\\\/\\\/www.faronics.com\\\/de\\\/company_de#breadcrumb\"},\"inLanguage\":\"de\",\"potentialAction\":[{\"@type\":\"ReadAction\",\"target\":[\"https:\\\/\\\/www.faronics.com\\\/de\\\/company_de\"]}]},{\"@type\":\"BreadcrumbList\",\"@id\":\"https:\\\/\\\/www.faronics.com\\\/de\\\/company_de#breadcrumb\",\"itemListElement\":[{\"@type\":\"ListItem\",\"position\":1,\"name\":\"Home\",\"item\":\"https:\\\/\\\/www.faronics.com\\\/de\"},{\"@type\":\"ListItem\",\"position\":2,\"name\":\"Unternehmen\",\"item\":\"https:\\\/\\\/www.faronics.com\\\/de\\\/unternehmen\\\/\"}]},{\"@type\":\"WebSite\",\"@id\":\"https:\\\/\\\/www.faronics.com\\\/de#website\",\"url\":\"https:\\\/\\\/www.faronics.com\\\/de\",\"name\":\"Faronics\",\"description\":\"Ausgangspunkt von Deep Freeze und anderen Sicherheitsl\u00f6sungen\",\"publisher\":{\"@id\":\"https:\\\/\\\/www.faronics.com\\\/de#organization\"},\"potentialAction\":[{\"@type\":\"SearchAction\",\"target\":{\"@type\":\"EntryPoint\",\"urlTemplate\":\"https:\\\/\\\/www.faronics.com\\\/de?s={search_term_string}\"},\"query-input\":{\"@type\":\"PropertyValueSpecification\",\"valueRequired\":true,\"valueName\":\"search_term_string\"}}],\"inLanguage\":\"de\"},{\"@type\":\"Organization\",\"@id\":\"https:\\\/\\\/www.faronics.com\\\/de#organization\",\"name\":\"Faronics\",\"url\":\"https:\\\/\\\/www.faronics.com\\\/de\",\"logo\":{\"@type\":\"ImageObject\",\"inLanguage\":\"de\",\"@id\":\"https:\\\/\\\/www.faronics.com\\\/de#\\\/schema\\\/logo\\\/image\\\/\",\"url\":\"https:\\\/\\\/www.faronics.com\\\/assets\\\/footer-faronics-logo.png\",\"contentUrl\":\"https:\\\/\\\/www.faronics.com\\\/assets\\\/footer-faronics-logo.png\",\"width\":155,\"height\":44,\"caption\":\"Faronics\"},\"image\":{\"@id\":\"https:\\\/\\\/www.faronics.com\\\/de#\\\/schema\\\/logo\\\/image\\\/\"},\"sameAs\":[\"https:\\\/\\\/www.facebook.com\\\/faronics\",\"https:\\\/\\\/x.com\\\/faronics\"]}]}<\/script>\n<!-- \/ Yoast SEO Premium plugin. -->","yoast_head_json":{"title":"Unternehmen - Faronics","description":"Unsere Produkte gew\u00e4hrleisten die hundertprozentige Workstation-Verf\u00fcgbarkeit und befreien die IT-Mitarbeiter von l\u00e4stigen Support-Aufgaben und","robots":{"index":"index","follow":"follow","max-snippet":"max-snippet:-1","max-image-preview":"max-image-preview:large","max-video-preview":"max-video-preview:-1"},"canonical":"https:\/\/www.faronics.com\/de\/company_de","og_locale":"de_DE","og_type":"article","og_title":"Unternehmen","og_description":"Unsere Produkte gew\u00e4hrleisten die hundertprozentige Workstation-Verf\u00fcgbarkeit und befreien die IT-Mitarbeiter von l\u00e4stigen Support-Aufgaben und","og_url":"https:\/\/www.faronics.com\/de\/company_de","og_site_name":"Faronics","article_publisher":"https:\/\/www.facebook.com\/faronics","article_modified_time":"2024-03-04T13:59:24+00:00","twitter_card":"summary_large_image","twitter_site":"@faronics","twitter_misc":{"Gesch\u00e4tzte Lesezeit":"3\u00a0Minuten"},"schema":{"@context":"https:\/\/schema.org","@graph":[{"@type":"WebPage","@id":"https:\/\/www.faronics.com\/de\/company_de","url":"https:\/\/www.faronics.com\/de\/company_de","name":"Unternehmen - Faronics","isPartOf":{"@id":"https:\/\/www.faronics.com\/de#website"},"datePublished":"2011-08-10T17:08:08+00:00","dateModified":"2024-03-04T13:59:24+00:00","description":"Unsere Produkte gew\u00e4hrleisten die hundertprozentige Workstation-Verf\u00fcgbarkeit und befreien die IT-Mitarbeiter von l\u00e4stigen Support-Aufgaben und","breadcrumb":{"@id":"https:\/\/www.faronics.com\/de\/company_de#breadcrumb"},"inLanguage":"de","potentialAction":[{"@type":"ReadAction","target":["https:\/\/www.faronics.com\/de\/company_de"]}]},{"@type":"BreadcrumbList","@id":"https:\/\/www.faronics.com\/de\/company_de#breadcrumb","itemListElement":[{"@type":"ListItem","position":1,"name":"Home","item":"https:\/\/www.faronics.com\/de"},{"@type":"ListItem","position":2,"name":"Unternehmen","item":"https:\/\/www.faronics.com\/de\/unternehmen\/"}]},{"@type":"WebSite","@id":"https:\/\/www.faronics.com\/de#website","url":"https:\/\/www.faronics.com\/de","name":"Faronics","description":"Ausgangspunkt von Deep Freeze und anderen Sicherheitsl\u00f6sungen","publisher":{"@id":"https:\/\/www.faronics.com\/de#organization"},"potentialAction":[{"@type":"SearchAction","target":{"@type":"EntryPoint","urlTemplate":"https:\/\/www.faronics.com\/de?s={search_term_string}"},"query-input":{"@type":"PropertyValueSpecification","valueRequired":true,"valueName":"search_term_string"}}],"inLanguage":"de"},{"@type":"Organization","@id":"https:\/\/www.faronics.com\/de#organization","name":"Faronics","url":"https:\/\/www.faronics.com\/de","logo":{"@type":"ImageObject","inLanguage":"de","@id":"https:\/\/www.faronics.com\/de#\/schema\/logo\/image\/","url":"https:\/\/www.faronics.com\/assets\/footer-faronics-logo.png","contentUrl":"https:\/\/www.faronics.com\/assets\/footer-faronics-logo.png","width":155,"height":44,"caption":"Faronics"},"image":{"@id":"https:\/\/www.faronics.com\/de#\/schema\/logo\/image\/"},"sameAs":["https:\/\/www.facebook.com\/faronics","https:\/\/x.com\/faronics"]}]}},"_links":{"self":[{"href":"https:\/\/www.faronics.com\/de\/wp-json\/wp\/v2\/pages\/20358","targetHints":{"allow":["GET"]}}],"collection":[{"href":"https:\/\/www.faronics.com\/de\/wp-json\/wp\/v2\/pages"}],"about":[{"href":"https:\/\/www.faronics.com\/de\/wp-json\/wp\/v2\/types\/page"}],"author":[{"embeddable":true,"href":"https:\/\/www.faronics.com\/de\/wp-json\/wp\/v2\/users\/50"}],"replies":[{"embeddable":true,"href":"https:\/\/www.faronics.com\/de\/wp-json\/wp\/v2\/comments?post=20358"}],"version-history":[{"count":3,"href":"https:\/\/www.faronics.com\/de\/wp-json\/wp\/v2\/pages\/20358\/revisions"}],"predecessor-version":[{"id":246584,"href":"https:\/\/www.faronics.com\/de\/wp-json\/wp\/v2\/pages\/20358\/revisions\/246584"}],"wp:attachment":[{"href":"https:\/\/www.faronics.com\/de\/wp-json\/wp\/v2\/media?parent=20358"}],"curies":[{"name":"wp","href":"https:\/\/api.w.org\/{rel}","templated":true}]}}