{"id":19178,"date":"2011-08-09T21:52:21","date_gmt":"2011-08-10T04:52:21","guid":{"rendered":"https:\/\/www.faronics.com\/?page_id=19178"},"modified":"2011-10-12T13:40:13","modified_gmt":"2011-10-12T20:40:13","slug":"solutions_de","status":"publish","type":"page","link":"https:\/\/www.faronics.com\/de\/solutions_de","title":{"rendered":"Solutions"},"content":{"rendered":"<h2><img loading=\"lazy\" decoding=\"async\" class=\"alignleft size-full wp-image-1508\" title=\"stock-photo-man-in-home-office-on-telephone-using-computer-and-smiling-15480721\" src=\"\/assets\/phone-homeoffice1.jpg\" alt=\"\" width=\"450\" height=\"321\" \/>Klein-\/Heimb\u00fcro<\/h2>\n<p>Der mehrschichtige Sicherheitsansatz von Faronics beschr\u00e4nkt sich nicht auf den Arbeitsplatz, sondern wurde so entwickelt, dass auch Heimb\u00fcro-Computer von einer Sicherheit auf Unternehmensniveau profitieren k\u00f6nnen, die sich Tausende von Schulen, Beh\u00f6rden, Gro\u00dfunternehmen und Unternehmer seit Jahren zu Nutze machen.<\/p>\n<p>Die Standardversionen der Sicherheitsprodukte von Faronics sind f\u00fcr bis zu 10 Computer ausgelegt. Sie sind einfach zu installieren, leicht instandzuhalten und bieten eine ausreichende Sicherheit, um Sie zu Hause bei der Arbeit selbst vor den modernsten Sicherheitsbedrohungen zu sch\u00fctzen.<\/p>\n<p><a class=\"continue-reading\" href=\"https:\/\/www.faronics.com\/?p=654\">Erfahren Sie mehr \u00fcber unsere Heimb\u00fcro-Sicherheitsprodukte \u2192<\/a><\/p>\n<p>&nbsp;<\/p>\n<p>&nbsp;<\/p>\n<p>&nbsp;<\/p>\n<p>&nbsp;<\/p>\n<p><img loading=\"lazy\" decoding=\"async\" class=\"alignright size-full wp-image-1512\" title=\"stock-photo-business-group-meeting-portrait-five-business-people-working-together-a-diverse-work-group-7704406\" src=\"\/assets\/meeting-smiles1.jpg\" alt=\"\" width=\"406\" height=\"470\" \/><\/p>\n<p>&nbsp;<\/p>\n<p>&nbsp;<\/p>\n<p>&nbsp;<\/p>\n<h2>Kleine und mittelst\u00e4ndische Unternehmen<\/h2>\n<p>Steigern Sie die Produktivit\u00e4t Ihrer Mitarbeiter und ersparen Sie ihnen mit dem mehrschichtigen Sicherheitsansatz von Faronics Scherereien mit langsamen, virenverseuchten Computern.<\/p>\n<p>Der mehrschichtige Sicherheitsansatz von Faronics wurde f\u00fcr kleine und mittelst\u00e4ndische Unternehmensumgebungen entwickelt, kombiniert Anti-Virus mit Anti-Executable und wehrt so die modernsten Sicherheitsbedrohungen ab, die das Internet f\u00fcr Sie bereith\u00e4lt, sodass Sie sich auf Ihre eigentlichen Aufgaben konzentrieren k\u00f6nnen.<\/p>\n<p><a class=\"continue-reading\" href=\"https:\/\/www.faronics.com\/?p=655\">Erfahren Sie mehr \u00fcber unsere L\u00f6sungen f\u00fcr kleine und mittelst\u00e4ndische Unternehmen \u2192<\/a><\/p>\n<p>&nbsp;<\/p>\n<p>&nbsp;<\/p>\n<p>&nbsp;<\/p>\n<p>&nbsp;<\/p>\n<p>&nbsp;<\/p>\n<p>&nbsp;<\/p>\n<p>&nbsp;<\/p>\n<p>&nbsp;<\/p>\n<p>&nbsp;<\/p>\n<p>&nbsp;<\/p>\n<p><img loading=\"lazy\" decoding=\"async\" class=\"alignleft size-full wp-image-1515\" title=\"stock-photo-southwestern-city-hall-4274083\" src=\"\/assets\/city-hall1.jpg\" alt=\"\" width=\"450\" height=\"300\" \/><\/p>\n<h2>Beh\u00f6rden<\/h2>\n<p>Beh\u00f6rdencomputer werden auf unterschiedlichste Art und Weise eingesetzt und ben\u00f6tigen eine Sicherheitssoftware, die flexibel genug ist, f\u00fcr alle Situationen ein branchenf\u00fchrendes Sicherheitsniveau zu bieten.<\/p>\n<p>Aus diesem Grund hat Faronics den mehrschichtigen Sicherheitsansatz entwickelt, der den t\u00e4glichen Computeranforderungen der Beh\u00f6rdenmitarbeiter gerecht wird, und mithilfe des durchweg mehrschichtigen Sicherheitsansatzes k\u00f6nnen \u00f6ffentlich zug\u00e4ngliche Computer voll und ganz gesch\u00fctzt werden. Beh\u00f6rden haben keine Zeit, um sich mit Sicherheitsproblemen zu besch\u00e4ftigen. Mit dem mehrschichtigen Sicherheitsansatz von Faronics m\u00fcssen Sie das auch nicht.<\/p>\n<p><a class=\"continue-reading\" href=\"https:\/\/www.faronics.com\/?p=657\">Erfahren Sie mehr \u00fcber unsere L\u00f6sungen f\u00fcr Beh\u00f6rden \u2192<\/a><\/p>\n<p>&nbsp;<\/p>\n<p>&nbsp;<\/p>\n<p>&nbsp;<\/p>\n<p>&nbsp;<\/p>\n<p>&nbsp;<\/p>\n<p><img loading=\"lazy\" decoding=\"async\" class=\"size-full wp-image-1516 alignright\" title=\"stock-photo-college-students-in-a-computer-lab-15566425\" src=\"\/assets\/girl-typing1.jpg\" alt=\"\" width=\"450\" height=\"300\" \/><\/p>\n<h2>Bildungswesen<\/h2>\n<p>Deep Freeze, der dritte Schutzwall des durchweg mehrschichtigen Sicherheitspakets, ist ein branchenf\u00fchrendes Tool zum Schutz von Schulcomputern vor allen erdenklichen Gefahren, das den Computer bei jedem Neustart in seinen urspr\u00fcnglichen Zustand zur\u00fcckversetzt.<\/p>\n<p>F\u00fcr Lehrer und Mitarbeiter, die darauf angewiesen sind, dass neue Dateien auch noch nach einem Neustart vorhanden sind, enth\u00e4lt das durchweg mehrschichtige Sicherheitspaket von Faronics Anti-Virus und Anti-Executable, und stellt so eine Sicherheitsl\u00f6sung zur Verf\u00fcgung, auf die Sie sich verlassen k\u00f6nnen.<\/p>\n<p>Lernen war nie sicherer.<\/p>\n<p><a class=\"continue-reading\" href=\"https:\/\/www.faronics.com\/?p=656\">Erfahren Sie mehr \u00fcber unsere L\u00f6sungen f\u00fcr das Bildungswesen \u2192<\/a><\/p>\n","protected":false},"excerpt":{"rendered":"<p><img loading=\"lazy\" decoding=\"async\" class=\"alignleft size-full wp-image-1508\" title=\"stock-photo-man-in-home-office-on-telephone-using-computer-and-smiling-15480721\" src=\"\/assets\/phone-homeoffice1.jpg\" alt=\"\" width=\"450\" height=\"321\" \/>Klein-\/Heimb\u00fcro <\/p>\n<p>Der mehrschichtige Sicherheitsansatz von Faronics beschr\u00e4nkt sich nicht auf den Arbeitsplatz, sondern wurde so entwickelt, dass auch Heimb\u00fcro-Computer von einer Sicherheit auf Unternehmensniveau profitieren k\u00f6nnen, die sich Tausende von Schulen, Beh\u00f6rden, Gro\u00dfunternehmen und Unternehmer seit Jahren zu Nutze machen.<\/p>\n<p>Die Standardversionen der Sicherheitsprodukte von Faronics sind f\u00fcr bis zu 10 Computer ausgelegt. Sie sind einfach zu installieren, leicht instandzuhalten und bieten eine ausreichende Sicherheit, um Sie zu Hause bei der Arbeit selbst vor den modernsten Sicherheitsbedrohungen zu sch\u00fctzen.<\/p>\n<p><a class=\"continue-reading\" href=\"https:\/\/www.faronics.com\/?p=654\">Erfahren Sie mehr \u00fcber unsere Heimb\u00fcro-Sicherheitsprodukte \u2192<\/a><\/p>\n<p>&nbsp;<\/p>\n<p>&nbsp;<\/p>\n<p>&nbsp;<\/p>\n<p>&nbsp;<\/p>\n<p><img loading=\"lazy\" decoding=\"async\" class=\"alignright size-full wp-image-1512\" title=\"stock-photo-business-group-meeting-portrait-five-business-people-working-together-a-diverse-work-group-7704406\" src=\"\/assets\/meeting-smiles1.jpg\" alt=\"\" width=\"406\" height=\"470\" \/><\/p>\n<p>&nbsp;<\/p>\n<p>&nbsp;<\/p>\n<p>&nbsp;<\/p>\n<p> Kleine und mittelst\u00e4ndische Unternehmen <\/p>\n<p>Steigern Sie die Produktivit\u00e4t Ihrer Mitarbeiter und ersparen Sie ihnen mit dem mehrschichtigen Sicherheitsansatz von Faronics Scherereien mit langsamen, virenverseuchten Computern.<\/p>\n<p>Der mehrschichtige Sicherheitsansatz von Faronics wurde f\u00fcr kleine und mittelst\u00e4ndische Unternehmensumgebungen entwickelt, kombiniert Anti-Virus mit Anti-Executable und wehrt so die modernsten Sicherheitsbedrohungen ab, die das Internet f\u00fcr Sie bereith\u00e4lt, sodass Sie sich auf Ihre eigentlichen Aufgaben konzentrieren k\u00f6nnen.<\/p>\n<p><a class=\"continue-reading\" href=\"https:\/\/www.faronics.com\/?p=655\">Erfahren Sie mehr \u00fcber unsere L\u00f6sungen f\u00fcr kleine und mittelst\u00e4ndische Unternehmen \u2192<\/a><\/p>\n<p>&nbsp;<\/p>\n<p>&nbsp;<\/p>\n<p>&nbsp;<\/p>\n<p>&nbsp;<\/p>\n<p>&nbsp;<\/p>\n<p>&nbsp;<\/p>\n<p>&nbsp;<\/p>\n<p>&nbsp;<\/p>\n<p>&nbsp;<\/p>\n<p>&nbsp;<\/p>\n<p><img loading=\"lazy\" decoding=\"async\" class=\"alignleft size-full wp-image-1515\" title=\"stock-photo-southwestern-city-hall-4274083\" src=\"\/assets\/city-hall1.jpg\" alt=\"\" width=\"450\" height=\"300\" \/><\/p>\n<p> Beh\u00f6rden <\/p>\n<p>Beh\u00f6rdencomputer werden auf unterschiedlichste Art und Weise eingesetzt und ben\u00f6tigen eine Sicherheitssoftware, die flexibel genug ist, f\u00fcr alle Situationen ein branchenf\u00fchrendes Sicherheitsniveau zu bieten.<\/p>\n<p>Aus diesem Grund hat Faronics den mehrschichtigen Sicherheitsansatz <\/p>\n<div class=\"more\"><a href=\"https:\/\/www.faronics.com\/de\/solutions_de\">Continue Reading&#8230;<\/a><\/div>\n","protected":false},"author":110,"featured_media":0,"parent":0,"menu_order":2,"comment_status":"open","ping_status":"closed","template":"page-full.php","meta":{"_acf_changed":false,"inline_featured_image":false,"footnotes":""},"class_list":["post-19178","page","type-page","status-publish","hentry"],"acf":[],"yoast_head":"<!-- This site is optimized with the Yoast SEO Premium plugin v27.5 (Yoast SEO v27.5) - https:\/\/yoast.com\/product\/yoast-seo-premium-wordpress\/ -->\n<title>Solutions - Faronics<\/title>\n<meta name=\"description\" content=\"Klein-\/Heimb\u00fcro Der mehrschichtige Sicherheitsansatz von Faronics beschr\u00e4nkt sich nicht auf den Arbeitsplatz, sondern wurde so entwickelt, dass auch\" \/>\n<meta name=\"robots\" content=\"index, follow, max-snippet:-1, max-image-preview:large, max-video-preview:-1\" \/>\n<link rel=\"canonical\" href=\"https:\/\/www.faronics.com\/de\/solutions_de\" \/>\n<meta property=\"og:locale\" content=\"de_DE\" \/>\n<meta property=\"og:type\" content=\"article\" \/>\n<meta property=\"og:title\" content=\"Solutions\" \/>\n<meta property=\"og:description\" content=\"Klein-\/Heimb\u00fcro Der mehrschichtige Sicherheitsansatz von Faronics beschr\u00e4nkt sich nicht auf den Arbeitsplatz, sondern wurde so entwickelt, dass auch\" \/>\n<meta property=\"og:url\" content=\"https:\/\/www.faronics.com\/de\/solutions_de\" \/>\n<meta property=\"og:site_name\" content=\"Faronics\" \/>\n<meta property=\"article:publisher\" content=\"https:\/\/www.facebook.com\/faronics\" \/>\n<meta property=\"article:modified_time\" content=\"2011-10-12T20:40:13+00:00\" \/>\n<meta property=\"og:image\" content=\"https:\/\/www.faronics.com\/assets\/phone-homeoffice1.jpg\" \/>\n<meta name=\"twitter:card\" content=\"summary_large_image\" \/>\n<meta name=\"twitter:site\" content=\"@faronics\" \/>\n<meta name=\"twitter:label1\" content=\"Gesch\u00e4tzte Lesezeit\" \/>\n\t<meta name=\"twitter:data1\" content=\"2\u00a0Minuten\" \/>\n<script type=\"application\/ld+json\" class=\"yoast-schema-graph\">{\"@context\":\"https:\\\/\\\/schema.org\",\"@graph\":[{\"@type\":\"WebPage\",\"@id\":\"https:\\\/\\\/www.faronics.com\\\/de\\\/solutions_de\",\"url\":\"https:\\\/\\\/www.faronics.com\\\/de\\\/solutions_de\",\"name\":\"Solutions - Faronics\",\"isPartOf\":{\"@id\":\"https:\\\/\\\/www.faronics.com\\\/de#website\"},\"datePublished\":\"2011-08-10T04:52:21+00:00\",\"dateModified\":\"2011-10-12T20:40:13+00:00\",\"description\":\"Klein-\\\/Heimb\u00fcro Der mehrschichtige Sicherheitsansatz von Faronics beschr\u00e4nkt sich nicht auf den Arbeitsplatz, sondern wurde so entwickelt, dass auch\",\"breadcrumb\":{\"@id\":\"https:\\\/\\\/www.faronics.com\\\/de\\\/solutions_de#breadcrumb\"},\"inLanguage\":\"de\",\"potentialAction\":[{\"@type\":\"ReadAction\",\"target\":[\"https:\\\/\\\/www.faronics.com\\\/de\\\/solutions_de\"]}]},{\"@type\":\"BreadcrumbList\",\"@id\":\"https:\\\/\\\/www.faronics.com\\\/de\\\/solutions_de#breadcrumb\",\"itemListElement\":[{\"@type\":\"ListItem\",\"position\":1,\"name\":\"Home\",\"item\":\"https:\\\/\\\/www.faronics.com\\\/de\"},{\"@type\":\"ListItem\",\"position\":2,\"name\":\"Solutions\",\"item\":\"https:\\\/\\\/www.faronics.com\\\/de\\\/solutions\\\/\"}]},{\"@type\":\"WebSite\",\"@id\":\"https:\\\/\\\/www.faronics.com\\\/de#website\",\"url\":\"https:\\\/\\\/www.faronics.com\\\/de\",\"name\":\"Faronics\",\"description\":\"Ausgangspunkt von Deep Freeze und anderen Sicherheitsl\u00f6sungen\",\"publisher\":{\"@id\":\"https:\\\/\\\/www.faronics.com\\\/de#organization\"},\"potentialAction\":[{\"@type\":\"SearchAction\",\"target\":{\"@type\":\"EntryPoint\",\"urlTemplate\":\"https:\\\/\\\/www.faronics.com\\\/de?s={search_term_string}\"},\"query-input\":{\"@type\":\"PropertyValueSpecification\",\"valueRequired\":true,\"valueName\":\"search_term_string\"}}],\"inLanguage\":\"de\"},{\"@type\":\"Organization\",\"@id\":\"https:\\\/\\\/www.faronics.com\\\/de#organization\",\"name\":\"Faronics\",\"url\":\"https:\\\/\\\/www.faronics.com\\\/de\",\"logo\":{\"@type\":\"ImageObject\",\"inLanguage\":\"de\",\"@id\":\"https:\\\/\\\/www.faronics.com\\\/de#\\\/schema\\\/logo\\\/image\\\/\",\"url\":\"https:\\\/\\\/www.faronics.com\\\/assets\\\/footer-faronics-logo.png\",\"contentUrl\":\"https:\\\/\\\/www.faronics.com\\\/assets\\\/footer-faronics-logo.png\",\"width\":155,\"height\":44,\"caption\":\"Faronics\"},\"image\":{\"@id\":\"https:\\\/\\\/www.faronics.com\\\/de#\\\/schema\\\/logo\\\/image\\\/\"},\"sameAs\":[\"https:\\\/\\\/www.facebook.com\\\/faronics\",\"https:\\\/\\\/x.com\\\/faronics\"]}]}<\/script>\n<!-- \/ Yoast SEO Premium plugin. -->","yoast_head_json":{"title":"Solutions - Faronics","description":"Klein-\/Heimb\u00fcro Der mehrschichtige Sicherheitsansatz von Faronics beschr\u00e4nkt sich nicht auf den Arbeitsplatz, sondern wurde so entwickelt, dass auch","robots":{"index":"index","follow":"follow","max-snippet":"max-snippet:-1","max-image-preview":"max-image-preview:large","max-video-preview":"max-video-preview:-1"},"canonical":"https:\/\/www.faronics.com\/de\/solutions_de","og_locale":"de_DE","og_type":"article","og_title":"Solutions","og_description":"Klein-\/Heimb\u00fcro Der mehrschichtige Sicherheitsansatz von Faronics beschr\u00e4nkt sich nicht auf den Arbeitsplatz, sondern wurde so entwickelt, dass auch","og_url":"https:\/\/www.faronics.com\/de\/solutions_de","og_site_name":"Faronics","article_publisher":"https:\/\/www.facebook.com\/faronics","article_modified_time":"2011-10-12T20:40:13+00:00","og_image":[{"url":"https:\/\/www.faronics.com\/assets\/phone-homeoffice1.jpg","type":"","width":"","height":""}],"twitter_card":"summary_large_image","twitter_site":"@faronics","twitter_misc":{"Gesch\u00e4tzte Lesezeit":"2\u00a0Minuten"},"schema":{"@context":"https:\/\/schema.org","@graph":[{"@type":"WebPage","@id":"https:\/\/www.faronics.com\/de\/solutions_de","url":"https:\/\/www.faronics.com\/de\/solutions_de","name":"Solutions - Faronics","isPartOf":{"@id":"https:\/\/www.faronics.com\/de#website"},"datePublished":"2011-08-10T04:52:21+00:00","dateModified":"2011-10-12T20:40:13+00:00","description":"Klein-\/Heimb\u00fcro Der mehrschichtige Sicherheitsansatz von Faronics beschr\u00e4nkt sich nicht auf den Arbeitsplatz, sondern wurde so entwickelt, dass auch","breadcrumb":{"@id":"https:\/\/www.faronics.com\/de\/solutions_de#breadcrumb"},"inLanguage":"de","potentialAction":[{"@type":"ReadAction","target":["https:\/\/www.faronics.com\/de\/solutions_de"]}]},{"@type":"BreadcrumbList","@id":"https:\/\/www.faronics.com\/de\/solutions_de#breadcrumb","itemListElement":[{"@type":"ListItem","position":1,"name":"Home","item":"https:\/\/www.faronics.com\/de"},{"@type":"ListItem","position":2,"name":"Solutions","item":"https:\/\/www.faronics.com\/de\/solutions\/"}]},{"@type":"WebSite","@id":"https:\/\/www.faronics.com\/de#website","url":"https:\/\/www.faronics.com\/de","name":"Faronics","description":"Ausgangspunkt von Deep Freeze und anderen Sicherheitsl\u00f6sungen","publisher":{"@id":"https:\/\/www.faronics.com\/de#organization"},"potentialAction":[{"@type":"SearchAction","target":{"@type":"EntryPoint","urlTemplate":"https:\/\/www.faronics.com\/de?s={search_term_string}"},"query-input":{"@type":"PropertyValueSpecification","valueRequired":true,"valueName":"search_term_string"}}],"inLanguage":"de"},{"@type":"Organization","@id":"https:\/\/www.faronics.com\/de#organization","name":"Faronics","url":"https:\/\/www.faronics.com\/de","logo":{"@type":"ImageObject","inLanguage":"de","@id":"https:\/\/www.faronics.com\/de#\/schema\/logo\/image\/","url":"https:\/\/www.faronics.com\/assets\/footer-faronics-logo.png","contentUrl":"https:\/\/www.faronics.com\/assets\/footer-faronics-logo.png","width":155,"height":44,"caption":"Faronics"},"image":{"@id":"https:\/\/www.faronics.com\/de#\/schema\/logo\/image\/"},"sameAs":["https:\/\/www.facebook.com\/faronics","https:\/\/x.com\/faronics"]}]}},"_links":{"self":[{"href":"https:\/\/www.faronics.com\/de\/wp-json\/wp\/v2\/pages\/19178","targetHints":{"allow":["GET"]}}],"collection":[{"href":"https:\/\/www.faronics.com\/de\/wp-json\/wp\/v2\/pages"}],"about":[{"href":"https:\/\/www.faronics.com\/de\/wp-json\/wp\/v2\/types\/page"}],"author":[{"embeddable":true,"href":"https:\/\/www.faronics.com\/de\/wp-json\/wp\/v2\/users\/110"}],"replies":[{"embeddable":true,"href":"https:\/\/www.faronics.com\/de\/wp-json\/wp\/v2\/comments?post=19178"}],"version-history":[{"count":0,"href":"https:\/\/www.faronics.com\/de\/wp-json\/wp\/v2\/pages\/19178\/revisions"}],"wp:attachment":[{"href":"https:\/\/www.faronics.com\/de\/wp-json\/wp\/v2\/media?parent=19178"}],"curies":[{"name":"wp","href":"https:\/\/api.w.org\/{rel}","templated":true}]}}