{"id":11512,"date":"2011-07-15T14:02:53","date_gmt":"2011-07-15T21:02:53","guid":{"rendered":"https:\/\/www.faronics.com\/?page_id=11512"},"modified":"2020-09-10T03:22:14","modified_gmt":"2020-09-10T10:22:14","slug":"partners_de","status":"publish","type":"page","link":"https:\/\/www.faronics.com\/de\/partners_de","title":{"rendered":"Partners"},"content":{"rendered":"<div class=\"copy-blocks grid clearfix\">\n<p>Faronics ist ein im Privatbesitz befindliches wachsendes Unternehmen mit jahrelanger Erfahrung in der Bereitstellung exzellenter Produktfunktionen und Mehrwert f\u00fcr unsere Kunden. Wir haben knapp 30.000 Kunden in mehr als 150 L\u00e4ndern weltweit, die \u00fcber acht Millionen Lizenzen unserer Software besitzen. Wir sch\u00e4tzen unsere Partner, da sie unser Unternehmen erg\u00e4nzen und wir gemeinsam durch Partnerschaften, lokale Niederlassungen und hochwertigen Service gemeinsame Kunden bedienen k\u00f6nnen. Durch Niederlassungen in den USA, in Kanada und in Gro\u00dfbritannien konnte Faronics ein starkes internationales Partnernetzwerk aufbauen, \u00fcber das wir unsere preisgekr\u00f6nten Produkte anbieten.<\/p>\n<div>\n<h3><a href=\"https:\/\/www.faronics.com\/target-markets\">Zielm\u00e4rkte<\/a><\/h3>\n<p><img loading=\"lazy\" decoding=\"async\" class=\"alignleft size-full wp-image-2270\" title=\"target_market_image_partnerspage\" src=\"\/assets\/lady-hands.jpg\" alt=\"\" width=\"290\" height=\"75\" \/><br \/>\nZu unseren Zielm\u00e4rkten geh\u00f6ren Schulen, Universit\u00e4ten, nationale und regionale Regierungsbeh\u00f6rden, Unternehmen und Bibliotheken. All diese Kunden sch\u00e4tzen Faronics wegen seines Angebots an intelligenten Dienstprogrammen, mit denen sie die Systeme in ihrer IT-Umgebung kontrollieren k\u00f6nnen. Vielleicht sind unsere Produkte auch f\u00fcr Ihre Software-L\u00f6sungen die ideale Erg\u00e4nzung?<br \/>\n<a class=\"partners-target action-button contact-sales\" href=\"https:\/\/www.faronics.com\/de\/apply_de\">Erfahren Sie mehr<\/a><\/p>\n<\/div>\n<div class=\"our-programs\">\n<h3><a href=\"\/partners\/program\/\">Unser Programm<\/a><\/h3>\n<p><img loading=\"lazy\" decoding=\"async\" class=\"alignleft size-full wp-image-2273\" title=\"Our_program_partnerspage\" src=\"\/assets\/our-program-people.jpg\" alt=\"\" width=\"290\" height=\"75\" \/><br \/>\nUnser Programm wurde f\u00fcr Wiederverk\u00e4ufer und L\u00f6sungsanbieter entwickelt, die ihren Umsatz erh\u00f6hen und sich durch Software-L\u00f6sungen f\u00fcr eine Vielzahl an Anwendungssituationen von der Konkurrenz abheben,  die Produktivit\u00e4t ihrer Kunden erh\u00f6hen und gleichzeitig ihre Kosten senken m\u00f6chten. Nutzen Sie die Ressourcen und Leistungen von Faronics f\u00fcr Ihren Erfolg.<br \/>\n<a class=\"partners-target action-button contact-sales\" href=\"https:\/\/www.faronics.com\/de\/partners_de\/program-overview_de\/\">Erfahren Sie mehr<\/a><\/p>\n<\/div>\n<div class=\"apply-online\" style=\"margin-left:0px;\">\n<h3><a href=\"https:\/\/www.faronics.com\/apply\">Apply Online<\/a><\/h3>\n<p><img loading=\"lazy\" decoding=\"async\" class=\"alignleft size-full wp-image-2274\" title=\"apply_online_partnerspage\" src=\"\/assets\/apply-online.jpg\" alt=\"\" width=\"290\" height=\"75\" \/><br \/>\nTake the first step in becoming a Faronics partner; we welcome the opportunity to explore new relationships! Apply online today.<br \/>\n<a class=\"partners-target action-button contact-sales\" href=\"https:\/\/www.faronics.com\/de\/partners_de\/apply_de\/\">Erfahren Sie mehr<\/a><\/p>\n<\/div>\n<\/div>\n<p>&nbsp;<\/p>\n","protected":false},"excerpt":{"rendered":"<div class=\"copy-blocks grid clearfix\">\n<p>Faronics ist ein im Privatbesitz befindliches wachsendes Unternehmen mit jahrelanger Erfahrung in der Bereitstellung exzellenter Produktfunktionen und Mehrwert f\u00fcr unsere Kunden. Wir haben knapp 30.000 Kunden in mehr als 150 L\u00e4ndern weltweit, die \u00fcber acht Millionen Lizenzen unserer Software besitzen. Wir sch\u00e4tzen unsere Partner, da sie unser Unternehmen erg\u00e4nzen und wir gemeinsam durch Partnerschaften, lokale Niederlassungen und hochwertigen Service gemeinsame Kunden bedienen k\u00f6nnen. Durch Niederlassungen in den USA, in Kanada und in Gro\u00dfbritannien konnte Faronics ein starkes internationales Partnernetzwerk aufbauen, \u00fcber das wir unsere preisgekr\u00f6nten Produkte anbieten.<\/p>\n<div> <a href=\"https:\/\/www.faronics.com\/target-markets\">Zielm\u00e4rkte<\/a> <\/p>\n<p><img loading=\"lazy\" decoding=\"async\" class=\"alignleft size-full wp-image-2270\" title=\"target_market_image_partnerspage\" src=\"\/assets\/lady-hands.jpg\" alt=\"\" width=\"290\" height=\"75\" \/> Zu unseren Zielm\u00e4rkten geh\u00f6ren Schulen, Universit\u00e4ten, nationale und regionale Regierungsbeh\u00f6rden, Unternehmen und Bibliotheken. All diese Kunden sch\u00e4tzen Faronics wegen seines Angebots an intelligenten Dienstprogrammen, mit denen sie die Systeme in ihrer IT-Umgebung kontrollieren k\u00f6nnen. Vielleicht sind unsere Produkte auch f\u00fcr Ihre Software-L\u00f6sungen die ideale Erg\u00e4nzung? <a class=\"partners-target action-button contact-sales\" href=\"https:\/\/www.faronics.com\/de\/apply_de\">Erfahren Sie mehr<\/a><\/p>\n<\/p><\/div>\n<div class=\"our-programs\"> <a href=\"\/partners\/program\/\">Unser Programm<\/a> <\/p>\n<p><img loading=\"lazy\" decoding=\"async\" class=\"alignleft size-full wp-image-2273\" title=\"Our_program_partnerspage\" src=\"\/assets\/our-program-people.jpg\" alt=\"\" width=\"290\" height=\"75\" \/> Unser Programm wurde f\u00fcr Wiederverk\u00e4ufer und L\u00f6sungsanbieter entwickelt, die ihren Umsatz erh\u00f6hen und sich durch Software-L\u00f6sungen f\u00fcr eine Vielzahl an Anwendungssituationen von der Konkurrenz abheben, die Produktivit\u00e4t ihrer Kunden erh\u00f6hen und gleichzeitig ihre Kosten senken m\u00f6chten. Nutzen Sie die Ressourcen und Leistungen von Faronics f\u00fcr Ihren Erfolg. <a class=\"partners-target action-button contact-sales\" href=\"https:\/\/www.faronics.com\/de\/partners_de\/program-overview_de\/\">Erfahren Sie mehr<\/a><\/p>\n<\/p><\/div>\n<div class=\"apply-online\" style=\"margin-left:0px;\"> <a href=\"https:\/\/www.faronics.com\/apply\">Apply Online<\/a> <\/p>\n<p><img loading=\"lazy\" decoding=\"async\" class=\"alignleft size-full wp-image-2274\" title=\"apply_online_partnerspage\" src=\"\/assets\/apply-online.jpg\" alt=\"\" width=\"290\" height=\"75\" \/> Take <\/p>\n<div class=\"more\"><a href=\"https:\/\/www.faronics.com\/de\/partners_de\">Continue Reading&#8230;<\/a><\/div>\n","protected":false},"author":9,"featured_media":0,"parent":0,"menu_order":1,"comment_status":"open","ping_status":"closed","template":"page-template-partners.php","meta":{"_acf_changed":false,"inline_featured_image":false,"footnotes":""},"class_list":["post-11512","page","type-page","status-publish","hentry"],"acf":[],"yoast_head":"<!-- This site is optimized with the Yoast SEO Premium plugin v27.3 (Yoast SEO v27.3) - https:\/\/yoast.com\/product\/yoast-seo-premium-wordpress\/ -->\n<title>Partners - Faronics<\/title>\n<meta name=\"description\" content=\"Faronics ist ein im Privatbesitz befindliches wachsendes Unternehmen mit jahrelanger Erfahrung in der Bereitstellung exzellenter Produktfunktionen und\" \/>\n<meta name=\"robots\" content=\"index, follow, max-snippet:-1, max-image-preview:large, max-video-preview:-1\" \/>\n<link rel=\"canonical\" href=\"https:\/\/www.faronics.com\/de\/partners_de\" \/>\n<meta property=\"og:locale\" content=\"de_DE\" \/>\n<meta property=\"og:type\" content=\"article\" \/>\n<meta property=\"og:title\" content=\"Partners\" \/>\n<meta property=\"og:description\" content=\"Faronics ist ein im Privatbesitz befindliches wachsendes Unternehmen mit jahrelanger Erfahrung in der Bereitstellung exzellenter Produktfunktionen und\" \/>\n<meta property=\"og:url\" content=\"https:\/\/www.faronics.com\/de\/partners_de\" \/>\n<meta property=\"og:site_name\" content=\"Faronics\" \/>\n<meta property=\"article:publisher\" content=\"https:\/\/www.facebook.com\/faronics\" \/>\n<meta property=\"article:modified_time\" content=\"2020-09-10T10:22:14+00:00\" \/>\n<meta property=\"og:image\" content=\"https:\/\/www.faronics.com\/assets\/lady-hands.jpg\" \/>\n<meta name=\"twitter:card\" content=\"summary_large_image\" \/>\n<meta name=\"twitter:site\" content=\"@faronics\" \/>\n<meta name=\"twitter:label1\" content=\"Gesch\u00e4tzte Lesezeit\" \/>\n\t<meta name=\"twitter:data1\" content=\"1\u00a0Minute\" \/>\n<script type=\"application\/ld+json\" class=\"yoast-schema-graph\">{\"@context\":\"https:\\\/\\\/schema.org\",\"@graph\":[{\"@type\":\"WebPage\",\"@id\":\"https:\\\/\\\/www.faronics.com\\\/de\\\/partners_de\",\"url\":\"https:\\\/\\\/www.faronics.com\\\/de\\\/partners_de\",\"name\":\"Partners - Faronics\",\"isPartOf\":{\"@id\":\"https:\\\/\\\/www.faronics.com\\\/de#website\"},\"datePublished\":\"2011-07-15T21:02:53+00:00\",\"dateModified\":\"2020-09-10T10:22:14+00:00\",\"description\":\"Faronics ist ein im Privatbesitz befindliches wachsendes Unternehmen mit jahrelanger Erfahrung in der Bereitstellung exzellenter Produktfunktionen und\",\"breadcrumb\":{\"@id\":\"https:\\\/\\\/www.faronics.com\\\/de\\\/partners_de#breadcrumb\"},\"inLanguage\":\"de\",\"potentialAction\":[{\"@type\":\"ReadAction\",\"target\":[\"https:\\\/\\\/www.faronics.com\\\/de\\\/partners_de\"]}]},{\"@type\":\"BreadcrumbList\",\"@id\":\"https:\\\/\\\/www.faronics.com\\\/de\\\/partners_de#breadcrumb\",\"itemListElement\":[{\"@type\":\"ListItem\",\"position\":1,\"name\":\"Home\",\"item\":\"https:\\\/\\\/www.faronics.com\\\/de\"},{\"@type\":\"ListItem\",\"position\":2,\"name\":\"Partners\",\"item\":\"https:\\\/\\\/www.faronics.com\\\/de\\\/partners\\\/\"}]},{\"@type\":\"WebSite\",\"@id\":\"https:\\\/\\\/www.faronics.com\\\/de#website\",\"url\":\"https:\\\/\\\/www.faronics.com\\\/de\",\"name\":\"Faronics\",\"description\":\"Ausgangspunkt von Deep Freeze und anderen Sicherheitsl\u00f6sungen\",\"publisher\":{\"@id\":\"https:\\\/\\\/www.faronics.com\\\/de#organization\"},\"potentialAction\":[{\"@type\":\"SearchAction\",\"target\":{\"@type\":\"EntryPoint\",\"urlTemplate\":\"https:\\\/\\\/www.faronics.com\\\/de?s={search_term_string}\"},\"query-input\":{\"@type\":\"PropertyValueSpecification\",\"valueRequired\":true,\"valueName\":\"search_term_string\"}}],\"inLanguage\":\"de\"},{\"@type\":\"Organization\",\"@id\":\"https:\\\/\\\/www.faronics.com\\\/de#organization\",\"name\":\"Faronics\",\"url\":\"https:\\\/\\\/www.faronics.com\\\/de\",\"logo\":{\"@type\":\"ImageObject\",\"inLanguage\":\"de\",\"@id\":\"https:\\\/\\\/www.faronics.com\\\/de#\\\/schema\\\/logo\\\/image\\\/\",\"url\":\"https:\\\/\\\/www.faronics.com\\\/assets\\\/footer-faronics-logo.png\",\"contentUrl\":\"https:\\\/\\\/www.faronics.com\\\/assets\\\/footer-faronics-logo.png\",\"width\":155,\"height\":44,\"caption\":\"Faronics\"},\"image\":{\"@id\":\"https:\\\/\\\/www.faronics.com\\\/de#\\\/schema\\\/logo\\\/image\\\/\"},\"sameAs\":[\"https:\\\/\\\/www.facebook.com\\\/faronics\",\"https:\\\/\\\/x.com\\\/faronics\"]}]}<\/script>\n<!-- \/ Yoast SEO Premium plugin. -->","yoast_head_json":{"title":"Partners - Faronics","description":"Faronics ist ein im Privatbesitz befindliches wachsendes Unternehmen mit jahrelanger Erfahrung in der Bereitstellung exzellenter Produktfunktionen und","robots":{"index":"index","follow":"follow","max-snippet":"max-snippet:-1","max-image-preview":"max-image-preview:large","max-video-preview":"max-video-preview:-1"},"canonical":"https:\/\/www.faronics.com\/de\/partners_de","og_locale":"de_DE","og_type":"article","og_title":"Partners","og_description":"Faronics ist ein im Privatbesitz befindliches wachsendes Unternehmen mit jahrelanger Erfahrung in der Bereitstellung exzellenter Produktfunktionen und","og_url":"https:\/\/www.faronics.com\/de\/partners_de","og_site_name":"Faronics","article_publisher":"https:\/\/www.facebook.com\/faronics","article_modified_time":"2020-09-10T10:22:14+00:00","og_image":[{"url":"https:\/\/www.faronics.com\/assets\/lady-hands.jpg","type":"","width":"","height":""}],"twitter_card":"summary_large_image","twitter_site":"@faronics","twitter_misc":{"Gesch\u00e4tzte Lesezeit":"1\u00a0Minute"},"schema":{"@context":"https:\/\/schema.org","@graph":[{"@type":"WebPage","@id":"https:\/\/www.faronics.com\/de\/partners_de","url":"https:\/\/www.faronics.com\/de\/partners_de","name":"Partners - Faronics","isPartOf":{"@id":"https:\/\/www.faronics.com\/de#website"},"datePublished":"2011-07-15T21:02:53+00:00","dateModified":"2020-09-10T10:22:14+00:00","description":"Faronics ist ein im Privatbesitz befindliches wachsendes Unternehmen mit jahrelanger Erfahrung in der Bereitstellung exzellenter Produktfunktionen und","breadcrumb":{"@id":"https:\/\/www.faronics.com\/de\/partners_de#breadcrumb"},"inLanguage":"de","potentialAction":[{"@type":"ReadAction","target":["https:\/\/www.faronics.com\/de\/partners_de"]}]},{"@type":"BreadcrumbList","@id":"https:\/\/www.faronics.com\/de\/partners_de#breadcrumb","itemListElement":[{"@type":"ListItem","position":1,"name":"Home","item":"https:\/\/www.faronics.com\/de"},{"@type":"ListItem","position":2,"name":"Partners","item":"https:\/\/www.faronics.com\/de\/partners\/"}]},{"@type":"WebSite","@id":"https:\/\/www.faronics.com\/de#website","url":"https:\/\/www.faronics.com\/de","name":"Faronics","description":"Ausgangspunkt von Deep Freeze und anderen Sicherheitsl\u00f6sungen","publisher":{"@id":"https:\/\/www.faronics.com\/de#organization"},"potentialAction":[{"@type":"SearchAction","target":{"@type":"EntryPoint","urlTemplate":"https:\/\/www.faronics.com\/de?s={search_term_string}"},"query-input":{"@type":"PropertyValueSpecification","valueRequired":true,"valueName":"search_term_string"}}],"inLanguage":"de"},{"@type":"Organization","@id":"https:\/\/www.faronics.com\/de#organization","name":"Faronics","url":"https:\/\/www.faronics.com\/de","logo":{"@type":"ImageObject","inLanguage":"de","@id":"https:\/\/www.faronics.com\/de#\/schema\/logo\/image\/","url":"https:\/\/www.faronics.com\/assets\/footer-faronics-logo.png","contentUrl":"https:\/\/www.faronics.com\/assets\/footer-faronics-logo.png","width":155,"height":44,"caption":"Faronics"},"image":{"@id":"https:\/\/www.faronics.com\/de#\/schema\/logo\/image\/"},"sameAs":["https:\/\/www.facebook.com\/faronics","https:\/\/x.com\/faronics"]}]}},"_links":{"self":[{"href":"https:\/\/www.faronics.com\/de\/wp-json\/wp\/v2\/pages\/11512","targetHints":{"allow":["GET"]}}],"collection":[{"href":"https:\/\/www.faronics.com\/de\/wp-json\/wp\/v2\/pages"}],"about":[{"href":"https:\/\/www.faronics.com\/de\/wp-json\/wp\/v2\/types\/page"}],"author":[{"embeddable":true,"href":"https:\/\/www.faronics.com\/de\/wp-json\/wp\/v2\/users\/9"}],"replies":[{"embeddable":true,"href":"https:\/\/www.faronics.com\/de\/wp-json\/wp\/v2\/comments?post=11512"}],"version-history":[{"count":0,"href":"https:\/\/www.faronics.com\/de\/wp-json\/wp\/v2\/pages\/11512\/revisions"}],"wp:attachment":[{"href":"https:\/\/www.faronics.com\/de\/wp-json\/wp\/v2\/media?parent=11512"}],"curies":[{"name":"wp","href":"https:\/\/api.w.org\/{rel}","templated":true}]}}